{"id":1500,"date":"2023-03-22T17:43:35","date_gmt":"2023-03-22T16:43:35","guid":{"rendered":"https:\/\/label2you.ch\/?page_id=1500"},"modified":"2023-05-12T10:32:02","modified_gmt":"2023-05-12T09:32:02","slug":"imprint","status":"publish","type":"page","link":"https:\/\/label2you.ch\/en\/imprint\/","title":{"rendered":"Imprint"},"content":{"rendered":"<h2>Imprint<\/h2>\n<p><b data-stringify-type=\"bold\">Contact address<\/b><br \/>\nVanessa Demhasaj<br \/>\nSchulgasse 20<br \/>\n8214 G\u00e4chlingen<br \/>\nSwitzerland<br \/>\ne-mail:<a class=\"c-link\" tabindex=\"-1\" href=\"mailto:info@label2you.ch\" target=\"_blank\" rel=\"noopener noreferrer\" data-stringify-link=\"mailto:info@label2you.ch\" data-sk=\"tooltip_parent\" aria-haspopup=\"menu\" aria-expanded=\"false\" data-remove-tab-index=\"true\"> info@label2you.ch<\/a><\/p>\n<p><b data-stringify-type=\"bold\">Disclaimer<\/b><br \/>\nThe author accepts no liability for the correctness, accuracy, up-to-dateness, reliability and completeness of the information provided. Liability claims against the author for damages of a material or immaterial nature arising from access to or use or non-use of the published information, misuse of the connection or technical faults are excluded.<br \/>\nAll offers are non-binding. The author expressly reserves the right to change, supplement or delete parts of the pages or the entire offer without special notice or to cease publication temporarily or permanently.<\/p>\n<p><b data-stringify-type=\"bold\">Disclaimer for links<\/b><br \/>\nReferences and links to third-party websites are outside our area of responsibility. Any responsibility for such websites is rejected. Access to and use of such websites is at the user's own risk.<\/p>\n<p><b data-stringify-type=\"bold\">Copyright<\/b><br \/>\nThe copyright and all other rights to content, images, photos or other files on this website belong exclusively to\u00a0<b data-stringify-type=\"bold\">Vanessa Demhasaj <\/b>or the specifically named copyright holders. The written consent of the copyright holder must be obtained in advance for the reproduction of any elements.<\/p>","protected":false},"excerpt":{"rendered":"<p>Impressum Kontakt-Adresse Vanessa Demhasaj Schulgasse 20 8214 G\u00e4chlingen Schweiz E-Mail: info@label2you.ch Haftungsausschluss Der Autor \u00fcbernimmt keinerlei Gew\u00e4hr hinsichtlich der inhaltlichen Richtigkeit, Genauigkeit, Aktualit\u00e4t, Zuverl\u00e4ssigkeit und Vollst\u00e4ndigkeit der Informationen. Haftungsanspr\u00fcche gegen den Autor wegen Sch\u00e4den materieller oder immaterieller Art, welche aus dem Zugriff oder der Nutzung bzw. Nichtnutzung der ver\u00f6ffentlichten Informationen, durch Missbrauch der Verbindung oder [&hellip;]<\/p>\n","protected":false},"author":2,"featured_media":0,"parent":0,"menu_order":0,"comment_status":"closed","ping_status":"closed","template":"","meta":{"footnotes":""},"class_list":["post-1500","page","type-page","status-publish","hentry","no-thumb"],"yoast_head":"<!-- This site is optimized with the Yoast SEO plugin v27.0 - https:\/\/yoast.com\/product\/yoast-seo-wordpress\/ -->\n<title>Impressum | Label2you<\/title>\n<meta name=\"robots\" content=\"noindex, nofollow\" \/>\n<meta property=\"og:locale\" content=\"en_GB\" \/>\n<meta property=\"og:type\" content=\"article\" \/>\n<meta property=\"og:title\" content=\"Impressum | Label2you\" \/>\n<meta property=\"og:description\" content=\"Impressum Kontakt-Adresse Vanessa Demhasaj Schulgasse 20 8214 G\u00e4chlingen Schweiz E-Mail: info@label2you.ch Haftungsausschluss Der Autor \u00fcbernimmt keinerlei Gew\u00e4hr hinsichtlich der inhaltlichen Richtigkeit, Genauigkeit, Aktualit\u00e4t, Zuverl\u00e4ssigkeit und Vollst\u00e4ndigkeit der Informationen. Haftungsanspr\u00fcche gegen den Autor wegen Sch\u00e4den materieller oder immaterieller Art, welche aus dem Zugriff oder der Nutzung bzw. Nichtnutzung der ver\u00f6ffentlichten Informationen, durch Missbrauch der Verbindung oder [&hellip;]\" \/>\n<meta property=\"og:url\" content=\"https:\/\/label2you.ch\/en\/imprint\/\" \/>\n<meta property=\"og:site_name\" content=\"Label2you\" \/>\n<meta property=\"article:modified_time\" content=\"2023-05-12T09:32:02+00:00\" \/>\n<meta name=\"twitter:card\" content=\"summary_large_image\" \/>\n<meta name=\"twitter:label1\" content=\"Estimated reading time\" \/>\n\t<meta name=\"twitter:data1\" content=\"1 minute\" \/>\n<script type=\"application\/ld+json\" class=\"yoast-schema-graph\">{\"@context\":\"https:\/\/schema.org\",\"@graph\":[{\"@type\":\"WebPage\",\"@id\":\"https:\/\/label2you.ch\/impressum\/\",\"url\":\"https:\/\/label2you.ch\/impressum\/\",\"name\":\"Impressum | Label2you\",\"isPartOf\":{\"@id\":\"https:\/\/label2you.ch\/#website\"},\"datePublished\":\"2023-03-22T16:43:35+00:00\",\"dateModified\":\"2023-05-12T09:32:02+00:00\",\"breadcrumb\":{\"@id\":\"https:\/\/label2you.ch\/impressum\/#breadcrumb\"},\"inLanguage\":\"en-GB\",\"potentialAction\":[{\"@type\":\"ReadAction\",\"target\":[\"https:\/\/label2you.ch\/impressum\/\"]}]},{\"@type\":\"BreadcrumbList\",\"@id\":\"https:\/\/label2you.ch\/impressum\/#breadcrumb\",\"itemListElement\":[{\"@type\":\"ListItem\",\"position\":1,\"name\":\"Home\",\"item\":\"https:\/\/label2you.ch\/\"},{\"@type\":\"ListItem\",\"position\":2,\"name\":\"Impressum\"}]},{\"@type\":\"WebSite\",\"@id\":\"https:\/\/label2you.ch\/#website\",\"url\":\"https:\/\/label2you.ch\/\",\"name\":\"Label2you\",\"description\":\"Personalisierte Baby- &amp; Kindergeschenke\",\"publisher\":{\"@id\":\"https:\/\/label2you.ch\/#organization\"},\"alternateName\":\"Label2you\",\"potentialAction\":[{\"@type\":\"SearchAction\",\"target\":{\"@type\":\"EntryPoint\",\"urlTemplate\":\"https:\/\/label2you.ch\/?s={search_term_string}\"},\"query-input\":{\"@type\":\"PropertyValueSpecification\",\"valueRequired\":true,\"valueName\":\"search_term_string\"}}],\"inLanguage\":\"en-GB\"},{\"@type\":\"Organization\",\"@id\":\"https:\/\/label2you.ch\/#organization\",\"name\":\"Label2you | Personalisierte Geschenke\",\"alternateName\":\"Label2you\",\"url\":\"https:\/\/label2you.ch\/\",\"logo\":{\"@type\":\"ImageObject\",\"inLanguage\":\"en-GB\",\"@id\":\"https:\/\/label2you.ch\/#\/schema\/logo\/image\/\",\"url\":\"https:\/\/label2you.ch\/wp-content\/uploads\/2023\/03\/logo.png\",\"contentUrl\":\"https:\/\/label2you.ch\/wp-content\/uploads\/2023\/03\/logo.png\",\"width\":300,\"height\":140,\"caption\":\"Label2you | Personalisierte Geschenke\"},\"image\":{\"@id\":\"https:\/\/label2you.ch\/#\/schema\/logo\/image\/\"},\"sameAs\":[\"https:\/\/www.instagram.com\/label2you\/?hl=de\",\"https:\/\/www.tiktok.com\/@label2you\"]}]}<\/script>\n<!-- \/ Yoast SEO plugin. -->","yoast_head_json":{"title":"Imprint | Label2you","robots":{"index":"noindex","follow":"nofollow"},"og_locale":"en_GB","og_type":"article","og_title":"Impressum | Label2you","og_description":"Impressum Kontakt-Adresse Vanessa Demhasaj Schulgasse 20 8214 G\u00e4chlingen Schweiz E-Mail: info@label2you.ch Haftungsausschluss Der Autor \u00fcbernimmt keinerlei Gew\u00e4hr hinsichtlich der inhaltlichen Richtigkeit, Genauigkeit, Aktualit\u00e4t, Zuverl\u00e4ssigkeit und Vollst\u00e4ndigkeit der Informationen. Haftungsanspr\u00fcche gegen den Autor wegen Sch\u00e4den materieller oder immaterieller Art, welche aus dem Zugriff oder der Nutzung bzw. Nichtnutzung der ver\u00f6ffentlichten Informationen, durch Missbrauch der Verbindung oder [&hellip;]","og_url":"https:\/\/label2you.ch\/en\/imprint\/","og_site_name":"Label2you","article_modified_time":"2023-05-12T09:32:02+00:00","twitter_card":"summary_large_image","twitter_misc":{"Estimated reading time":"1 minute"},"schema":{"@context":"https:\/\/schema.org","@graph":[{"@type":"WebPage","@id":"https:\/\/label2you.ch\/impressum\/","url":"https:\/\/label2you.ch\/impressum\/","name":"Imprint | Label2you","isPartOf":{"@id":"https:\/\/label2you.ch\/#website"},"datePublished":"2023-03-22T16:43:35+00:00","dateModified":"2023-05-12T09:32:02+00:00","breadcrumb":{"@id":"https:\/\/label2you.ch\/impressum\/#breadcrumb"},"inLanguage":"en-GB","potentialAction":[{"@type":"ReadAction","target":["https:\/\/label2you.ch\/impressum\/"]}]},{"@type":"BreadcrumbList","@id":"https:\/\/label2you.ch\/impressum\/#breadcrumb","itemListElement":[{"@type":"ListItem","position":1,"name":"Home","item":"https:\/\/label2you.ch\/"},{"@type":"ListItem","position":2,"name":"Impressum"}]},{"@type":"WebSite","@id":"https:\/\/label2you.ch\/#website","url":"https:\/\/label2you.ch\/","name":"Label2you","description":"Personalised baby &amp; children's gifts","publisher":{"@id":"https:\/\/label2you.ch\/#organization"},"alternateName":"Label2you","potentialAction":[{"@type":"SearchAction","target":{"@type":"EntryPoint","urlTemplate":"https:\/\/label2you.ch\/?s={search_term_string}"},"query-input":{"@type":"PropertyValueSpecification","valueRequired":true,"valueName":"search_term_string"}}],"inLanguage":"en-GB"},{"@type":"Organization","@id":"https:\/\/label2you.ch\/#organization","name":"Label2you | Personalised gifts","alternateName":"Label2you","url":"https:\/\/label2you.ch\/","logo":{"@type":"ImageObject","inLanguage":"en-GB","@id":"https:\/\/label2you.ch\/#\/schema\/logo\/image\/","url":"https:\/\/label2you.ch\/wp-content\/uploads\/2023\/03\/logo.png","contentUrl":"https:\/\/label2you.ch\/wp-content\/uploads\/2023\/03\/logo.png","width":300,"height":140,"caption":"Label2you | Personalisierte Geschenke"},"image":{"@id":"https:\/\/label2you.ch\/#\/schema\/logo\/image\/"},"sameAs":["https:\/\/www.instagram.com\/label2you\/?hl=de","https:\/\/www.tiktok.com\/@label2you"]}]}},"jetpack_sharing_enabled":true,"_links":{"self":[{"href":"https:\/\/label2you.ch\/en\/wp-json\/wp\/v2\/pages\/1500","targetHints":{"allow":["GET"]}}],"collection":[{"href":"https:\/\/label2you.ch\/en\/wp-json\/wp\/v2\/pages"}],"about":[{"href":"https:\/\/label2you.ch\/en\/wp-json\/wp\/v2\/types\/page"}],"author":[{"embeddable":true,"href":"https:\/\/label2you.ch\/en\/wp-json\/wp\/v2\/users\/2"}],"replies":[{"embeddable":true,"href":"https:\/\/label2you.ch\/en\/wp-json\/wp\/v2\/comments?post=1500"}],"version-history":[{"count":4,"href":"https:\/\/label2you.ch\/en\/wp-json\/wp\/v2\/pages\/1500\/revisions"}],"predecessor-version":[{"id":2307,"href":"https:\/\/label2you.ch\/en\/wp-json\/wp\/v2\/pages\/1500\/revisions\/2307"}],"wp:attachment":[{"href":"https:\/\/label2you.ch\/en\/wp-json\/wp\/v2\/media?parent=1500"}],"curies":[{"name":"wp","href":"https:\/\/api.w.org\/{rel}","templated":true}]}}