{"id":1249,"date":"2023-03-20T15:22:51","date_gmt":"2023-03-20T14:22:51","guid":{"rendered":"https:\/\/label2you.ch\/?post_type=product&#038;p=1249"},"modified":"2026-02-08T21:16:57","modified_gmt":"2026-02-08T20:16:57","slug":"gift-box-baby-body-with-wish-text","status":"publish","type":"product","link":"https:\/\/label2you.ch\/en\/shop-2\/gift-box-baby-body-with-wish-text\/","title":{"rendered":"Gift Box Baby Bodysuit with wishing text"},"content":{"rendered":"<h2 data-start=\"183\" data-end=\"264\">Baby bodysuit gift box with personalised text - personalised and lovingly packaged<\/h2>\n<p data-start=\"266\" data-end=\"647\">Unsere Geschenkbox Baby-Body mit Wunschtext ist mehr als nur Kleidung \u2013 sie ist eine Botschaft voller Liebe, Kreativit\u00e4t und Emotionen. Der hochwertige personalisierte Babybody wird individuell bedruckt und in einer eleganten Geschenkbox pr\u00e4sentiert, die mit Rosenbl\u00e4ttern und Blattgold verziert ist. So entsteht ein besonderes Geschenk, das Herz und Augen gleichermassen erfreut.<\/p>\n<p data-start=\"649\" data-end=\"989\">Besonders beliebt ist die Geschenkbox Baby-Body mit Wunschtext, wenn du deine Schwangerschaft verk\u00fcnden an Eltern oder Schwangerschaft verk\u00fcnden an Grosseltern m\u00f6chtest. Mit einem liebevoll gestalteten Body mit Wunschtext, zum Beispiel \u201eHallo Oma &amp; Opa\u201c oder \u201eDu wirst Papa\u201c, wird dieses Schwangerschaftsverk\u00fcnden Geschenk zu einem emotionalen Moment voller Freudentr\u00e4nen.<\/p>\n<h2 data-start=\"996\" data-end=\"1051\">High-quality baby bodysuit - individually personalised<\/h2>\n<h3 data-start=\"1053\" data-end=\"1085\">Have a baby bodysuit printed<\/h3>\n<p data-start=\"1086\" data-end=\"1310\">Bei uns kannst du ganz einfach deinen Baby Body bedrucken lassen \u2013 mit Namen, Datum oder liebevollen Spr\u00fcchen. Jeder Body wird von uns professionell veredelt und bleibt dank hochwertigem Druck langlebig und hautfreundlich.<\/p>\n<h3 data-start=\"1312\" data-end=\"1359\">Babybody bedrucken g\u00fcnstig und hochwertig<\/h3>\n<p data-start=\"1360\" data-end=\"1541\">Wir bieten dir die perfekte Kombination aus Babybody bedrucken g\u00fcnstig und h\u00f6chster Qualit\u00e4t. So erh\u00e4ltst du ein Geschenk, das sowohl preislich attraktiv als auch einzigartig ist.<\/p>\n<h3 data-start=\"1543\" data-end=\"1575\">Baby bodysuit print Express<\/h3>\n<p data-start=\"1576\" data-end=\"1780\">Wenn es besonders schnell gehen soll, kannst du dich auf unseren Babybody bedrucken Express Service verlassen. Ideal, wenn du kurzfristig ein Geschenk brauchst \u2013 sei es zur Geburt, Babyparty oder Taufe.<\/p>\n<h3 data-start=\"1782\" data-end=\"1830\">Babybody bedrucken Schweiz und DACH-Region<\/h3>\n<p data-start=\"1831\" data-end=\"2044\">Unser Angebot richtet sich an Kunden aus der Schweiz, Deutschland oder \u00d6sterreich, die ihren Babybody bedrucken lassen m\u00f6chten. Wir liefern zuverl\u00e4ssig, schnell und in bester Qualit\u00e4t \u2013 direkt zu dir nach Hause.<\/p>\n<h2 data-start=\"2051\" data-end=\"2100\">Exklusive Geschenkbox \u2013 edel und einzigartig<\/h2>\n<p data-start=\"2102\" data-end=\"2404\">Die A5-Geschenkbox mit der Aufschrift \u201eLittle Surprise\u201c ist ein echter Hingucker. Im Inneren findest du Rosenbl\u00e4tter und Blattgold, die den Body edel umrahmen. So wird der personalisierte Babybody nicht nur durch seine Botschaft, sondern auch durch die Pr\u00e4sentation zu einem unvergesslichen Geschenk.<\/p>\n<h2 data-start=\"2411\" data-end=\"2450\">Gift idea for special occasions<\/h2>\n<p data-start=\"2452\" data-end=\"2531\">Dieser personalisierte Babybody in der Geschenkbox ist vielseitig einsetzbar:<\/p>\n<ul data-start=\"2533\" data-end=\"2736\">\n<li data-start=\"2533\" data-end=\"2589\">\n<p data-start=\"2535\" data-end=\"2589\">Announcing pregnancy to parents or grandparents<\/p>\n<\/li>\n<li data-start=\"2590\" data-end=\"2633\">\n<p data-start=\"2592\" data-end=\"2633\">Geburtsgeschenk f\u00fcr Freunde und Familie<\/p>\n<\/li>\n<li data-start=\"2634\" data-end=\"2686\">\n<p data-start=\"2636\" data-end=\"2686\">Taufe oder Babyparty als originelle \u00dcberraschung<\/p>\n<\/li>\n<li data-start=\"2687\" data-end=\"2736\">\n<p data-start=\"2689\" data-end=\"2736\">Namensverk\u00fcndung mit individuellem Wunschtext<\/p>\n<\/li>\n<\/ul>\n<p data-start=\"2738\" data-end=\"2835\">So wird die Geschenkbox Baby-Body mit Wunschtext, das Erinnerungen f\u00fcr die Ewigkeit schafft.<\/p>\n<h2 data-start=\"2842\" data-end=\"2864\">Gr\u00f6ssenempfehlung &#8211; Geschenkbox Baby-Body mit Wunschtext<\/h2>\n<p data-start=\"2866\" data-end=\"2955\">Damit dein Baby optimalen Komfort geniesst, empfehlen wir, eine Gr\u00f6sse gr\u00f6sser zu w\u00e4hlen.<\/p>\n<h2 data-start=\"2962\" data-end=\"2972\">Conclusion<\/h2>\n<p data-start=\"2974\" data-end=\"3236\">Wenn du einen Baby Body bedrucken lassen m\u00f6chtest, bist du bei uns genau richtig. Ob als Schwangerschaft verk\u00fcnden Geschenk, als personalisiertes Baby Geschenk oder als s\u00fcsse \u00dcberraschung \u2013 die Geschenkbox Baby-Body mit Wunschtext ist immer eine besondere Wahl.<\/p>\n<p data-start=\"3238\" data-end=\"3412\">Mit Optionen wie Babybody bedrucken g\u00fcnstig, Express-Service und Lieferung in die Schweiz vereinen wir Qualit\u00e4t, Schnelligkeit und Emotionen in einem einzigartigen Produkt.<\/p>\n<p>Looking for other ideas to announce your pregnancy? Then read our blog post here: <a href=\"https:\/\/label2you.ch\/en\/announcing-pregnancy-7-creative-ideas-with-loving-gift-ideas\/\">Announcing pregnancy: 7 creative ideas with loving gift ideas<\/a><\/p>\n<p>Visit us on <a href=\"https:\/\/www.instagram.com\/label2you\/?hl=de\">Instagram<\/a><\/p>","protected":false},"excerpt":{"rendered":"<p>Edle Geschenkbox Baby-Body mit Wunschtext \u2013 liebevoll verpackt mit Rosenbl\u00e4ttern &amp; Blattgold. Perfekt, um die Schwangerschaft zu verk\u00fcnden an Eltern oder Grosseltern, als personalisiertes Geburtsgeschenk oder zur Babyparty. Der personalisierte Babybody aus weicher Baumwolle verbindet Stil, Qualit\u00e4t und Emotion.<\/p>","protected":false},"featured_media":5621,"comment_status":"open","ping_status":"closed","template":"","meta":[],"product_brand":[656],"product_cat":[50,55,53],"product_tag":[89,90,109,101,110,107,106,98,108],"class_list":{"0":"post-1249","1":"product","2":"type-product","3":"status-publish","4":"has-post-thumbnail","6":"product_brand-label2you","7":"product_cat-baby","8":"product_cat-baby-bodys","9":"product_cat-schwangerschaft-verkuenden","10":"product_tag-baby","11":"product_tag-babybody","12":"product_tag-babybox","13":"product_tag-babygeschenk","14":"product_tag-geschenkbox","15":"product_tag-pregnancyannouncement","16":"product_tag-schwanger","17":"product_tag-schwangerschaft","18":"product_tag-schwangerschaftsverkuendung","19":"product_shipping_class-kleinwarensendung","20":"","22":"first","23":"instock","24":"shipping-taxable","25":"purchasable","26":"product-type-variable"},"yoast_head":"<!-- This site is optimized with the Yoast SEO plugin v27.0 - https:\/\/yoast.com\/product\/yoast-seo-wordpress\/ -->\n<title>Geschenkbox Baby-Body mit Wunschtext | Label2you<\/title>\n<meta name=\"description\" content=\"Unsere Geschenkbox Baby-Body mit Wunschtext ist das ideale Geschenk f\u00fcr verschiedene Anl\u00e4sse wie einer Schwangerschaftsverk\u00fcndung oder Geburtstagsgruss.\" \/>\n<meta name=\"robots\" content=\"index, follow, max-snippet:-1, max-image-preview:large, max-video-preview:-1\" \/>\n<link rel=\"canonical\" href=\"https:\/\/label2you.ch\/en\/shop-2\/gift-box-baby-body-with-wish-text\/\" \/>\n<meta property=\"og:locale\" content=\"en_GB\" \/>\n<meta property=\"og:type\" content=\"article\" \/>\n<meta property=\"og:title\" content=\"Geschenkbox Baby-Body mit Wunschtext | Label2you\" \/>\n<meta property=\"og:description\" content=\"Unsere Geschenkbox Baby-Body mit Wunschtext ist das ideale Geschenk f\u00fcr verschiedene Anl\u00e4sse wie einer Schwangerschaftsverk\u00fcndung oder Geburtstagsgruss.\" \/>\n<meta property=\"og:url\" content=\"https:\/\/label2you.ch\/en\/shop-2\/gift-box-baby-body-with-wish-text\/\" \/>\n<meta property=\"og:site_name\" content=\"Label2you\" \/>\n<meta property=\"article:modified_time\" content=\"2026-02-08T20:16:57+00:00\" \/>\n<meta property=\"og:image\" content=\"https:\/\/label2you.ch\/wp-content\/uploads\/2023\/03\/Babybody-Geschenkbox.webp\" \/>\n\t<meta property=\"og:image:width\" content=\"1280\" \/>\n\t<meta property=\"og:image:height\" content=\"1280\" \/>\n\t<meta property=\"og:image:type\" content=\"image\/webp\" \/>\n<meta name=\"twitter:card\" content=\"summary_large_image\" \/>\n<meta name=\"twitter:label1\" content=\"Estimated reading time\" \/>\n\t<meta name=\"twitter:data1\" content=\"3 minutes\" \/>\n<script type=\"application\/ld+json\" class=\"yoast-schema-graph\">{\"@context\":\"https:\/\/schema.org\",\"@graph\":[{\"@type\":\"WebPage\",\"@id\":\"https:\/\/label2you.ch\/shop\/geschenkbox-baby-body-mit-wunschtext\/\",\"url\":\"https:\/\/label2you.ch\/shop\/geschenkbox-baby-body-mit-wunschtext\/\",\"name\":\"Geschenkbox Baby-Body mit Wunschtext | Label2you\",\"isPartOf\":{\"@id\":\"https:\/\/label2you.ch\/#website\"},\"primaryImageOfPage\":{\"@id\":\"https:\/\/label2you.ch\/shop\/geschenkbox-baby-body-mit-wunschtext\/#primaryimage\"},\"image\":{\"@id\":\"https:\/\/label2you.ch\/shop\/geschenkbox-baby-body-mit-wunschtext\/#primaryimage\"},\"thumbnailUrl\":\"https:\/\/label2you.ch\/wp-content\/uploads\/2023\/03\/Babybody-Geschenkbox.webp\",\"datePublished\":\"2023-03-20T14:22:51+00:00\",\"dateModified\":\"2026-02-08T20:16:57+00:00\",\"description\":\"Unsere Geschenkbox Baby-Body mit Wunschtext ist das ideale Geschenk f\u00fcr verschiedene Anl\u00e4sse wie einer Schwangerschaftsverk\u00fcndung oder Geburtstagsgruss.\",\"breadcrumb\":{\"@id\":\"https:\/\/label2you.ch\/shop\/geschenkbox-baby-body-mit-wunschtext\/#breadcrumb\"},\"inLanguage\":\"en-GB\",\"potentialAction\":[{\"@type\":\"ReadAction\",\"target\":[\"https:\/\/label2you.ch\/shop\/geschenkbox-baby-body-mit-wunschtext\/\"]}]},{\"@type\":\"ImageObject\",\"inLanguage\":\"en-GB\",\"@id\":\"https:\/\/label2you.ch\/shop\/geschenkbox-baby-body-mit-wunschtext\/#primaryimage\",\"url\":\"https:\/\/label2you.ch\/wp-content\/uploads\/2023\/03\/Babybody-Geschenkbox.webp\",\"contentUrl\":\"https:\/\/label2you.ch\/wp-content\/uploads\/2023\/03\/Babybody-Geschenkbox.webp\",\"width\":1280,\"height\":1280,\"caption\":\"Geschenkbox Babybody\"},{\"@type\":\"BreadcrumbList\",\"@id\":\"https:\/\/label2you.ch\/shop\/geschenkbox-baby-body-mit-wunschtext\/#breadcrumb\",\"itemListElement\":[{\"@type\":\"ListItem\",\"position\":1,\"name\":\"Home\",\"item\":\"https:\/\/label2you.ch\/\"},{\"@type\":\"ListItem\",\"position\":2,\"name\":\"Shop\",\"item\":\"https:\/\/label2you.ch\/shop\/\"},{\"@type\":\"ListItem\",\"position\":3,\"name\":\"Geschenkbox Baby-Body mit Wunschtext\"}]},{\"@type\":\"WebSite\",\"@id\":\"https:\/\/label2you.ch\/#website\",\"url\":\"https:\/\/label2you.ch\/\",\"name\":\"Label2you\",\"description\":\"Personalisierte Baby- &amp; Kindergeschenke\",\"publisher\":{\"@id\":\"https:\/\/label2you.ch\/#organization\"},\"alternateName\":\"Label2you\",\"potentialAction\":[{\"@type\":\"SearchAction\",\"target\":{\"@type\":\"EntryPoint\",\"urlTemplate\":\"https:\/\/label2you.ch\/?s={search_term_string}\"},\"query-input\":{\"@type\":\"PropertyValueSpecification\",\"valueRequired\":true,\"valueName\":\"search_term_string\"}}],\"inLanguage\":\"en-GB\"},{\"@type\":\"Organization\",\"@id\":\"https:\/\/label2you.ch\/#organization\",\"name\":\"Label2you | Personalisierte Geschenke\",\"alternateName\":\"Label2you\",\"url\":\"https:\/\/label2you.ch\/\",\"logo\":{\"@type\":\"ImageObject\",\"inLanguage\":\"en-GB\",\"@id\":\"https:\/\/label2you.ch\/#\/schema\/logo\/image\/\",\"url\":\"https:\/\/label2you.ch\/wp-content\/uploads\/2023\/03\/logo.png\",\"contentUrl\":\"https:\/\/label2you.ch\/wp-content\/uploads\/2023\/03\/logo.png\",\"width\":300,\"height\":140,\"caption\":\"Label2you | Personalisierte Geschenke\"},\"image\":{\"@id\":\"https:\/\/label2you.ch\/#\/schema\/logo\/image\/\"},\"sameAs\":[\"https:\/\/www.instagram.com\/label2you\/?hl=de\",\"https:\/\/www.tiktok.com\/@label2you\"]}]}<\/script>\n<!-- \/ Yoast SEO plugin. -->","yoast_head_json":{"title":"Gift box baby bodysuit with personalised text | Label2you","description":"Our baby bodysuit gift box with personalised text is the ideal gift for various occasions such as a pregnancy announcement or birthday greeting.","robots":{"index":"index","follow":"follow","max-snippet":"max-snippet:-1","max-image-preview":"max-image-preview:large","max-video-preview":"max-video-preview:-1"},"canonical":"https:\/\/label2you.ch\/en\/shop-2\/gift-box-baby-body-with-wish-text\/","og_locale":"en_GB","og_type":"article","og_title":"Geschenkbox Baby-Body mit Wunschtext | Label2you","og_description":"Unsere Geschenkbox Baby-Body mit Wunschtext ist das ideale Geschenk f\u00fcr verschiedene Anl\u00e4sse wie einer Schwangerschaftsverk\u00fcndung oder Geburtstagsgruss.","og_url":"https:\/\/label2you.ch\/en\/shop-2\/gift-box-baby-body-with-wish-text\/","og_site_name":"Label2you","article_modified_time":"2026-02-08T20:16:57+00:00","og_image":[{"width":1280,"height":1280,"url":"https:\/\/label2you.ch\/wp-content\/uploads\/2023\/03\/Babybody-Geschenkbox.webp","type":"image\/webp"}],"twitter_card":"summary_large_image","twitter_misc":{"Estimated reading time":"3 minutes"},"schema":{"@context":"https:\/\/schema.org","@graph":[{"@type":"WebPage","@id":"https:\/\/label2you.ch\/shop\/geschenkbox-baby-body-mit-wunschtext\/","url":"https:\/\/label2you.ch\/shop\/geschenkbox-baby-body-mit-wunschtext\/","name":"Gift box baby bodysuit with personalised text | Label2you","isPartOf":{"@id":"https:\/\/label2you.ch\/#website"},"primaryImageOfPage":{"@id":"https:\/\/label2you.ch\/shop\/geschenkbox-baby-body-mit-wunschtext\/#primaryimage"},"image":{"@id":"https:\/\/label2you.ch\/shop\/geschenkbox-baby-body-mit-wunschtext\/#primaryimage"},"thumbnailUrl":"https:\/\/label2you.ch\/wp-content\/uploads\/2023\/03\/Babybody-Geschenkbox.webp","datePublished":"2023-03-20T14:22:51+00:00","dateModified":"2026-02-08T20:16:57+00:00","description":"Our baby bodysuit gift box with personalised text is the ideal gift for various occasions such as a pregnancy announcement or birthday greeting.","breadcrumb":{"@id":"https:\/\/label2you.ch\/shop\/geschenkbox-baby-body-mit-wunschtext\/#breadcrumb"},"inLanguage":"en-GB","potentialAction":[{"@type":"ReadAction","target":["https:\/\/label2you.ch\/shop\/geschenkbox-baby-body-mit-wunschtext\/"]}]},{"@type":"ImageObject","inLanguage":"en-GB","@id":"https:\/\/label2you.ch\/shop\/geschenkbox-baby-body-mit-wunschtext\/#primaryimage","url":"https:\/\/label2you.ch\/wp-content\/uploads\/2023\/03\/Babybody-Geschenkbox.webp","contentUrl":"https:\/\/label2you.ch\/wp-content\/uploads\/2023\/03\/Babybody-Geschenkbox.webp","width":1280,"height":1280,"caption":"Geschenkbox Babybody"},{"@type":"BreadcrumbList","@id":"https:\/\/label2you.ch\/shop\/geschenkbox-baby-body-mit-wunschtext\/#breadcrumb","itemListElement":[{"@type":"ListItem","position":1,"name":"Home","item":"https:\/\/label2you.ch\/"},{"@type":"ListItem","position":2,"name":"Shop","item":"https:\/\/label2you.ch\/shop\/"},{"@type":"ListItem","position":3,"name":"Geschenkbox Baby-Body mit Wunschtext"}]},{"@type":"WebSite","@id":"https:\/\/label2you.ch\/#website","url":"https:\/\/label2you.ch\/","name":"Label2you","description":"Personalised baby &amp; children's gifts","publisher":{"@id":"https:\/\/label2you.ch\/#organization"},"alternateName":"Label2you","potentialAction":[{"@type":"SearchAction","target":{"@type":"EntryPoint","urlTemplate":"https:\/\/label2you.ch\/?s={search_term_string}"},"query-input":{"@type":"PropertyValueSpecification","valueRequired":true,"valueName":"search_term_string"}}],"inLanguage":"en-GB"},{"@type":"Organization","@id":"https:\/\/label2you.ch\/#organization","name":"Label2you | Personalised gifts","alternateName":"Label2you","url":"https:\/\/label2you.ch\/","logo":{"@type":"ImageObject","inLanguage":"en-GB","@id":"https:\/\/label2you.ch\/#\/schema\/logo\/image\/","url":"https:\/\/label2you.ch\/wp-content\/uploads\/2023\/03\/logo.png","contentUrl":"https:\/\/label2you.ch\/wp-content\/uploads\/2023\/03\/logo.png","width":300,"height":140,"caption":"Label2you | Personalisierte Geschenke"},"image":{"@id":"https:\/\/label2you.ch\/#\/schema\/logo\/image\/"},"sameAs":["https:\/\/www.instagram.com\/label2you\/?hl=de","https:\/\/www.tiktok.com\/@label2you"]}]}},"jetpack_sharing_enabled":true,"_links":{"self":[{"href":"https:\/\/label2you.ch\/en\/wp-json\/wp\/v2\/product\/1249","targetHints":{"allow":["GET"]}}],"collection":[{"href":"https:\/\/label2you.ch\/en\/wp-json\/wp\/v2\/product"}],"about":[{"href":"https:\/\/label2you.ch\/en\/wp-json\/wp\/v2\/types\/product"}],"replies":[{"embeddable":true,"href":"https:\/\/label2you.ch\/en\/wp-json\/wp\/v2\/comments?post=1249"}],"wp:featuredmedia":[{"embeddable":true,"href":"https:\/\/label2you.ch\/en\/wp-json\/wp\/v2\/media\/5621"}],"wp:attachment":[{"href":"https:\/\/label2you.ch\/en\/wp-json\/wp\/v2\/media?parent=1249"}],"wp:term":[{"taxonomy":"product_brand","embeddable":true,"href":"https:\/\/label2you.ch\/en\/wp-json\/wp\/v2\/product_brand?post=1249"},{"taxonomy":"product_cat","embeddable":true,"href":"https:\/\/label2you.ch\/en\/wp-json\/wp\/v2\/product_cat?post=1249"},{"taxonomy":"product_tag","embeddable":true,"href":"https:\/\/label2you.ch\/en\/wp-json\/wp\/v2\/product_tag?post=1249"}],"curies":[{"name":"wp","href":"https:\/\/api.w.org\/{rel}","templated":true}]}}