{"id":1489,"date":"2023-03-22T12:08:49","date_gmt":"2023-03-22T11:08:49","guid":{"rendered":"https:\/\/label2you.ch\/?post_type=product&#038;p=1489"},"modified":"2026-04-05T19:57:22","modified_gmt":"2026-04-05T17:57:22","slug":"baby-erinnerungsbuch","status":"publish","type":"product","link":"https:\/\/label2you.ch\/en\/shop-2\/baby-erinnerungsbuch\/","title":{"rendered":"Baby memory book - for the first years"},"content":{"rendered":"<h2 data-start=\"310\" data-end=\"370\">Baby Erinnerungsbuch \u2013 die sch\u00f6nsten Momente festhalten<\/h2>\n<p data-start=\"372\" data-end=\"768\">Ein Baby Erinnerungsbuch ist das perfekte Geschenk f\u00fcr frischgebackene Eltern und eine liebevolle M\u00f6glichkeit, die ersten Jahre des Babys unvergesslich zu machen. Mit 54 sorgf\u00e4ltig gestalteten Seiten begleitet das Buch die Familie vom ersten Ultraschallbild bis zu den besonderen Meilensteinen im Kleinkindalter. So entsteht eine wertvolle Sammlung voller Emotionen, Erinnerungen und Fotos.<\/p>\n<h2 data-start=\"770\" data-end=\"827\">Was im Baby Erinnerungsbuch festgehalten werden kann<\/h2>\n<h3 data-start=\"829\" data-end=\"861\">Schwangerschaft und Geburt<\/h3>\n<p data-start=\"862\" data-end=\"1165\">Das Buch beginnt mit Erinnerungen an die Schwangerschaft. Hier finden Gedanken, W\u00fcnsche und die Vorfreude der Eltern ihren Platz. Auch die Bedeutung des Babynamens kann erkl\u00e4rt werden. Auf den ersten Seiten k\u00f6nnen zudem das Ultraschallbild, Geburtsdatum, Gewicht, Gr\u00f6\u00dfe und Uhrzeit eingetragen werden.<\/p>\n<h3 data-start=\"1167\" data-end=\"1201\">Erste Fotos und Handabdr\u00fccke<\/h3>\n<p data-start=\"1202\" data-end=\"1363\">Nat\u00fcrlich d\u00fcrfen das erste Foto des Babys sowie Hand- und Fu\u00dfabdr\u00fccke nicht fehlen. Dadurch wird jede Seite einzigartig und bekommt eine ganz pers\u00f6nliche Note.<\/p>\n<h3 data-start=\"1365\" data-end=\"1402\">Monatsberichte und Meilensteine<\/h3>\n<p data-start=\"1403\" data-end=\"1650\">F\u00fcr jeden Monat gibt es eigene Seiten, um die Entwicklung des Babys zu dokumentieren. Vom ersten L\u00e4cheln \u00fcber das erste Krabbeln bis zu den ersten Schritten \u2013 das Baby Erinnerungsbuch macht es leicht, die wichtigsten Ereignisse festzuhalten.<\/p>\n<h2 data-start=\"1652\" data-end=\"1701\">Besondere Kapitel f\u00fcr unvergessliche Momente<\/h2>\n<h3 data-start=\"1703\" data-end=\"1729\">Der erste Geburtstag<\/h3>\n<p data-start=\"1730\" data-end=\"1916\">Ein Highlight ist der Abschnitt zum ersten Geburtstag. Hier kannst du die Feier beschreiben, Fotos einkleben und Geschenke dokumentieren. So bleibt dieser gro\u00dfe Tag f\u00fcr immer lebendig.<\/p>\n<h3 data-start=\"1918\" data-end=\"1943\">Urlaub und Wachstum<\/h3>\n<p data-start=\"1944\" data-end=\"2147\">Zus\u00e4tzliche Kapitel widmen sich dem ersten Urlaub und dem Wachstumsverlauf. Eltern k\u00f6nnen hier die sch\u00f6nsten Erinnerungen aufschreiben und die Entwicklung des Kindes Schritt f\u00fcr Schritt nachvollziehen.<\/p>\n<h2 data-start=\"2149\" data-end=\"2191\">Baby Erinnerungsbuch als Geschenkidee<\/h2>\n<p data-start=\"2193\" data-end=\"2501\">Dieses Erinnerungsbuch ist nicht nur praktisch, sondern auch ein emotionaler Schatz f\u00fcr die ganze Familie. Es eignet sich hervorragend als Geschenk zur Geburt, zur Babyparty oder f\u00fcr das eigene Kind. Das stilvolle Cover in hellem Grau mit goldener Schrift macht das Buch au\u00dferdem zu einem echten Hingucker.<\/p>\n<h2 data-start=\"2503\" data-end=\"2543\">Fazit \u2013 ein Schatz f\u00fcr die Ewigkeit<\/h2>\n<p data-start=\"2545\" data-end=\"2801\">Das Baby Erinnerungsbuch bewahrt die sch\u00f6nsten Momente der ersten Jahre und schenkt der ganzen Familie eine bleibende Erinnerung. Mit viel Platz f\u00fcr Fotos, Notizen und Meilensteine wird es zu einem unverzichtbaren Begleiter in dieser besonderen Zeit.<\/p>\n<p data-start=\"2915\" data-end=\"3101\">Perfekt passend dazu findest du hier unsere <a href=\"https:\/\/label2you.ch\/en\/product-category-2\/baby\/erinnerungskiste\/\">Memory box<\/a>. Folge uns auch auf <a class=\"decorated-link\" href=\"https:\/\/www.instagram.com\/label2you\/?hl=de&amp;utm_source=chatgpt.com\" target=\"_new\" rel=\"noopener\" data-start=\"3002\" data-end=\"3057\">Instagram<\/a> f\u00fcr noch mehr Inspiration und neue Designs!<\/p>","protected":false},"excerpt":{"rendered":"<p data-start=\"372\" data-end=\"768\">Ein Baby Erinnerungsbuch ist das perfekte Geschenk f\u00fcr frischgebackene Eltern und eine liebevolle M\u00f6glichkeit, die ersten Jahre des Babys unvergesslich zu machen. Mit 54 sorgf\u00e4ltig gestalteten Seiten begleitet das Buch die Familie vom ersten Ultraschallbild bis zu den besonderen Meilensteinen im Kleinkindalter. So entsteht eine wertvolle Sammlung voller Emotionen, Erinnerungen und Fotos.<\/p>\n<h2 data-start=\"770\" data-end=\"827\"><\/h2>","protected":false},"featured_media":5107,"comment_status":"open","ping_status":"closed","template":"","meta":[],"product_brand":[656],"product_cat":[50,59],"product_tag":[263,89,265,260,266,261,262,264],"class_list":{"0":"post-1489","1":"product","2":"type-product","3":"status-publish","4":"has-post-thumbnail","6":"product_brand-label2you","7":"product_cat-baby","8":"product_cat-baby-book-dein-erstes-jahr","9":"product_tag-album","10":"product_tag-baby","11":"product_tag-babyalbum","12":"product_tag-babybook","13":"product_tag-dein-erstes-jahr","14":"product_tag-erinnerung","15":"product_tag-erinnerungsbuch","16":"product_tag-fotoalbum","17":"product_shipping_class-grossbrief","18":"","20":"first","21":"instock","22":"sale","23":"shipping-taxable","24":"purchasable","25":"product-type-simple"},"yoast_head":"<!-- This site is optimized with the Yoast SEO plugin v27.0 - https:\/\/yoast.com\/product\/yoast-seo-wordpress\/ -->\n<title>Baby Erinnerungsbuch \u2013 f\u00fcr die ersten Jahre | Label2you<\/title>\n<meta name=\"description\" content=\"Haltet die ersten Erinnerungen deines Babys f\u00fcr immer fest mit unserem personalisierten Baby Erinnerungsbuch. Perfektes Geschenk zur Geburt.\" \/>\n<meta name=\"robots\" content=\"index, follow, max-snippet:-1, max-image-preview:large, max-video-preview:-1\" \/>\n<link rel=\"canonical\" href=\"https:\/\/label2you.ch\/en\/shop-2\/baby-erinnerungsbuch\/\" \/>\n<meta property=\"og:locale\" content=\"en_GB\" \/>\n<meta property=\"og:type\" content=\"article\" \/>\n<meta property=\"og:title\" content=\"Baby Erinnerungsbuch \u2013 f\u00fcr die ersten Jahre | Label2you\" \/>\n<meta property=\"og:description\" content=\"Haltet die ersten Erinnerungen deines Babys f\u00fcr immer fest mit unserem personalisierten Baby Erinnerungsbuch. Perfektes Geschenk zur Geburt.\" \/>\n<meta property=\"og:url\" content=\"https:\/\/label2you.ch\/en\/shop-2\/baby-erinnerungsbuch\/\" \/>\n<meta property=\"og:site_name\" content=\"Label2you\" \/>\n<meta property=\"article:modified_time\" content=\"2026-04-05T17:57:22+00:00\" \/>\n<meta property=\"og:image\" content=\"https:\/\/label2you.ch\/wp-content\/uploads\/2023\/03\/Baby-Book-\u2013-Dein-erstes-Jahr.webp\" \/>\n\t<meta property=\"og:image:width\" content=\"800\" \/>\n\t<meta property=\"og:image:height\" content=\"800\" \/>\n\t<meta property=\"og:image:type\" content=\"image\/webp\" \/>\n<meta name=\"twitter:card\" content=\"summary_large_image\" \/>\n<meta name=\"twitter:label1\" content=\"Estimated reading time\" \/>\n\t<meta name=\"twitter:data1\" content=\"3 minutes\" \/>\n<script type=\"application\/ld+json\" class=\"yoast-schema-graph\">{\"@context\":\"https:\/\/schema.org\",\"@graph\":[{\"@type\":\"WebPage\",\"@id\":\"https:\/\/label2you.ch\/shop\/baby-erinnerungsbuch\/\",\"url\":\"https:\/\/label2you.ch\/shop\/baby-erinnerungsbuch\/\",\"name\":\"Baby Erinnerungsbuch \u2013 f\u00fcr die ersten Jahre | Label2you\",\"isPartOf\":{\"@id\":\"https:\/\/label2you.ch\/#website\"},\"primaryImageOfPage\":{\"@id\":\"https:\/\/label2you.ch\/shop\/baby-erinnerungsbuch\/#primaryimage\"},\"image\":{\"@id\":\"https:\/\/label2you.ch\/shop\/baby-erinnerungsbuch\/#primaryimage\"},\"thumbnailUrl\":\"https:\/\/label2you.ch\/wp-content\/uploads\/2023\/03\/Baby-Book-\u2013-Dein-erstes-Jahr.webp\",\"datePublished\":\"2023-03-22T11:08:49+00:00\",\"dateModified\":\"2026-04-05T17:57:22+00:00\",\"description\":\"Haltet die ersten Erinnerungen deines Babys f\u00fcr immer fest mit unserem personalisierten Baby Erinnerungsbuch. Perfektes Geschenk zur Geburt.\",\"breadcrumb\":{\"@id\":\"https:\/\/label2you.ch\/shop\/baby-erinnerungsbuch\/#breadcrumb\"},\"inLanguage\":\"en-GB\",\"potentialAction\":[{\"@type\":\"ReadAction\",\"target\":[\"https:\/\/label2you.ch\/shop\/baby-erinnerungsbuch\/\"]}]},{\"@type\":\"ImageObject\",\"inLanguage\":\"en-GB\",\"@id\":\"https:\/\/label2you.ch\/shop\/baby-erinnerungsbuch\/#primaryimage\",\"url\":\"https:\/\/label2you.ch\/wp-content\/uploads\/2023\/03\/Baby-Book-\u2013-Dein-erstes-Jahr.webp\",\"contentUrl\":\"https:\/\/label2you.ch\/wp-content\/uploads\/2023\/03\/Baby-Book-\u2013-Dein-erstes-Jahr.webp\",\"width\":800,\"height\":800,\"caption\":\"Liebevoll gestaltetes Baby Erinnerungsbuch mit Platz f\u00fcr Ultraschallbilder, Geburt, Entwicklung, ersten Geburtstag und Urlaubserinnerungen\"},{\"@type\":\"BreadcrumbList\",\"@id\":\"https:\/\/label2you.ch\/shop\/baby-erinnerungsbuch\/#breadcrumb\",\"itemListElement\":[{\"@type\":\"ListItem\",\"position\":1,\"name\":\"Home\",\"item\":\"https:\/\/label2you.ch\/\"},{\"@type\":\"ListItem\",\"position\":2,\"name\":\"Shop\",\"item\":\"https:\/\/label2you.ch\/shop\/\"},{\"@type\":\"ListItem\",\"position\":3,\"name\":\"Baby Erinnerungsbuch \u2013 f\u00fcr die ersten Jahre\"}]},{\"@type\":\"WebSite\",\"@id\":\"https:\/\/label2you.ch\/#website\",\"url\":\"https:\/\/label2you.ch\/\",\"name\":\"Label2you\",\"description\":\"Personalisierte Baby- &amp; Kindergeschenke\",\"publisher\":{\"@id\":\"https:\/\/label2you.ch\/#organization\"},\"alternateName\":\"Label2you\",\"potentialAction\":[{\"@type\":\"SearchAction\",\"target\":{\"@type\":\"EntryPoint\",\"urlTemplate\":\"https:\/\/label2you.ch\/?s={search_term_string}\"},\"query-input\":{\"@type\":\"PropertyValueSpecification\",\"valueRequired\":true,\"valueName\":\"search_term_string\"}}],\"inLanguage\":\"en-GB\"},{\"@type\":\"Organization\",\"@id\":\"https:\/\/label2you.ch\/#organization\",\"name\":\"Label2you | Personalisierte Geschenke\",\"alternateName\":\"Label2you\",\"url\":\"https:\/\/label2you.ch\/\",\"logo\":{\"@type\":\"ImageObject\",\"inLanguage\":\"en-GB\",\"@id\":\"https:\/\/label2you.ch\/#\/schema\/logo\/image\/\",\"url\":\"https:\/\/label2you.ch\/wp-content\/uploads\/2023\/03\/logo.png\",\"contentUrl\":\"https:\/\/label2you.ch\/wp-content\/uploads\/2023\/03\/logo.png\",\"width\":300,\"height\":140,\"caption\":\"Label2you | Personalisierte Geschenke\"},\"image\":{\"@id\":\"https:\/\/label2you.ch\/#\/schema\/logo\/image\/\"},\"sameAs\":[\"https:\/\/www.instagram.com\/label2you\/?hl=de\",\"https:\/\/www.tiktok.com\/@label2you\"]}]}<\/script>\n<!-- \/ Yoast SEO plugin. -->","yoast_head_json":{"title":"Baby Erinnerungsbuch \u2013 f\u00fcr die ersten Jahre | Label2you","description":"Haltet die ersten Erinnerungen deines Babys f\u00fcr immer fest mit unserem personalisierten Baby Erinnerungsbuch. Perfektes Geschenk zur Geburt.","robots":{"index":"index","follow":"follow","max-snippet":"max-snippet:-1","max-image-preview":"max-image-preview:large","max-video-preview":"max-video-preview:-1"},"canonical":"https:\/\/label2you.ch\/en\/shop-2\/baby-erinnerungsbuch\/","og_locale":"en_GB","og_type":"article","og_title":"Baby Erinnerungsbuch \u2013 f\u00fcr die ersten Jahre | Label2you","og_description":"Haltet die ersten Erinnerungen deines Babys f\u00fcr immer fest mit unserem personalisierten Baby Erinnerungsbuch. Perfektes Geschenk zur Geburt.","og_url":"https:\/\/label2you.ch\/en\/shop-2\/baby-erinnerungsbuch\/","og_site_name":"Label2you","article_modified_time":"2026-04-05T17:57:22+00:00","og_image":[{"width":800,"height":800,"url":"https:\/\/label2you.ch\/wp-content\/uploads\/2023\/03\/Baby-Book-\u2013-Dein-erstes-Jahr.webp","type":"image\/webp"}],"twitter_card":"summary_large_image","twitter_misc":{"Estimated reading time":"3 minutes"},"schema":{"@context":"https:\/\/schema.org","@graph":[{"@type":"WebPage","@id":"https:\/\/label2you.ch\/shop\/baby-erinnerungsbuch\/","url":"https:\/\/label2you.ch\/shop\/baby-erinnerungsbuch\/","name":"Baby Erinnerungsbuch \u2013 f\u00fcr die ersten Jahre | Label2you","isPartOf":{"@id":"https:\/\/label2you.ch\/#website"},"primaryImageOfPage":{"@id":"https:\/\/label2you.ch\/shop\/baby-erinnerungsbuch\/#primaryimage"},"image":{"@id":"https:\/\/label2you.ch\/shop\/baby-erinnerungsbuch\/#primaryimage"},"thumbnailUrl":"https:\/\/label2you.ch\/wp-content\/uploads\/2023\/03\/Baby-Book-\u2013-Dein-erstes-Jahr.webp","datePublished":"2023-03-22T11:08:49+00:00","dateModified":"2026-04-05T17:57:22+00:00","description":"Haltet die ersten Erinnerungen deines Babys f\u00fcr immer fest mit unserem personalisierten Baby Erinnerungsbuch. Perfektes Geschenk zur Geburt.","breadcrumb":{"@id":"https:\/\/label2you.ch\/shop\/baby-erinnerungsbuch\/#breadcrumb"},"inLanguage":"en-GB","potentialAction":[{"@type":"ReadAction","target":["https:\/\/label2you.ch\/shop\/baby-erinnerungsbuch\/"]}]},{"@type":"ImageObject","inLanguage":"en-GB","@id":"https:\/\/label2you.ch\/shop\/baby-erinnerungsbuch\/#primaryimage","url":"https:\/\/label2you.ch\/wp-content\/uploads\/2023\/03\/Baby-Book-\u2013-Dein-erstes-Jahr.webp","contentUrl":"https:\/\/label2you.ch\/wp-content\/uploads\/2023\/03\/Baby-Book-\u2013-Dein-erstes-Jahr.webp","width":800,"height":800,"caption":"Liebevoll gestaltetes Baby Erinnerungsbuch mit Platz f\u00fcr Ultraschallbilder, Geburt, Entwicklung, ersten Geburtstag und Urlaubserinnerungen"},{"@type":"BreadcrumbList","@id":"https:\/\/label2you.ch\/shop\/baby-erinnerungsbuch\/#breadcrumb","itemListElement":[{"@type":"ListItem","position":1,"name":"Home","item":"https:\/\/label2you.ch\/"},{"@type":"ListItem","position":2,"name":"Shop","item":"https:\/\/label2you.ch\/shop\/"},{"@type":"ListItem","position":3,"name":"Baby Erinnerungsbuch \u2013 f\u00fcr die ersten Jahre"}]},{"@type":"WebSite","@id":"https:\/\/label2you.ch\/#website","url":"https:\/\/label2you.ch\/","name":"Label2you","description":"Personalised baby &amp; children's gifts","publisher":{"@id":"https:\/\/label2you.ch\/#organization"},"alternateName":"Label2you","potentialAction":[{"@type":"SearchAction","target":{"@type":"EntryPoint","urlTemplate":"https:\/\/label2you.ch\/?s={search_term_string}"},"query-input":{"@type":"PropertyValueSpecification","valueRequired":true,"valueName":"search_term_string"}}],"inLanguage":"en-GB"},{"@type":"Organization","@id":"https:\/\/label2you.ch\/#organization","name":"Label2you | Personalised gifts","alternateName":"Label2you","url":"https:\/\/label2you.ch\/","logo":{"@type":"ImageObject","inLanguage":"en-GB","@id":"https:\/\/label2you.ch\/#\/schema\/logo\/image\/","url":"https:\/\/label2you.ch\/wp-content\/uploads\/2023\/03\/logo.png","contentUrl":"https:\/\/label2you.ch\/wp-content\/uploads\/2023\/03\/logo.png","width":300,"height":140,"caption":"Label2you | Personalisierte Geschenke"},"image":{"@id":"https:\/\/label2you.ch\/#\/schema\/logo\/image\/"},"sameAs":["https:\/\/www.instagram.com\/label2you\/?hl=de","https:\/\/www.tiktok.com\/@label2you"]}]}},"jetpack_sharing_enabled":true,"_links":{"self":[{"href":"https:\/\/label2you.ch\/en\/wp-json\/wp\/v2\/product\/1489","targetHints":{"allow":["GET"]}}],"collection":[{"href":"https:\/\/label2you.ch\/en\/wp-json\/wp\/v2\/product"}],"about":[{"href":"https:\/\/label2you.ch\/en\/wp-json\/wp\/v2\/types\/product"}],"replies":[{"embeddable":true,"href":"https:\/\/label2you.ch\/en\/wp-json\/wp\/v2\/comments?post=1489"}],"wp:featuredmedia":[{"embeddable":true,"href":"https:\/\/label2you.ch\/en\/wp-json\/wp\/v2\/media\/5107"}],"wp:attachment":[{"href":"https:\/\/label2you.ch\/en\/wp-json\/wp\/v2\/media?parent=1489"}],"wp:term":[{"taxonomy":"product_brand","embeddable":true,"href":"https:\/\/label2you.ch\/en\/wp-json\/wp\/v2\/product_brand?post=1489"},{"taxonomy":"product_cat","embeddable":true,"href":"https:\/\/label2you.ch\/en\/wp-json\/wp\/v2\/product_cat?post=1489"},{"taxonomy":"product_tag","embeddable":true,"href":"https:\/\/label2you.ch\/en\/wp-json\/wp\/v2\/product_tag?post=1489"}],"curies":[{"name":"wp","href":"https:\/\/api.w.org\/{rel}","templated":true}]}}