{"id":3278,"date":"2024-02-28T07:36:47","date_gmt":"2024-02-28T06:36:47","guid":{"rendered":"https:\/\/label2you.ch\/?post_type=product&#038;p=3278"},"modified":"2026-01-30T08:32:50","modified_gmt":"2026-01-30T07:32:50","slug":"meilensteine-ballon","status":"publish","type":"product","link":"https:\/\/label2you.ch\/en\/shop-2\/meilensteine-ballon\/","title":{"rendered":"Milestones Balloon"},"content":{"rendered":"<article class=\"w-full text-token-text-primary\" dir=\"auto\" data-testid=\"conversation-turn-2\" data-scroll-anchor=\"false\">\n<div class=\"text-base my-auto mx-auto py-5 px-6\">\n<div class=\"mx-auto flex flex-1 text-base gap-4 md:gap-5 lg:gap-6 md:max-w-3xl group\/turn-messages focus-visible:outline-none\">\n<div class=\"group\/conversation-turn relative flex w-full min-w-0 flex-col agent-turn @xs\/thread:px-0 @sm\/thread:px-1.5 @md\/thread:px-4\">\n<div class=\"relative flex-col gap-1 md:gap-3\">\n<div class=\"flex max-w-full flex-col flex-grow\">\n<div class=\"min-h-8 text-message relative flex w-full flex-col items-end gap-2 whitespace-normal break-words text-start [.text-message+&amp;]:mt-5\" dir=\"auto\" data-message-author-role=\"assistant\" data-message-id=\"12c2cce0-f637-4269-995a-0c903eddb073\" data-message-model-slug=\"gpt-4o-mini\">\n<div class=\"flex w-full flex-col gap-1 empty:hidden first:pt-[3px]\">\n<div class=\"markdown prose w-full break-words dark:prose-invert light\">\n<h2 data-start=\"409\" data-end=\"489\">Meilensteine Ballon Monate \u2013 einzigartiges Design f\u00fcr besondere Erinnerungen<\/h2>\n<p data-start=\"491\" data-end=\"938\">Ein <strong data-start=\"495\" data-end=\"524\">Meilensteine Ballon Monate<\/strong> ist die perfekte Wahl, um die sch\u00f6nsten Augenblicke im Leben deines Babys stilvoll festzuhalten. Jeder Ballon wird in Handarbeit aus hochwertigem, 3 mm starkem Holz gefertigt. Die weissen Acrylzahlen in 3D-Optik heben sich klar vom Holz ab und setzen den jeweiligen Monat perfekt in Szene. Mit Liebe zum Detail entsteht so ein Erinnerungsst\u00fcck, das nicht nur dekorativ ist, sondern bleibende Emotionen einf\u00e4ngt.<\/p>\n<h2 data-start=\"940\" data-end=\"994\">Ballon Meilensteine Baby \u2013 ideale Gr\u00f6sse f\u00fcr Fotos<\/h2>\n<h3 data-start=\"996\" data-end=\"1037\">Praktisches Format f\u00fcr Monatsbilder<\/h3>\n<p data-start=\"1038\" data-end=\"1282\">Mit einer H\u00f6he von ca. 15 cm ist der <strong data-start=\"1075\" data-end=\"1102\">Ballon Meilenstein Baby<\/strong> ideal geeignet, um in Fotoserien integriert zu werden. Ob f\u00fcr die klassischen Monatsfotos, den ersten Geburtstag oder die ersten Schritte \u2013 er wird zum Hingucker auf jedem Bild.<\/p>\n<h3 data-start=\"1284\" data-end=\"1311\">Vielseitig einsetzbar<\/h3>\n<p data-start=\"1312\" data-end=\"1470\">Auch bei Taufen, Babyshowers oder als liebevolle Dekoration im Kinderzimmer bringt der Meilenstein Ballon die besondere Bedeutung jedes Moments zur Geltung.<\/p>\n<h2 data-start=\"1472\" data-end=\"1528\">Meilensteine Holz Ballon \u2013 stilvoll mit Kordelschnur<\/h2>\n<h3 data-start=\"1530\" data-end=\"1560\">Hochwertige Verarbeitung<\/h3>\n<p data-start=\"1561\" data-end=\"1713\">Jeder Meilenstein wird mit einer dekorativen Kordelschnur geliefert, die nicht nur praktisch ist, sondern dem Ballon auch eine elegante Note verleiht.<\/p>\n<h3 data-start=\"1715\" data-end=\"1756\">Aufh\u00e4ngen oder ins Foto integrieren<\/h3>\n<p data-start=\"1757\" data-end=\"1897\">Dank der Kordel kannst du den Meilenstein an die Wand h\u00e4ngen, ins Kinderzimmer integrieren oder einfach neben deinem Baby in Szene setzen.<\/p>\n<h2 data-start=\"1899\" data-end=\"1968\">Meilensteine Ballon Monate \u2013 Symbol f\u00fcr wichtige Lebensabschnitte<\/h2>\n<p data-start=\"1970\" data-end=\"2277\">Ein <strong data-start=\"1974\" data-end=\"2003\">Meilenstein Ballon Monate<\/strong> ist mehr als nur ein Foto-Accessoire. Er steht f\u00fcr die grossen und kleinen Etappen im Leben eines Kindes \u2013 vom \u201eHallo Welt\u201c-Moment bis hin zu den vielen ersten Malen, die Familien so sehr sch\u00e4tzen. Als Geschenk zur Geburt oder Babyshower ist er deshalb besonders beliebt.<\/p>\n<h2 data-start=\"2279\" data-end=\"2326\">Wertvolle Erinnerung f\u00fcr die ganze Familie<\/h2>\n<p data-start=\"2328\" data-end=\"2543\">Der Meilenstein Ballon wird zu einem Andenken, das Eltern wie Grosseltern begeistert. Er macht Fotos einzigartig, schafft bleibende Erinnerungen und begleitet dein Kind durch die ersten wichtigen Monate und Jahre.<\/p>\n<h2 data-start=\"2545\" data-end=\"2581\">Fazit Meilensteine BallonMonate<\/h2>\n<p data-start=\"2583\" data-end=\"2850\">Der <strong data-start=\"2587\" data-end=\"2614\">Meilenstein Holz Ballon<\/strong> vereint handgefertigte Qualit\u00e4t, modernes Design und eine pers\u00f6nliche Note. Er ist das perfekte Geschenk f\u00fcr frischgebackene Eltern, ein dekoratives Detail f\u00fcrs Kinderzimmer und ein unverzichtbarer Begleiter f\u00fcr monatliche Babyfotos.<\/p>\n<\/div>\n<\/div>\n<\/div>\n<\/div>\n<\/div>\n<\/div>\n<\/div>\n<\/div>\n<\/article>\n<article class=\"w-full text-token-text-primary\" dir=\"auto\" data-testid=\"conversation-turn-4\" data-scroll-anchor=\"true\">\n<div class=\"text-base my-auto mx-auto py-5 px-6\">\n<div class=\"mx-auto flex flex-1 text-base gap-4 md:gap-5 lg:gap-6 md:max-w-3xl group\/turn-messages focus-visible:outline-none\">\n<div class=\"group\/conversation-turn relative flex w-full min-w-0 flex-col agent-turn @xs\/thread:px-0 @sm\/thread:px-1.5 @md\/thread:px-4\">\n<div class=\"relative flex-col gap-1 md:gap-3\">\n<div class=\"flex max-w-full flex-col flex-grow\">\n<div class=\"min-h-8 text-message relative flex w-full flex-col items-end gap-2 whitespace-normal break-words text-start [.text-message+&amp;]:mt-5\" dir=\"auto\" data-message-author-role=\"assistant\" data-message-id=\"d948fa88-11fc-44ad-9e41-a3ebe146393e\" data-message-model-slug=\"gpt-4o-mini\">\n<div class=\"flex w-full flex-col gap-1 empty:hidden first:pt-[3px]\">\n<p>Du suchst nach anderen Meilensteinen? Dann besuche uns <a href=\"https:\/\/label2you.ch\/product-category\/baby\/meilensteine\/\">hier<\/a>!<\/p>\n<p>Besuche uns auf\u00a0<a href=\"https:\/\/www.instagram.com\/label2you\/?hl=de\">Instagram<\/a><\/p>\n<\/div>\n<\/div>\n<\/div>\n<\/div>\n<\/div>\n<\/div>\n<\/div>\n<\/article>\n","protected":false},"excerpt":{"rendered":"<p>Our balloon design milestones are the perfect way to capture and celebrate special moments. Each milestone is handcrafted from high quality wood with a thickness of 3mm and features white acrylic numbers that stand out in style.<\/p>","protected":false},"featured_media":5077,"comment_status":"open","ping_status":"closed","template":"","meta":[],"product_brand":[656],"product_cat":[50,62],"product_tag":[101,482,603,99,483,104],"class_list":{"0":"post-3278","1":"product","2":"type-product","3":"status-publish","4":"has-post-thumbnail","6":"product_brand-label2you","7":"product_cat-baby","8":"product_cat-meilensteine","9":"product_tag-babygeschenk","10":"product_tag-ballon","11":"product_tag-geschenkezurgeburt","12":"product_tag-meilenstein","13":"product_tag-meilenstein-ballon","14":"product_tag-milestones","15":"product_shipping_class-kleinwarensendung","16":"","18":"first","19":"instock","20":"shipping-taxable","21":"purchasable","22":"product-type-simple"},"yoast_head":"<!-- This site is optimized with the Yoast SEO plugin v27.0 - https:\/\/yoast.com\/product\/yoast-seo-wordpress\/ -->\n<title>Meilensteine Ballon | Label2you<\/title>\n<meta name=\"description\" content=\"Die Meilensteine Ballon sind handgefertigte Holz-Meilensteine mit Acrylzahlen, perfekt f\u00fcr besondere Fotos und als Geschenk zur Geburt.\" \/>\n<meta name=\"robots\" content=\"index, follow, max-snippet:-1, max-image-preview:large, max-video-preview:-1\" \/>\n<link rel=\"canonical\" href=\"https:\/\/label2you.ch\/en\/shop-2\/meilensteine-ballon\/\" \/>\n<meta property=\"og:locale\" content=\"en_GB\" \/>\n<meta property=\"og:type\" content=\"article\" \/>\n<meta property=\"og:title\" content=\"Meilensteine Ballon | Label2you\" \/>\n<meta property=\"og:description\" content=\"Die Meilensteine Ballon sind handgefertigte Holz-Meilensteine mit Acrylzahlen, perfekt f\u00fcr besondere Fotos und als Geschenk zur Geburt.\" \/>\n<meta property=\"og:url\" content=\"https:\/\/label2you.ch\/en\/shop-2\/meilensteine-ballon\/\" \/>\n<meta property=\"og:site_name\" content=\"Label2you\" \/>\n<meta property=\"article:modified_time\" content=\"2026-01-30T07:32:50+00:00\" \/>\n<meta property=\"og:image\" content=\"https:\/\/label2you.ch\/wp-content\/uploads\/2024\/02\/Meilenstein-Monate-Ballon.webp\" \/>\n\t<meta property=\"og:image:width\" content=\"1280\" \/>\n\t<meta property=\"og:image:height\" content=\"1920\" \/>\n\t<meta property=\"og:image:type\" content=\"image\/webp\" \/>\n<meta name=\"twitter:card\" content=\"summary_large_image\" \/>\n<meta name=\"twitter:label1\" content=\"Estimated reading time\" \/>\n\t<meta name=\"twitter:data1\" content=\"3 minutes\" \/>\n<script type=\"application\/ld+json\" class=\"yoast-schema-graph\">{\"@context\":\"https:\/\/schema.org\",\"@graph\":[{\"@type\":\"WebPage\",\"@id\":\"https:\/\/label2you.ch\/shop\/meilensteine-ballon\/\",\"url\":\"https:\/\/label2you.ch\/shop\/meilensteine-ballon\/\",\"name\":\"Meilensteine Ballon | Label2you\",\"isPartOf\":{\"@id\":\"https:\/\/label2you.ch\/#website\"},\"primaryImageOfPage\":{\"@id\":\"https:\/\/label2you.ch\/shop\/meilensteine-ballon\/#primaryimage\"},\"image\":{\"@id\":\"https:\/\/label2you.ch\/shop\/meilensteine-ballon\/#primaryimage\"},\"thumbnailUrl\":\"https:\/\/label2you.ch\/wp-content\/uploads\/2024\/02\/Meilenstein-Monate-Ballon.webp\",\"datePublished\":\"2024-02-28T06:36:47+00:00\",\"dateModified\":\"2026-01-30T07:32:50+00:00\",\"description\":\"Die Meilensteine Ballon sind handgefertigte Holz-Meilensteine mit Acrylzahlen, perfekt f\u00fcr besondere Fotos und als Geschenk zur Geburt.\",\"breadcrumb\":{\"@id\":\"https:\/\/label2you.ch\/shop\/meilensteine-ballon\/#breadcrumb\"},\"inLanguage\":\"en-GB\",\"potentialAction\":[{\"@type\":\"ReadAction\",\"target\":[\"https:\/\/label2you.ch\/shop\/meilensteine-ballon\/\"]}]},{\"@type\":\"ImageObject\",\"inLanguage\":\"en-GB\",\"@id\":\"https:\/\/label2you.ch\/shop\/meilensteine-ballon\/#primaryimage\",\"url\":\"https:\/\/label2you.ch\/wp-content\/uploads\/2024\/02\/Meilenstein-Monate-Ballon.webp\",\"contentUrl\":\"https:\/\/label2you.ch\/wp-content\/uploads\/2024\/02\/Meilenstein-Monate-Ballon.webp\",\"width\":1280,\"height\":1920,\"caption\":\"Dekorativer Meilenstein mit Kordelschnur, ideal f\u00fcr Monatsfotos, Geburtstage und erste Schritte\"},{\"@type\":\"BreadcrumbList\",\"@id\":\"https:\/\/label2you.ch\/shop\/meilensteine-ballon\/#breadcrumb\",\"itemListElement\":[{\"@type\":\"ListItem\",\"position\":1,\"name\":\"Home\",\"item\":\"https:\/\/label2you.ch\/\"},{\"@type\":\"ListItem\",\"position\":2,\"name\":\"Shop\",\"item\":\"https:\/\/label2you.ch\/shop\/\"},{\"@type\":\"ListItem\",\"position\":3,\"name\":\"Meilensteine Ballon\"}]},{\"@type\":\"WebSite\",\"@id\":\"https:\/\/label2you.ch\/#website\",\"url\":\"https:\/\/label2you.ch\/\",\"name\":\"Label2you\",\"description\":\"Personalisierte Baby- &amp; Kindergeschenke\",\"publisher\":{\"@id\":\"https:\/\/label2you.ch\/#organization\"},\"alternateName\":\"Label2you\",\"potentialAction\":[{\"@type\":\"SearchAction\",\"target\":{\"@type\":\"EntryPoint\",\"urlTemplate\":\"https:\/\/label2you.ch\/?s={search_term_string}\"},\"query-input\":{\"@type\":\"PropertyValueSpecification\",\"valueRequired\":true,\"valueName\":\"search_term_string\"}}],\"inLanguage\":\"en-GB\"},{\"@type\":\"Organization\",\"@id\":\"https:\/\/label2you.ch\/#organization\",\"name\":\"Label2you | Personalisierte Geschenke\",\"alternateName\":\"Label2you\",\"url\":\"https:\/\/label2you.ch\/\",\"logo\":{\"@type\":\"ImageObject\",\"inLanguage\":\"en-GB\",\"@id\":\"https:\/\/label2you.ch\/#\/schema\/logo\/image\/\",\"url\":\"https:\/\/label2you.ch\/wp-content\/uploads\/2023\/03\/logo.png\",\"contentUrl\":\"https:\/\/label2you.ch\/wp-content\/uploads\/2023\/03\/logo.png\",\"width\":300,\"height\":140,\"caption\":\"Label2you | Personalisierte Geschenke\"},\"image\":{\"@id\":\"https:\/\/label2you.ch\/#\/schema\/logo\/image\/\"},\"sameAs\":[\"https:\/\/www.instagram.com\/label2you\/?hl=de\",\"https:\/\/www.tiktok.com\/@label2you\"]}]}<\/script>\n<!-- \/ Yoast SEO plugin. -->","yoast_head_json":{"title":"Meilensteine Ballon | Label2you","description":"Die Meilensteine Ballon sind handgefertigte Holz-Meilensteine mit Acrylzahlen, perfekt f\u00fcr besondere Fotos und als Geschenk zur Geburt.","robots":{"index":"index","follow":"follow","max-snippet":"max-snippet:-1","max-image-preview":"max-image-preview:large","max-video-preview":"max-video-preview:-1"},"canonical":"https:\/\/label2you.ch\/en\/shop-2\/meilensteine-ballon\/","og_locale":"en_GB","og_type":"article","og_title":"Meilensteine Ballon | Label2you","og_description":"Die Meilensteine Ballon sind handgefertigte Holz-Meilensteine mit Acrylzahlen, perfekt f\u00fcr besondere Fotos und als Geschenk zur Geburt.","og_url":"https:\/\/label2you.ch\/en\/shop-2\/meilensteine-ballon\/","og_site_name":"Label2you","article_modified_time":"2026-01-30T07:32:50+00:00","og_image":[{"width":1280,"height":1920,"url":"https:\/\/label2you.ch\/wp-content\/uploads\/2024\/02\/Meilenstein-Monate-Ballon.webp","type":"image\/webp"}],"twitter_card":"summary_large_image","twitter_misc":{"Estimated reading time":"3 minutes"},"schema":{"@context":"https:\/\/schema.org","@graph":[{"@type":"WebPage","@id":"https:\/\/label2you.ch\/shop\/meilensteine-ballon\/","url":"https:\/\/label2you.ch\/shop\/meilensteine-ballon\/","name":"Meilensteine Ballon | Label2you","isPartOf":{"@id":"https:\/\/label2you.ch\/#website"},"primaryImageOfPage":{"@id":"https:\/\/label2you.ch\/shop\/meilensteine-ballon\/#primaryimage"},"image":{"@id":"https:\/\/label2you.ch\/shop\/meilensteine-ballon\/#primaryimage"},"thumbnailUrl":"https:\/\/label2you.ch\/wp-content\/uploads\/2024\/02\/Meilenstein-Monate-Ballon.webp","datePublished":"2024-02-28T06:36:47+00:00","dateModified":"2026-01-30T07:32:50+00:00","description":"Die Meilensteine Ballon sind handgefertigte Holz-Meilensteine mit Acrylzahlen, perfekt f\u00fcr besondere Fotos und als Geschenk zur Geburt.","breadcrumb":{"@id":"https:\/\/label2you.ch\/shop\/meilensteine-ballon\/#breadcrumb"},"inLanguage":"en-GB","potentialAction":[{"@type":"ReadAction","target":["https:\/\/label2you.ch\/shop\/meilensteine-ballon\/"]}]},{"@type":"ImageObject","inLanguage":"en-GB","@id":"https:\/\/label2you.ch\/shop\/meilensteine-ballon\/#primaryimage","url":"https:\/\/label2you.ch\/wp-content\/uploads\/2024\/02\/Meilenstein-Monate-Ballon.webp","contentUrl":"https:\/\/label2you.ch\/wp-content\/uploads\/2024\/02\/Meilenstein-Monate-Ballon.webp","width":1280,"height":1920,"caption":"Dekorativer Meilenstein mit Kordelschnur, ideal f\u00fcr Monatsfotos, Geburtstage und erste Schritte"},{"@type":"BreadcrumbList","@id":"https:\/\/label2you.ch\/shop\/meilensteine-ballon\/#breadcrumb","itemListElement":[{"@type":"ListItem","position":1,"name":"Home","item":"https:\/\/label2you.ch\/"},{"@type":"ListItem","position":2,"name":"Shop","item":"https:\/\/label2you.ch\/shop\/"},{"@type":"ListItem","position":3,"name":"Meilensteine Ballon"}]},{"@type":"WebSite","@id":"https:\/\/label2you.ch\/#website","url":"https:\/\/label2you.ch\/","name":"Label2you","description":"Personalised baby &amp; children's gifts","publisher":{"@id":"https:\/\/label2you.ch\/#organization"},"alternateName":"Label2you","potentialAction":[{"@type":"SearchAction","target":{"@type":"EntryPoint","urlTemplate":"https:\/\/label2you.ch\/?s={search_term_string}"},"query-input":{"@type":"PropertyValueSpecification","valueRequired":true,"valueName":"search_term_string"}}],"inLanguage":"en-GB"},{"@type":"Organization","@id":"https:\/\/label2you.ch\/#organization","name":"Label2you | Personalised gifts","alternateName":"Label2you","url":"https:\/\/label2you.ch\/","logo":{"@type":"ImageObject","inLanguage":"en-GB","@id":"https:\/\/label2you.ch\/#\/schema\/logo\/image\/","url":"https:\/\/label2you.ch\/wp-content\/uploads\/2023\/03\/logo.png","contentUrl":"https:\/\/label2you.ch\/wp-content\/uploads\/2023\/03\/logo.png","width":300,"height":140,"caption":"Label2you | Personalisierte Geschenke"},"image":{"@id":"https:\/\/label2you.ch\/#\/schema\/logo\/image\/"},"sameAs":["https:\/\/www.instagram.com\/label2you\/?hl=de","https:\/\/www.tiktok.com\/@label2you"]}]}},"jetpack_sharing_enabled":true,"_links":{"self":[{"href":"https:\/\/label2you.ch\/en\/wp-json\/wp\/v2\/product\/3278","targetHints":{"allow":["GET"]}}],"collection":[{"href":"https:\/\/label2you.ch\/en\/wp-json\/wp\/v2\/product"}],"about":[{"href":"https:\/\/label2you.ch\/en\/wp-json\/wp\/v2\/types\/product"}],"replies":[{"embeddable":true,"href":"https:\/\/label2you.ch\/en\/wp-json\/wp\/v2\/comments?post=3278"}],"wp:featuredmedia":[{"embeddable":true,"href":"https:\/\/label2you.ch\/en\/wp-json\/wp\/v2\/media\/5077"}],"wp:attachment":[{"href":"https:\/\/label2you.ch\/en\/wp-json\/wp\/v2\/media?parent=3278"}],"wp:term":[{"taxonomy":"product_brand","embeddable":true,"href":"https:\/\/label2you.ch\/en\/wp-json\/wp\/v2\/product_brand?post=3278"},{"taxonomy":"product_cat","embeddable":true,"href":"https:\/\/label2you.ch\/en\/wp-json\/wp\/v2\/product_cat?post=3278"},{"taxonomy":"product_tag","embeddable":true,"href":"https:\/\/label2you.ch\/en\/wp-json\/wp\/v2\/product_tag?post=3278"}],"curies":[{"name":"wp","href":"https:\/\/api.w.org\/{rel}","templated":true}]}}