{"id":4123,"date":"2024-12-12T20:54:21","date_gmt":"2024-12-12T19:54:21","guid":{"rendered":"https:\/\/label2you.ch\/?post_type=product&#038;p=4123"},"modified":"2025-10-21T06:25:28","modified_gmt":"2025-10-21T04:25:28","slug":"stillschuerze-mit-sichtschutz-fuer-unterwegs","status":"publish","type":"product","link":"https:\/\/label2you.ch\/en\/shop-2\/stillschuerze-mit-sichtschutz-fuer-unterwegs\/","title":{"rendered":"Stillsch\u00fcrze mit Sichtschutz f\u00fcr unterwegs"},"content":{"rendered":"<h2 data-start=\"390\" data-end=\"451\">Stillsch\u00fcrze mit Sichtschutz \u2013 diskret stillen unterwegs<\/h2>\n<p data-start=\"453\" data-end=\"794\">Stillen ist einer der innigsten Momente zwischen Mutter und Baby. Gerade unterwegs kann es aber herausfordernd sein, eine ruhige und gesch\u00fctzte Umgebung zu schaffen. Genau hier bietet die Stillsch\u00fcrze mit Sichtschutz die perfekte L\u00f6sung. Sie sorgt f\u00fcr Diskretion, Komfort und Geborgenheit \u2013 egal ob im Caf\u00e9, beim Einkaufen oder auf Reisen.<\/p>\n<h2 data-start=\"796\" data-end=\"837\">Komfort und Funktionalit\u00e4t im Alltag<\/h2>\n<h3 data-start=\"839\" data-end=\"881\">Grossz\u00fcgige Abdeckung f\u00fcr Sicherheit<\/h3>\n<p data-start=\"882\" data-end=\"1071\">Mit ihren Massen von 100\u00d760 cm bietet die Stillsch\u00fcrze einen grossz\u00fcgigen Sichtschutz. So kannst du dich ganz auf dein Baby konzentrieren, ohne dich um neugierige Blicke sorgen zu m\u00fcssen.<\/p>\n<h3 data-start=\"1073\" data-end=\"1123\">Atmungsaktives Material f\u00fcr angenehmes Klima<\/h3>\n<p data-start=\"1124\" data-end=\"1315\">Das hochwertige, atmungsaktive Material sorgt daf\u00fcr, dass dein Baby beim Stillen nicht \u00fcberhitzt. Gleichzeitig bleibt es f\u00fcr dich angenehm leicht und komfortabel. Ideal f\u00fcr jede Jahreszeit.<\/p>\n<h3 data-start=\"1317\" data-end=\"1357\">Praktisches Design f\u00fcr freie H\u00e4nde<\/h3>\n<p data-start=\"1358\" data-end=\"1515\">Die Stillsch\u00fcrze wird einfach um den Hals geh\u00e4ngt und sitzt sicher. Dadurch bleiben deine H\u00e4nde frei, um dein Baby in einer entspannten Position zu halten.<\/p>\n<h2 data-start=\"1517\" data-end=\"1559\">Stilvolles Accessoire f\u00fcr jede Mutter<\/h2>\n<h3 data-start=\"1561\" data-end=\"1598\">Verschiedene Farben und Designs<\/h3>\n<p data-start=\"1599\" data-end=\"1776\">Eine Stillsch\u00fcrze ist nicht nur praktisch, sondern auch ein modisches Accessoire. Ob neutral, dezent oder mit modernem Muster \u2013 du findest sicher ein Design, das zu dir passt.<\/p>\n<h3 data-start=\"1778\" data-end=\"1813\">Kompakt und leicht verstaubar<\/h3>\n<p data-start=\"1814\" data-end=\"1995\">Dank des leichten Stoffes l\u00e4sst sich die Stillsch\u00fcrze klein zusammenfalten und passt problemlos in jede Wickeltasche. So ist sie immer griffbereit, wenn du sie unterwegs brauchst.<\/p>\n<h2 data-start=\"1997\" data-end=\"2040\">Vorteile der Stillsch\u00fcrze mit Sichtschutz f\u00fcr unterwegs im \u00dcberblick<\/h2>\n<ul data-start=\"2042\" data-end=\"2348\">\n<li data-start=\"2042\" data-end=\"2102\">\n<p data-start=\"2044\" data-end=\"2102\">Grossz\u00fcgiger Sichtschutz f\u00fcr diskretes Stillen unterwegs<\/p>\n<\/li>\n<li data-start=\"2103\" data-end=\"2155\">\n<p data-start=\"2105\" data-end=\"2155\">Atmungsaktives Material f\u00fcr ein angenehmes Klima<\/p>\n<\/li>\n<li data-start=\"2156\" data-end=\"2195\">\n<p data-start=\"2158\" data-end=\"2195\">Einfache Handhabung dank Nackenband<\/p>\n<\/li>\n<li data-start=\"2196\" data-end=\"2249\">\n<p data-start=\"2198\" data-end=\"2249\">Kompakt, leicht und perfekt f\u00fcr jede Wickeltasche<\/p>\n<\/li>\n<li data-start=\"2250\" data-end=\"2280\">\n<p data-start=\"2252\" data-end=\"2280\">Pflegeleicht und langlebig<\/p>\n<\/li>\n<li data-start=\"2281\" data-end=\"2348\">\n<p data-start=\"2283\" data-end=\"2348\">Vielseitig einsetzbar als Stilltuch, Stillschal oder Accessoire<\/p>\n<\/li>\n<\/ul>\n<h2 data-start=\"2350\" data-end=\"2393\">Fazit: Praktisches Geschenk zur Geburt &#8211; Stillsch\u00fcrze mit Sichtschutz f\u00fcr unterwegs<\/h2>\n<p data-start=\"2395\" data-end=\"2742\">Die Stillsch\u00fcrze mit Sichtschutz ist ein unverzichtbarer Begleiter f\u00fcr M\u00fctter, die auch unterwegs entspannt und selbstbewusst stillen m\u00f6chten. Sie vereint Funktionalit\u00e4t, Komfort und Stil und ist damit ein ideales personalisiertes Geschenk zur Geburt oder zur Babyshower. Ein Must-have f\u00fcr jede Mutter, die Wert auf Diskretion und Freiheit legt.<\/p>\n<p data-start=\"1588\" data-end=\"1825\">St\u00f6bere <a href=\"https:\/\/label2you.ch\/en\/product-category-2\/baby\/\">here<\/a> durch unsere vielzahl an Produkte oder unser <a href=\"https:\/\/www.instagram.com\/label2you\/?hl=de\">Instagram<\/a>. Wir freuen uns.<\/p>","protected":false},"excerpt":{"rendered":"<p>Entdecke unsere praktische Stillsch\u00fcrze in der Gr\u00f6sse 100\u00d760 cm \u2013 der ideale Begleiter f\u00fcr das Stillen in der \u00d6ffentlichkeit! Diese Sch\u00fcrze bietet dir den n\u00f6tigen Sichtschutz, sodass du dich beim Stillen wohl und ungest\u00f6rt f\u00fchlen kannst.<\/p>","protected":false},"featured_media":4124,"comment_status":"open","ping_status":"closed","template":"","meta":[],"product_brand":[],"product_cat":[57,50],"product_tag":[551,549,550],"class_list":{"0":"post-4123","1":"product","2":"type-product","3":"status-publish","4":"has-post-thumbnail","6":"product_cat-aufbewahrung-und-ordnung","7":"product_cat-baby","8":"product_tag-schuerze","9":"product_tag-stillen","10":"product_tag-stillschuerze","11":"product_shipping_class-grossbrief","12":"","14":"first","15":"instock","16":"shipping-taxable","17":"purchasable","18":"product-type-simple"},"yoast_head":"<!-- This site is optimized with the Yoast SEO plugin v27.0 - https:\/\/yoast.com\/product\/yoast-seo-wordpress\/ -->\n<title>Stillsch\u00fcrze mit Sichtschutz f\u00fcr unterwegs | Label2you<\/title>\n<meta name=\"description\" content=\"Stillsch\u00fcrze mit Sichtschutz f\u00fcr ungest\u00f6rtes Stillen in der \u00d6ffentlichkeit. Atmungsaktiv, praktisch und ideal f\u00fcr unterwegs\" \/>\n<meta name=\"robots\" content=\"index, follow, max-snippet:-1, max-image-preview:large, max-video-preview:-1\" \/>\n<link rel=\"canonical\" href=\"https:\/\/label2you.ch\/en\/shop-2\/stillschuerze-mit-sichtschutz-fuer-unterwegs\/\" \/>\n<meta property=\"og:locale\" content=\"en_GB\" \/>\n<meta property=\"og:type\" content=\"article\" \/>\n<meta property=\"og:title\" content=\"Stillsch\u00fcrze mit Sichtschutz f\u00fcr unterwegs | Label2you\" \/>\n<meta property=\"og:description\" content=\"Stillsch\u00fcrze mit Sichtschutz f\u00fcr ungest\u00f6rtes Stillen in der \u00d6ffentlichkeit. Atmungsaktiv, praktisch und ideal f\u00fcr unterwegs\" \/>\n<meta property=\"og:url\" content=\"https:\/\/label2you.ch\/en\/shop-2\/stillschuerze-mit-sichtschutz-fuer-unterwegs\/\" \/>\n<meta property=\"og:site_name\" content=\"Label2you\" \/>\n<meta property=\"article:modified_time\" content=\"2025-10-21T04:25:28+00:00\" \/>\n<meta property=\"og:image\" content=\"https:\/\/label2you.ch\/wp-content\/uploads\/2024\/12\/12.webp\" \/>\n\t<meta property=\"og:image:width\" content=\"600\" \/>\n\t<meta property=\"og:image:height\" content=\"600\" \/>\n\t<meta property=\"og:image:type\" content=\"image\/webp\" \/>\n<meta name=\"twitter:card\" content=\"summary_large_image\" \/>\n<meta name=\"twitter:label1\" content=\"Estimated reading time\" \/>\n\t<meta name=\"twitter:data1\" content=\"3 minutes\" \/>\n<script type=\"application\/ld+json\" class=\"yoast-schema-graph\">{\"@context\":\"https:\/\/schema.org\",\"@graph\":[{\"@type\":\"WebPage\",\"@id\":\"https:\/\/label2you.ch\/shop\/stillschuerze-mit-sichtschutz-fuer-unterwegs\/\",\"url\":\"https:\/\/label2you.ch\/shop\/stillschuerze-mit-sichtschutz-fuer-unterwegs\/\",\"name\":\"Stillsch\u00fcrze mit Sichtschutz f\u00fcr unterwegs | Label2you\",\"isPartOf\":{\"@id\":\"https:\/\/label2you.ch\/#website\"},\"primaryImageOfPage\":{\"@id\":\"https:\/\/label2you.ch\/shop\/stillschuerze-mit-sichtschutz-fuer-unterwegs\/#primaryimage\"},\"image\":{\"@id\":\"https:\/\/label2you.ch\/shop\/stillschuerze-mit-sichtschutz-fuer-unterwegs\/#primaryimage\"},\"thumbnailUrl\":\"https:\/\/label2you.ch\/wp-content\/uploads\/2024\/12\/12.webp\",\"datePublished\":\"2024-12-12T19:54:21+00:00\",\"dateModified\":\"2025-10-21T04:25:28+00:00\",\"description\":\"Stillsch\u00fcrze mit Sichtschutz f\u00fcr ungest\u00f6rtes Stillen in der \u00d6ffentlichkeit. Atmungsaktiv, praktisch und ideal f\u00fcr unterwegs\",\"breadcrumb\":{\"@id\":\"https:\/\/label2you.ch\/shop\/stillschuerze-mit-sichtschutz-fuer-unterwegs\/#breadcrumb\"},\"inLanguage\":\"en-GB\",\"potentialAction\":[{\"@type\":\"ReadAction\",\"target\":[\"https:\/\/label2you.ch\/shop\/stillschuerze-mit-sichtschutz-fuer-unterwegs\/\"]}]},{\"@type\":\"ImageObject\",\"inLanguage\":\"en-GB\",\"@id\":\"https:\/\/label2you.ch\/shop\/stillschuerze-mit-sichtschutz-fuer-unterwegs\/#primaryimage\",\"url\":\"https:\/\/label2you.ch\/wp-content\/uploads\/2024\/12\/12.webp\",\"contentUrl\":\"https:\/\/label2you.ch\/wp-content\/uploads\/2024\/12\/12.webp\",\"width\":600,\"height\":600,\"caption\":\"Praktische Stillsch\u00fcrze mit Sichtschutz \u2013 ideal f\u00fcr diskretes Stillen unterwegs. Atmungsaktiv, kompakt, pflegeleicht. Perfektes Geschenk zur Geburt.\"},{\"@type\":\"BreadcrumbList\",\"@id\":\"https:\/\/label2you.ch\/shop\/stillschuerze-mit-sichtschutz-fuer-unterwegs\/#breadcrumb\",\"itemListElement\":[{\"@type\":\"ListItem\",\"position\":1,\"name\":\"Home\",\"item\":\"https:\/\/label2you.ch\/\"},{\"@type\":\"ListItem\",\"position\":2,\"name\":\"Shop\",\"item\":\"https:\/\/label2you.ch\/shop\/\"},{\"@type\":\"ListItem\",\"position\":3,\"name\":\"Stillsch\u00fcrze mit Sichtschutz f\u00fcr unterwegs\"}]},{\"@type\":\"WebSite\",\"@id\":\"https:\/\/label2you.ch\/#website\",\"url\":\"https:\/\/label2you.ch\/\",\"name\":\"Label2you\",\"description\":\"Personalisierte Baby- &amp; Kindergeschenke\",\"publisher\":{\"@id\":\"https:\/\/label2you.ch\/#organization\"},\"alternateName\":\"Label2you\",\"potentialAction\":[{\"@type\":\"SearchAction\",\"target\":{\"@type\":\"EntryPoint\",\"urlTemplate\":\"https:\/\/label2you.ch\/?s={search_term_string}\"},\"query-input\":{\"@type\":\"PropertyValueSpecification\",\"valueRequired\":true,\"valueName\":\"search_term_string\"}}],\"inLanguage\":\"en-GB\"},{\"@type\":\"Organization\",\"@id\":\"https:\/\/label2you.ch\/#organization\",\"name\":\"Label2you | Personalisierte Geschenke\",\"alternateName\":\"Label2you\",\"url\":\"https:\/\/label2you.ch\/\",\"logo\":{\"@type\":\"ImageObject\",\"inLanguage\":\"en-GB\",\"@id\":\"https:\/\/label2you.ch\/#\/schema\/logo\/image\/\",\"url\":\"https:\/\/label2you.ch\/wp-content\/uploads\/2023\/03\/logo.png\",\"contentUrl\":\"https:\/\/label2you.ch\/wp-content\/uploads\/2023\/03\/logo.png\",\"width\":300,\"height\":140,\"caption\":\"Label2you | Personalisierte Geschenke\"},\"image\":{\"@id\":\"https:\/\/label2you.ch\/#\/schema\/logo\/image\/\"},\"sameAs\":[\"https:\/\/www.instagram.com\/label2you\/?hl=de\",\"https:\/\/www.tiktok.com\/@label2you\"]}]}<\/script>\n<!-- \/ Yoast SEO plugin. -->","yoast_head_json":{"title":"Stillsch\u00fcrze mit Sichtschutz f\u00fcr unterwegs | Label2you","description":"Stillsch\u00fcrze mit Sichtschutz f\u00fcr ungest\u00f6rtes Stillen in der \u00d6ffentlichkeit. Atmungsaktiv, praktisch und ideal f\u00fcr unterwegs","robots":{"index":"index","follow":"follow","max-snippet":"max-snippet:-1","max-image-preview":"max-image-preview:large","max-video-preview":"max-video-preview:-1"},"canonical":"https:\/\/label2you.ch\/en\/shop-2\/stillschuerze-mit-sichtschutz-fuer-unterwegs\/","og_locale":"en_GB","og_type":"article","og_title":"Stillsch\u00fcrze mit Sichtschutz f\u00fcr unterwegs | Label2you","og_description":"Stillsch\u00fcrze mit Sichtschutz f\u00fcr ungest\u00f6rtes Stillen in der \u00d6ffentlichkeit. Atmungsaktiv, praktisch und ideal f\u00fcr unterwegs","og_url":"https:\/\/label2you.ch\/en\/shop-2\/stillschuerze-mit-sichtschutz-fuer-unterwegs\/","og_site_name":"Label2you","article_modified_time":"2025-10-21T04:25:28+00:00","og_image":[{"width":600,"height":600,"url":"https:\/\/label2you.ch\/wp-content\/uploads\/2024\/12\/12.webp","type":"image\/webp"}],"twitter_card":"summary_large_image","twitter_misc":{"Estimated reading time":"3 minutes"},"schema":{"@context":"https:\/\/schema.org","@graph":[{"@type":"WebPage","@id":"https:\/\/label2you.ch\/shop\/stillschuerze-mit-sichtschutz-fuer-unterwegs\/","url":"https:\/\/label2you.ch\/shop\/stillschuerze-mit-sichtschutz-fuer-unterwegs\/","name":"Stillsch\u00fcrze mit Sichtschutz f\u00fcr unterwegs | Label2you","isPartOf":{"@id":"https:\/\/label2you.ch\/#website"},"primaryImageOfPage":{"@id":"https:\/\/label2you.ch\/shop\/stillschuerze-mit-sichtschutz-fuer-unterwegs\/#primaryimage"},"image":{"@id":"https:\/\/label2you.ch\/shop\/stillschuerze-mit-sichtschutz-fuer-unterwegs\/#primaryimage"},"thumbnailUrl":"https:\/\/label2you.ch\/wp-content\/uploads\/2024\/12\/12.webp","datePublished":"2024-12-12T19:54:21+00:00","dateModified":"2025-10-21T04:25:28+00:00","description":"Stillsch\u00fcrze mit Sichtschutz f\u00fcr ungest\u00f6rtes Stillen in der \u00d6ffentlichkeit. Atmungsaktiv, praktisch und ideal f\u00fcr unterwegs","breadcrumb":{"@id":"https:\/\/label2you.ch\/shop\/stillschuerze-mit-sichtschutz-fuer-unterwegs\/#breadcrumb"},"inLanguage":"en-GB","potentialAction":[{"@type":"ReadAction","target":["https:\/\/label2you.ch\/shop\/stillschuerze-mit-sichtschutz-fuer-unterwegs\/"]}]},{"@type":"ImageObject","inLanguage":"en-GB","@id":"https:\/\/label2you.ch\/shop\/stillschuerze-mit-sichtschutz-fuer-unterwegs\/#primaryimage","url":"https:\/\/label2you.ch\/wp-content\/uploads\/2024\/12\/12.webp","contentUrl":"https:\/\/label2you.ch\/wp-content\/uploads\/2024\/12\/12.webp","width":600,"height":600,"caption":"Praktische Stillsch\u00fcrze mit Sichtschutz \u2013 ideal f\u00fcr diskretes Stillen unterwegs. Atmungsaktiv, kompakt, pflegeleicht. Perfektes Geschenk zur Geburt."},{"@type":"BreadcrumbList","@id":"https:\/\/label2you.ch\/shop\/stillschuerze-mit-sichtschutz-fuer-unterwegs\/#breadcrumb","itemListElement":[{"@type":"ListItem","position":1,"name":"Home","item":"https:\/\/label2you.ch\/"},{"@type":"ListItem","position":2,"name":"Shop","item":"https:\/\/label2you.ch\/shop\/"},{"@type":"ListItem","position":3,"name":"Stillsch\u00fcrze mit Sichtschutz f\u00fcr unterwegs"}]},{"@type":"WebSite","@id":"https:\/\/label2you.ch\/#website","url":"https:\/\/label2you.ch\/","name":"Label2you","description":"Personalised baby &amp; children's gifts","publisher":{"@id":"https:\/\/label2you.ch\/#organization"},"alternateName":"Label2you","potentialAction":[{"@type":"SearchAction","target":{"@type":"EntryPoint","urlTemplate":"https:\/\/label2you.ch\/?s={search_term_string}"},"query-input":{"@type":"PropertyValueSpecification","valueRequired":true,"valueName":"search_term_string"}}],"inLanguage":"en-GB"},{"@type":"Organization","@id":"https:\/\/label2you.ch\/#organization","name":"Label2you | Personalised gifts","alternateName":"Label2you","url":"https:\/\/label2you.ch\/","logo":{"@type":"ImageObject","inLanguage":"en-GB","@id":"https:\/\/label2you.ch\/#\/schema\/logo\/image\/","url":"https:\/\/label2you.ch\/wp-content\/uploads\/2023\/03\/logo.png","contentUrl":"https:\/\/label2you.ch\/wp-content\/uploads\/2023\/03\/logo.png","width":300,"height":140,"caption":"Label2you | Personalisierte Geschenke"},"image":{"@id":"https:\/\/label2you.ch\/#\/schema\/logo\/image\/"},"sameAs":["https:\/\/www.instagram.com\/label2you\/?hl=de","https:\/\/www.tiktok.com\/@label2you"]}]}},"jetpack_sharing_enabled":true,"_links":{"self":[{"href":"https:\/\/label2you.ch\/en\/wp-json\/wp\/v2\/product\/4123","targetHints":{"allow":["GET"]}}],"collection":[{"href":"https:\/\/label2you.ch\/en\/wp-json\/wp\/v2\/product"}],"about":[{"href":"https:\/\/label2you.ch\/en\/wp-json\/wp\/v2\/types\/product"}],"replies":[{"embeddable":true,"href":"https:\/\/label2you.ch\/en\/wp-json\/wp\/v2\/comments?post=4123"}],"wp:featuredmedia":[{"embeddable":true,"href":"https:\/\/label2you.ch\/en\/wp-json\/wp\/v2\/media\/4124"}],"wp:attachment":[{"href":"https:\/\/label2you.ch\/en\/wp-json\/wp\/v2\/media?parent=4123"}],"wp:term":[{"taxonomy":"product_brand","embeddable":true,"href":"https:\/\/label2you.ch\/en\/wp-json\/wp\/v2\/product_brand?post=4123"},{"taxonomy":"product_cat","embeddable":true,"href":"https:\/\/label2you.ch\/en\/wp-json\/wp\/v2\/product_cat?post=4123"},{"taxonomy":"product_tag","embeddable":true,"href":"https:\/\/label2you.ch\/en\/wp-json\/wp\/v2\/product_tag?post=4123"}],"curies":[{"name":"wp","href":"https:\/\/api.w.org\/{rel}","templated":true}]}}