{"id":4526,"date":"2025-04-25T14:02:24","date_gmt":"2025-04-25T12:02:24","guid":{"rendered":"https:\/\/label2you.ch\/?post_type=product&#038;p=4526"},"modified":"2026-02-17T09:48:42","modified_gmt":"2026-02-17T08:48:42","slug":"meilenstein-spitalarmband-name","status":"publish","type":"product","link":"https:\/\/label2you.ch\/en\/shop-2\/meilenstein-spitalarmband-name\/","title":{"rendered":"Meilenstein Spitalarmband Name"},"content":{"rendered":"<h2 data-start=\"1010\" data-end=\"1074\">Erinnerungsst\u00fccke Baby \u2013 der Meilenstein Spitalarmband Name<\/h2>\n<p data-start=\"1075\" data-end=\"1501\">Die ersten Stunden nach der Geburt sind voller Emotionen, Staunen und tiefer Verbundenheit. Genau diese Momente verdienen es, f\u00fcr immer bewahrt zu werden. Mit dem <strong data-start=\"1238\" data-end=\"1272\">Meilenstein Spitalarmband Name<\/strong> erh\u00e4ltst du ein einzigartiges Erinnerungsst\u00fcck, das das erste Kapitel eurer Familiengeschichte sichtbar macht. So entsteht eine bleibende Erinnerung, die frischgebackene Eltern, Grosseltern und Paten gleichermassen begeistert.<\/p>\n<h2 data-start=\"1503\" data-end=\"1552\">Hochwertiges Holz f\u00fcr bleibende Erinnerungen &#8211; Meilenstein Spitalarmband Name<\/h2>\n<p data-start=\"1553\" data-end=\"1793\">Gefertigt aus naturbelassenem Holz mit 12 cm Durchmesser, ist dieser Meilenstein ein stilvolles Symbol f\u00fcr W\u00e4rme und Geborgenheit. Durch seine angenehme Haptik passt er perfekt in jedes Babyzimmer oder in eine <strong data-start=\"1763\" data-end=\"1790\">Erinnerungskiste Geburt<\/strong>.<\/p>\n<h3 data-start=\"1795\" data-end=\"1828\">Eigenschaften des Materials<\/h3>\n<ul data-start=\"1829\" data-end=\"1932\">\n<li data-start=\"1829\" data-end=\"1861\">\n<p data-start=\"1831\" data-end=\"1861\">Nachhaltig und naturbelassen<\/p>\n<\/li>\n<li data-start=\"1862\" data-end=\"1900\">\n<p data-start=\"1864\" data-end=\"1900\">Zeitloses Design f\u00fcr jedes Zuhause<\/p>\n<\/li>\n<li data-start=\"1901\" data-end=\"1932\">\n<p data-start=\"1903\" data-end=\"1932\">Angenehme, warme Oberfl\u00e4che<\/p>\n<\/li>\n<\/ul>\n<h2 data-start=\"1934\" data-end=\"1972\">Symbol f\u00fcr Liebe und Geborgenheit<\/h2>\n<p data-start=\"1973\" data-end=\"2256\">Im Zentrum des Designs steht eine Lasergravur: Zwei Elternh\u00e4nde umschliessen sanft die winzigen H\u00e4nde eines Babys. Dieses Motiv symbolisiert Liebe, Sicherheit und die besondere Bindung von Anfang an. Damit wird der Meilenstein zu einem wertvollen Teil deiner <strong data-start=\"2232\" data-end=\"2253\">Baby Erinnerungen<\/strong>.<\/p>\n<h2 data-start=\"2258\" data-end=\"2331\">Platz f\u00fcr das erste Spitalarmband \u2013 Baby Andenken der besonderen Art<\/h2>\n<p data-start=\"2332\" data-end=\"2547\">Ein eingefr\u00e4ster Schlitz erm\u00f6glicht es, das originale Spital- oder Krankenhausarmband sicher zu befestigen. Dadurch wird ein einfacher Gegenstand zu einem <strong data-start=\"2487\" data-end=\"2508\">Andenken Babyzeit<\/strong>, das dich dein Leben lang begleitet.<\/p>\n<h3 data-start=\"2549\" data-end=\"2563\">Vorteile Meilenstein Spitalarmband Name<\/h3>\n<ul data-start=\"2564\" data-end=\"2690\">\n<li data-start=\"2564\" data-end=\"2605\">\n<p data-start=\"2566\" data-end=\"2605\">Sicherer Halt f\u00fcr das Originalarmband<\/p>\n<\/li>\n<li data-start=\"2606\" data-end=\"2645\">\n<p data-start=\"2608\" data-end=\"2645\">Dauerhafte Erinnerung an die Geburt<\/p>\n<\/li>\n<li data-start=\"2646\" data-end=\"2690\">\n<p data-start=\"2648\" data-end=\"2690\">Pers\u00f6nliche Note durch das Originalst\u00fcck<\/p>\n<\/li>\n<\/ul>\n<h2 data-start=\"2692\" data-end=\"2731\">Geschenkidee zur Geburt oder Taufe<\/h2>\n<p data-start=\"2732\" data-end=\"3041\">Der Meilenstein ist auch eine wunderbare Geschenkidee \u2013 sei es zur Geburt, Taufe oder als liebevolle \u00dcberraschung f\u00fcr frischgebackene Eltern. Er l\u00e4sst sich als Teil einer <strong data-start=\"2903\" data-end=\"2928\">Baby memory box<\/strong>, im Regal oder an der Wand pr\u00e4sentieren und wird zum Highlight jeder Sammlung von <strong data-start=\"3011\" data-end=\"3038\">Erinnerungsst\u00fccken Baby<\/strong>.<\/p>\n<h2 data-start=\"3043\" data-end=\"3087\">Fazit \u2013 ein Erinnerungsst\u00fcck f\u00fcrs Leben<\/h2>\n<p data-start=\"3088\" data-end=\"3315\">Mit dem Meilenstein Spitalarmband Name h\u00e4ltst du die ersten Stunden deines Babys f\u00fcr immer fest. Er verbindet \u00c4sthetik mit Emotion und ist ein Andenken, das Generationen \u00fcberdauern kann \u2013 stilvoll, pers\u00f6nlich und einzigartig.<\/p>\n<p>Du suchst nach einer Erinnerungskiste? Dann besuche uns <a href=\"https:\/\/label2you.ch\/en\/product-category-2\/baby\/erinnerungskiste\/\">here<\/a>!<\/p>\n<p>Visit us on <a href=\"https:\/\/www.instagram.com\/label2you\/?hl=de\">Instagram<\/a><\/p>","protected":false},"excerpt":{"rendered":"<p>Liebevoller Holz-Meilenstein mit Gravur und Schlitz f\u00fcr das erste Spitalarmband deines Babys. Ein einzigartiges Erinnerungsst\u00fcck zur Geburt, Taufe oder als Geschenk f\u00fcr frischgebackene Eltern.<\/p>","protected":false},"featured_media":5054,"comment_status":"open","ping_status":"closed","template":"","meta":[],"product_brand":[656],"product_cat":[50,62],"product_tag":[129,89,135,100,442,441,99,104,102,440],"class_list":{"0":"post-4526","1":"product","2":"type-product","3":"status-publish","4":"has-post-thumbnail","6":"product_brand-label2you","7":"product_cat-baby","8":"product_cat-meilensteine","9":"product_tag-armband","10":"product_tag-baby","11":"product_tag-babymeilenstein","12":"product_tag-hello-world","13":"product_tag-krankenhaus","14":"product_tag-krankenhausarmband","15":"product_tag-meilenstein","16":"product_tag-milestones","17":"product_tag-my-name-is","18":"product_tag-spitalarmband","19":"product_shipping_class-kleinwarensendung","20":"","22":"first","23":"instock","24":"shipping-taxable","25":"purchasable","26":"product-type-simple"},"yoast_head":"<!-- This site is optimized with the Yoast SEO plugin v27.0 - https:\/\/yoast.com\/product\/yoast-seo-wordpress\/ -->\n<title>Meilenstein Spitalarmband Name | Label2you<\/title>\n<meta name=\"description\" content=\"Halte mit dem Meilenstein Spitalarmband Name die ersten Stunden deines Babys als liebevoll gravierten Meilenstein f\u00fcr immer fest.\" \/>\n<meta name=\"robots\" content=\"index, follow, max-snippet:-1, max-image-preview:large, max-video-preview:-1\" \/>\n<link rel=\"canonical\" href=\"https:\/\/label2you.ch\/en\/shop-2\/meilenstein-spitalarmband-name\/\" \/>\n<meta property=\"og:locale\" content=\"en_GB\" \/>\n<meta property=\"og:type\" content=\"article\" \/>\n<meta property=\"og:title\" content=\"Meilenstein Spitalarmband Name | Label2you\" \/>\n<meta property=\"og:description\" content=\"Halte mit dem Meilenstein Spitalarmband Name die ersten Stunden deines Babys als liebevoll gravierten Meilenstein f\u00fcr immer fest.\" \/>\n<meta property=\"og:url\" content=\"https:\/\/label2you.ch\/en\/shop-2\/meilenstein-spitalarmband-name\/\" \/>\n<meta property=\"og:site_name\" content=\"Label2you\" \/>\n<meta property=\"article:modified_time\" content=\"2026-02-17T08:48:42+00:00\" \/>\n<meta property=\"og:image\" content=\"https:\/\/label2you.ch\/wp-content\/uploads\/2025\/04\/Spitalarmband-Meilenstein.webp\" \/>\n\t<meta property=\"og:image:width\" content=\"1707\" \/>\n\t<meta property=\"og:image:height\" content=\"1280\" \/>\n\t<meta property=\"og:image:type\" content=\"image\/webp\" \/>\n<meta name=\"twitter:card\" content=\"summary_large_image\" \/>\n<meta name=\"twitter:label1\" content=\"Estimated reading time\" \/>\n\t<meta name=\"twitter:data1\" content=\"2 minutes\" \/>\n<script type=\"application\/ld+json\" class=\"yoast-schema-graph\">{\"@context\":\"https:\/\/schema.org\",\"@graph\":[{\"@type\":\"WebPage\",\"@id\":\"https:\/\/label2you.ch\/shop\/meilenstein-spitalarmband-name\/\",\"url\":\"https:\/\/label2you.ch\/shop\/meilenstein-spitalarmband-name\/\",\"name\":\"Meilenstein Spitalarmband Name | Label2you\",\"isPartOf\":{\"@id\":\"https:\/\/label2you.ch\/#website\"},\"primaryImageOfPage\":{\"@id\":\"https:\/\/label2you.ch\/shop\/meilenstein-spitalarmband-name\/#primaryimage\"},\"image\":{\"@id\":\"https:\/\/label2you.ch\/shop\/meilenstein-spitalarmband-name\/#primaryimage\"},\"thumbnailUrl\":\"https:\/\/label2you.ch\/wp-content\/uploads\/2025\/04\/Spitalarmband-Meilenstein.webp\",\"datePublished\":\"2025-04-25T12:02:24+00:00\",\"dateModified\":\"2026-02-17T08:48:42+00:00\",\"description\":\"Halte mit dem Meilenstein Spitalarmband Name die ersten Stunden deines Babys als liebevoll gravierten Meilenstein f\u00fcr immer fest.\",\"breadcrumb\":{\"@id\":\"https:\/\/label2you.ch\/shop\/meilenstein-spitalarmband-name\/#breadcrumb\"},\"inLanguage\":\"en-GB\",\"potentialAction\":[{\"@type\":\"ReadAction\",\"target\":[\"https:\/\/label2you.ch\/shop\/meilenstein-spitalarmband-name\/\"]}]},{\"@type\":\"ImageObject\",\"inLanguage\":\"en-GB\",\"@id\":\"https:\/\/label2you.ch\/shop\/meilenstein-spitalarmband-name\/#primaryimage\",\"url\":\"https:\/\/label2you.ch\/wp-content\/uploads\/2025\/04\/Spitalarmband-Meilenstein.webp\",\"contentUrl\":\"https:\/\/label2you.ch\/wp-content\/uploads\/2025\/04\/Spitalarmband-Meilenstein.webp\",\"width\":1707,\"height\":1280,\"caption\":\"Hochwertiges, naturbelassenes Holzschild mit Schlitz zum Befestigen des originalen Spitalarmbands \u2013 perfektes Geschenk zur Geburt\"},{\"@type\":\"BreadcrumbList\",\"@id\":\"https:\/\/label2you.ch\/shop\/meilenstein-spitalarmband-name\/#breadcrumb\",\"itemListElement\":[{\"@type\":\"ListItem\",\"position\":1,\"name\":\"Home\",\"item\":\"https:\/\/label2you.ch\/\"},{\"@type\":\"ListItem\",\"position\":2,\"name\":\"Shop\",\"item\":\"https:\/\/label2you.ch\/shop\/\"},{\"@type\":\"ListItem\",\"position\":3,\"name\":\"Meilenstein Spitalarmband Name\"}]},{\"@type\":\"WebSite\",\"@id\":\"https:\/\/label2you.ch\/#website\",\"url\":\"https:\/\/label2you.ch\/\",\"name\":\"Label2you\",\"description\":\"Personalisierte Baby- &amp; Kindergeschenke\",\"publisher\":{\"@id\":\"https:\/\/label2you.ch\/#organization\"},\"alternateName\":\"Label2you\",\"potentialAction\":[{\"@type\":\"SearchAction\",\"target\":{\"@type\":\"EntryPoint\",\"urlTemplate\":\"https:\/\/label2you.ch\/?s={search_term_string}\"},\"query-input\":{\"@type\":\"PropertyValueSpecification\",\"valueRequired\":true,\"valueName\":\"search_term_string\"}}],\"inLanguage\":\"en-GB\"},{\"@type\":\"Organization\",\"@id\":\"https:\/\/label2you.ch\/#organization\",\"name\":\"Label2you | Personalisierte Geschenke\",\"alternateName\":\"Label2you\",\"url\":\"https:\/\/label2you.ch\/\",\"logo\":{\"@type\":\"ImageObject\",\"inLanguage\":\"en-GB\",\"@id\":\"https:\/\/label2you.ch\/#\/schema\/logo\/image\/\",\"url\":\"https:\/\/label2you.ch\/wp-content\/uploads\/2023\/03\/logo.png\",\"contentUrl\":\"https:\/\/label2you.ch\/wp-content\/uploads\/2023\/03\/logo.png\",\"width\":300,\"height\":140,\"caption\":\"Label2you | Personalisierte Geschenke\"},\"image\":{\"@id\":\"https:\/\/label2you.ch\/#\/schema\/logo\/image\/\"},\"sameAs\":[\"https:\/\/www.instagram.com\/label2you\/?hl=de\",\"https:\/\/www.tiktok.com\/@label2you\"]}]}<\/script>\n<!-- \/ Yoast SEO plugin. -->","yoast_head_json":{"title":"Meilenstein Spitalarmband Name | Label2you","description":"Halte mit dem Meilenstein Spitalarmband Name die ersten Stunden deines Babys als liebevoll gravierten Meilenstein f\u00fcr immer fest.","robots":{"index":"index","follow":"follow","max-snippet":"max-snippet:-1","max-image-preview":"max-image-preview:large","max-video-preview":"max-video-preview:-1"},"canonical":"https:\/\/label2you.ch\/en\/shop-2\/meilenstein-spitalarmband-name\/","og_locale":"en_GB","og_type":"article","og_title":"Meilenstein Spitalarmband Name | Label2you","og_description":"Halte mit dem Meilenstein Spitalarmband Name die ersten Stunden deines Babys als liebevoll gravierten Meilenstein f\u00fcr immer fest.","og_url":"https:\/\/label2you.ch\/en\/shop-2\/meilenstein-spitalarmband-name\/","og_site_name":"Label2you","article_modified_time":"2026-02-17T08:48:42+00:00","og_image":[{"width":1707,"height":1280,"url":"https:\/\/label2you.ch\/wp-content\/uploads\/2025\/04\/Spitalarmband-Meilenstein.webp","type":"image\/webp"}],"twitter_card":"summary_large_image","twitter_misc":{"Estimated reading time":"2 minutes"},"schema":{"@context":"https:\/\/schema.org","@graph":[{"@type":"WebPage","@id":"https:\/\/label2you.ch\/shop\/meilenstein-spitalarmband-name\/","url":"https:\/\/label2you.ch\/shop\/meilenstein-spitalarmband-name\/","name":"Meilenstein Spitalarmband Name | Label2you","isPartOf":{"@id":"https:\/\/label2you.ch\/#website"},"primaryImageOfPage":{"@id":"https:\/\/label2you.ch\/shop\/meilenstein-spitalarmband-name\/#primaryimage"},"image":{"@id":"https:\/\/label2you.ch\/shop\/meilenstein-spitalarmband-name\/#primaryimage"},"thumbnailUrl":"https:\/\/label2you.ch\/wp-content\/uploads\/2025\/04\/Spitalarmband-Meilenstein.webp","datePublished":"2025-04-25T12:02:24+00:00","dateModified":"2026-02-17T08:48:42+00:00","description":"Halte mit dem Meilenstein Spitalarmband Name die ersten Stunden deines Babys als liebevoll gravierten Meilenstein f\u00fcr immer fest.","breadcrumb":{"@id":"https:\/\/label2you.ch\/shop\/meilenstein-spitalarmband-name\/#breadcrumb"},"inLanguage":"en-GB","potentialAction":[{"@type":"ReadAction","target":["https:\/\/label2you.ch\/shop\/meilenstein-spitalarmband-name\/"]}]},{"@type":"ImageObject","inLanguage":"en-GB","@id":"https:\/\/label2you.ch\/shop\/meilenstein-spitalarmband-name\/#primaryimage","url":"https:\/\/label2you.ch\/wp-content\/uploads\/2025\/04\/Spitalarmband-Meilenstein.webp","contentUrl":"https:\/\/label2you.ch\/wp-content\/uploads\/2025\/04\/Spitalarmband-Meilenstein.webp","width":1707,"height":1280,"caption":"Hochwertiges, naturbelassenes Holzschild mit Schlitz zum Befestigen des originalen Spitalarmbands \u2013 perfektes Geschenk zur Geburt"},{"@type":"BreadcrumbList","@id":"https:\/\/label2you.ch\/shop\/meilenstein-spitalarmband-name\/#breadcrumb","itemListElement":[{"@type":"ListItem","position":1,"name":"Home","item":"https:\/\/label2you.ch\/"},{"@type":"ListItem","position":2,"name":"Shop","item":"https:\/\/label2you.ch\/shop\/"},{"@type":"ListItem","position":3,"name":"Meilenstein Spitalarmband Name"}]},{"@type":"WebSite","@id":"https:\/\/label2you.ch\/#website","url":"https:\/\/label2you.ch\/","name":"Label2you","description":"Personalised baby &amp; children's gifts","publisher":{"@id":"https:\/\/label2you.ch\/#organization"},"alternateName":"Label2you","potentialAction":[{"@type":"SearchAction","target":{"@type":"EntryPoint","urlTemplate":"https:\/\/label2you.ch\/?s={search_term_string}"},"query-input":{"@type":"PropertyValueSpecification","valueRequired":true,"valueName":"search_term_string"}}],"inLanguage":"en-GB"},{"@type":"Organization","@id":"https:\/\/label2you.ch\/#organization","name":"Label2you | Personalised gifts","alternateName":"Label2you","url":"https:\/\/label2you.ch\/","logo":{"@type":"ImageObject","inLanguage":"en-GB","@id":"https:\/\/label2you.ch\/#\/schema\/logo\/image\/","url":"https:\/\/label2you.ch\/wp-content\/uploads\/2023\/03\/logo.png","contentUrl":"https:\/\/label2you.ch\/wp-content\/uploads\/2023\/03\/logo.png","width":300,"height":140,"caption":"Label2you | Personalisierte Geschenke"},"image":{"@id":"https:\/\/label2you.ch\/#\/schema\/logo\/image\/"},"sameAs":["https:\/\/www.instagram.com\/label2you\/?hl=de","https:\/\/www.tiktok.com\/@label2you"]}]}},"jetpack_sharing_enabled":true,"_links":{"self":[{"href":"https:\/\/label2you.ch\/en\/wp-json\/wp\/v2\/product\/4526","targetHints":{"allow":["GET"]}}],"collection":[{"href":"https:\/\/label2you.ch\/en\/wp-json\/wp\/v2\/product"}],"about":[{"href":"https:\/\/label2you.ch\/en\/wp-json\/wp\/v2\/types\/product"}],"replies":[{"embeddable":true,"href":"https:\/\/label2you.ch\/en\/wp-json\/wp\/v2\/comments?post=4526"}],"wp:featuredmedia":[{"embeddable":true,"href":"https:\/\/label2you.ch\/en\/wp-json\/wp\/v2\/media\/5054"}],"wp:attachment":[{"href":"https:\/\/label2you.ch\/en\/wp-json\/wp\/v2\/media?parent=4526"}],"wp:term":[{"taxonomy":"product_brand","embeddable":true,"href":"https:\/\/label2you.ch\/en\/wp-json\/wp\/v2\/product_brand?post=4526"},{"taxonomy":"product_cat","embeddable":true,"href":"https:\/\/label2you.ch\/en\/wp-json\/wp\/v2\/product_cat?post=4526"},{"taxonomy":"product_tag","embeddable":true,"href":"https:\/\/label2you.ch\/en\/wp-json\/wp\/v2\/product_tag?post=4526"}],"curies":[{"name":"wp","href":"https:\/\/api.w.org\/{rel}","templated":true}]}}