{"id":4555,"date":"2025-04-27T09:58:02","date_gmt":"2025-04-27T07:58:02","guid":{"rendered":"https:\/\/label2you.ch\/?post_type=product&#038;p=4555"},"modified":"2025-09-02T07:49:05","modified_gmt":"2025-09-02T05:49:05","slug":"second-chance-muffy-babykopfhoerer","status":"publish","type":"product","link":"https:\/\/label2you.ch\/en\/shop-2\/second-chance-muffy-babykopfhoerer\/","title":{"rendered":"Second Chance - Muffy baby headphones pink"},"content":{"rendered":"<p data-start=\"319\" data-end=\"793\">Entdecke die <strong data-start=\"332\" data-end=\"376\">Second Chance - Muffy baby headphones pink<\/strong>, perfekt geeignet f\u00fcr Neugeborene bis etwa 1 Jahr. Diese hochwertigen Babykopfh\u00f6rer sind ideal, um die empfindlichen Ohren deines Babys vor zu lauten Ger\u00e4uschen zu sch\u00fctzen \u2013 sei es bei Konzerten, Reisen, Familienfeiern oder einfach im Alltag. Mit nur <strong data-start=\"629\" data-end=\"651\">einmaliger Nutzung<\/strong> befinden sich die Kopfh\u00f6rer in einem neuwertigen Zustand und sind damit die perfekte Gelegenheit, Qualit\u00e4t zu einem fairen Preis zu bekommen.<\/p>\n<p data-start=\"795\" data-end=\"1182\">Die Muffy Babykopfh\u00f6rer \u00fcberzeugen durch ihr liebevolles Design in zartem Rosa, das sich besonders gut f\u00fcr kleine M\u00e4dchen eignet. Sie sind speziell f\u00fcr die kleinen K\u00f6pfe von Babys und Kleinkindern bis ca. 1 Jahr entwickelt worden und passen sich dank des weichen, verstellbaren Kopfbandes optimal an. Dadurch bieten sie einen sicheren und bequemen Sitz, der nicht dr\u00fcckt oder verrutscht.<\/p>\n<p data-start=\"1184\" data-end=\"1569\">Das weiche Polstermaterial sorgt daf\u00fcr, dass der Tragekomfort f\u00fcr dein Baby jederzeit gew\u00e4hrleistet ist. Gleichzeitig bieten die Kopfh\u00f6rer einen effektiven Schutz vor Umgebungsger\u00e4uschen, der die sensiblen Ohren deines Babys schont und \u00dcberreizung verhindert. Gerade in lauten Umgebungen sind sie ein unverzichtbares Accessoire f\u00fcr Eltern, die auf das Wohlbefinden ihrer Kinder achten.<\/p>\n<h3 data-start=\"1571\" data-end=\"1602\">Vorteile auf einen Blick:<\/h3>\n<ul data-start=\"1603\" data-end=\"1891\">\n<li data-start=\"1603\" data-end=\"1659\">\n<p data-start=\"1605\" data-end=\"1659\"><strong data-start=\"1605\" data-end=\"1617\">Zustand:<\/strong> Second Chance \u2013 1x verwendet, neuwertig<\/p>\n<\/li>\n<li data-start=\"1660\" data-end=\"1705\">\n<p data-start=\"1662\" data-end=\"1705\"><strong data-start=\"1662\" data-end=\"1672\">Gr\u00f6\u00dfe:<\/strong> F\u00fcr Neugeborene bis ca. 1 Jahr<\/p>\n<\/li>\n<li data-start=\"1706\" data-end=\"1765\">\n<p data-start=\"1708\" data-end=\"1765\"><strong data-start=\"1708\" data-end=\"1718\">Farbe:<\/strong> Rosa \u2013 s\u00fc\u00dfes Design f\u00fcr kleine Prinzessinnen<\/p>\n<\/li>\n<li data-start=\"1766\" data-end=\"1826\">\n<p data-start=\"1768\" data-end=\"1826\"><strong data-start=\"1768\" data-end=\"1780\">Komfort:<\/strong> Weiches, verstellbares Kopfband und Polster<\/p>\n<\/li>\n<li data-start=\"1827\" data-end=\"1891\">\n<p data-start=\"1829\" data-end=\"1891\"><strong data-start=\"1829\" data-end=\"1840\">Schutz:<\/strong> Effektiver L\u00e4rmschutz f\u00fcr empfindliche Babyohren<\/p>\n<\/li>\n<\/ul>\n<p data-start=\"1893\" data-end=\"2154\">Diese <strong data-start=\"1899\" data-end=\"1927\">Muffy Babykopfh\u00f6rer Rosa<\/strong> aus der Second Chance Kategorie sind eine nachhaltige und preiswerte Alternative zu Neuware \u2013 ohne Abstriche bei Qualit\u00e4t und Funktionalit\u00e4t. G\u00f6nn deinem Baby den besten Schutz und Komfort und sichere dir dieses tolle Angebot!<\/p>","protected":false},"excerpt":{"rendered":"<p>Entdecke die Second Chance \u2013 Muffy Babykopfh\u00f6rer Rosa, perfekt geeignet f\u00fcr Neugeborene bis etwa 1 Jahr. Diese hochwertigen Babykopfh\u00f6rer sind ideal, um die empfindlichen Ohren deines Babys vor zu lauten Ger\u00e4uschen zu sch\u00fctzen \u2013 sei es bei Konzerten, Reisen, Familienfeiern oder einfach im Alltag. Mit nur einmaliger Nutzung befinden sich die Kopfh\u00f6rer in einem neuwertigen [&hellip;]<\/p>\n","protected":false},"featured_media":4560,"comment_status":"open","ping_status":"closed","template":"","meta":[],"product_brand":[],"product_cat":[622],"product_tag":[],"class_list":{"0":"post-4555","1":"product","2":"type-product","3":"status-publish","4":"has-post-thumbnail","6":"product_cat-second-chance","7":"product_shipping_class-kleinwarensendung","8":"","10":"first","11":"instock","12":"shipping-taxable","13":"purchasable","14":"product-type-simple"},"yoast_head":"<!-- This site is optimized with the Yoast SEO plugin v27.0 - https:\/\/yoast.com\/product\/yoast-seo-wordpress\/ -->\n<title>Second Chance \u2013 Muffy Babykopfh\u00f6rer Rosa | Label2you<\/title>\n<meta name=\"description\" content=\"Second Chance \u2013 Muffy Babykopfh\u00f6rer Rosa, 1x verwendet. Perfekter L\u00e4rmschutz f\u00fcr Neugeborene bis 1 Jahr. Weich, bequem und neuwertig. Jetzt sichern!\" \/>\n<meta name=\"robots\" content=\"index, follow, max-snippet:-1, max-image-preview:large, max-video-preview:-1\" \/>\n<link rel=\"canonical\" href=\"https:\/\/label2you.ch\/en\/shop-2\/second-chance-muffy-babykopfhoerer\/\" \/>\n<meta property=\"og:locale\" content=\"en_GB\" \/>\n<meta property=\"og:type\" content=\"article\" \/>\n<meta property=\"og:title\" content=\"Second Chance \u2013 Muffy Babykopfh\u00f6rer Rosa | Label2you\" \/>\n<meta property=\"og:description\" content=\"Second Chance \u2013 Muffy Babykopfh\u00f6rer Rosa, 1x verwendet. Perfekter L\u00e4rmschutz f\u00fcr Neugeborene bis 1 Jahr. Weich, bequem und neuwertig. Jetzt sichern!\" \/>\n<meta property=\"og:url\" content=\"https:\/\/label2you.ch\/en\/shop-2\/second-chance-muffy-babykopfhoerer\/\" \/>\n<meta property=\"og:site_name\" content=\"Label2you\" \/>\n<meta property=\"article:modified_time\" content=\"2025-09-02T05:49:05+00:00\" \/>\n<meta property=\"og:image\" content=\"https:\/\/label2you.ch\/wp-content\/uploads\/2025\/04\/WhatsApp-Image-2025-04-27-at-09.52.52-7.jpeg\" \/>\n\t<meta property=\"og:image:width\" content=\"1200\" \/>\n\t<meta property=\"og:image:height\" content=\"1600\" \/>\n\t<meta property=\"og:image:type\" content=\"image\/jpeg\" \/>\n<meta name=\"twitter:card\" content=\"summary_large_image\" \/>\n<meta name=\"twitter:label1\" content=\"Estimated reading time\" \/>\n\t<meta name=\"twitter:data1\" content=\"2 minutes\" \/>\n<script type=\"application\/ld+json\" class=\"yoast-schema-graph\">{\"@context\":\"https:\/\/schema.org\",\"@graph\":[{\"@type\":\"WebPage\",\"@id\":\"https:\/\/label2you.ch\/shop\/second-chance-muffy-babykopfhoerer\/\",\"url\":\"https:\/\/label2you.ch\/shop\/second-chance-muffy-babykopfhoerer\/\",\"name\":\"Second Chance \u2013 Muffy Babykopfh\u00f6rer Rosa | Label2you\",\"isPartOf\":{\"@id\":\"https:\/\/label2you.ch\/#website\"},\"primaryImageOfPage\":{\"@id\":\"https:\/\/label2you.ch\/shop\/second-chance-muffy-babykopfhoerer\/#primaryimage\"},\"image\":{\"@id\":\"https:\/\/label2you.ch\/shop\/second-chance-muffy-babykopfhoerer\/#primaryimage\"},\"thumbnailUrl\":\"https:\/\/label2you.ch\/wp-content\/uploads\/2025\/04\/WhatsApp-Image-2025-04-27-at-09.52.52-7.jpeg\",\"datePublished\":\"2025-04-27T07:58:02+00:00\",\"dateModified\":\"2025-09-02T05:49:05+00:00\",\"description\":\"Second Chance \u2013 Muffy Babykopfh\u00f6rer Rosa, 1x verwendet. Perfekter L\u00e4rmschutz f\u00fcr Neugeborene bis 1 Jahr. Weich, bequem und neuwertig. Jetzt sichern!\",\"breadcrumb\":{\"@id\":\"https:\/\/label2you.ch\/shop\/second-chance-muffy-babykopfhoerer\/#breadcrumb\"},\"inLanguage\":\"en-GB\",\"potentialAction\":[{\"@type\":\"ReadAction\",\"target\":[\"https:\/\/label2you.ch\/shop\/second-chance-muffy-babykopfhoerer\/\"]}]},{\"@type\":\"ImageObject\",\"inLanguage\":\"en-GB\",\"@id\":\"https:\/\/label2you.ch\/shop\/second-chance-muffy-babykopfhoerer\/#primaryimage\",\"url\":\"https:\/\/label2you.ch\/wp-content\/uploads\/2025\/04\/WhatsApp-Image-2025-04-27-at-09.52.52-7.jpeg\",\"contentUrl\":\"https:\/\/label2you.ch\/wp-content\/uploads\/2025\/04\/WhatsApp-Image-2025-04-27-at-09.52.52-7.jpeg\",\"width\":1200,\"height\":1600,\"caption\":\"Second Chance Muffy Babykopfh\u00f6rer Rosa \u2013 Neuwertig, Gr\u00f6\u00dfe Neugeboren bis 1 Jahr\"},{\"@type\":\"BreadcrumbList\",\"@id\":\"https:\/\/label2you.ch\/shop\/second-chance-muffy-babykopfhoerer\/#breadcrumb\",\"itemListElement\":[{\"@type\":\"ListItem\",\"position\":1,\"name\":\"Home\",\"item\":\"https:\/\/label2you.ch\/\"},{\"@type\":\"ListItem\",\"position\":2,\"name\":\"Shop\",\"item\":\"https:\/\/label2you.ch\/shop\/\"},{\"@type\":\"ListItem\",\"position\":3,\"name\":\"Second Chance \u2013 Muffy Babykopfh\u00f6rer Rosa\"}]},{\"@type\":\"WebSite\",\"@id\":\"https:\/\/label2you.ch\/#website\",\"url\":\"https:\/\/label2you.ch\/\",\"name\":\"Label2you\",\"description\":\"Personalisierte Baby- &amp; Kindergeschenke\",\"publisher\":{\"@id\":\"https:\/\/label2you.ch\/#organization\"},\"alternateName\":\"Label2you\",\"potentialAction\":[{\"@type\":\"SearchAction\",\"target\":{\"@type\":\"EntryPoint\",\"urlTemplate\":\"https:\/\/label2you.ch\/?s={search_term_string}\"},\"query-input\":{\"@type\":\"PropertyValueSpecification\",\"valueRequired\":true,\"valueName\":\"search_term_string\"}}],\"inLanguage\":\"en-GB\"},{\"@type\":\"Organization\",\"@id\":\"https:\/\/label2you.ch\/#organization\",\"name\":\"Label2you | Personalisierte Geschenke\",\"alternateName\":\"Label2you\",\"url\":\"https:\/\/label2you.ch\/\",\"logo\":{\"@type\":\"ImageObject\",\"inLanguage\":\"en-GB\",\"@id\":\"https:\/\/label2you.ch\/#\/schema\/logo\/image\/\",\"url\":\"https:\/\/label2you.ch\/wp-content\/uploads\/2023\/03\/logo.png\",\"contentUrl\":\"https:\/\/label2you.ch\/wp-content\/uploads\/2023\/03\/logo.png\",\"width\":300,\"height\":140,\"caption\":\"Label2you | Personalisierte Geschenke\"},\"image\":{\"@id\":\"https:\/\/label2you.ch\/#\/schema\/logo\/image\/\"},\"sameAs\":[\"https:\/\/www.instagram.com\/label2you\/?hl=de\",\"https:\/\/www.tiktok.com\/@label2you\"]}]}<\/script>\n<!-- \/ Yoast SEO plugin. -->","yoast_head_json":{"title":"Second Chance \u2013 Muffy Babykopfh\u00f6rer Rosa | Label2you","description":"Second Chance \u2013 Muffy Babykopfh\u00f6rer Rosa, 1x verwendet. Perfekter L\u00e4rmschutz f\u00fcr Neugeborene bis 1 Jahr. Weich, bequem und neuwertig. Jetzt sichern!","robots":{"index":"index","follow":"follow","max-snippet":"max-snippet:-1","max-image-preview":"max-image-preview:large","max-video-preview":"max-video-preview:-1"},"canonical":"https:\/\/label2you.ch\/en\/shop-2\/second-chance-muffy-babykopfhoerer\/","og_locale":"en_GB","og_type":"article","og_title":"Second Chance \u2013 Muffy Babykopfh\u00f6rer Rosa | Label2you","og_description":"Second Chance \u2013 Muffy Babykopfh\u00f6rer Rosa, 1x verwendet. Perfekter L\u00e4rmschutz f\u00fcr Neugeborene bis 1 Jahr. Weich, bequem und neuwertig. Jetzt sichern!","og_url":"https:\/\/label2you.ch\/en\/shop-2\/second-chance-muffy-babykopfhoerer\/","og_site_name":"Label2you","article_modified_time":"2025-09-02T05:49:05+00:00","og_image":[{"width":1200,"height":1600,"url":"https:\/\/label2you.ch\/wp-content\/uploads\/2025\/04\/WhatsApp-Image-2025-04-27-at-09.52.52-7.jpeg","type":"image\/jpeg"}],"twitter_card":"summary_large_image","twitter_misc":{"Estimated reading time":"2 minutes"},"schema":{"@context":"https:\/\/schema.org","@graph":[{"@type":"WebPage","@id":"https:\/\/label2you.ch\/shop\/second-chance-muffy-babykopfhoerer\/","url":"https:\/\/label2you.ch\/shop\/second-chance-muffy-babykopfhoerer\/","name":"Second Chance \u2013 Muffy Babykopfh\u00f6rer Rosa | Label2you","isPartOf":{"@id":"https:\/\/label2you.ch\/#website"},"primaryImageOfPage":{"@id":"https:\/\/label2you.ch\/shop\/second-chance-muffy-babykopfhoerer\/#primaryimage"},"image":{"@id":"https:\/\/label2you.ch\/shop\/second-chance-muffy-babykopfhoerer\/#primaryimage"},"thumbnailUrl":"https:\/\/label2you.ch\/wp-content\/uploads\/2025\/04\/WhatsApp-Image-2025-04-27-at-09.52.52-7.jpeg","datePublished":"2025-04-27T07:58:02+00:00","dateModified":"2025-09-02T05:49:05+00:00","description":"Second Chance \u2013 Muffy Babykopfh\u00f6rer Rosa, 1x verwendet. Perfekter L\u00e4rmschutz f\u00fcr Neugeborene bis 1 Jahr. Weich, bequem und neuwertig. Jetzt sichern!","breadcrumb":{"@id":"https:\/\/label2you.ch\/shop\/second-chance-muffy-babykopfhoerer\/#breadcrumb"},"inLanguage":"en-GB","potentialAction":[{"@type":"ReadAction","target":["https:\/\/label2you.ch\/shop\/second-chance-muffy-babykopfhoerer\/"]}]},{"@type":"ImageObject","inLanguage":"en-GB","@id":"https:\/\/label2you.ch\/shop\/second-chance-muffy-babykopfhoerer\/#primaryimage","url":"https:\/\/label2you.ch\/wp-content\/uploads\/2025\/04\/WhatsApp-Image-2025-04-27-at-09.52.52-7.jpeg","contentUrl":"https:\/\/label2you.ch\/wp-content\/uploads\/2025\/04\/WhatsApp-Image-2025-04-27-at-09.52.52-7.jpeg","width":1200,"height":1600,"caption":"Second Chance Muffy Babykopfh\u00f6rer Rosa \u2013 Neuwertig, Gr\u00f6\u00dfe Neugeboren bis 1 Jahr"},{"@type":"BreadcrumbList","@id":"https:\/\/label2you.ch\/shop\/second-chance-muffy-babykopfhoerer\/#breadcrumb","itemListElement":[{"@type":"ListItem","position":1,"name":"Home","item":"https:\/\/label2you.ch\/"},{"@type":"ListItem","position":2,"name":"Shop","item":"https:\/\/label2you.ch\/shop\/"},{"@type":"ListItem","position":3,"name":"Second Chance \u2013 Muffy Babykopfh\u00f6rer Rosa"}]},{"@type":"WebSite","@id":"https:\/\/label2you.ch\/#website","url":"https:\/\/label2you.ch\/","name":"Label2you","description":"Personalised baby &amp; children's gifts","publisher":{"@id":"https:\/\/label2you.ch\/#organization"},"alternateName":"Label2you","potentialAction":[{"@type":"SearchAction","target":{"@type":"EntryPoint","urlTemplate":"https:\/\/label2you.ch\/?s={search_term_string}"},"query-input":{"@type":"PropertyValueSpecification","valueRequired":true,"valueName":"search_term_string"}}],"inLanguage":"en-GB"},{"@type":"Organization","@id":"https:\/\/label2you.ch\/#organization","name":"Label2you | Personalised gifts","alternateName":"Label2you","url":"https:\/\/label2you.ch\/","logo":{"@type":"ImageObject","inLanguage":"en-GB","@id":"https:\/\/label2you.ch\/#\/schema\/logo\/image\/","url":"https:\/\/label2you.ch\/wp-content\/uploads\/2023\/03\/logo.png","contentUrl":"https:\/\/label2you.ch\/wp-content\/uploads\/2023\/03\/logo.png","width":300,"height":140,"caption":"Label2you | Personalisierte Geschenke"},"image":{"@id":"https:\/\/label2you.ch\/#\/schema\/logo\/image\/"},"sameAs":["https:\/\/www.instagram.com\/label2you\/?hl=de","https:\/\/www.tiktok.com\/@label2you"]}]}},"jetpack_sharing_enabled":true,"_links":{"self":[{"href":"https:\/\/label2you.ch\/en\/wp-json\/wp\/v2\/product\/4555","targetHints":{"allow":["GET"]}}],"collection":[{"href":"https:\/\/label2you.ch\/en\/wp-json\/wp\/v2\/product"}],"about":[{"href":"https:\/\/label2you.ch\/en\/wp-json\/wp\/v2\/types\/product"}],"replies":[{"embeddable":true,"href":"https:\/\/label2you.ch\/en\/wp-json\/wp\/v2\/comments?post=4555"}],"wp:featuredmedia":[{"embeddable":true,"href":"https:\/\/label2you.ch\/en\/wp-json\/wp\/v2\/media\/4560"}],"wp:attachment":[{"href":"https:\/\/label2you.ch\/en\/wp-json\/wp\/v2\/media?parent=4555"}],"wp:term":[{"taxonomy":"product_brand","embeddable":true,"href":"https:\/\/label2you.ch\/en\/wp-json\/wp\/v2\/product_brand?post=4555"},{"taxonomy":"product_cat","embeddable":true,"href":"https:\/\/label2you.ch\/en\/wp-json\/wp\/v2\/product_cat?post=4555"},{"taxonomy":"product_tag","embeddable":true,"href":"https:\/\/label2you.ch\/en\/wp-json\/wp\/v2\/product_tag?post=4555"}],"curies":[{"name":"wp","href":"https:\/\/api.w.org\/{rel}","templated":true}]}}