{"id":4918,"date":"2025-09-08T17:43:15","date_gmt":"2025-09-08T15:43:15","guid":{"rendered":"https:\/\/label2you.ch\/?post_type=product&#038;p=4918"},"modified":"2025-10-20T06:43:53","modified_gmt":"2025-10-20T04:43:53","slug":"door-holder-tooth-fairy","status":"publish","type":"product","link":"https:\/\/label2you.ch\/en\/shop-2\/door-holder-tooth-fairy\/","title":{"rendered":"Tooth fairy door hanger"},"content":{"rendered":"<h2 data-start=\"267\" data-end=\"338\">Tooth fairy door hanger made of acrylic - souvenir for the change of teeth<\/h2>\n<p data-start=\"339\" data-end=\"765\">The first lost tooth is an exciting experience for children and parents. With our <strong data-start=\"428\" data-end=\"470\">Tooth fairy door hanger made of acrylic with engraving<\/strong> this moment becomes something very special. The decorative pendant ensures that the tooth fairy doesn't miss the important message and that the milk teeth are kept safe. This creates a loving tradition that gives children a sense of security and preserves fond memories for parents.<\/p>\n<h2 data-start=\"767\" data-end=\"822\">Tooth fairy door hanger - design &amp; materials in detail<\/h2>\n<p data-start=\"823\" data-end=\"1005\">Made from sturdy, white acrylic, the door hanger impresses with its high-quality workmanship and modern design. The engraving shows a cute tooth fairy and the saying:<\/p>\n<p data-start=\"1007\" data-end=\"1077\"><em data-start=\"1007\" data-end=\"1075\">\"I've got a tooth for you. Have a look in my milk tooth box.\"<\/em><\/p>\n<h3 data-start=\"1079\" data-end=\"1140\">Special features of the tooth fairy door sign for the children's room<\/h3>\n<ul data-start=\"1141\" data-end=\"1269\">\n<li data-start=\"1141\" data-end=\"1181\">\n<p data-start=\"1143\" data-end=\"1181\">Robust acrylic, durable and stable<\/p>\n<\/li>\n<li data-start=\"1182\" data-end=\"1231\">\n<p data-start=\"1184\" data-end=\"1231\">Timeless white, suitable for any interior<\/p>\n<\/li>\n<li data-start=\"1232\" data-end=\"1269\">\n<p data-start=\"1234\" data-end=\"1269\">Detailed engraving as an eye-catcher<\/p>\n<\/li>\n<\/ul>\n<h4 data-start=\"1271\" data-end=\"1318\">Why acrylic is ideal for children's products<\/h4>\n<p data-start=\"1319\" data-end=\"1440\">Acrylic is easy to clean, hygienic and safe - perfect for a child's room where little hands like to touch everything.<\/p>\n<h2 data-start=\"1442\" data-end=\"1486\">Function &amp; benefits of the tooth fairy door hanger<\/h2>\n<p data-start=\"1487\" data-end=\"1612\">The <strong data-start=\"1491\" data-end=\"1512\">Tooth fairy door hanger<\/strong> is not only a beautiful decoration, but also makes the tooth fairy tradition child's play in everyday life.<\/p>\n<h3 data-start=\"1614\" data-end=\"1650\">Advantages for children and parents<\/h3>\n<ul data-start=\"1651\" data-end=\"1931\">\n<li data-start=\"1651\" data-end=\"1752\">\n<p data-start=\"1653\" data-end=\"1752\"><strong data-start=\"1653\" data-end=\"1676\">Easy to use:<\/strong> Hang it on the nursery door - the tooth fairy is guaranteed to find its way.<\/p>\n<\/li>\n<li data-start=\"1753\" data-end=\"1856\">\n<p data-start=\"1755\" data-end=\"1856\"><strong data-start=\"1755\" data-end=\"1776\">Magical moment:<\/strong> Children are happy to leave their hospital or milk teeth to the tooth fairy.<\/p>\n<\/li>\n<li data-start=\"1857\" data-end=\"1931\">\n<p data-start=\"1859\" data-end=\"1931\"><strong data-start=\"1859\" data-end=\"1885\">Lovingly designed:<\/strong> The design makes children's eyes light up.<\/p>\n<\/li>\n<\/ul>\n<h5 data-start=\"1933\" data-end=\"1974\">Storing milk teeth without the mess<\/h5>\n<p data-start=\"1975\" data-end=\"2076\">The door hanger ensures that the little teeth are safely stowed away and nothing gets lost.<\/p>\n<h2 data-start=\"2078\" data-end=\"2137\">Gift idea - Tooth fairy door hanger for special occasions<\/h2>\n<p data-start=\"2138\" data-end=\"2218\">A <strong data-start=\"2142\" data-end=\"2163\">Tooth fairy doorplate<\/strong> is the perfect surprise for parents and children.<\/p>\n<h3 data-start=\"2220\" data-end=\"2256\">Ideal for various occasions<\/h3>\n<ul data-start=\"2257\" data-end=\"2337\">\n<li data-start=\"2257\" data-end=\"2278\">\n<p data-start=\"2259\" data-end=\"2278\">Birth or christening<\/p>\n<\/li>\n<li data-start=\"2279\" data-end=\"2293\">\n<p data-start=\"2281\" data-end=\"2293\">Babyshower<\/p>\n<\/li>\n<li data-start=\"2294\" data-end=\"2337\">\n<p data-start=\"2296\" data-end=\"2337\">Gift idea from grandparents or godparents<\/p>\n<\/li>\n<\/ul>\n<p data-start=\"2339\" data-end=\"2416\">This makes the door hanger a lasting memento of your childhood.<\/p>\n<h2 data-start=\"2418\" data-end=\"2463\">Care instructions for the tooth fairy door hanger<\/h2>\n<p data-start=\"2464\" data-end=\"2581\">The material is particularly easy to care for: the pendant can be cleaned effortlessly with a soft, damp cloth.<\/p>\n<h3 data-start=\"2583\" data-end=\"2608\">Advantages of care<\/h3>\n<ul data-start=\"2609\" data-end=\"2722\">\n<li data-start=\"2609\" data-end=\"2647\">\n<p data-start=\"2611\" data-end=\"2647\">Long-lasting beauty and hygiene<\/p>\n<\/li>\n<li data-start=\"2648\" data-end=\"2684\">\n<p data-start=\"2650\" data-end=\"2684\">Robust even with frequent use<\/p>\n<\/li>\n<li data-start=\"2685\" data-end=\"2722\">\n<p data-start=\"2687\" data-end=\"2722\">Perfect for children's rooms<\/p>\n<\/li>\n<\/ul>\n<h2 data-start=\"2724\" data-end=\"2790\">Emotional significance - magical tradition surrounding the tooth fairy<\/h2>\n<p data-start=\"2791\" data-end=\"2998\">With the <strong data-start=\"2799\" data-end=\"2820\">Tooth fairy door hanger<\/strong> turns an everyday event into a magical ritual. Children are delighted every time the tooth fairy comes - and parents create memories that will last a lifetime.<\/p>\n<h3 data-start=\"3000\" data-end=\"3040\">Magical rituals for the nursery<\/h3>\n<ul data-start=\"3041\" data-end=\"3176\">\n<li data-start=\"3041\" data-end=\"3077\">\n<p data-start=\"3043\" data-end=\"3077\">Encourage imagination and creativity<\/p>\n<\/li>\n<li data-start=\"3078\" data-end=\"3120\">\n<p data-start=\"3080\" data-end=\"3120\">Create closeness between parents and child<\/p>\n<\/li>\n<li data-start=\"3121\" data-end=\"3176\">\n<p data-start=\"3123\" data-end=\"3176\">Turn the change of teeth into a special experience<\/p>\n<\/li>\n<\/ul>\n<p>You can find our milk tooth tin here: <a href=\"https:\/\/label2you.ch\/en\/shop-2\/personalised-wooden-milk-tooth-box\/\">Milk tooth box<\/a> or get inspired on Instagram: <a href=\"https:\/\/www.instagram.com\/label2you\/?hl=de\">@label2you\u00a0<\/a><\/p>","protected":false},"excerpt":{"rendered":"<p>This lovingly designed door hanger is the perfect preparation for the tooth fairy's first visit. The delicate engraving shows a cute tooth fairy.<\/p>","protected":false},"featured_media":5044,"comment_status":"open","ping_status":"closed","template":"","meta":[],"product_brand":[656],"product_cat":[50,456],"product_tag":[672,144,671],"class_list":{"0":"post-4918","1":"product","2":"type-product","3":"status-publish","4":"has-post-thumbnail","6":"product_brand-label2you","7":"product_cat-baby","8":"product_cat-buersten-und-zahndosen","9":"product_tag-milchzahn","10":"product_tag-zahndose","11":"product_tag-zahnfee","12":"product_shipping_class-grossbrief","13":"","15":"first","16":"instock","17":"shipping-taxable","18":"purchasable","19":"product-type-simple"},"yoast_head":"<!-- This site is optimized with the Yoast SEO plugin v27.0 - https:\/\/yoast.com\/product\/yoast-seo-wordpress\/ -->\n<title>T\u00fcrh\u00e4nger Zahnfee | Label2you<\/title>\n<meta name=\"description\" content=\"T\u00fcrh\u00e4nger Zahnfee aus wei\u00dfem Acryl mit Gravur. \u201eIch hab eiben Zahn f\u00fcr dich \u2013 schau in meiner Milchzahndose nach!\u201c \u2013 liebevolle Aufbewahrung\" \/>\n<meta name=\"robots\" content=\"index, follow, max-snippet:-1, max-image-preview:large, max-video-preview:-1\" \/>\n<link rel=\"canonical\" href=\"https:\/\/label2you.ch\/en\/shop-2\/door-holder-tooth-fairy\/\" \/>\n<meta property=\"og:locale\" content=\"en_GB\" \/>\n<meta property=\"og:type\" content=\"article\" \/>\n<meta property=\"og:title\" content=\"T\u00fcrh\u00e4nger Zahnfee | Label2you\" \/>\n<meta property=\"og:description\" content=\"T\u00fcrh\u00e4nger Zahnfee aus wei\u00dfem Acryl mit Gravur. \u201eIch hab eiben Zahn f\u00fcr dich \u2013 schau in meiner Milchzahndose nach!\u201c \u2013 liebevolle Aufbewahrung\" \/>\n<meta property=\"og:url\" content=\"https:\/\/label2you.ch\/en\/shop-2\/door-holder-tooth-fairy\/\" \/>\n<meta property=\"og:site_name\" content=\"Label2you\" \/>\n<meta property=\"article:modified_time\" content=\"2025-10-20T04:43:53+00:00\" \/>\n<meta property=\"og:image\" content=\"https:\/\/label2you.ch\/wp-content\/uploads\/2025\/09\/Tuerhaenger-Zahnfee.webp\" \/>\n\t<meta property=\"og:image:width\" content=\"1280\" \/>\n\t<meta property=\"og:image:height\" content=\"1920\" \/>\n\t<meta property=\"og:image:type\" content=\"image\/webp\" \/>\n<meta name=\"twitter:card\" content=\"summary_large_image\" \/>\n<meta name=\"twitter:label1\" content=\"Estimated reading time\" \/>\n\t<meta name=\"twitter:data1\" content=\"3 minutes\" \/>\n<script type=\"application\/ld+json\" class=\"yoast-schema-graph\">{\"@context\":\"https:\/\/schema.org\",\"@graph\":[{\"@type\":\"WebPage\",\"@id\":\"https:\/\/label2you.ch\/shop\/tuerhaenger-zahnfee\/\",\"url\":\"https:\/\/label2you.ch\/shop\/tuerhaenger-zahnfee\/\",\"name\":\"T\u00fcrh\u00e4nger Zahnfee | Label2you\",\"isPartOf\":{\"@id\":\"https:\/\/label2you.ch\/#website\"},\"primaryImageOfPage\":{\"@id\":\"https:\/\/label2you.ch\/shop\/tuerhaenger-zahnfee\/#primaryimage\"},\"image\":{\"@id\":\"https:\/\/label2you.ch\/shop\/tuerhaenger-zahnfee\/#primaryimage\"},\"thumbnailUrl\":\"https:\/\/label2you.ch\/wp-content\/uploads\/2025\/09\/Tuerhaenger-Zahnfee.webp\",\"datePublished\":\"2025-09-08T15:43:15+00:00\",\"dateModified\":\"2025-10-20T04:43:53+00:00\",\"description\":\"T\u00fcrh\u00e4nger Zahnfee aus wei\u00dfem Acryl mit Gravur. \u201eIch hab eiben Zahn f\u00fcr dich \u2013 schau in meiner Milchzahndose nach!\u201c \u2013 liebevolle Aufbewahrung\",\"breadcrumb\":{\"@id\":\"https:\/\/label2you.ch\/shop\/tuerhaenger-zahnfee\/#breadcrumb\"},\"inLanguage\":\"en-GB\",\"potentialAction\":[{\"@type\":\"ReadAction\",\"target\":[\"https:\/\/label2you.ch\/shop\/tuerhaenger-zahnfee\/\"]}]},{\"@type\":\"ImageObject\",\"inLanguage\":\"en-GB\",\"@id\":\"https:\/\/label2you.ch\/shop\/tuerhaenger-zahnfee\/#primaryimage\",\"url\":\"https:\/\/label2you.ch\/wp-content\/uploads\/2025\/09\/Tuerhaenger-Zahnfee.webp\",\"contentUrl\":\"https:\/\/label2you.ch\/wp-content\/uploads\/2025\/09\/Tuerhaenger-Zahnfee.webp\",\"width\":1280,\"height\":1920,\"caption\":\"Liebevolles Detail f\u00fcr den Besuch der Zahnfee \u2013 mit s\u00fc\u00dfer Gravur f\u00fcr unvergessliche Momente\"},{\"@type\":\"BreadcrumbList\",\"@id\":\"https:\/\/label2you.ch\/shop\/tuerhaenger-zahnfee\/#breadcrumb\",\"itemListElement\":[{\"@type\":\"ListItem\",\"position\":1,\"name\":\"Home\",\"item\":\"https:\/\/label2you.ch\/\"},{\"@type\":\"ListItem\",\"position\":2,\"name\":\"Shop\",\"item\":\"https:\/\/label2you.ch\/shop\/\"},{\"@type\":\"ListItem\",\"position\":3,\"name\":\"T\u00fcrh\u00e4nger Zahnfee\"}]},{\"@type\":\"WebSite\",\"@id\":\"https:\/\/label2you.ch\/#website\",\"url\":\"https:\/\/label2you.ch\/\",\"name\":\"Label2you\",\"description\":\"Personalisierte Baby- &amp; Kindergeschenke\",\"publisher\":{\"@id\":\"https:\/\/label2you.ch\/#organization\"},\"alternateName\":\"Label2you\",\"potentialAction\":[{\"@type\":\"SearchAction\",\"target\":{\"@type\":\"EntryPoint\",\"urlTemplate\":\"https:\/\/label2you.ch\/?s={search_term_string}\"},\"query-input\":{\"@type\":\"PropertyValueSpecification\",\"valueRequired\":true,\"valueName\":\"search_term_string\"}}],\"inLanguage\":\"en-GB\"},{\"@type\":\"Organization\",\"@id\":\"https:\/\/label2you.ch\/#organization\",\"name\":\"Label2you | Personalisierte Geschenke\",\"alternateName\":\"Label2you\",\"url\":\"https:\/\/label2you.ch\/\",\"logo\":{\"@type\":\"ImageObject\",\"inLanguage\":\"en-GB\",\"@id\":\"https:\/\/label2you.ch\/#\/schema\/logo\/image\/\",\"url\":\"https:\/\/label2you.ch\/wp-content\/uploads\/2023\/03\/logo.png\",\"contentUrl\":\"https:\/\/label2you.ch\/wp-content\/uploads\/2023\/03\/logo.png\",\"width\":300,\"height\":140,\"caption\":\"Label2you | Personalisierte Geschenke\"},\"image\":{\"@id\":\"https:\/\/label2you.ch\/#\/schema\/logo\/image\/\"},\"sameAs\":[\"https:\/\/www.instagram.com\/label2you\/?hl=de\",\"https:\/\/www.tiktok.com\/@label2you\"]}]}<\/script>\n<!-- \/ Yoast SEO plugin. -->","yoast_head_json":{"title":"Tooth fairy door hanger | Label2you","description":"Tooth fairy door hanger made of white acrylic with engraving. \"I have a tooth for you - look in my milk tooth box!\" - Loving storage","robots":{"index":"index","follow":"follow","max-snippet":"max-snippet:-1","max-image-preview":"max-image-preview:large","max-video-preview":"max-video-preview:-1"},"canonical":"https:\/\/label2you.ch\/en\/shop-2\/door-holder-tooth-fairy\/","og_locale":"en_GB","og_type":"article","og_title":"T\u00fcrh\u00e4nger Zahnfee | Label2you","og_description":"T\u00fcrh\u00e4nger Zahnfee aus wei\u00dfem Acryl mit Gravur. \u201eIch hab eiben Zahn f\u00fcr dich \u2013 schau in meiner Milchzahndose nach!\u201c \u2013 liebevolle Aufbewahrung","og_url":"https:\/\/label2you.ch\/en\/shop-2\/door-holder-tooth-fairy\/","og_site_name":"Label2you","article_modified_time":"2025-10-20T04:43:53+00:00","og_image":[{"width":1280,"height":1920,"url":"https:\/\/label2you.ch\/wp-content\/uploads\/2025\/09\/Tuerhaenger-Zahnfee.webp","type":"image\/webp"}],"twitter_card":"summary_large_image","twitter_misc":{"Estimated reading time":"3 minutes"},"schema":{"@context":"https:\/\/schema.org","@graph":[{"@type":"WebPage","@id":"https:\/\/label2you.ch\/shop\/tuerhaenger-zahnfee\/","url":"https:\/\/label2you.ch\/shop\/tuerhaenger-zahnfee\/","name":"Tooth fairy door hanger | Label2you","isPartOf":{"@id":"https:\/\/label2you.ch\/#website"},"primaryImageOfPage":{"@id":"https:\/\/label2you.ch\/shop\/tuerhaenger-zahnfee\/#primaryimage"},"image":{"@id":"https:\/\/label2you.ch\/shop\/tuerhaenger-zahnfee\/#primaryimage"},"thumbnailUrl":"https:\/\/label2you.ch\/wp-content\/uploads\/2025\/09\/Tuerhaenger-Zahnfee.webp","datePublished":"2025-09-08T15:43:15+00:00","dateModified":"2025-10-20T04:43:53+00:00","description":"Tooth fairy door hanger made of white acrylic with engraving. \"I have a tooth for you - look in my milk tooth box!\" - Loving storage","breadcrumb":{"@id":"https:\/\/label2you.ch\/shop\/tuerhaenger-zahnfee\/#breadcrumb"},"inLanguage":"en-GB","potentialAction":[{"@type":"ReadAction","target":["https:\/\/label2you.ch\/shop\/tuerhaenger-zahnfee\/"]}]},{"@type":"ImageObject","inLanguage":"en-GB","@id":"https:\/\/label2you.ch\/shop\/tuerhaenger-zahnfee\/#primaryimage","url":"https:\/\/label2you.ch\/wp-content\/uploads\/2025\/09\/Tuerhaenger-Zahnfee.webp","contentUrl":"https:\/\/label2you.ch\/wp-content\/uploads\/2025\/09\/Tuerhaenger-Zahnfee.webp","width":1280,"height":1920,"caption":"Liebevolles Detail f\u00fcr den Besuch der Zahnfee \u2013 mit s\u00fc\u00dfer Gravur f\u00fcr unvergessliche Momente"},{"@type":"BreadcrumbList","@id":"https:\/\/label2you.ch\/shop\/tuerhaenger-zahnfee\/#breadcrumb","itemListElement":[{"@type":"ListItem","position":1,"name":"Home","item":"https:\/\/label2you.ch\/"},{"@type":"ListItem","position":2,"name":"Shop","item":"https:\/\/label2you.ch\/shop\/"},{"@type":"ListItem","position":3,"name":"T\u00fcrh\u00e4nger Zahnfee"}]},{"@type":"WebSite","@id":"https:\/\/label2you.ch\/#website","url":"https:\/\/label2you.ch\/","name":"Label2you","description":"Personalised baby &amp; children's gifts","publisher":{"@id":"https:\/\/label2you.ch\/#organization"},"alternateName":"Label2you","potentialAction":[{"@type":"SearchAction","target":{"@type":"EntryPoint","urlTemplate":"https:\/\/label2you.ch\/?s={search_term_string}"},"query-input":{"@type":"PropertyValueSpecification","valueRequired":true,"valueName":"search_term_string"}}],"inLanguage":"en-GB"},{"@type":"Organization","@id":"https:\/\/label2you.ch\/#organization","name":"Label2you | Personalised gifts","alternateName":"Label2you","url":"https:\/\/label2you.ch\/","logo":{"@type":"ImageObject","inLanguage":"en-GB","@id":"https:\/\/label2you.ch\/#\/schema\/logo\/image\/","url":"https:\/\/label2you.ch\/wp-content\/uploads\/2023\/03\/logo.png","contentUrl":"https:\/\/label2you.ch\/wp-content\/uploads\/2023\/03\/logo.png","width":300,"height":140,"caption":"Label2you | Personalisierte Geschenke"},"image":{"@id":"https:\/\/label2you.ch\/#\/schema\/logo\/image\/"},"sameAs":["https:\/\/www.instagram.com\/label2you\/?hl=de","https:\/\/www.tiktok.com\/@label2you"]}]}},"jetpack_sharing_enabled":true,"_links":{"self":[{"href":"https:\/\/label2you.ch\/en\/wp-json\/wp\/v2\/product\/4918","targetHints":{"allow":["GET"]}}],"collection":[{"href":"https:\/\/label2you.ch\/en\/wp-json\/wp\/v2\/product"}],"about":[{"href":"https:\/\/label2you.ch\/en\/wp-json\/wp\/v2\/types\/product"}],"replies":[{"embeddable":true,"href":"https:\/\/label2you.ch\/en\/wp-json\/wp\/v2\/comments?post=4918"}],"wp:featuredmedia":[{"embeddable":true,"href":"https:\/\/label2you.ch\/en\/wp-json\/wp\/v2\/media\/5044"}],"wp:attachment":[{"href":"https:\/\/label2you.ch\/en\/wp-json\/wp\/v2\/media?parent=4918"}],"wp:term":[{"taxonomy":"product_brand","embeddable":true,"href":"https:\/\/label2you.ch\/en\/wp-json\/wp\/v2\/product_brand?post=4918"},{"taxonomy":"product_cat","embeddable":true,"href":"https:\/\/label2you.ch\/en\/wp-json\/wp\/v2\/product_cat?post=4918"},{"taxonomy":"product_tag","embeddable":true,"href":"https:\/\/label2you.ch\/en\/wp-json\/wp\/v2\/product_tag?post=4918"}],"curies":[{"name":"wp","href":"https:\/\/api.w.org\/{rel}","templated":true}]}}