{"id":4937,"date":"2025-09-11T17:56:08","date_gmt":"2025-09-11T15:56:08","guid":{"rendered":"https:\/\/label2you.ch\/?post_type=product&#038;p=4937"},"modified":"2025-09-24T08:14:02","modified_gmt":"2025-09-24T06:14:02","slug":"personalised-biscuit-jar-christmas-present","status":"publish","type":"product","link":"https:\/\/label2you.ch\/en\/shop-2\/personalised-biscuit-jar-christmas-present\/","title":{"rendered":"Personalised biscuit jar - Christmas gift"},"content":{"rendered":"<h2 data-start=\"125\" data-end=\"197\">Personalised biscuit jar - A gift with heart and personality<\/h2>\n<h3 data-start=\"199\" data-end=\"258\">The perfect Christmas gift for special people<\/h3>\n<p data-start=\"259\" data-end=\"643\">A personalised biscuit jar is the ideal Christmas gift for grandma, grandpa, parents, godparents or close friends. With this gift, you are not only giving something practical, but also a piece of love and appreciation. A little moment of joy is created as soon as you give the gift - because it shows that you have put some thought into it and chosen something unique.<\/p>\n<h4 data-start=\"645\" data-end=\"681\">Versatile for everyday use<\/h4>\n<p data-start=\"682\" data-end=\"782\">With a diameter of 9 cm and a capacity of 750 ml, the glass offers plenty of room for:<\/p>\n<ul>\n<li data-start=\"682\" data-end=\"782\">Home-baked Christmas biscuits<\/li>\n<li data-start=\"682\" data-end=\"782\">Chocolates or chocolate<\/li>\n<li data-start=\"682\" data-end=\"782\">Tea, dried fruit or small kitchen utensils<\/li>\n<li data-start=\"682\" data-end=\"782\">Personal messages<\/li>\n<\/ul>\n<p data-start=\"930\" data-end=\"1052\">This makes the biscuit jar not only an eye-catcher under the Christmas tree, but also a practical everyday companion.<\/p>\n<h4 data-start=\"1054\" data-end=\"1117\">Personalised biscuit jar - designed according to your wishes<\/h4>\n<p data-start=\"1118\" data-end=\"1282\">What makes it special: The lid of the jar can be individually personalised. An engraving turns a simple jar into a truly unique item. Examples of engravings:<\/p>\n<ul>\n<li data-start=\"1285\" data-end=\"1307\">Name of the recipient<\/li>\n<li data-start=\"1285\" data-end=\"1307\">Short message of thanks<\/li>\n<li data-start=\"1285\" data-end=\"1307\">Dedication for a special occasion<\/li>\n<\/ul>\n<p data-start=\"1374\" data-end=\"1462\">This turns every biscuit jar into a keepsake that will bring joy time and time again.<\/p>\n<h4 data-start=\"1464\" data-end=\"1499\">Gift idea for many occasions<\/h4>\n<p data-start=\"1500\" data-end=\"1615\">A personalised biscuit jar is not just a wonderful choice for Christmas. It's also perfect as a:<\/p>\n<ul>\n<li data-start=\"1618\" data-end=\"1662\">Farewell gift for teachers or educators<\/li>\n<li data-start=\"1618\" data-end=\"1662\">Thank you in kindergarten or playgroup<\/li>\n<li data-start=\"1618\" data-end=\"1662\">Birthday present for your best friend<\/li>\n<li data-start=\"1618\" data-end=\"1662\">A little attention in between<\/li>\n<\/ul>\n<p data-start=\"1799\" data-end=\"1901\">As it can be refilled again and again, it remains a lasting gift with lasting value.<\/p>\n<h4 data-start=\"1903\" data-end=\"1947\">Creative ideas for using your biscuit jar<\/h4>\n<ul>\n<li data-start=\"1950\" data-end=\"2000\">Filled with homemade biscuits or chocolates<\/li>\n<li data-start=\"1950\" data-end=\"2000\">As a jar full of lucky notes with little messages<\/li>\n<li data-start=\"1950\" data-end=\"2000\">Decorated with tea lights as a table decoration<\/li>\n<li data-start=\"1950\" data-end=\"2000\">Als Vorratsglas in der K\u00fcche oder im S\u00fcssigkeitenschrank<\/li>\n<\/ul>\n<h4 data-start=\"2163\" data-end=\"2204\">High-quality, sustainable and durable<\/h4>\n<p data-start=\"2205\" data-end=\"2538\">Made of sturdy glass and equipped with a practical lid, the biscuit jar impresses with its quality and style. It is robust, hygienic, easy to clean and reusable. Not only are you giving a beautiful accessory as a gift, but also a sustainable product - an important aspect for many people today.<\/p>\n<h4 data-start=\"2540\" data-end=\"2586\">Your very personal Christmas present<\/h4>\n<p data-start=\"2587\" data-end=\"2825\">Surprise your loved ones with a personalised biscuit jar that creates memories and brings real joy. A gift that comes from the heart, can be used in a variety of ways and becomes something very special thanks to the engraving.<\/p>\n<p data-start=\"2827\" data-end=\"2967\">\ud83d\udc49 You can find more inspiration here: <a href=\"https:\/\/label2you.ch\/en\/product-category-2\/weihnachten\/\">Weitere Weihnachtsgeschenke <\/a>or on <a href=\"https:\/\/instagram.com\/label2you\" target=\"_blank\" rel=\"noopener\">Instagram<\/a><\/p>","protected":false},"excerpt":{"rendered":"<p>Ein personalisierbares Keksglas ist das ideale Weihnachtsgeschenk f\u00fcr Oma, Opa, Eltern, Gotti, G\u00f6tti oder enge Freunde. Mit diesem Geschenk \u00fcberreichst du nicht nur etwas Praktisches, sondern auch ein St\u00fcck Liebe und Wertsch\u00e4tzung.<\/p>","protected":false},"featured_media":5042,"comment_status":"open","ping_status":"closed","template":"","meta":[],"product_brand":[656],"product_cat":[658],"product_tag":[683,684,686,685,389],"class_list":{"0":"post-4937","1":"product","2":"type-product","3":"status-publish","4":"has-post-thumbnail","6":"product_brand-label2you","7":"product_cat-weihnachten","8":"product_tag-geschenkidee-weihnachten","9":"product_tag-keksglas","10":"product_tag-personalisiertes-weihnachtsgeschenk","11":"product_tag-weihanchtsgeschenk","12":"product_tag-weihnachten","13":"product_shipping_class-paketsendung","14":"","16":"first","17":"instock","18":"shipping-taxable","19":"purchasable","20":"product-type-simple"},"yoast_head":"<!-- This site is optimized with the Yoast SEO plugin v27.0 - https:\/\/yoast.com\/product\/yoast-seo-wordpress\/ -->\n<title>Personalisierbares Keksglas \u2013 Weihnachtsgeschenk | Label2you<\/title>\n<meta name=\"description\" content=\"personalisierbares Keksglas Weihnachtsgeschenk, ideal als Weihnachtsgeschenk f\u00fcr Oma, Opa, Eltern, Gotti, G\u00f6tti, Lehrer &amp; Freunde. Liebevoll &amp; einzigartig.\" \/>\n<meta name=\"robots\" content=\"index, follow, max-snippet:-1, max-image-preview:large, max-video-preview:-1\" \/>\n<link rel=\"canonical\" href=\"https:\/\/label2you.ch\/en\/shop-2\/personalised-biscuit-jar-christmas-present\/\" \/>\n<meta property=\"og:locale\" content=\"en_GB\" \/>\n<meta property=\"og:type\" content=\"article\" \/>\n<meta property=\"og:title\" content=\"Personalisierbares Keksglas \u2013 Weihnachtsgeschenk | Label2you\" \/>\n<meta property=\"og:description\" content=\"personalisierbares Keksglas Weihnachtsgeschenk, ideal als Weihnachtsgeschenk f\u00fcr Oma, Opa, Eltern, Gotti, G\u00f6tti, Lehrer &amp; Freunde. Liebevoll &amp; einzigartig.\" \/>\n<meta property=\"og:url\" content=\"https:\/\/label2you.ch\/en\/shop-2\/personalised-biscuit-jar-christmas-present\/\" \/>\n<meta property=\"og:site_name\" content=\"Label2you\" \/>\n<meta property=\"article:modified_time\" content=\"2025-09-24T06:14:02+00:00\" \/>\n<meta property=\"og:image\" content=\"https:\/\/label2you.ch\/wp-content\/uploads\/2025\/09\/Personalisiertes-Keksglas-als-Weihnachtsgeschenk.jpeg\" \/>\n\t<meta property=\"og:image:width\" content=\"1080\" \/>\n\t<meta property=\"og:image:height\" content=\"1620\" \/>\n\t<meta property=\"og:image:type\" content=\"image\/jpeg\" \/>\n<meta name=\"twitter:card\" content=\"summary_large_image\" \/>\n<meta name=\"twitter:label1\" content=\"Estimated reading time\" \/>\n\t<meta name=\"twitter:data1\" content=\"3 minutes\" \/>\n<script type=\"application\/ld+json\" class=\"yoast-schema-graph\">{\"@context\":\"https:\/\/schema.org\",\"@graph\":[{\"@type\":\"WebPage\",\"@id\":\"https:\/\/label2you.ch\/shop\/personalisierbares-keksglas-weihnachtsgeschenk\/\",\"url\":\"https:\/\/label2you.ch\/shop\/personalisierbares-keksglas-weihnachtsgeschenk\/\",\"name\":\"Personalisierbares Keksglas \u2013 Weihnachtsgeschenk | Label2you\",\"isPartOf\":{\"@id\":\"https:\/\/label2you.ch\/#website\"},\"primaryImageOfPage\":{\"@id\":\"https:\/\/label2you.ch\/shop\/personalisierbares-keksglas-weihnachtsgeschenk\/#primaryimage\"},\"image\":{\"@id\":\"https:\/\/label2you.ch\/shop\/personalisierbares-keksglas-weihnachtsgeschenk\/#primaryimage\"},\"thumbnailUrl\":\"https:\/\/label2you.ch\/wp-content\/uploads\/2025\/09\/Personalisiertes-Keksglas-als-Weihnachtsgeschenk.jpeg\",\"datePublished\":\"2025-09-11T15:56:08+00:00\",\"dateModified\":\"2025-09-24T06:14:02+00:00\",\"description\":\"personalisierbares Keksglas Weihnachtsgeschenk, ideal als Weihnachtsgeschenk f\u00fcr Oma, Opa, Eltern, Gotti, G\u00f6tti, Lehrer & Freunde. Liebevoll & einzigartig.\",\"breadcrumb\":{\"@id\":\"https:\/\/label2you.ch\/shop\/personalisierbares-keksglas-weihnachtsgeschenk\/#breadcrumb\"},\"inLanguage\":\"en-GB\",\"potentialAction\":[{\"@type\":\"ReadAction\",\"target\":[\"https:\/\/label2you.ch\/shop\/personalisierbares-keksglas-weihnachtsgeschenk\/\"]}]},{\"@type\":\"ImageObject\",\"inLanguage\":\"en-GB\",\"@id\":\"https:\/\/label2you.ch\/shop\/personalisierbares-keksglas-weihnachtsgeschenk\/#primaryimage\",\"url\":\"https:\/\/label2you.ch\/wp-content\/uploads\/2025\/09\/Personalisiertes-Keksglas-als-Weihnachtsgeschenk.jpeg\",\"contentUrl\":\"https:\/\/label2you.ch\/wp-content\/uploads\/2025\/09\/Personalisiertes-Keksglas-als-Weihnachtsgeschenk.jpeg\",\"width\":1080,\"height\":1620,\"caption\":\"\u00dcberrasche deine Liebsten mit einem personalisierten Keksglas, das nicht nur praktisch, sondern auch von Herzen kommt. Ideal als Weihnachtsgeschenk, f\u00fcr besondere Anl\u00e4sse oder einfach zwischendurch \u2013 mit deinem eigenen Text f\u00fcr eine pers\u00f6nliche Note.\"},{\"@type\":\"BreadcrumbList\",\"@id\":\"https:\/\/label2you.ch\/shop\/personalisierbares-keksglas-weihnachtsgeschenk\/#breadcrumb\",\"itemListElement\":[{\"@type\":\"ListItem\",\"position\":1,\"name\":\"Home\",\"item\":\"https:\/\/label2you.ch\/\"},{\"@type\":\"ListItem\",\"position\":2,\"name\":\"Shop\",\"item\":\"https:\/\/label2you.ch\/shop\/\"},{\"@type\":\"ListItem\",\"position\":3,\"name\":\"Personalisierbares Keksglas \u2013 Weihnachtsgeschenk\"}]},{\"@type\":\"WebSite\",\"@id\":\"https:\/\/label2you.ch\/#website\",\"url\":\"https:\/\/label2you.ch\/\",\"name\":\"Label2you\",\"description\":\"Personalisierte Baby- &amp; Kindergeschenke\",\"publisher\":{\"@id\":\"https:\/\/label2you.ch\/#organization\"},\"alternateName\":\"Label2you\",\"potentialAction\":[{\"@type\":\"SearchAction\",\"target\":{\"@type\":\"EntryPoint\",\"urlTemplate\":\"https:\/\/label2you.ch\/?s={search_term_string}\"},\"query-input\":{\"@type\":\"PropertyValueSpecification\",\"valueRequired\":true,\"valueName\":\"search_term_string\"}}],\"inLanguage\":\"en-GB\"},{\"@type\":\"Organization\",\"@id\":\"https:\/\/label2you.ch\/#organization\",\"name\":\"Label2you | Personalisierte Geschenke\",\"alternateName\":\"Label2you\",\"url\":\"https:\/\/label2you.ch\/\",\"logo\":{\"@type\":\"ImageObject\",\"inLanguage\":\"en-GB\",\"@id\":\"https:\/\/label2you.ch\/#\/schema\/logo\/image\/\",\"url\":\"https:\/\/label2you.ch\/wp-content\/uploads\/2023\/03\/logo.png\",\"contentUrl\":\"https:\/\/label2you.ch\/wp-content\/uploads\/2023\/03\/logo.png\",\"width\":300,\"height\":140,\"caption\":\"Label2you | Personalisierte Geschenke\"},\"image\":{\"@id\":\"https:\/\/label2you.ch\/#\/schema\/logo\/image\/\"},\"sameAs\":[\"https:\/\/www.instagram.com\/label2you\/?hl=de\",\"https:\/\/www.tiktok.com\/@label2you\"]}]}<\/script>\n<!-- \/ Yoast SEO plugin. -->","yoast_head_json":{"title":"Personalisable biscuit jar - Christmas gift | Label2you","description":"Personalisable Christmas biscuit jar, ideal as a Christmas present for grandma, grandpa, parents, godparents, teachers &amp; friends. Loving &amp; unique.","robots":{"index":"index","follow":"follow","max-snippet":"max-snippet:-1","max-image-preview":"max-image-preview:large","max-video-preview":"max-video-preview:-1"},"canonical":"https:\/\/label2you.ch\/en\/shop-2\/personalised-biscuit-jar-christmas-present\/","og_locale":"en_GB","og_type":"article","og_title":"Personalisierbares Keksglas \u2013 Weihnachtsgeschenk | Label2you","og_description":"personalisierbares Keksglas Weihnachtsgeschenk, ideal als Weihnachtsgeschenk f\u00fcr Oma, Opa, Eltern, Gotti, G\u00f6tti, Lehrer & Freunde. Liebevoll & einzigartig.","og_url":"https:\/\/label2you.ch\/en\/shop-2\/personalised-biscuit-jar-christmas-present\/","og_site_name":"Label2you","article_modified_time":"2025-09-24T06:14:02+00:00","og_image":[{"width":1080,"height":1620,"url":"https:\/\/label2you.ch\/wp-content\/uploads\/2025\/09\/Personalisiertes-Keksglas-als-Weihnachtsgeschenk.jpeg","type":"image\/jpeg"}],"twitter_card":"summary_large_image","twitter_misc":{"Estimated reading time":"3 minutes"},"schema":{"@context":"https:\/\/schema.org","@graph":[{"@type":"WebPage","@id":"https:\/\/label2you.ch\/shop\/personalisierbares-keksglas-weihnachtsgeschenk\/","url":"https:\/\/label2you.ch\/shop\/personalisierbares-keksglas-weihnachtsgeschenk\/","name":"Personalisable biscuit jar - Christmas gift | Label2you","isPartOf":{"@id":"https:\/\/label2you.ch\/#website"},"primaryImageOfPage":{"@id":"https:\/\/label2you.ch\/shop\/personalisierbares-keksglas-weihnachtsgeschenk\/#primaryimage"},"image":{"@id":"https:\/\/label2you.ch\/shop\/personalisierbares-keksglas-weihnachtsgeschenk\/#primaryimage"},"thumbnailUrl":"https:\/\/label2you.ch\/wp-content\/uploads\/2025\/09\/Personalisiertes-Keksglas-als-Weihnachtsgeschenk.jpeg","datePublished":"2025-09-11T15:56:08+00:00","dateModified":"2025-09-24T06:14:02+00:00","description":"Personalisable Christmas biscuit jar, ideal as a Christmas present for grandma, grandpa, parents, godparents, teachers &amp; friends. Loving &amp; unique.","breadcrumb":{"@id":"https:\/\/label2you.ch\/shop\/personalisierbares-keksglas-weihnachtsgeschenk\/#breadcrumb"},"inLanguage":"en-GB","potentialAction":[{"@type":"ReadAction","target":["https:\/\/label2you.ch\/shop\/personalisierbares-keksglas-weihnachtsgeschenk\/"]}]},{"@type":"ImageObject","inLanguage":"en-GB","@id":"https:\/\/label2you.ch\/shop\/personalisierbares-keksglas-weihnachtsgeschenk\/#primaryimage","url":"https:\/\/label2you.ch\/wp-content\/uploads\/2025\/09\/Personalisiertes-Keksglas-als-Weihnachtsgeschenk.jpeg","contentUrl":"https:\/\/label2you.ch\/wp-content\/uploads\/2025\/09\/Personalisiertes-Keksglas-als-Weihnachtsgeschenk.jpeg","width":1080,"height":1620,"caption":"\u00dcberrasche deine Liebsten mit einem personalisierten Keksglas, das nicht nur praktisch, sondern auch von Herzen kommt. Ideal als Weihnachtsgeschenk, f\u00fcr besondere Anl\u00e4sse oder einfach zwischendurch \u2013 mit deinem eigenen Text f\u00fcr eine pers\u00f6nliche Note."},{"@type":"BreadcrumbList","@id":"https:\/\/label2you.ch\/shop\/personalisierbares-keksglas-weihnachtsgeschenk\/#breadcrumb","itemListElement":[{"@type":"ListItem","position":1,"name":"Home","item":"https:\/\/label2you.ch\/"},{"@type":"ListItem","position":2,"name":"Shop","item":"https:\/\/label2you.ch\/shop\/"},{"@type":"ListItem","position":3,"name":"Personalisierbares Keksglas \u2013 Weihnachtsgeschenk"}]},{"@type":"WebSite","@id":"https:\/\/label2you.ch\/#website","url":"https:\/\/label2you.ch\/","name":"Label2you","description":"Personalised baby &amp; children's gifts","publisher":{"@id":"https:\/\/label2you.ch\/#organization"},"alternateName":"Label2you","potentialAction":[{"@type":"SearchAction","target":{"@type":"EntryPoint","urlTemplate":"https:\/\/label2you.ch\/?s={search_term_string}"},"query-input":{"@type":"PropertyValueSpecification","valueRequired":true,"valueName":"search_term_string"}}],"inLanguage":"en-GB"},{"@type":"Organization","@id":"https:\/\/label2you.ch\/#organization","name":"Label2you | Personalised gifts","alternateName":"Label2you","url":"https:\/\/label2you.ch\/","logo":{"@type":"ImageObject","inLanguage":"en-GB","@id":"https:\/\/label2you.ch\/#\/schema\/logo\/image\/","url":"https:\/\/label2you.ch\/wp-content\/uploads\/2023\/03\/logo.png","contentUrl":"https:\/\/label2you.ch\/wp-content\/uploads\/2023\/03\/logo.png","width":300,"height":140,"caption":"Label2you | Personalisierte Geschenke"},"image":{"@id":"https:\/\/label2you.ch\/#\/schema\/logo\/image\/"},"sameAs":["https:\/\/www.instagram.com\/label2you\/?hl=de","https:\/\/www.tiktok.com\/@label2you"]}]}},"jetpack_sharing_enabled":true,"_links":{"self":[{"href":"https:\/\/label2you.ch\/en\/wp-json\/wp\/v2\/product\/4937","targetHints":{"allow":["GET"]}}],"collection":[{"href":"https:\/\/label2you.ch\/en\/wp-json\/wp\/v2\/product"}],"about":[{"href":"https:\/\/label2you.ch\/en\/wp-json\/wp\/v2\/types\/product"}],"replies":[{"embeddable":true,"href":"https:\/\/label2you.ch\/en\/wp-json\/wp\/v2\/comments?post=4937"}],"wp:featuredmedia":[{"embeddable":true,"href":"https:\/\/label2you.ch\/en\/wp-json\/wp\/v2\/media\/5042"}],"wp:attachment":[{"href":"https:\/\/label2you.ch\/en\/wp-json\/wp\/v2\/media?parent=4937"}],"wp:term":[{"taxonomy":"product_brand","embeddable":true,"href":"https:\/\/label2you.ch\/en\/wp-json\/wp\/v2\/product_brand?post=4937"},{"taxonomy":"product_cat","embeddable":true,"href":"https:\/\/label2you.ch\/en\/wp-json\/wp\/v2\/product_cat?post=4937"},{"taxonomy":"product_tag","embeddable":true,"href":"https:\/\/label2you.ch\/en\/wp-json\/wp\/v2\/product_tag?post=4937"}],"curies":[{"name":"wp","href":"https:\/\/api.w.org\/{rel}","templated":true}]}}