{"id":5573,"date":"2026-02-03T10:41:54","date_gmt":"2026-02-03T09:41:54","guid":{"rendered":"https:\/\/label2you.ch\/?post_type=product&#038;p=5573"},"modified":"2026-02-04T17:32:25","modified_gmt":"2026-02-04T16:32:25","slug":"babybody-2026-bedruckt","status":"publish","type":"product","link":"https:\/\/label2you.ch\/en\/shop-2\/babybody-2026-bedruckt\/","title":{"rendered":"Babybody 2026 bedruckt"},"content":{"rendered":"<h2 data-start=\"0\" data-end=\"64\">Babybody 2026 bedruckt \u2013 die schoenste Nachricht zum Anziehen<\/h2>\n<p data-start=\"66\" data-end=\"593\">Du m\u00f6chtest Deine Schwangerschaft verk\u00fcnden oder suchst eine liebevolle Geschenkidee zur Geburt? Unser <strong data-start=\"169\" data-end=\"186\">Babybody 2026<\/strong> ist genau daf\u00fcr gemacht. Der Body ist mit \u201eBaby 2026\u201c bedruckt und bringt die Botschaft klar, modern und emotional auf den Punkt. Ob f\u00fcr werdende Eltern, Grosseltern oder als kleines Highlight im Geschenkpaket: Dieser <strong data-start=\"405\" data-end=\"423\">Baby 2026 Body<\/strong> sorgt f\u00fcr einen Moment, der in Erinnerung bleibt. Gleichzeitig passt das Design perfekt zu Suchanfragen wie <strong data-start=\"532\" data-end=\"549\">Babybody 2026<\/strong>, <strong data-start=\"551\" data-end=\"569\">Baby 2026 body<\/strong> and <strong data-start=\"574\" data-end=\"592\">Baby body 2026<\/strong>.<\/p>\n<h2 data-start=\"595\" data-end=\"642\">Schwangerschaft verk\u00fcnden mit einem Babybody<\/h2>\n<p data-start=\"644\" data-end=\"1007\">Manchmal sagt ein einziges Teil mehr als tausend Worte. Ein <strong data-start=\"704\" data-end=\"721\">Babybody 2026<\/strong> ist eine wundersch\u00f6ne Art, die Schwangerschaft zu verk\u00fcnden: als \u00dcberraschung beim Familienessen, als Geschenk f\u00fcr den Partner oder als liebevoller Reveal f\u00fcr Freunde. Der Aufdruck ist bewusst schlicht gehalten, damit die Nachricht im Mittelpunkt steht und auf Fotos richtig gut wirkt.<\/p>\n<h3 data-start=\"1009\" data-end=\"1036\">Ideen f\u00fcr Deinen Reveal &#8211; Babybody 2026<\/h3>\n<p data-start=\"1038\" data-end=\"1404\">Der Body ist sofort einsatzbereit f\u00fcr Fotos, Videos oder eine kleine Box mit Ultraschallbild, Babysch\u00fchchen und einem pers\u00f6nlichen K\u00e4rtchen. So wird aus einer einfachen Verk\u00fcndung ein echter G\u00e4nsehaut-Moment. Wenn Du nach \u201e<strong data-start=\"1261\" data-end=\"1290\">Announce pregnancy<\/strong>\u201c suchst, triffst Du mit diesem Produkt genau die passende Suchintention: emotional, klar und sofort verst\u00e4ndlich.<\/p>\n<h2 data-start=\"1406\" data-end=\"1458\">Babybody 2026 bedruckt \u2013 alltagstauglich und langlebig<\/h2>\n<p data-start=\"1460\" data-end=\"1866\">Ein Babybody soll nicht nur s\u00fcss aussehen, sondern sich auch gut anf\u00fchlen und den Alltag mitmachen. Darum achten wir auf angenehmen Tragekomfort und einen sauberen, haltbaren Druck. So bleibt Dein <strong data-start=\"1657\" data-end=\"1683\">Babybody 2026 bedruckt<\/strong> auch nach mehrmaligem Waschen sch\u00f6n und eignet sich sp\u00e4ter als Erinnerungsst\u00fcck f\u00fcr das erste Jahr. Perfekt auch als Geschenk zur Geburt 2026 oder als kleines Extra im Spitalt\u00e4schli.<\/p>\n<h2 data-start=\"1868\" data-end=\"1931\">Schneller Versand innerhalb der Schweiz: oft am n\u00e4chsten Tag<\/h2>\n<p data-start=\"1933\" data-end=\"2257\">Gerade bei einer Schwangerschaftsverk\u00fcndung z\u00e4hlt Timing. Dein Vorteil bei Label2You: <strong data-start=\"2019\" data-end=\"2046\">Bestellungen bis 16 Uhr<\/strong> werden direkt verarbeitet und innerhalb der Schweiz so versendet, dass sie <strong data-start=\"2122\" data-end=\"2147\">meist am n\u00e4chsten Tag<\/strong> bei Dir ankommen. Ideal, wenn Du kurzfristig ein Geschenk brauchst oder Dein Reveal nicht l\u00e4nger warten soll.<\/p>\n<h2 data-start=\"1733\" data-end=\"1771\">Noch mehr Inspiration und Einblicke<\/h2>\n<p data-start=\"1773\" data-end=\"2004\" data-is-last-node=\"\" data-is-only-node=\"\">Am Schluss: Wenn Du noch mehr Ideen suchst, schau unbedingt in unseren Blogbeitrag mit <a href=\"https:\/\/label2you.ch\/en\/personalisierte-babysocken\/\"><strong data-start=\"1860\" data-end=\"1900\">Ideen zur Schwangerschaftsverk\u00fcndung<\/strong><\/a> rein. Und f\u00fcr neue Designs, Kundenfotos und Aktionen findest Du uns auf Instagram unter <strong data-start=\"1989\" data-end=\"2003\">@<a href=\"https:\/\/www.instagram.com\/label2you\/?hl=de\">label2you<\/a><\/strong>.<\/p>","protected":false},"excerpt":{"rendered":"<p>Babybody 2026 bedruckt f\u00fcr die Schwangerschaftsverk\u00fcndung oder als Geschenk zur Geburt. Schneller Versand innerhalb der Schweiz: bis 16 Uhr bestellt, meist am n\u00e4chsten Tag da. Perfekt f\u00fcr Fotos, Reveal-Momente und Erinnerungen.<\/p>","protected":false},"featured_media":5582,"comment_status":"open","ping_status":"closed","template":"","meta":[],"product_brand":[656],"product_cat":[55,53],"product_tag":[],"class_list":{"0":"post-5573","1":"product","2":"type-product","3":"status-publish","4":"has-post-thumbnail","6":"product_brand-label2you","7":"product_cat-baby-bodys","8":"product_cat-schwangerschaft-verkuenden","9":"product_shipping_class-kleinwarensendung","10":"","12":"first","13":"instock","14":"shipping-taxable","15":"purchasable","16":"product-type-simple"},"yoast_head":"<!-- This site is optimized with the Yoast SEO plugin v27.0 - https:\/\/yoast.com\/product\/yoast-seo-wordpress\/ -->\n<title>Babybody 2026 bedruckt | Label2you<\/title>\n<meta name=\"description\" content=\"Babybody 2026 bedruckt f\u00fcr die Schwangerschaftsverk\u00fcndung. Versand in der Schweiz: bis 16 Uhr bestellt, meist am n\u00e4chsten Tag da.\" \/>\n<meta name=\"robots\" content=\"index, follow, max-snippet:-1, max-image-preview:large, max-video-preview:-1\" \/>\n<link rel=\"canonical\" href=\"https:\/\/label2you.ch\/en\/shop-2\/babybody-2026-bedruckt\/\" \/>\n<meta property=\"og:locale\" content=\"en_GB\" \/>\n<meta property=\"og:type\" content=\"article\" \/>\n<meta property=\"og:title\" content=\"Babybody 2026 bedruckt | Label2you\" \/>\n<meta property=\"og:description\" content=\"Babybody 2026 bedruckt f\u00fcr die Schwangerschaftsverk\u00fcndung. Versand in der Schweiz: bis 16 Uhr bestellt, meist am n\u00e4chsten Tag da.\" \/>\n<meta property=\"og:url\" content=\"https:\/\/label2you.ch\/en\/shop-2\/babybody-2026-bedruckt\/\" \/>\n<meta property=\"og:site_name\" content=\"Label2you\" \/>\n<meta property=\"article:modified_time\" content=\"2026-02-04T16:32:25+00:00\" \/>\n<meta property=\"og:image\" content=\"https:\/\/label2you.ch\/wp-content\/uploads\/2026\/02\/Baby.webp\" \/>\n\t<meta property=\"og:image:width\" content=\"1280\" \/>\n\t<meta property=\"og:image:height\" content=\"1280\" \/>\n\t<meta property=\"og:image:type\" content=\"image\/webp\" \/>\n<meta name=\"twitter:card\" content=\"summary_large_image\" \/>\n<meta name=\"twitter:label1\" content=\"Estimated reading time\" \/>\n\t<meta name=\"twitter:data1\" content=\"3 minutes\" \/>\n<script type=\"application\/ld+json\" class=\"yoast-schema-graph\">{\"@context\":\"https:\/\/schema.org\",\"@graph\":[{\"@type\":\"WebPage\",\"@id\":\"https:\/\/label2you.ch\/shop\/babybody-2026-bedruckt\/\",\"url\":\"https:\/\/label2you.ch\/shop\/babybody-2026-bedruckt\/\",\"name\":\"Babybody 2026 bedruckt | Label2you\",\"isPartOf\":{\"@id\":\"https:\/\/label2you.ch\/#website\"},\"primaryImageOfPage\":{\"@id\":\"https:\/\/label2you.ch\/shop\/babybody-2026-bedruckt\/#primaryimage\"},\"image\":{\"@id\":\"https:\/\/label2you.ch\/shop\/babybody-2026-bedruckt\/#primaryimage\"},\"thumbnailUrl\":\"https:\/\/label2you.ch\/wp-content\/uploads\/2026\/02\/Baby.webp\",\"datePublished\":\"2026-02-03T09:41:54+00:00\",\"dateModified\":\"2026-02-04T16:32:25+00:00\",\"description\":\"Babybody 2026 bedruckt f\u00fcr die Schwangerschaftsverk\u00fcndung. Versand in der Schweiz: bis 16 Uhr bestellt, meist am n\u00e4chsten Tag da.\",\"breadcrumb\":{\"@id\":\"https:\/\/label2you.ch\/shop\/babybody-2026-bedruckt\/#breadcrumb\"},\"inLanguage\":\"en-GB\",\"potentialAction\":[{\"@type\":\"ReadAction\",\"target\":[\"https:\/\/label2you.ch\/shop\/babybody-2026-bedruckt\/\"]}]},{\"@type\":\"ImageObject\",\"inLanguage\":\"en-GB\",\"@id\":\"https:\/\/label2you.ch\/shop\/babybody-2026-bedruckt\/#primaryimage\",\"url\":\"https:\/\/label2you.ch\/wp-content\/uploads\/2026\/02\/Baby.webp\",\"contentUrl\":\"https:\/\/label2you.ch\/wp-content\/uploads\/2026\/02\/Baby.webp\",\"width\":1280,\"height\":1280,\"caption\":\"Schwangerschaftsverk\u00fcndung in der Schweiz \u2013 bis 16 Uhr bestellt, meist am n\u00e4chsten Tag da.\"},{\"@type\":\"BreadcrumbList\",\"@id\":\"https:\/\/label2you.ch\/shop\/babybody-2026-bedruckt\/#breadcrumb\",\"itemListElement\":[{\"@type\":\"ListItem\",\"position\":1,\"name\":\"Home\",\"item\":\"https:\/\/label2you.ch\/\"},{\"@type\":\"ListItem\",\"position\":2,\"name\":\"Shop\",\"item\":\"https:\/\/label2you.ch\/shop\/\"},{\"@type\":\"ListItem\",\"position\":3,\"name\":\"Babybody 2026 bedruckt\"}]},{\"@type\":\"WebSite\",\"@id\":\"https:\/\/label2you.ch\/#website\",\"url\":\"https:\/\/label2you.ch\/\",\"name\":\"Label2you\",\"description\":\"Personalisierte Baby- &amp; Kindergeschenke\",\"publisher\":{\"@id\":\"https:\/\/label2you.ch\/#organization\"},\"alternateName\":\"Label2you\",\"potentialAction\":[{\"@type\":\"SearchAction\",\"target\":{\"@type\":\"EntryPoint\",\"urlTemplate\":\"https:\/\/label2you.ch\/?s={search_term_string}\"},\"query-input\":{\"@type\":\"PropertyValueSpecification\",\"valueRequired\":true,\"valueName\":\"search_term_string\"}}],\"inLanguage\":\"en-GB\"},{\"@type\":\"Organization\",\"@id\":\"https:\/\/label2you.ch\/#organization\",\"name\":\"Label2you | Personalisierte Geschenke\",\"alternateName\":\"Label2you\",\"url\":\"https:\/\/label2you.ch\/\",\"logo\":{\"@type\":\"ImageObject\",\"inLanguage\":\"en-GB\",\"@id\":\"https:\/\/label2you.ch\/#\/schema\/logo\/image\/\",\"url\":\"https:\/\/label2you.ch\/wp-content\/uploads\/2023\/03\/logo.png\",\"contentUrl\":\"https:\/\/label2you.ch\/wp-content\/uploads\/2023\/03\/logo.png\",\"width\":300,\"height\":140,\"caption\":\"Label2you | Personalisierte Geschenke\"},\"image\":{\"@id\":\"https:\/\/label2you.ch\/#\/schema\/logo\/image\/\"},\"sameAs\":[\"https:\/\/www.instagram.com\/label2you\/?hl=de\",\"https:\/\/www.tiktok.com\/@label2you\"]}]}<\/script>\n<!-- \/ Yoast SEO plugin. -->","yoast_head_json":{"title":"Babybody 2026 bedruckt | Label2you","description":"Babybody 2026 bedruckt f\u00fcr die Schwangerschaftsverk\u00fcndung. Versand in der Schweiz: bis 16 Uhr bestellt, meist am n\u00e4chsten Tag da.","robots":{"index":"index","follow":"follow","max-snippet":"max-snippet:-1","max-image-preview":"max-image-preview:large","max-video-preview":"max-video-preview:-1"},"canonical":"https:\/\/label2you.ch\/en\/shop-2\/babybody-2026-bedruckt\/","og_locale":"en_GB","og_type":"article","og_title":"Babybody 2026 bedruckt | Label2you","og_description":"Babybody 2026 bedruckt f\u00fcr die Schwangerschaftsverk\u00fcndung. Versand in der Schweiz: bis 16 Uhr bestellt, meist am n\u00e4chsten Tag da.","og_url":"https:\/\/label2you.ch\/en\/shop-2\/babybody-2026-bedruckt\/","og_site_name":"Label2you","article_modified_time":"2026-02-04T16:32:25+00:00","og_image":[{"width":1280,"height":1280,"url":"https:\/\/label2you.ch\/wp-content\/uploads\/2026\/02\/Baby.webp","type":"image\/webp"}],"twitter_card":"summary_large_image","twitter_misc":{"Estimated reading time":"3 minutes"},"schema":{"@context":"https:\/\/schema.org","@graph":[{"@type":"WebPage","@id":"https:\/\/label2you.ch\/shop\/babybody-2026-bedruckt\/","url":"https:\/\/label2you.ch\/shop\/babybody-2026-bedruckt\/","name":"Babybody 2026 bedruckt | Label2you","isPartOf":{"@id":"https:\/\/label2you.ch\/#website"},"primaryImageOfPage":{"@id":"https:\/\/label2you.ch\/shop\/babybody-2026-bedruckt\/#primaryimage"},"image":{"@id":"https:\/\/label2you.ch\/shop\/babybody-2026-bedruckt\/#primaryimage"},"thumbnailUrl":"https:\/\/label2you.ch\/wp-content\/uploads\/2026\/02\/Baby.webp","datePublished":"2026-02-03T09:41:54+00:00","dateModified":"2026-02-04T16:32:25+00:00","description":"Babybody 2026 bedruckt f\u00fcr die Schwangerschaftsverk\u00fcndung. Versand in der Schweiz: bis 16 Uhr bestellt, meist am n\u00e4chsten Tag da.","breadcrumb":{"@id":"https:\/\/label2you.ch\/shop\/babybody-2026-bedruckt\/#breadcrumb"},"inLanguage":"en-GB","potentialAction":[{"@type":"ReadAction","target":["https:\/\/label2you.ch\/shop\/babybody-2026-bedruckt\/"]}]},{"@type":"ImageObject","inLanguage":"en-GB","@id":"https:\/\/label2you.ch\/shop\/babybody-2026-bedruckt\/#primaryimage","url":"https:\/\/label2you.ch\/wp-content\/uploads\/2026\/02\/Baby.webp","contentUrl":"https:\/\/label2you.ch\/wp-content\/uploads\/2026\/02\/Baby.webp","width":1280,"height":1280,"caption":"Schwangerschaftsverk\u00fcndung in der Schweiz \u2013 bis 16 Uhr bestellt, meist am n\u00e4chsten Tag da."},{"@type":"BreadcrumbList","@id":"https:\/\/label2you.ch\/shop\/babybody-2026-bedruckt\/#breadcrumb","itemListElement":[{"@type":"ListItem","position":1,"name":"Home","item":"https:\/\/label2you.ch\/"},{"@type":"ListItem","position":2,"name":"Shop","item":"https:\/\/label2you.ch\/shop\/"},{"@type":"ListItem","position":3,"name":"Babybody 2026 bedruckt"}]},{"@type":"WebSite","@id":"https:\/\/label2you.ch\/#website","url":"https:\/\/label2you.ch\/","name":"Label2you","description":"Personalised baby &amp; children's gifts","publisher":{"@id":"https:\/\/label2you.ch\/#organization"},"alternateName":"Label2you","potentialAction":[{"@type":"SearchAction","target":{"@type":"EntryPoint","urlTemplate":"https:\/\/label2you.ch\/?s={search_term_string}"},"query-input":{"@type":"PropertyValueSpecification","valueRequired":true,"valueName":"search_term_string"}}],"inLanguage":"en-GB"},{"@type":"Organization","@id":"https:\/\/label2you.ch\/#organization","name":"Label2you | Personalised gifts","alternateName":"Label2you","url":"https:\/\/label2you.ch\/","logo":{"@type":"ImageObject","inLanguage":"en-GB","@id":"https:\/\/label2you.ch\/#\/schema\/logo\/image\/","url":"https:\/\/label2you.ch\/wp-content\/uploads\/2023\/03\/logo.png","contentUrl":"https:\/\/label2you.ch\/wp-content\/uploads\/2023\/03\/logo.png","width":300,"height":140,"caption":"Label2you | Personalisierte Geschenke"},"image":{"@id":"https:\/\/label2you.ch\/#\/schema\/logo\/image\/"},"sameAs":["https:\/\/www.instagram.com\/label2you\/?hl=de","https:\/\/www.tiktok.com\/@label2you"]}]}},"jetpack_sharing_enabled":true,"_links":{"self":[{"href":"https:\/\/label2you.ch\/en\/wp-json\/wp\/v2\/product\/5573","targetHints":{"allow":["GET"]}}],"collection":[{"href":"https:\/\/label2you.ch\/en\/wp-json\/wp\/v2\/product"}],"about":[{"href":"https:\/\/label2you.ch\/en\/wp-json\/wp\/v2\/types\/product"}],"replies":[{"embeddable":true,"href":"https:\/\/label2you.ch\/en\/wp-json\/wp\/v2\/comments?post=5573"}],"wp:featuredmedia":[{"embeddable":true,"href":"https:\/\/label2you.ch\/en\/wp-json\/wp\/v2\/media\/5582"}],"wp:attachment":[{"href":"https:\/\/label2you.ch\/en\/wp-json\/wp\/v2\/media?parent=5573"}],"wp:term":[{"taxonomy":"product_brand","embeddable":true,"href":"https:\/\/label2you.ch\/en\/wp-json\/wp\/v2\/product_brand?post=5573"},{"taxonomy":"product_cat","embeddable":true,"href":"https:\/\/label2you.ch\/en\/wp-json\/wp\/v2\/product_cat?post=5573"},{"taxonomy":"product_tag","embeddable":true,"href":"https:\/\/label2you.ch\/en\/wp-json\/wp\/v2\/product_tag?post=5573"}],"curies":[{"name":"wp","href":"https:\/\/api.w.org\/{rel}","templated":true}]}}