{"id":315,"date":"2018-06-01T08:19:56","date_gmt":"2018-06-01T08:19:56","guid":{"rendered":"http:\/\/demo2.drfuri.com\/supro\/?page_id=315"},"modified":"2024-11-20T13:51:42","modified_gmt":"2024-11-20T12:51:42","slug":"faqs","status":"publish","type":"page","link":"https:\/\/label2you.ch\/sq\/faqs\/","title":{"rendered":"FAQs"},"content":{"rendered":"<div class=\"wpb-content-wrapper\"><div class=\"vc_row wpb_row vc_row-fluid\"><div class=\"container\"><div class=\"row\"><div class=\"wpb_column vc_column_container vc_col-sm-12\"><div class=\"vc_column-inner\"><div class=\"wpb_wrapper\"><div class=\"supro-empty-space\" style=\"\"><div class=\"supro_empty_space_lg\"  style=\"height: 80px\"><\/div><div class=\"supro_empty_space_md\"  style=\"height: 50px\"><\/div><div class=\"supro_empty_space_xs\"  style=\"height: 50px\"><\/div><\/div><\/div><\/div><\/div><\/div><\/div><\/div><div class=\"vc_row wpb_row vc_row-fluid\"><div class=\"container\"><div class=\"row\"><div class=\"wpb_column vc_column_container vc_col-sm-12\"><div class=\"vc_column-inner\"><div class=\"wpb_wrapper\"><div class=\"supro-faq_group\"><div class=\"row\"><div class=\"col-gtitle col-md-3 col-sm-3 col-xs-12\"><h2 class=\"g-title\">Lieferung<\/h2><\/div> <div class=\"col-md-9 col-sm-9 col-xs-12\"> <div class=\"row\"> <div class=\"faq-item\"> <div class=\"col-title col-md-5 col-sm-5 col-xs-12\"> <h3 class=\"title\">Wie lange dauert die Lieferung?<\/h3><\/div> <div class=\"col-md-7 col-sm-7 col-xs-12\"> <div class=\"desc\">Schwangerschaftsverk\u00fcndungen werden so schnell wie m\u00f6glich versendet. In der Regel nach 2-3 Arbeitstagen. \n\nDie Lieferung f\u00fcr alle weiteren Produkte innerhalb der Schweiz dauert ca. 5-10 Werktage.\nDie Lieferung f\u00fcr alle Produkte nach Deutschland und \u00d6sterreich dauert ca. 5-10 Werktage. \nExpressbestellungen k\u00f6nnen gerne auf Instagram: Label2you oder per e-Mail an info@label2you.ch angefragt werden.<\/div><\/div> <\/div> <\/div> <\/div><\/div><\/div><div class=\"supro-empty-space\" style=\"\"><div class=\"supro_empty_space_lg\"  style=\"height: 30px\"><\/div><div class=\"supro_empty_space_md\"  style=\"height: 0px\"><\/div><div class=\"supro_empty_space_xs\"  style=\"height: 0px\"><\/div><\/div><div class=\"vc_separator wpb_content_element vc_separator_align_center vc_sep_width_100 vc_sep_pos_align_center vc_separator_no_text wpb_content_element  wpb_content_element\" ><span class=\"vc_sep_holder vc_sep_holder_l\"><span style=\"border-color:#eaeaea;\" class=\"vc_sep_line\"><\/span><\/span><span class=\"vc_sep_holder vc_sep_holder_r\"><span style=\"border-color:#eaeaea;\" class=\"vc_sep_line\"><\/span><\/span>\n<\/div><div class=\"supro-empty-space\" style=\"\"><div class=\"supro_empty_space_lg\"  style=\"height: 80px\"><\/div><div class=\"supro_empty_space_md\"  style=\"height: 50px\"><\/div><div class=\"supro_empty_space_xs\"  style=\"height: 50px\"><\/div><\/div><\/div><\/div><\/div><\/div><\/div><\/div><div class=\"vc_row wpb_row vc_row-fluid\"><div class=\"container\"><div class=\"row\"><div class=\"wpb_column vc_column_container vc_col-sm-12\"><div class=\"vc_column-inner\"><div class=\"wpb_wrapper\"><div class=\"supro-faq_group\"><div class=\"row\"><div class=\"col-gtitle col-md-3 col-sm-3 col-xs-12\"><h2 class=\"g-title\">Zahlungsm\u00f6glichkeit<\/h2><\/div> <div class=\"col-md-9 col-sm-9 col-xs-12\"> <div class=\"row\"> <div class=\"faq-item\"> <div class=\"col-title col-md-5 col-sm-5 col-xs-12\"> <h3 class=\"title\">Wie kann ich bezahlen?<\/h3><\/div> <div class=\"col-md-7 col-sm-7 col-xs-12\"> <div class=\"desc\">Wir bieten folgende Zahlungsanbieter an:\nTWINT, Paypal, Mastercard, Visa und Bank\u00fcberweisung<\/div><\/div> <\/div> <\/div> <\/div><\/div><\/div><div class=\"supro-empty-space\" style=\"\"><div class=\"supro_empty_space_lg\"  style=\"height: 30px\"><\/div><div class=\"supro_empty_space_md\"  style=\"height: 0px\"><\/div><div class=\"supro_empty_space_xs\"  style=\"height: 0px\"><\/div><\/div><div class=\"vc_separator wpb_content_element vc_separator_align_center vc_sep_width_100 vc_sep_pos_align_center vc_separator_no_text wpb_content_element  wpb_content_element\" ><span class=\"vc_sep_holder vc_sep_holder_l\"><span style=\"border-color:#eaeaea;\" class=\"vc_sep_line\"><\/span><\/span><span class=\"vc_sep_holder vc_sep_holder_r\"><span style=\"border-color:#eaeaea;\" class=\"vc_sep_line\"><\/span><\/span>\n<\/div><div class=\"supro-empty-space\" style=\"\"><div class=\"supro_empty_space_lg\"  style=\"height: 80px\"><\/div><div class=\"supro_empty_space_md\"  style=\"height: 50px\"><\/div><div class=\"supro_empty_space_xs\"  style=\"height: 50px\"><\/div><\/div><\/div><\/div><\/div><\/div><\/div><\/div><div class=\"vc_row wpb_row vc_row-fluid\"><div class=\"container\"><div class=\"row\"><div class=\"wpb_column vc_column_container vc_col-sm-12\"><div class=\"vc_column-inner\"><div class=\"wpb_wrapper\"><div class=\"supro-faq_group\"><div class=\"row\"><div class=\"col-gtitle col-md-3 col-sm-3 col-xs-12\"><h2 class=\"g-title\">R\u00fcckgabe von Produkten<\/h2><\/div> <div class=\"col-md-9 col-sm-9 col-xs-12\"> <div class=\"row\"> <div class=\"faq-item\"> <div class=\"col-title col-md-5 col-sm-5 col-xs-12\"> <h3 class=\"title\">Kann ich mein bestelltes Produkt zur\u00fcckschicken?<\/h3><\/div> <div class=\"col-md-7 col-sm-7 col-xs-12\"> <div class=\"desc\">Grunds\u00e4tzlich k\u00f6nnen unsere Produkte nicht zur\u00fcckgesendet werden. Ist jedoch ein Artikel besch\u00e4digt oder weist Fehler auf, nehmen wir diesen nat\u00fcrlich zur\u00fcck und werden allenfalls den Kaufbetrag zur\u00fcckerstatten oder eine Ersatzlieferung vornehmen. \nAnfragen f\u00fcr R\u00fccksendungen bitte \u00fcber Instagram: Label2you oder per e-Mail an info@label2you.ch vornehmen.\n<\/div><\/div> <\/div> <\/div> <\/div><\/div><\/div><div class=\"supro-empty-space\" style=\"\"><div class=\"supro_empty_space_lg\"  style=\"height: 30px\"><\/div><div class=\"supro_empty_space_md\"  style=\"height: 0px\"><\/div><div class=\"supro_empty_space_xs\"  style=\"height: 0px\"><\/div><\/div><div class=\"vc_separator wpb_content_element vc_separator_align_center vc_sep_width_100 vc_sep_pos_align_center vc_separator_no_text wpb_content_element  wpb_content_element\" ><span class=\"vc_sep_holder vc_sep_holder_l\"><span style=\"border-color:#eaeaea;\" class=\"vc_sep_line\"><\/span><\/span><span class=\"vc_sep_holder vc_sep_holder_r\"><span style=\"border-color:#eaeaea;\" class=\"vc_sep_line\"><\/span><\/span>\n<\/div><div class=\"supro-empty-space\" style=\"\"><div class=\"supro_empty_space_lg\"  style=\"height: 125px\"><\/div><div class=\"supro_empty_space_md\"  style=\"height: 80px\"><\/div><div class=\"supro_empty_space_xs\"  style=\"height: 50px\"><\/div><\/div><\/div><\/div><\/div><\/div><\/div><\/div><div class=\"vc_row wpb_row vc_row-fluid\"><div class=\"container\"><div class=\"row\"><div class=\"wpb_column vc_column_container vc_col-sm-12\"><div class=\"vc_column-inner\"><div class=\"wpb_wrapper\">\n\t<div class=\"wpb_text_column wpb_content_element\" >\n\t\t<div class=\"wpb_wrapper\">\n\t\t\t<div class=\"text-center\" style=\"font-size: 30px; color: #000000; text-align: center;\">Hast du Fragen oder Anliegen?<\/div>\n<div style=\"text-align: center;\">Wir helfen dir so schnell es geht.<\/div>\n<div style=\"text-align: center;\">Kontaktiere uns jetzt \u00fcber <a href=\"https:\/\/www.instagram.com\/label2you\/?hl=de\">Instagram<\/a> oder schreibe uns eine e-Mail an: <a href=\"mailto:info@label2you.ch\">info@label2you.ch<\/a><\/div>\n\n\t\t<\/div>\n\t<\/div>\n<\/div><\/div><\/div><\/div><\/div><\/div><div class=\"vc_row wpb_row vc_row-fluid\"><div class=\"container\"><div class=\"row\"><div class=\"wpb_column vc_column_container vc_col-sm-12\"><div class=\"vc_column-inner\"><div class=\"wpb_wrapper\"><div class=\"supro-empty-space\" style=\"\"><div class=\"supro_empty_space_lg\"  style=\"height: 175px\"><\/div><div class=\"supro_empty_space_md\"  style=\"height: 120px\"><\/div><div class=\"supro_empty_space_xs\"  style=\"height: 60px\"><\/div><\/div><\/div><\/div><\/div><\/div><\/div><\/div>\n<\/div>","protected":false},"excerpt":{"rendered":"Lieferung Wie lange dauert die Lieferung? Schwangerschaftsverk\u00fcndungen werden so schnell wie m\u00f6glich versendet. In der Regel nach 2-3 Arbeitstagen. Die Lieferung f\u00fcr alle weiteren Produkte innerhalb der Schweiz dauert ca. 5-10 Werktage. Die Lieferung f\u00fcr alle Produkte nach Deutschland und \u00d6sterreich dauert ca. 5-10 Werktage. Expressbestellungen k\u00f6nnen gerne auf Instagram: Label2you oder per e-Mail an [...]","protected":false},"author":1,"featured_media":0,"parent":0,"menu_order":0,"comment_status":"closed","ping_status":"closed","template":"template-fullwidth.php","meta":{"footnotes":""},"class_list":["post-315","page","type-page","status-publish","hentry","no-thumb"],"yoast_head":"<!-- This site is optimized with the Yoast SEO plugin v27.0 - https:\/\/yoast.com\/product\/yoast-seo-wordpress\/ -->\n<title>FAQs | Label2you<\/title>\n<meta name=\"description\" content=\"Wie lange dauert die Lieferung? Wie kann ich bezahlen? Kann ich mein bestelltes Produkt zur\u00fcckschicken? Deine Fragen beantwortet!\" \/>\n<meta name=\"robots\" content=\"index, follow, max-snippet:-1, max-image-preview:large, max-video-preview:-1\" \/>\n<link rel=\"canonical\" href=\"https:\/\/label2you.ch\/sq\/faqs\/\" \/>\n<meta property=\"og:locale\" content=\"sq_AL\" \/>\n<meta property=\"og:type\" content=\"article\" \/>\n<meta property=\"og:title\" content=\"FAQs | Label2you\" \/>\n<meta property=\"og:description\" content=\"Wie lange dauert die Lieferung? Wie kann ich bezahlen? Kann ich mein bestelltes Produkt zur\u00fcckschicken? Deine Fragen beantwortet!\" \/>\n<meta property=\"og:url\" content=\"https:\/\/label2you.ch\/sq\/faqs\/\" \/>\n<meta property=\"og:site_name\" content=\"Label2you\" \/>\n<meta property=\"article:modified_time\" content=\"2024-11-20T12:51:42+00:00\" \/>\n<meta name=\"twitter:card\" content=\"summary_large_image\" \/>\n<meta name=\"twitter:label1\" content=\"Est. reading time\" \/>\n\t<meta name=\"twitter:data1\" content=\"1 minut\u00eb\" \/>\n<script type=\"application\/ld+json\" class=\"yoast-schema-graph\">{\"@context\":\"https:\/\/schema.org\",\"@graph\":[{\"@type\":\"WebPage\",\"@id\":\"https:\/\/label2you.ch\/faqs\/\",\"url\":\"https:\/\/label2you.ch\/faqs\/\",\"name\":\"FAQs | Label2you\",\"isPartOf\":{\"@id\":\"https:\/\/label2you.ch\/#website\"},\"datePublished\":\"2018-06-01T08:19:56+00:00\",\"dateModified\":\"2024-11-20T12:51:42+00:00\",\"description\":\"Wie lange dauert die Lieferung? Wie kann ich bezahlen? Kann ich mein bestelltes Produkt zur\u00fcckschicken? Deine Fragen beantwortet!\",\"breadcrumb\":{\"@id\":\"https:\/\/label2you.ch\/faqs\/#breadcrumb\"},\"inLanguage\":\"sq\",\"potentialAction\":[{\"@type\":\"ReadAction\",\"target\":[\"https:\/\/label2you.ch\/faqs\/\"]}]},{\"@type\":\"BreadcrumbList\",\"@id\":\"https:\/\/label2you.ch\/faqs\/#breadcrumb\",\"itemListElement\":[{\"@type\":\"ListItem\",\"position\":1,\"name\":\"Home\",\"item\":\"https:\/\/label2you.ch\/\"},{\"@type\":\"ListItem\",\"position\":2,\"name\":\"FAQs\"}]},{\"@type\":\"WebSite\",\"@id\":\"https:\/\/label2you.ch\/#website\",\"url\":\"https:\/\/label2you.ch\/\",\"name\":\"Label2you\",\"description\":\"Personalisierte Baby- &amp; Kindergeschenke\",\"publisher\":{\"@id\":\"https:\/\/label2you.ch\/#organization\"},\"alternateName\":\"Label2you\",\"potentialAction\":[{\"@type\":\"SearchAction\",\"target\":{\"@type\":\"EntryPoint\",\"urlTemplate\":\"https:\/\/label2you.ch\/?s={search_term_string}\"},\"query-input\":{\"@type\":\"PropertyValueSpecification\",\"valueRequired\":true,\"valueName\":\"search_term_string\"}}],\"inLanguage\":\"sq\"},{\"@type\":\"Organization\",\"@id\":\"https:\/\/label2you.ch\/#organization\",\"name\":\"Label2you | Personalisierte Geschenke\",\"alternateName\":\"Label2you\",\"url\":\"https:\/\/label2you.ch\/\",\"logo\":{\"@type\":\"ImageObject\",\"inLanguage\":\"sq\",\"@id\":\"https:\/\/label2you.ch\/#\/schema\/logo\/image\/\",\"url\":\"https:\/\/label2you.ch\/wp-content\/uploads\/2023\/03\/logo.png\",\"contentUrl\":\"https:\/\/label2you.ch\/wp-content\/uploads\/2023\/03\/logo.png\",\"width\":300,\"height\":140,\"caption\":\"Label2you | Personalisierte Geschenke\"},\"image\":{\"@id\":\"https:\/\/label2you.ch\/#\/schema\/logo\/image\/\"},\"sameAs\":[\"https:\/\/www.instagram.com\/label2you\/?hl=de\",\"https:\/\/www.tiktok.com\/@label2you\"]}]}<\/script>\n<!-- \/ Yoast SEO plugin. -->","yoast_head_json":{"title":"FAQs | Label2you","description":"Wie lange dauert die Lieferung? Wie kann ich bezahlen? Kann ich mein bestelltes Produkt zur\u00fcckschicken? Deine Fragen beantwortet!","robots":{"index":"index","follow":"follow","max-snippet":"max-snippet:-1","max-image-preview":"max-image-preview:large","max-video-preview":"max-video-preview:-1"},"canonical":"https:\/\/label2you.ch\/sq\/faqs\/","og_locale":"sq_AL","og_type":"article","og_title":"FAQs | Label2you","og_description":"Wie lange dauert die Lieferung? Wie kann ich bezahlen? Kann ich mein bestelltes Produkt zur\u00fcckschicken? Deine Fragen beantwortet!","og_url":"https:\/\/label2you.ch\/sq\/faqs\/","og_site_name":"Label2you","article_modified_time":"2024-11-20T12:51:42+00:00","twitter_card":"summary_large_image","twitter_misc":{"Est. reading time":"1 minut\u00eb"},"schema":{"@context":"https:\/\/schema.org","@graph":[{"@type":"WebPage","@id":"https:\/\/label2you.ch\/faqs\/","url":"https:\/\/label2you.ch\/faqs\/","name":"FAQs | Label2you","isPartOf":{"@id":"https:\/\/label2you.ch\/#website"},"datePublished":"2018-06-01T08:19:56+00:00","dateModified":"2024-11-20T12:51:42+00:00","description":"Wie lange dauert die Lieferung? Wie kann ich bezahlen? Kann ich mein bestelltes Produkt zur\u00fcckschicken? Deine Fragen beantwortet!","breadcrumb":{"@id":"https:\/\/label2you.ch\/faqs\/#breadcrumb"},"inLanguage":"sq","potentialAction":[{"@type":"ReadAction","target":["https:\/\/label2you.ch\/faqs\/"]}]},{"@type":"BreadcrumbList","@id":"https:\/\/label2you.ch\/faqs\/#breadcrumb","itemListElement":[{"@type":"ListItem","position":1,"name":"Home","item":"https:\/\/label2you.ch\/"},{"@type":"ListItem","position":2,"name":"FAQs"}]},{"@type":"WebSite","@id":"https:\/\/label2you.ch\/#website","url":"https:\/\/label2you.ch\/","name":"Label2you","description":"Personalisierte Baby- &amp; Kindergeschenke","publisher":{"@id":"https:\/\/label2you.ch\/#organization"},"alternateName":"Label2you","potentialAction":[{"@type":"SearchAction","target":{"@type":"EntryPoint","urlTemplate":"https:\/\/label2you.ch\/?s={search_term_string}"},"query-input":{"@type":"PropertyValueSpecification","valueRequired":true,"valueName":"search_term_string"}}],"inLanguage":"sq"},{"@type":"Organization","@id":"https:\/\/label2you.ch\/#organization","name":"Label2you | Personalisierte Geschenke","alternateName":"Label2you","url":"https:\/\/label2you.ch\/","logo":{"@type":"ImageObject","inLanguage":"sq","@id":"https:\/\/label2you.ch\/#\/schema\/logo\/image\/","url":"https:\/\/label2you.ch\/wp-content\/uploads\/2023\/03\/logo.png","contentUrl":"https:\/\/label2you.ch\/wp-content\/uploads\/2023\/03\/logo.png","width":300,"height":140,"caption":"Label2you | Personalisierte Geschenke"},"image":{"@id":"https:\/\/label2you.ch\/#\/schema\/logo\/image\/"},"sameAs":["https:\/\/www.instagram.com\/label2you\/?hl=de","https:\/\/www.tiktok.com\/@label2you"]}]}},"jetpack_sharing_enabled":true,"_links":{"self":[{"href":"https:\/\/label2you.ch\/sq\/wp-json\/wp\/v2\/pages\/315","targetHints":{"allow":["GET"]}}],"collection":[{"href":"https:\/\/label2you.ch\/sq\/wp-json\/wp\/v2\/pages"}],"about":[{"href":"https:\/\/label2you.ch\/sq\/wp-json\/wp\/v2\/types\/page"}],"author":[{"embeddable":true,"href":"https:\/\/label2you.ch\/sq\/wp-json\/wp\/v2\/users\/1"}],"replies":[{"embeddable":true,"href":"https:\/\/label2you.ch\/sq\/wp-json\/wp\/v2\/comments?post=315"}],"version-history":[{"count":8,"href":"https:\/\/label2you.ch\/sq\/wp-json\/wp\/v2\/pages\/315\/revisions"}],"predecessor-version":[{"id":4009,"href":"https:\/\/label2you.ch\/sq\/wp-json\/wp\/v2\/pages\/315\/revisions\/4009"}],"wp:attachment":[{"href":"https:\/\/label2you.ch\/sq\/wp-json\/wp\/v2\/media?parent=315"}],"curies":[{"name":"wp","href":"https:\/\/api.w.org\/{rel}","templated":true}]}}