{"id":1243,"date":"2023-03-20T14:12:31","date_gmt":"2023-03-20T13:12:31","guid":{"rendered":"https:\/\/label2you.ch\/?post_type=product&#038;p=1243"},"modified":"2026-02-04T17:58:56","modified_gmt":"2026-02-04T16:58:56","slug":"personalisierter-babybody","status":"publish","type":"product","link":"https:\/\/label2you.ch\/sq\/shop\/personalisierter-babybody\/","title":{"rendered":"Personalisierter Babybody"},"content":{"rendered":"<h2 data-start=\"324\" data-end=\"383\">Personalisierter Babybody \u2013 Dein Stil, deine Botschaft<\/h2>\n<p data-start=\"385\" data-end=\"653\">Ein Babybody personalisiert ist mehr als nur ein Kleidungsst\u00fcck \u2013 er ist ein Ausdruck deiner Liebe, Kreativit\u00e4t und Individualit\u00e4t. Mit deinem Wunschtext wie \u201eHallo Papa\u201c, \u201eDu wirst Papa\u201c oder dem Namen deines Babys wird jeder Body zu einem einzigartigen Unikat.<\/p>\n<p data-start=\"655\" data-end=\"806\">So kannst du schon fr\u00fch zeigen, wie besonders dein kleiner Schatz ist \u2013 ob im Alltag, beim Fotoshooting oder als kreative Schwangerschaftsverk\u00fcndung.<\/p>\n<h2 data-start=\"808\" data-end=\"842\">Ein Body, viele M\u00f6glichkeiten<\/h2>\n<p data-start=\"844\" data-end=\"1036\">Ein personalisierter Babybody l\u00e4sst sich ganz nach deinen Vorstellungen gestalten. Dein Wunschtext kann den Namen deines Babys, ein besonderes Datum oder eine liebevolle Botschaft enthalten.<\/p>\n<p data-start=\"1038\" data-end=\"1208\">Wir bieten dir die Freiheit, die Schriftart und den Text selbst zu bestimmen. So wird aus jedem Body ein einzigartiges Kleidungsst\u00fcck, das dich und dein Baby begleitet.<\/p>\n<h2 data-start=\"1210\" data-end=\"1247\">Qualit\u00e4t, die dein Baby verdient<\/h2>\n<p data-start=\"1249\" data-end=\"1415\">Unsere personalisierten Babybodys bestehen aus weicher, hautfreundlicher Baumwolle. Sie sind atmungsaktiv, bequem und sanft zur empfindlichen Haut deines Babys.<\/p>\n<p data-start=\"1417\" data-end=\"1552\">Dank der Druckkn\u00f6pfe im Windelbereich l\u00e4sst sich der Body schnell und stressfrei an- und ausziehen \u2013 perfekt f\u00fcr den Alltag mit Baby.<\/p>\n<h2 data-start=\"1554\" data-end=\"1602\">Das perfekte Geschenk f\u00fcr besondere Momente<\/h2>\n<p data-start=\"1604\" data-end=\"1842\">Ein Body mit Wunschtext ist nicht nur praktisch, sondern auch ein besonderes Geschenk zur Geburt, Taufe oder Babyparty. Mit einer individuellen Botschaft wird er zu einer bleibenden Erinnerung, die Eltern und Kind lange Freude bereitet.<\/p>\n<h2 data-start=\"1844\" data-end=\"1869\">Dein Baby, dein Stil<\/h2>\n<p data-start=\"1871\" data-end=\"2076\">Mit einem personalisierten Babybody setzt du ein liebevolles Statement. Jeder Tag wird durch dieses Kleidungsst\u00fcck ein bisschen besonderer, weil es nicht nur Mode ist, sondern auch Emotion transportiert.<\/p>\n<p data-start=\"2078\" data-end=\"2215\">Ob schlicht, verspielt oder mit einer s\u00fcssen Botschaft \u2013 dein Babybody wird zum Hingucker und erz\u00e4hlt eure ganz pers\u00f6nliche Geschichte.<\/p>\n<h2 data-start=\"2217\" data-end=\"2239\">Gr\u00f6ssenempfehlung<\/h2>\n<p data-start=\"2241\" data-end=\"2363\">Wir empfehlen, jeweils eine Gr\u00f6sse gr\u00f6sser zu w\u00e4hlen, damit der Body perfekt passt und dein Baby lange Freude daran hat.<\/p>\n<h2 data-start=\"2365\" data-end=\"2411\">Fazit \u2013 Babybody personalisiert mit Liebe<\/h2>\n<p data-start=\"2413\" data-end=\"2649\">Der personalisierte Babybody vereint Komfort, Qualit\u00e4t und Individualit\u00e4t. Er ist das perfekte Geschenk f\u00fcr frischgebackene Eltern, ein kreatives Accessoire f\u00fcr dein Baby und eine wundervolle M\u00f6glichkeit, Emotionen sichtbar zu machen.<\/p>\n<p>Du suchst nach anderen Ideen, deine Schwangerschaft zu verk\u00fcnden? Dann lies hier unseren Blog-Beitrag: <a href=\"https:\/\/label2you.ch\/sq\/schwangerschaft-verkuenden-7-kreative-ideen-mit-liebevollen-geschenkideen\/\">Schwangerschaft verk\u00fcnden: 7 kreative Ideen mit liebevollen Geschenkideen<\/a><\/p>\n<p>Besuche uns auf <a href=\"https:\/\/www.instagram.com\/label2you\/?hl=de\">Instagram<\/a><\/p>","protected":false},"excerpt":{"rendered":"<p>Ein Babybody personalisiert ist mehr als nur ein Kleidungsst\u00fcck \u2013 er ist ein Ausdruck deiner Liebe, Kreativit\u00e4t und Individualit\u00e4t. Mit deinem Wunschtext wie \u201eHallo Papa\u201c, \u201eDu wirst Papa\u201c oder dem Namen deines Babys wird jeder Body zu einem einzigartigen Unikat.<\/p>","protected":false},"featured_media":5584,"comment_status":"open","ping_status":"closed","template":"","meta":[],"product_brand":[656],"product_cat":[50,55,64,53],"product_tag":[89,90,96,94,556,555,554,553,552,95,91,92,98,97,93],"class_list":{"0":"post-1243","1":"product","2":"type-product","3":"status-publish","4":"has-post-thumbnail","6":"product_brand-label2you","7":"product_cat-baby","8":"product_cat-baby-bodys","9":"product_cat-personalisierter-baby-body","10":"product_cat-schwangerschaft-verkuenden","11":"product_tag-baby","12":"product_tag-babybody","13":"product_tag-babyonesie","14":"product_tag-body-mit-text","15":"product_tag-duwirstpapa","16":"product_tag-hallopapa","17":"product_tag-mireseerdhenejete","18":"product_tag-mirseerdhenejet","19":"product_tag-mirsenaerdhe","20":"product_tag-onesie","21":"product_tag-personalisiert","22":"product_tag-personalisierter-babybody","23":"product_tag-schwangerschaft","24":"product_tag-verkuendung","25":"product_tag-wunschtext","26":"product_shipping_class-kleinwarensendung","27":"","29":"first","30":"instock","31":"shipping-taxable","32":"purchasable","33":"product-type-variable"},"yoast_head":"<!-- This site is optimized with the Yoast SEO plugin v27.0 - https:\/\/yoast.com\/product\/yoast-seo-wordpress\/ -->\n<title>Personalisierter Babybody | Label2you<\/title>\n<meta name=\"description\" content=\"Personalisierter Babybody mit Wunschtext - Unser einzigartiges Kleidungsst\u00fcck f\u00fcr dein Baby. Dein Text, dein Stil, deine Botschaft!\" \/>\n<meta name=\"robots\" content=\"index, follow, max-snippet:-1, max-image-preview:large, max-video-preview:-1\" \/>\n<link rel=\"canonical\" href=\"https:\/\/label2you.ch\/sq\/shop\/personalisierter-babybody\/\" \/>\n<meta property=\"og:locale\" content=\"sq_AL\" \/>\n<meta property=\"og:type\" content=\"article\" \/>\n<meta property=\"og:title\" content=\"Personalisierter Babybody | Label2you\" \/>\n<meta property=\"og:description\" content=\"Personalisierter Babybody mit Wunschtext - Unser einzigartiges Kleidungsst\u00fcck f\u00fcr dein Baby. Dein Text, dein Stil, deine Botschaft!\" \/>\n<meta property=\"og:url\" content=\"https:\/\/label2you.ch\/sq\/shop\/personalisierter-babybody\/\" \/>\n<meta property=\"og:site_name\" content=\"Label2you\" \/>\n<meta property=\"article:modified_time\" content=\"2026-02-04T16:58:56+00:00\" \/>\n<meta property=\"og:image\" content=\"https:\/\/label2you.ch\/wp-content\/uploads\/2023\/03\/Baby-1-1.webp\" \/>\n\t<meta property=\"og:image:width\" content=\"1280\" \/>\n\t<meta property=\"og:image:height\" content=\"1280\" \/>\n\t<meta property=\"og:image:type\" content=\"image\/webp\" \/>\n<meta name=\"twitter:card\" content=\"summary_large_image\" \/>\n<meta name=\"twitter:label1\" content=\"Est. reading time\" \/>\n\t<meta name=\"twitter:data1\" content=\"3 minuta\" \/>\n<script type=\"application\/ld+json\" class=\"yoast-schema-graph\">{\"@context\":\"https:\/\/schema.org\",\"@graph\":[{\"@type\":\"WebPage\",\"@id\":\"https:\/\/label2you.ch\/shop\/personalisierter-babybody\/\",\"url\":\"https:\/\/label2you.ch\/shop\/personalisierter-babybody\/\",\"name\":\"Personalisierter Babybody | Label2you\",\"isPartOf\":{\"@id\":\"https:\/\/label2you.ch\/#website\"},\"primaryImageOfPage\":{\"@id\":\"https:\/\/label2you.ch\/shop\/personalisierter-babybody\/#primaryimage\"},\"image\":{\"@id\":\"https:\/\/label2you.ch\/shop\/personalisierter-babybody\/#primaryimage\"},\"thumbnailUrl\":\"https:\/\/label2you.ch\/wp-content\/uploads\/2023\/03\/Baby-1-1.webp\",\"datePublished\":\"2023-03-20T13:12:31+00:00\",\"dateModified\":\"2026-02-04T16:58:56+00:00\",\"description\":\"Personalisierter Babybody mit Wunschtext - Unser einzigartiges Kleidungsst\u00fcck f\u00fcr dein Baby. Dein Text, dein Stil, deine Botschaft!\",\"breadcrumb\":{\"@id\":\"https:\/\/label2you.ch\/shop\/personalisierter-babybody\/#breadcrumb\"},\"inLanguage\":\"sq\",\"potentialAction\":[{\"@type\":\"ReadAction\",\"target\":[\"https:\/\/label2you.ch\/shop\/personalisierter-babybody\/\"]}]},{\"@type\":\"ImageObject\",\"inLanguage\":\"sq\",\"@id\":\"https:\/\/label2you.ch\/shop\/personalisierter-babybody\/#primaryimage\",\"url\":\"https:\/\/label2you.ch\/wp-content\/uploads\/2023\/03\/Baby-1-1.webp\",\"contentUrl\":\"https:\/\/label2you.ch\/wp-content\/uploads\/2023\/03\/Baby-1-1.webp\",\"width\":1280,\"height\":1280,\"caption\":\"Weicher Babybody aus Baumwolle mit personalisierbarem Druckknopfverschluss und kreativer Textgestaltung \u2013 das perfekte Geschenk zur Geburt\"},{\"@type\":\"BreadcrumbList\",\"@id\":\"https:\/\/label2you.ch\/shop\/personalisierter-babybody\/#breadcrumb\",\"itemListElement\":[{\"@type\":\"ListItem\",\"position\":1,\"name\":\"Home\",\"item\":\"https:\/\/label2you.ch\/\"},{\"@type\":\"ListItem\",\"position\":2,\"name\":\"Shop\",\"item\":\"https:\/\/label2you.ch\/shop\/\"},{\"@type\":\"ListItem\",\"position\":3,\"name\":\"Personalisierter Babybody\"}]},{\"@type\":\"WebSite\",\"@id\":\"https:\/\/label2you.ch\/#website\",\"url\":\"https:\/\/label2you.ch\/\",\"name\":\"Label2you\",\"description\":\"Personalisierte Baby- &amp; Kindergeschenke\",\"publisher\":{\"@id\":\"https:\/\/label2you.ch\/#organization\"},\"alternateName\":\"Label2you\",\"potentialAction\":[{\"@type\":\"SearchAction\",\"target\":{\"@type\":\"EntryPoint\",\"urlTemplate\":\"https:\/\/label2you.ch\/?s={search_term_string}\"},\"query-input\":{\"@type\":\"PropertyValueSpecification\",\"valueRequired\":true,\"valueName\":\"search_term_string\"}}],\"inLanguage\":\"sq\"},{\"@type\":\"Organization\",\"@id\":\"https:\/\/label2you.ch\/#organization\",\"name\":\"Label2you | Personalisierte Geschenke\",\"alternateName\":\"Label2you\",\"url\":\"https:\/\/label2you.ch\/\",\"logo\":{\"@type\":\"ImageObject\",\"inLanguage\":\"sq\",\"@id\":\"https:\/\/label2you.ch\/#\/schema\/logo\/image\/\",\"url\":\"https:\/\/label2you.ch\/wp-content\/uploads\/2023\/03\/logo.png\",\"contentUrl\":\"https:\/\/label2you.ch\/wp-content\/uploads\/2023\/03\/logo.png\",\"width\":300,\"height\":140,\"caption\":\"Label2you | Personalisierte Geschenke\"},\"image\":{\"@id\":\"https:\/\/label2you.ch\/#\/schema\/logo\/image\/\"},\"sameAs\":[\"https:\/\/www.instagram.com\/label2you\/?hl=de\",\"https:\/\/www.tiktok.com\/@label2you\"]}]}<\/script>\n<!-- \/ Yoast SEO plugin. -->","yoast_head_json":{"title":"Personalisierter Babybody | Label2you","description":"Personalisierter Babybody mit Wunschtext - Unser einzigartiges Kleidungsst\u00fcck f\u00fcr dein Baby. Dein Text, dein Stil, deine Botschaft!","robots":{"index":"index","follow":"follow","max-snippet":"max-snippet:-1","max-image-preview":"max-image-preview:large","max-video-preview":"max-video-preview:-1"},"canonical":"https:\/\/label2you.ch\/sq\/shop\/personalisierter-babybody\/","og_locale":"sq_AL","og_type":"article","og_title":"Personalisierter Babybody | Label2you","og_description":"Personalisierter Babybody mit Wunschtext - Unser einzigartiges Kleidungsst\u00fcck f\u00fcr dein Baby. Dein Text, dein Stil, deine Botschaft!","og_url":"https:\/\/label2you.ch\/sq\/shop\/personalisierter-babybody\/","og_site_name":"Label2you","article_modified_time":"2026-02-04T16:58:56+00:00","og_image":[{"width":1280,"height":1280,"url":"https:\/\/label2you.ch\/wp-content\/uploads\/2023\/03\/Baby-1-1.webp","type":"image\/webp"}],"twitter_card":"summary_large_image","twitter_misc":{"Est. reading time":"3 minuta"},"schema":{"@context":"https:\/\/schema.org","@graph":[{"@type":"WebPage","@id":"https:\/\/label2you.ch\/shop\/personalisierter-babybody\/","url":"https:\/\/label2you.ch\/shop\/personalisierter-babybody\/","name":"Personalisierter Babybody | Label2you","isPartOf":{"@id":"https:\/\/label2you.ch\/#website"},"primaryImageOfPage":{"@id":"https:\/\/label2you.ch\/shop\/personalisierter-babybody\/#primaryimage"},"image":{"@id":"https:\/\/label2you.ch\/shop\/personalisierter-babybody\/#primaryimage"},"thumbnailUrl":"https:\/\/label2you.ch\/wp-content\/uploads\/2023\/03\/Baby-1-1.webp","datePublished":"2023-03-20T13:12:31+00:00","dateModified":"2026-02-04T16:58:56+00:00","description":"Personalisierter Babybody mit Wunschtext - Unser einzigartiges Kleidungsst\u00fcck f\u00fcr dein Baby. Dein Text, dein Stil, deine Botschaft!","breadcrumb":{"@id":"https:\/\/label2you.ch\/shop\/personalisierter-babybody\/#breadcrumb"},"inLanguage":"sq","potentialAction":[{"@type":"ReadAction","target":["https:\/\/label2you.ch\/shop\/personalisierter-babybody\/"]}]},{"@type":"ImageObject","inLanguage":"sq","@id":"https:\/\/label2you.ch\/shop\/personalisierter-babybody\/#primaryimage","url":"https:\/\/label2you.ch\/wp-content\/uploads\/2023\/03\/Baby-1-1.webp","contentUrl":"https:\/\/label2you.ch\/wp-content\/uploads\/2023\/03\/Baby-1-1.webp","width":1280,"height":1280,"caption":"Weicher Babybody aus Baumwolle mit personalisierbarem Druckknopfverschluss und kreativer Textgestaltung \u2013 das perfekte Geschenk zur Geburt"},{"@type":"BreadcrumbList","@id":"https:\/\/label2you.ch\/shop\/personalisierter-babybody\/#breadcrumb","itemListElement":[{"@type":"ListItem","position":1,"name":"Home","item":"https:\/\/label2you.ch\/"},{"@type":"ListItem","position":2,"name":"Shop","item":"https:\/\/label2you.ch\/shop\/"},{"@type":"ListItem","position":3,"name":"Personalisierter Babybody"}]},{"@type":"WebSite","@id":"https:\/\/label2you.ch\/#website","url":"https:\/\/label2you.ch\/","name":"Label2you","description":"Personalisierte Baby- &amp; Kindergeschenke","publisher":{"@id":"https:\/\/label2you.ch\/#organization"},"alternateName":"Label2you","potentialAction":[{"@type":"SearchAction","target":{"@type":"EntryPoint","urlTemplate":"https:\/\/label2you.ch\/?s={search_term_string}"},"query-input":{"@type":"PropertyValueSpecification","valueRequired":true,"valueName":"search_term_string"}}],"inLanguage":"sq"},{"@type":"Organization","@id":"https:\/\/label2you.ch\/#organization","name":"Label2you | Personalisierte Geschenke","alternateName":"Label2you","url":"https:\/\/label2you.ch\/","logo":{"@type":"ImageObject","inLanguage":"sq","@id":"https:\/\/label2you.ch\/#\/schema\/logo\/image\/","url":"https:\/\/label2you.ch\/wp-content\/uploads\/2023\/03\/logo.png","contentUrl":"https:\/\/label2you.ch\/wp-content\/uploads\/2023\/03\/logo.png","width":300,"height":140,"caption":"Label2you | Personalisierte Geschenke"},"image":{"@id":"https:\/\/label2you.ch\/#\/schema\/logo\/image\/"},"sameAs":["https:\/\/www.instagram.com\/label2you\/?hl=de","https:\/\/www.tiktok.com\/@label2you"]}]}},"jetpack_sharing_enabled":true,"_links":{"self":[{"href":"https:\/\/label2you.ch\/sq\/wp-json\/wp\/v2\/product\/1243","targetHints":{"allow":["GET"]}}],"collection":[{"href":"https:\/\/label2you.ch\/sq\/wp-json\/wp\/v2\/product"}],"about":[{"href":"https:\/\/label2you.ch\/sq\/wp-json\/wp\/v2\/types\/product"}],"replies":[{"embeddable":true,"href":"https:\/\/label2you.ch\/sq\/wp-json\/wp\/v2\/comments?post=1243"}],"wp:featuredmedia":[{"embeddable":true,"href":"https:\/\/label2you.ch\/sq\/wp-json\/wp\/v2\/media\/5584"}],"wp:attachment":[{"href":"https:\/\/label2you.ch\/sq\/wp-json\/wp\/v2\/media?parent=1243"}],"wp:term":[{"taxonomy":"product_brand","embeddable":true,"href":"https:\/\/label2you.ch\/sq\/wp-json\/wp\/v2\/product_brand?post=1243"},{"taxonomy":"product_cat","embeddable":true,"href":"https:\/\/label2you.ch\/sq\/wp-json\/wp\/v2\/product_cat?post=1243"},{"taxonomy":"product_tag","embeddable":true,"href":"https:\/\/label2you.ch\/sq\/wp-json\/wp\/v2\/product_tag?post=1243"}],"curies":[{"name":"wp","href":"https:\/\/api.w.org\/{rel}","templated":true}]}}