{"id":1298,"date":"2023-03-21T08:45:24","date_gmt":"2023-03-21T07:45:24","guid":{"rendered":"https:\/\/label2you.ch\/?post_type=product&#038;p=1298"},"modified":"2026-02-08T19:27:34","modified_gmt":"2026-02-08T18:27:34","slug":"personalisierte-schwangerschaftsverkuendungssocke","status":"publish","type":"product","link":"https:\/\/label2you.ch\/sq\/shop\/personalisierte-schwangerschaftsverkuendungssocke\/","title":{"rendered":"Personalisierte Schwangerschaftsverk\u00fcndungssocke"},"content":{"rendered":"<h2 data-start=\"1034\" data-end=\"1117\">Personalisierte Schwangerschaftsverk\u00fcndungssocke \u2013 ein unvergesslicher Moment<\/h2>\n<p data-start=\"1118\" data-end=\"1464\">Eine Schwangerschaft ist einer der sch\u00f6nsten Gr\u00fcnde, Freude zu teilen. Mit unserer personalisierte Schwangerschaftsverk\u00fcndungssocke gelingt dir eine stilvolle und emotionale Ank\u00fcndigung, die garantiert in Erinnerung bleibt. Ob einzeln als Accessoire oder in einer edlen Geschenkbox \u2013 diese besondere Socke macht deine Botschaft einzigartig.<\/p>\n<h2 data-start=\"1466\" data-end=\"1517\">Einzigartige Gestaltung mit pers\u00f6nlicher Note<\/h2>\n<p data-start=\"1518\" data-end=\"1890\">Jede Socke kann individuell bedruckt werden \u2013 mit Namen, Datum oder liebevollen Botschaften wie \u201eDu wirst Papa!\u201c, \u201eDu wirst Oma!\u201c oder \u201eWir erwarten unser kleines Wunder!\u201c. So wird aus einer einfachen Socke ein ganz pers\u00f6nliches Erinnerungsst\u00fcck. Dank hochwertigem Druckverfahren bleibt die Beschriftung lange erhalten und macht die Socke zu einer bleibenden Erinnerung.<\/p>\n<h3 data-start=\"1892\" data-end=\"1941\">Geschenkbox mit Rosenbl\u00e4ttern und Blattgold<\/h3>\n<p data-start=\"1942\" data-end=\"2207\">Optional kannst du die Socke in einer Geschenkbox w\u00e4hlen. Umgeben von echten, haltbaren Rosenbl\u00e4ttern und verziert mit Blattgold wird die Ank\u00fcndigung zu einem kleinen Kunstwerk. Die Kombination aus Natur, Eleganz und Emotion sorgt f\u00fcr eine ganz besondere Wirkung.<\/p>\n<h3 data-start=\"2209\" data-end=\"2258\">Personalisierte Babysocken als Geschenkidee<\/h3>\n<p data-start=\"2259\" data-end=\"2605\">Viele Kundinnen kombinieren die personalisierte Schwangerschaftsverk\u00fcndungssocke mit personalisierten Babysocken. Diese sind ebenfalls individuell bedruckbar und eignen sich perfekt, um den Namen deines Babys oder einen besonderen Spruch auf s\u00fc\u00dfen Babyaccessoires festzuhalten. So wird die Ank\u00fcndigung noch emotionaler und vielseitiger.<\/p>\n<h3 data-start=\"2607\" data-end=\"2671\">Baby Socken bedrucken \u2013 Erinnerungen f\u00fcr immer<\/h3>\n<p data-start=\"2672\" data-end=\"2941\">Neben der Verk\u00fcndung kannst du die bedruckten Babysocken f\u00fcr immer als Erinnerung behalten. Bedruckte Babysocken sind eine liebevolle Erg\u00e4nzung zur Schwangerschaftsverk\u00fcndung und eignen sich sp\u00e4ter f\u00fcr Babyfotos, als Dekoration im Kinderzimmer oder in der Erinnerungsbox.<\/p>\n<h3 data-start=\"2943\" data-end=\"2996\">Vielf\u00e4ltige M\u00f6glichkeiten f\u00fcr deine Ank\u00fcndigung<\/h3>\n<h4 data-start=\"2998\" data-end=\"3028\">Pers\u00f6nliche Botschaften<\/h4>\n<p data-start=\"3029\" data-end=\"3149\">\u201eDu wirst Papa!\u201c, \u201eDu wirst Tante!\u201c oder \u201eWir erwarten unser Wunder!\u201c \u2013 deiner Kreativit\u00e4t sind keine Grenzen gesetzt.<\/p>\n<h4 data-start=\"3151\" data-end=\"3175\">Fotoshooting-Idee mit Personalisierte Schwangerschaftsverk\u00fcndungssocke<\/h4>\n<p data-start=\"3176\" data-end=\"3349\">Nutze die Socke f\u00fcr ein Fotoshooting, um deine Ank\u00fcndigung f\u00fcr immer festzuhalten. So teilst du die freudige Nachricht auch auf Social Media auf eine unvergessliche Weise.<\/p>\n<h4 data-start=\"3351\" data-end=\"3382\">Geschenk f\u00fcr die Familie<\/h4>\n<p data-start=\"3383\" data-end=\"3500\">Die Socke ist ein ideales Geschenk f\u00fcr werdende Papas, Gro\u00dfeltern oder Freunde, die deine Freude miterleben d\u00fcrfen.<\/p>\n<h3 data-start=\"3502\" data-end=\"3545\">Fazit: Emotionale Verk\u00fcndung mit Herz &#8211; Personalisierte Schwangerschaftsverk\u00fcndungssocke<\/h3>\n<p data-start=\"3546\" data-end=\"3886\">Die personalisierte Schwangerschaftsverk\u00fcndungssocke ist mehr als nur ein Accessoire \u2013 sie ist ein Symbol f\u00fcr Liebe, Freude und den Beginn eines neuen Kapitels. Ob als Einzelst\u00fcck oder in der Geschenkbox mit Rosenbl\u00e4ttern und Blattgold: Diese besondere Socke ist die perfekte Wahl, um deine Schwangerschaft unvergesslich zu verk\u00fcnden.<\/p>\n<p>Du suchst nach anderen Ideen, deine Schwangerschaft zu verk\u00fcnden? Dann lies hier unseren Blog-Beitrag: <a href=\"https:\/\/label2you.ch\/sq\/schwangerschaft-verkuenden-7-kreative-ideen-mit-liebevollen-geschenkideen\/\">Schwangerschaft verk\u00fcnden: 7 kreative Ideen mit liebevollen Geschenkideen<\/a><\/p>\n<p>Besuche uns auf <a href=\"https:\/\/www.instagram.com\/label2you\/?hl=de\">Instagram<\/a><\/p>","protected":false},"excerpt":{"rendered":"<p data-start=\"82\" data-end=\"362\">Eine Schwangerschaft ist einer der sch\u00f6nsten Gr\u00fcnde, Freude zu teilen. Mit unserer personalisierte Schwangerschaftsverk\u00fcndungssocke gelingt dir eine stilvolle und emotionale Ank\u00fcndigung, die garantiert in Erinnerung bleibt. Ob einzeln als Accessoire oder in einer edlen Geschenkbox \u2013 diese besondere Socke macht deine Botschaft einzigartig.<\/p>","protected":false},"featured_media":5620,"comment_status":"open","ping_status":"closed","template":"","meta":[],"product_brand":[656],"product_cat":[53],"product_tag":[578,579,183,391,560,574,573,556,572,555,100,259,258,559,106,576,108,575],"class_list":{"0":"post-1298","1":"product","2":"type-product","3":"status-publish","4":"has-post-thumbnail","6":"product_brand-label2you","7":"product_cat-schwangerschaft-verkuenden","8":"product_tag-baby-is-coming","9":"product_tag-baby-on-the-way","10":"product_tag-babysocke","11":"product_tag-babysocke-personalisiert","12":"product_tag-babysockemittext","13":"product_tag-du-wirst-papa","14":"product_tag-duwirstonkel","15":"product_tag-duwirstpapa","16":"product_tag-duwirsttante","17":"product_tag-hallopapa","18":"product_tag-hello-world","19":"product_tag-hellodaddy","20":"product_tag-hidaddy","21":"product_tag-personalisiertebabysocke","22":"product_tag-schwanger","23":"product_tag-schwangerschaft-verkuenden","24":"product_tag-schwangerschaftsverkuendung","25":"product_tag-verkuendungs-idee","26":"product_shipping_class-kleinwarensendung","27":"","29":"first","30":"instock","31":"shipping-taxable","32":"purchasable","33":"product-type-simple"},"yoast_head":"<!-- This site is optimized with the Yoast SEO plugin v27.0 - https:\/\/yoast.com\/product\/yoast-seo-wordpress\/ -->\n<title>Personalisierte Schwangerschaftsverk\u00fcndungssocke | Label2you<\/title>\n<meta name=\"description\" content=\"\u00dcberrasche deine Liebsten mit unserer personalisierte Schwangerschaftsverk\u00fcndungssocke! Verk\u00fcnde deine Schwangerschaft unvergesslich &amp; stilvoll.\" \/>\n<meta name=\"robots\" content=\"index, follow, max-snippet:-1, max-image-preview:large, max-video-preview:-1\" \/>\n<link rel=\"canonical\" href=\"https:\/\/label2you.ch\/sq\/shop\/personalisierte-schwangerschaftsverkuendungssocke\/\" \/>\n<meta property=\"og:locale\" content=\"sq_AL\" \/>\n<meta property=\"og:type\" content=\"article\" \/>\n<meta property=\"og:title\" content=\"Personalisierte Schwangerschaftsverk\u00fcndungssocke | Label2you\" \/>\n<meta property=\"og:description\" content=\"\u00dcberrasche deine Liebsten mit unserer personalisierte Schwangerschaftsverk\u00fcndungssocke! Verk\u00fcnde deine Schwangerschaft unvergesslich &amp; stilvoll.\" \/>\n<meta property=\"og:url\" content=\"https:\/\/label2you.ch\/sq\/shop\/personalisierte-schwangerschaftsverkuendungssocke\/\" \/>\n<meta property=\"og:site_name\" content=\"Label2you\" \/>\n<meta property=\"article:modified_time\" content=\"2026-02-08T18:27:34+00:00\" \/>\n<meta property=\"og:image\" content=\"https:\/\/label2you.ch\/wp-content\/uploads\/2023\/03\/Personalisierte-Babysocke-1.webp\" \/>\n\t<meta property=\"og:image:width\" content=\"1280\" \/>\n\t<meta property=\"og:image:height\" content=\"1280\" \/>\n\t<meta property=\"og:image:type\" content=\"image\/webp\" \/>\n<meta name=\"twitter:card\" content=\"summary_large_image\" \/>\n<meta name=\"twitter:label1\" content=\"Est. reading time\" \/>\n\t<meta name=\"twitter:data1\" content=\"3 minuta\" \/>\n<script type=\"application\/ld+json\" class=\"yoast-schema-graph\">{\"@context\":\"https:\/\/schema.org\",\"@graph\":[{\"@type\":\"WebPage\",\"@id\":\"https:\/\/label2you.ch\/shop\/personalisierte-schwangerschaftsverkuendungssocke\/\",\"url\":\"https:\/\/label2you.ch\/shop\/personalisierte-schwangerschaftsverkuendungssocke\/\",\"name\":\"Personalisierte Schwangerschaftsverk\u00fcndungssocke | Label2you\",\"isPartOf\":{\"@id\":\"https:\/\/label2you.ch\/#website\"},\"primaryImageOfPage\":{\"@id\":\"https:\/\/label2you.ch\/shop\/personalisierte-schwangerschaftsverkuendungssocke\/#primaryimage\"},\"image\":{\"@id\":\"https:\/\/label2you.ch\/shop\/personalisierte-schwangerschaftsverkuendungssocke\/#primaryimage\"},\"thumbnailUrl\":\"https:\/\/label2you.ch\/wp-content\/uploads\/2023\/03\/Personalisierte-Babysocke-1.webp\",\"datePublished\":\"2023-03-21T07:45:24+00:00\",\"dateModified\":\"2026-02-08T18:27:34+00:00\",\"description\":\"\u00dcberrasche deine Liebsten mit unserer personalisierte Schwangerschaftsverk\u00fcndungssocke! Verk\u00fcnde deine Schwangerschaft unvergesslich & stilvoll.\",\"breadcrumb\":{\"@id\":\"https:\/\/label2you.ch\/shop\/personalisierte-schwangerschaftsverkuendungssocke\/#breadcrumb\"},\"inLanguage\":\"sq\",\"potentialAction\":[{\"@type\":\"ReadAction\",\"target\":[\"https:\/\/label2you.ch\/shop\/personalisierte-schwangerschaftsverkuendungssocke\/\"]}]},{\"@type\":\"ImageObject\",\"inLanguage\":\"sq\",\"@id\":\"https:\/\/label2you.ch\/shop\/personalisierte-schwangerschaftsverkuendungssocke\/#primaryimage\",\"url\":\"https:\/\/label2you.ch\/wp-content\/uploads\/2023\/03\/Personalisierte-Babysocke-1.webp\",\"contentUrl\":\"https:\/\/label2you.ch\/wp-content\/uploads\/2023\/03\/Personalisierte-Babysocke-1.webp\",\"width\":1280,\"height\":1280,\"caption\":\"Symbolische Babysocke mit pers\u00f6nlicher Gravur, dekoriert mit Rosenbl\u00e4ttern und Blattgold \u2013 f\u00fcr unvergessliche Momente der Schwangerschaftsank\u00fcndigung\"},{\"@type\":\"BreadcrumbList\",\"@id\":\"https:\/\/label2you.ch\/shop\/personalisierte-schwangerschaftsverkuendungssocke\/#breadcrumb\",\"itemListElement\":[{\"@type\":\"ListItem\",\"position\":1,\"name\":\"Home\",\"item\":\"https:\/\/label2you.ch\/\"},{\"@type\":\"ListItem\",\"position\":2,\"name\":\"Shop\",\"item\":\"https:\/\/label2you.ch\/shop\/\"},{\"@type\":\"ListItem\",\"position\":3,\"name\":\"Personalisierte Schwangerschaftsverk\u00fcndungssocke\"}]},{\"@type\":\"WebSite\",\"@id\":\"https:\/\/label2you.ch\/#website\",\"url\":\"https:\/\/label2you.ch\/\",\"name\":\"Label2you\",\"description\":\"Personalisierte Baby- &amp; Kindergeschenke\",\"publisher\":{\"@id\":\"https:\/\/label2you.ch\/#organization\"},\"alternateName\":\"Label2you\",\"potentialAction\":[{\"@type\":\"SearchAction\",\"target\":{\"@type\":\"EntryPoint\",\"urlTemplate\":\"https:\/\/label2you.ch\/?s={search_term_string}\"},\"query-input\":{\"@type\":\"PropertyValueSpecification\",\"valueRequired\":true,\"valueName\":\"search_term_string\"}}],\"inLanguage\":\"sq\"},{\"@type\":\"Organization\",\"@id\":\"https:\/\/label2you.ch\/#organization\",\"name\":\"Label2you | Personalisierte Geschenke\",\"alternateName\":\"Label2you\",\"url\":\"https:\/\/label2you.ch\/\",\"logo\":{\"@type\":\"ImageObject\",\"inLanguage\":\"sq\",\"@id\":\"https:\/\/label2you.ch\/#\/schema\/logo\/image\/\",\"url\":\"https:\/\/label2you.ch\/wp-content\/uploads\/2023\/03\/logo.png\",\"contentUrl\":\"https:\/\/label2you.ch\/wp-content\/uploads\/2023\/03\/logo.png\",\"width\":300,\"height\":140,\"caption\":\"Label2you | Personalisierte Geschenke\"},\"image\":{\"@id\":\"https:\/\/label2you.ch\/#\/schema\/logo\/image\/\"},\"sameAs\":[\"https:\/\/www.instagram.com\/label2you\/?hl=de\",\"https:\/\/www.tiktok.com\/@label2you\"]}]}<\/script>\n<!-- \/ Yoast SEO plugin. -->","yoast_head_json":{"title":"Personalisierte Schwangerschaftsverk\u00fcndungssocke | Label2you","description":"\u00dcberrasche deine Liebsten mit unserer personalisierte Schwangerschaftsverk\u00fcndungssocke! Verk\u00fcnde deine Schwangerschaft unvergesslich & stilvoll.","robots":{"index":"index","follow":"follow","max-snippet":"max-snippet:-1","max-image-preview":"max-image-preview:large","max-video-preview":"max-video-preview:-1"},"canonical":"https:\/\/label2you.ch\/sq\/shop\/personalisierte-schwangerschaftsverkuendungssocke\/","og_locale":"sq_AL","og_type":"article","og_title":"Personalisierte Schwangerschaftsverk\u00fcndungssocke | Label2you","og_description":"\u00dcberrasche deine Liebsten mit unserer personalisierte Schwangerschaftsverk\u00fcndungssocke! Verk\u00fcnde deine Schwangerschaft unvergesslich & stilvoll.","og_url":"https:\/\/label2you.ch\/sq\/shop\/personalisierte-schwangerschaftsverkuendungssocke\/","og_site_name":"Label2you","article_modified_time":"2026-02-08T18:27:34+00:00","og_image":[{"width":1280,"height":1280,"url":"https:\/\/label2you.ch\/wp-content\/uploads\/2023\/03\/Personalisierte-Babysocke-1.webp","type":"image\/webp"}],"twitter_card":"summary_large_image","twitter_misc":{"Est. reading time":"3 minuta"},"schema":{"@context":"https:\/\/schema.org","@graph":[{"@type":"WebPage","@id":"https:\/\/label2you.ch\/shop\/personalisierte-schwangerschaftsverkuendungssocke\/","url":"https:\/\/label2you.ch\/shop\/personalisierte-schwangerschaftsverkuendungssocke\/","name":"Personalisierte Schwangerschaftsverk\u00fcndungssocke | Label2you","isPartOf":{"@id":"https:\/\/label2you.ch\/#website"},"primaryImageOfPage":{"@id":"https:\/\/label2you.ch\/shop\/personalisierte-schwangerschaftsverkuendungssocke\/#primaryimage"},"image":{"@id":"https:\/\/label2you.ch\/shop\/personalisierte-schwangerschaftsverkuendungssocke\/#primaryimage"},"thumbnailUrl":"https:\/\/label2you.ch\/wp-content\/uploads\/2023\/03\/Personalisierte-Babysocke-1.webp","datePublished":"2023-03-21T07:45:24+00:00","dateModified":"2026-02-08T18:27:34+00:00","description":"\u00dcberrasche deine Liebsten mit unserer personalisierte Schwangerschaftsverk\u00fcndungssocke! Verk\u00fcnde deine Schwangerschaft unvergesslich & stilvoll.","breadcrumb":{"@id":"https:\/\/label2you.ch\/shop\/personalisierte-schwangerschaftsverkuendungssocke\/#breadcrumb"},"inLanguage":"sq","potentialAction":[{"@type":"ReadAction","target":["https:\/\/label2you.ch\/shop\/personalisierte-schwangerschaftsverkuendungssocke\/"]}]},{"@type":"ImageObject","inLanguage":"sq","@id":"https:\/\/label2you.ch\/shop\/personalisierte-schwangerschaftsverkuendungssocke\/#primaryimage","url":"https:\/\/label2you.ch\/wp-content\/uploads\/2023\/03\/Personalisierte-Babysocke-1.webp","contentUrl":"https:\/\/label2you.ch\/wp-content\/uploads\/2023\/03\/Personalisierte-Babysocke-1.webp","width":1280,"height":1280,"caption":"Symbolische Babysocke mit pers\u00f6nlicher Gravur, dekoriert mit Rosenbl\u00e4ttern und Blattgold \u2013 f\u00fcr unvergessliche Momente der Schwangerschaftsank\u00fcndigung"},{"@type":"BreadcrumbList","@id":"https:\/\/label2you.ch\/shop\/personalisierte-schwangerschaftsverkuendungssocke\/#breadcrumb","itemListElement":[{"@type":"ListItem","position":1,"name":"Home","item":"https:\/\/label2you.ch\/"},{"@type":"ListItem","position":2,"name":"Shop","item":"https:\/\/label2you.ch\/shop\/"},{"@type":"ListItem","position":3,"name":"Personalisierte Schwangerschaftsverk\u00fcndungssocke"}]},{"@type":"WebSite","@id":"https:\/\/label2you.ch\/#website","url":"https:\/\/label2you.ch\/","name":"Label2you","description":"Personalisierte Baby- &amp; Kindergeschenke","publisher":{"@id":"https:\/\/label2you.ch\/#organization"},"alternateName":"Label2you","potentialAction":[{"@type":"SearchAction","target":{"@type":"EntryPoint","urlTemplate":"https:\/\/label2you.ch\/?s={search_term_string}"},"query-input":{"@type":"PropertyValueSpecification","valueRequired":true,"valueName":"search_term_string"}}],"inLanguage":"sq"},{"@type":"Organization","@id":"https:\/\/label2you.ch\/#organization","name":"Label2you | Personalisierte Geschenke","alternateName":"Label2you","url":"https:\/\/label2you.ch\/","logo":{"@type":"ImageObject","inLanguage":"sq","@id":"https:\/\/label2you.ch\/#\/schema\/logo\/image\/","url":"https:\/\/label2you.ch\/wp-content\/uploads\/2023\/03\/logo.png","contentUrl":"https:\/\/label2you.ch\/wp-content\/uploads\/2023\/03\/logo.png","width":300,"height":140,"caption":"Label2you | Personalisierte Geschenke"},"image":{"@id":"https:\/\/label2you.ch\/#\/schema\/logo\/image\/"},"sameAs":["https:\/\/www.instagram.com\/label2you\/?hl=de","https:\/\/www.tiktok.com\/@label2you"]}]}},"jetpack_sharing_enabled":true,"_links":{"self":[{"href":"https:\/\/label2you.ch\/sq\/wp-json\/wp\/v2\/product\/1298","targetHints":{"allow":["GET"]}}],"collection":[{"href":"https:\/\/label2you.ch\/sq\/wp-json\/wp\/v2\/product"}],"about":[{"href":"https:\/\/label2you.ch\/sq\/wp-json\/wp\/v2\/types\/product"}],"replies":[{"embeddable":true,"href":"https:\/\/label2you.ch\/sq\/wp-json\/wp\/v2\/comments?post=1298"}],"wp:featuredmedia":[{"embeddable":true,"href":"https:\/\/label2you.ch\/sq\/wp-json\/wp\/v2\/media\/5620"}],"wp:attachment":[{"href":"https:\/\/label2you.ch\/sq\/wp-json\/wp\/v2\/media?parent=1298"}],"wp:term":[{"taxonomy":"product_brand","embeddable":true,"href":"https:\/\/label2you.ch\/sq\/wp-json\/wp\/v2\/product_brand?post=1298"},{"taxonomy":"product_cat","embeddable":true,"href":"https:\/\/label2you.ch\/sq\/wp-json\/wp\/v2\/product_cat?post=1298"},{"taxonomy":"product_tag","embeddable":true,"href":"https:\/\/label2you.ch\/sq\/wp-json\/wp\/v2\/product_tag?post=1298"}],"curies":[{"name":"wp","href":"https:\/\/api.w.org\/{rel}","templated":true}]}}