{"id":2535,"date":"2023-11-30T07:47:22","date_gmt":"2023-11-30T06:47:22","guid":{"rendered":"https:\/\/label2you.ch\/?post_type=product&#038;p=2535"},"modified":"2026-02-04T19:39:58","modified_gmt":"2026-02-04T18:39:58","slug":"coming-soon-baby-body","status":"publish","type":"product","link":"https:\/\/label2you.ch\/sq\/shop\/coming-soon-baby-body\/","title":{"rendered":"Coming soon Baby-Body"},"content":{"rendered":"<p class=\"s3\"><span class=\"s4\"><span class=\"bumpedFont15\">Unser personalisierter Coming soon Baby-Body<\/span><\/span><span class=\"s4\"><span class=\"bumpedFont15\"> ist das ideale Geschenk f\u00fcr eine Schwangerschaftsverk\u00fcndung<\/span><\/span><span class=\"s4\"><span class=\"bumpedFont15\">. M<\/span><\/span><span class=\"s4\"><span class=\"bumpedFont15\">it einem Unikat wie einem pers\u00f6nlich gestalteten Body lieg<\/span><\/span><span class=\"s4\"><span class=\"bumpedFont15\">st Du <\/span><\/span><span class=\"s4\"><span class=\"bumpedFont15\">genau richtig<\/span><\/span><span class=\"s4\"><span class=\"bumpedFont15\">!<\/span><\/span><span class=\"s4\"><span class=\"bumpedFont15\"> Da wir die Gr\u00f6\u00dfen 56 bis 98 anbieten, ist von Geburt<\/span><\/span><span class=\"s4\"><span class=\"bumpedFont15\">s-<\/span><\/span><span class=\"s4\"><span class=\"bumpedFont15\"> bis zu Weihnachtsfesten und Geburtstagen jeder Anlass abgedeckt. Unsere originellen Designs sind absolute Hingucker und die Bodys k\u00f6nnen nach Belieben mit einer eigenen Wunschnachricht versehen werden. Jedes Teil ist dabei ein Einzelst\u00fcck, das wir mit Liebe und gr\u00f6\u00dfter Sorgfalt nach Kundenwunsch bedrucken. Aus hochwertigen Materialien gefertigt, bietet der Body angenehmen Tragekomfort f\u00fcrs Kind und ist gleichzeitig ein ganz pers\u00f6nliches Erinnerungsst\u00fcck. <\/span><\/span><\/p>\n<h5><strong>Ein Body, viele M\u00f6glichkeiten<\/strong><\/h5>\n<p><span class=\"s4\"><span class=\"bumpedFont15\">Unser personalisierter Coming soon Baby-Body<\/span><\/span> zeichnet sich nicht nur durch seine hochwertige Qualit\u00e4t aus, sondern auch durch die M\u00f6glichkeit, ihn nach deinen Vorstellungen zu gestalten. Dein Wunschtext kann den Namen deines Babys, ein besonderes Datum oder eine liebevolle Botschaft enthalten. Hier kannst du deiner Kreativit\u00e4t freien Lauf lassen. Wir bieten dir die Freiheit, deinen Wunschtext und die Schriftart deiner Wahl zu bestimmen. Deiner Kreativit\u00e4t sind keine Grenzen gesetzt. Personalisiere den Babybody ganz nach deinen Vorstellungen und mache ihn zu einem einzigartigen Kleidungsst\u00fcck f\u00fcr dein Baby.<\/p>\n<h5><strong>Die Qualit\u00e4t, die dein Baby verdient<\/strong><\/h5>\n<p><span class=\"s4\"><span class=\"bumpedFont15\">Unser personalisierter Coming soon Baby-Body<\/span><\/span> bestehen aus hautfreundlicher und weicher Baumwolle, um den empfindlichen Babyhaut gerecht zu werden. Sie sind bequem, atmungsaktiv und sanft, damit sich dein Baby wohlf\u00fchlt. Dank der praktischen Druckkn\u00f6pfe im Windelbereich gestaltet sich das An- und Ausziehen einfach und stressfrei.<\/p>\n<h5><strong>Das perfekte Geschenk<\/strong><\/h5>\n<p>Unser personalisierter Babybody eignet sich auch hervorragend als Geschenk. Zeige deine Liebe und Zuneigung, indem du einen Babybody mit einem besonderen Wunschtext verschenkst. Es ist eine bleibende Erinnerung und ein Zeichen deiner Sorge und Aufmerksamkeit.<\/p>\n<h5><strong>Dein Baby, dein Stil<\/strong><\/h5>\n<p>Der personalisierte Babybody ist nicht nur Kleidung, sondern ein Ausdruck deines Stils und deiner Liebe. Personalisiere ihn nach deinen W\u00fcnschen und lass dein Baby im Mittelpunkt stehen. Jeder Tag wird mit diesem einzigartigen Kleidungsst\u00fcck zu etwas Besonderem.<\/p>\n<p>Unsere personalisierten Babybodys sind nicht nur f\u00fcr dein Baby, sondern auch f\u00fcr dich eine Freude. Entdecke die Welt der personalisierten Babykleidung und schaffe unvergessliche Erinnerungen. Mit unserem personalisierten Babybody wird jedes Outfit deines Babys zu einem Statement deiner Liebe und Kreativit\u00e4t.<\/p>\n<p>Du suchst nach anderen Ideen, deine Schwangerschaft zu verk\u00fcnden? Dann lies hier unseren Blog-Beitrag: <a href=\"https:\/\/label2you.ch\/sq\/schwangerschaft-verkuenden-7-kreative-ideen-mit-liebevollen-geschenkideen\/\">Schwangerschaft verk\u00fcnden: 7 kreative Ideen mit liebevollen Geschenkideen<\/a><\/p>\n<p>Besuche uns auf <a href=\"https:\/\/www.instagram.com\/label2you\/?hl=de\">Instagram<\/a><\/p>\n<p>&nbsp;<\/p>","protected":false},"excerpt":{"rendered":"<p><strong>Details<\/strong><\/p>\n<ul>\n<li style=\"list-style-type: none;\">\n<ul>\n<li>Weicher &amp; qualitativ hochwertiger Unisex Baby-Body aus 100% Baumwolle<\/li>\n<li>waschbar bei 30 Grad<\/li>\n<li>Nicht geeignet f\u00fcr den Trockner<\/li>\n<li>Alle Gr\u00f6ssen von 56 bis 98 erh\u00e4ltlich<\/li>\n<\/ul>\n<\/li>\n<\/ul>\n<p><strong>Lieferung<\/strong><\/p>\n<ul>\n<li>Die Lieferung in die Schweiz dauert ca. 2-5 Arbeitstage<\/li>\n<li>Die Lieferung ins Ausland dauert ca. 3-8 Arbeitstage<\/li>\n<li>Expresslieferungen sind nach Absprache m\u00f6glich. Kontaktm\u00f6glichkeiten zur Besprechung per E-Mail (info@label2you) oder Instagram (@label2you)<\/li>\n<\/ul>\n<p>Weitere Beispiele findest du auf Instagram:\u00a0<a href=\"https:\/\/www.instagram.com\/label2you\/\">Label2you<\/a><\/p>","protected":false},"featured_media":5585,"comment_status":"open","ping_status":"closed","template":"","meta":[],"product_brand":[],"product_cat":[50,55,53],"product_tag":[90,408,407,556,256,259,258,257,137,558,557,106],"class_list":{"0":"post-2535","1":"product","2":"type-product","3":"status-publish","4":"has-post-thumbnail","6":"product_cat-baby","7":"product_cat-baby-bodys","8":"product_cat-schwangerschaft-verkuenden","9":"product_tag-babybody","10":"product_tag-coming-soon","11":"product_tag-coming-soon-baby-body","12":"product_tag-duwirstpapa","13":"product_tag-hallo-papa","14":"product_tag-hellodaddy","15":"product_tag-hidaddy","16":"product_tag-mama-hat-mir","17":"product_tag-miresenaerdhe","18":"product_tag-miresenaerdhenejete","19":"product_tag-mirsenaerdhenejete","20":"product_tag-schwanger","21":"product_shipping_class-kleinwarensendung","22":"","24":"first","25":"instock","26":"shipping-taxable","27":"purchasable","28":"product-type-variable"},"yoast_head":"<!-- This site is optimized with the Yoast SEO plugin v27.0 - https:\/\/yoast.com\/product\/yoast-seo-wordpress\/ -->\n<title>Coming soon Baby-Body | Label2you<\/title>\n<meta name=\"description\" content=\"Unser Coming soon Baby-Body ist das perfekte Geschenk f\u00fcr jede Schwangerschaftsverk\u00fcndung. Hochwertig, individuell gestaltet und mit Liebe gefertigt\" \/>\n<meta name=\"robots\" content=\"index, follow, max-snippet:-1, max-image-preview:large, max-video-preview:-1\" \/>\n<link rel=\"canonical\" href=\"https:\/\/label2you.ch\/sq\/shop\/coming-soon-baby-body\/\" \/>\n<meta property=\"og:locale\" content=\"sq_AL\" \/>\n<meta property=\"og:type\" content=\"article\" \/>\n<meta property=\"og:title\" content=\"Coming soon Baby-Body | Label2you\" \/>\n<meta property=\"og:description\" content=\"Unser Coming soon Baby-Body ist das perfekte Geschenk f\u00fcr jede Schwangerschaftsverk\u00fcndung. Hochwertig, individuell gestaltet und mit Liebe gefertigt\" \/>\n<meta property=\"og:url\" content=\"https:\/\/label2you.ch\/sq\/shop\/coming-soon-baby-body\/\" \/>\n<meta property=\"og:site_name\" content=\"Label2you\" \/>\n<meta property=\"article:modified_time\" content=\"2026-02-04T18:39:58+00:00\" \/>\n<meta property=\"og:image\" content=\"https:\/\/label2you.ch\/wp-content\/uploads\/2023\/11\/Baby-2.webp\" \/>\n\t<meta property=\"og:image:width\" content=\"1280\" \/>\n\t<meta property=\"og:image:height\" content=\"1280\" \/>\n\t<meta property=\"og:image:type\" content=\"image\/webp\" \/>\n<meta name=\"twitter:card\" content=\"summary_large_image\" \/>\n<meta name=\"twitter:label1\" content=\"Est. reading time\" \/>\n\t<meta name=\"twitter:data1\" content=\"3 minuta\" \/>\n<script type=\"application\/ld+json\" class=\"yoast-schema-graph\">{\"@context\":\"https:\/\/schema.org\",\"@graph\":[{\"@type\":\"WebPage\",\"@id\":\"https:\/\/label2you.ch\/shop\/coming-soon-baby-body\/\",\"url\":\"https:\/\/label2you.ch\/shop\/coming-soon-baby-body\/\",\"name\":\"Coming soon Baby-Body | Label2you\",\"isPartOf\":{\"@id\":\"https:\/\/label2you.ch\/#website\"},\"primaryImageOfPage\":{\"@id\":\"https:\/\/label2you.ch\/shop\/coming-soon-baby-body\/#primaryimage\"},\"image\":{\"@id\":\"https:\/\/label2you.ch\/shop\/coming-soon-baby-body\/#primaryimage\"},\"thumbnailUrl\":\"https:\/\/label2you.ch\/wp-content\/uploads\/2023\/11\/Baby-2.webp\",\"datePublished\":\"2023-11-30T06:47:22+00:00\",\"dateModified\":\"2026-02-04T18:39:58+00:00\",\"description\":\"Unser Coming soon Baby-Body ist das perfekte Geschenk f\u00fcr jede Schwangerschaftsverk\u00fcndung. Hochwertig, individuell gestaltet und mit Liebe gefertigt\",\"breadcrumb\":{\"@id\":\"https:\/\/label2you.ch\/shop\/coming-soon-baby-body\/#breadcrumb\"},\"inLanguage\":\"sq\",\"potentialAction\":[{\"@type\":\"ReadAction\",\"target\":[\"https:\/\/label2you.ch\/shop\/coming-soon-baby-body\/\"]}]},{\"@type\":\"ImageObject\",\"inLanguage\":\"sq\",\"@id\":\"https:\/\/label2you.ch\/shop\/coming-soon-baby-body\/#primaryimage\",\"url\":\"https:\/\/label2you.ch\/wp-content\/uploads\/2023\/11\/Baby-2.webp\",\"contentUrl\":\"https:\/\/label2you.ch\/wp-content\/uploads\/2023\/11\/Baby-2.webp\",\"width\":1280,\"height\":1280,\"caption\":\"Der Babybody \u201eComing Soon\u201c ist die perfekte \u00dcberraschung, um die Schwangerschaft liebevoll zu verk\u00fcnden.\"},{\"@type\":\"BreadcrumbList\",\"@id\":\"https:\/\/label2you.ch\/shop\/coming-soon-baby-body\/#breadcrumb\",\"itemListElement\":[{\"@type\":\"ListItem\",\"position\":1,\"name\":\"Home\",\"item\":\"https:\/\/label2you.ch\/\"},{\"@type\":\"ListItem\",\"position\":2,\"name\":\"Shop\",\"item\":\"https:\/\/label2you.ch\/shop\/\"},{\"@type\":\"ListItem\",\"position\":3,\"name\":\"Coming soon Baby-Body\"}]},{\"@type\":\"WebSite\",\"@id\":\"https:\/\/label2you.ch\/#website\",\"url\":\"https:\/\/label2you.ch\/\",\"name\":\"Label2you\",\"description\":\"Personalisierte Baby- &amp; Kindergeschenke\",\"publisher\":{\"@id\":\"https:\/\/label2you.ch\/#organization\"},\"alternateName\":\"Label2you\",\"potentialAction\":[{\"@type\":\"SearchAction\",\"target\":{\"@type\":\"EntryPoint\",\"urlTemplate\":\"https:\/\/label2you.ch\/?s={search_term_string}\"},\"query-input\":{\"@type\":\"PropertyValueSpecification\",\"valueRequired\":true,\"valueName\":\"search_term_string\"}}],\"inLanguage\":\"sq\"},{\"@type\":\"Organization\",\"@id\":\"https:\/\/label2you.ch\/#organization\",\"name\":\"Label2you | Personalisierte Geschenke\",\"alternateName\":\"Label2you\",\"url\":\"https:\/\/label2you.ch\/\",\"logo\":{\"@type\":\"ImageObject\",\"inLanguage\":\"sq\",\"@id\":\"https:\/\/label2you.ch\/#\/schema\/logo\/image\/\",\"url\":\"https:\/\/label2you.ch\/wp-content\/uploads\/2023\/03\/logo.png\",\"contentUrl\":\"https:\/\/label2you.ch\/wp-content\/uploads\/2023\/03\/logo.png\",\"width\":300,\"height\":140,\"caption\":\"Label2you | Personalisierte Geschenke\"},\"image\":{\"@id\":\"https:\/\/label2you.ch\/#\/schema\/logo\/image\/\"},\"sameAs\":[\"https:\/\/www.instagram.com\/label2you\/?hl=de\",\"https:\/\/www.tiktok.com\/@label2you\"]}]}<\/script>\n<!-- \/ Yoast SEO plugin. -->","yoast_head_json":{"title":"Coming soon Baby-Body | Label2you","description":"Unser Coming soon Baby-Body ist das perfekte Geschenk f\u00fcr jede Schwangerschaftsverk\u00fcndung. Hochwertig, individuell gestaltet und mit Liebe gefertigt","robots":{"index":"index","follow":"follow","max-snippet":"max-snippet:-1","max-image-preview":"max-image-preview:large","max-video-preview":"max-video-preview:-1"},"canonical":"https:\/\/label2you.ch\/sq\/shop\/coming-soon-baby-body\/","og_locale":"sq_AL","og_type":"article","og_title":"Coming soon Baby-Body | Label2you","og_description":"Unser Coming soon Baby-Body ist das perfekte Geschenk f\u00fcr jede Schwangerschaftsverk\u00fcndung. Hochwertig, individuell gestaltet und mit Liebe gefertigt","og_url":"https:\/\/label2you.ch\/sq\/shop\/coming-soon-baby-body\/","og_site_name":"Label2you","article_modified_time":"2026-02-04T18:39:58+00:00","og_image":[{"width":1280,"height":1280,"url":"https:\/\/label2you.ch\/wp-content\/uploads\/2023\/11\/Baby-2.webp","type":"image\/webp"}],"twitter_card":"summary_large_image","twitter_misc":{"Est. reading time":"3 minuta"},"schema":{"@context":"https:\/\/schema.org","@graph":[{"@type":"WebPage","@id":"https:\/\/label2you.ch\/shop\/coming-soon-baby-body\/","url":"https:\/\/label2you.ch\/shop\/coming-soon-baby-body\/","name":"Coming soon Baby-Body | Label2you","isPartOf":{"@id":"https:\/\/label2you.ch\/#website"},"primaryImageOfPage":{"@id":"https:\/\/label2you.ch\/shop\/coming-soon-baby-body\/#primaryimage"},"image":{"@id":"https:\/\/label2you.ch\/shop\/coming-soon-baby-body\/#primaryimage"},"thumbnailUrl":"https:\/\/label2you.ch\/wp-content\/uploads\/2023\/11\/Baby-2.webp","datePublished":"2023-11-30T06:47:22+00:00","dateModified":"2026-02-04T18:39:58+00:00","description":"Unser Coming soon Baby-Body ist das perfekte Geschenk f\u00fcr jede Schwangerschaftsverk\u00fcndung. Hochwertig, individuell gestaltet und mit Liebe gefertigt","breadcrumb":{"@id":"https:\/\/label2you.ch\/shop\/coming-soon-baby-body\/#breadcrumb"},"inLanguage":"sq","potentialAction":[{"@type":"ReadAction","target":["https:\/\/label2you.ch\/shop\/coming-soon-baby-body\/"]}]},{"@type":"ImageObject","inLanguage":"sq","@id":"https:\/\/label2you.ch\/shop\/coming-soon-baby-body\/#primaryimage","url":"https:\/\/label2you.ch\/wp-content\/uploads\/2023\/11\/Baby-2.webp","contentUrl":"https:\/\/label2you.ch\/wp-content\/uploads\/2023\/11\/Baby-2.webp","width":1280,"height":1280,"caption":"Der Babybody \u201eComing Soon\u201c ist die perfekte \u00dcberraschung, um die Schwangerschaft liebevoll zu verk\u00fcnden."},{"@type":"BreadcrumbList","@id":"https:\/\/label2you.ch\/shop\/coming-soon-baby-body\/#breadcrumb","itemListElement":[{"@type":"ListItem","position":1,"name":"Home","item":"https:\/\/label2you.ch\/"},{"@type":"ListItem","position":2,"name":"Shop","item":"https:\/\/label2you.ch\/shop\/"},{"@type":"ListItem","position":3,"name":"Coming soon Baby-Body"}]},{"@type":"WebSite","@id":"https:\/\/label2you.ch\/#website","url":"https:\/\/label2you.ch\/","name":"Label2you","description":"Personalisierte Baby- &amp; Kindergeschenke","publisher":{"@id":"https:\/\/label2you.ch\/#organization"},"alternateName":"Label2you","potentialAction":[{"@type":"SearchAction","target":{"@type":"EntryPoint","urlTemplate":"https:\/\/label2you.ch\/?s={search_term_string}"},"query-input":{"@type":"PropertyValueSpecification","valueRequired":true,"valueName":"search_term_string"}}],"inLanguage":"sq"},{"@type":"Organization","@id":"https:\/\/label2you.ch\/#organization","name":"Label2you | Personalisierte Geschenke","alternateName":"Label2you","url":"https:\/\/label2you.ch\/","logo":{"@type":"ImageObject","inLanguage":"sq","@id":"https:\/\/label2you.ch\/#\/schema\/logo\/image\/","url":"https:\/\/label2you.ch\/wp-content\/uploads\/2023\/03\/logo.png","contentUrl":"https:\/\/label2you.ch\/wp-content\/uploads\/2023\/03\/logo.png","width":300,"height":140,"caption":"Label2you | Personalisierte Geschenke"},"image":{"@id":"https:\/\/label2you.ch\/#\/schema\/logo\/image\/"},"sameAs":["https:\/\/www.instagram.com\/label2you\/?hl=de","https:\/\/www.tiktok.com\/@label2you"]}]}},"jetpack_sharing_enabled":true,"_links":{"self":[{"href":"https:\/\/label2you.ch\/sq\/wp-json\/wp\/v2\/product\/2535","targetHints":{"allow":["GET"]}}],"collection":[{"href":"https:\/\/label2you.ch\/sq\/wp-json\/wp\/v2\/product"}],"about":[{"href":"https:\/\/label2you.ch\/sq\/wp-json\/wp\/v2\/types\/product"}],"replies":[{"embeddable":true,"href":"https:\/\/label2you.ch\/sq\/wp-json\/wp\/v2\/comments?post=2535"}],"wp:featuredmedia":[{"embeddable":true,"href":"https:\/\/label2you.ch\/sq\/wp-json\/wp\/v2\/media\/5585"}],"wp:attachment":[{"href":"https:\/\/label2you.ch\/sq\/wp-json\/wp\/v2\/media?parent=2535"}],"wp:term":[{"taxonomy":"product_brand","embeddable":true,"href":"https:\/\/label2you.ch\/sq\/wp-json\/wp\/v2\/product_brand?post=2535"},{"taxonomy":"product_cat","embeddable":true,"href":"https:\/\/label2you.ch\/sq\/wp-json\/wp\/v2\/product_cat?post=2535"},{"taxonomy":"product_tag","embeddable":true,"href":"https:\/\/label2you.ch\/sq\/wp-json\/wp\/v2\/product_tag?post=2535"}],"curies":[{"name":"wp","href":"https:\/\/api.w.org\/{rel}","templated":true}]}}