{"id":2836,"date":"2024-01-15T09:56:42","date_gmt":"2024-01-15T08:56:42","guid":{"rendered":"https:\/\/label2you.ch\/?post_type=product&#038;p=2836"},"modified":"2025-09-20T08:32:47","modified_gmt":"2025-09-20T06:32:47","slug":"meilenstein-spitalarmband","status":"publish","type":"product","link":"https:\/\/label2you.ch\/sq\/shop\/meilenstein-spitalarmband\/","title":{"rendered":"Meilenstein Spitalarmband"},"content":{"rendered":"<h2 data-start=\"341\" data-end=\"419\">Meilenstein Spitalarmband \u2013 ein einzigartiges Erinnerungsst\u00fcck zur Geburt<\/h2>\n<p data-start=\"421\" data-end=\"719\">Die ersten Stunden nach der Geburt sind voller Emotionen, N\u00e4he und Liebe. Mit dem Meilenstein Spitalarmband\u00a0kannst du diesen besonderen Moment f\u00fcr immer festhalten. Dieses liebevoll gestaltete Erinnerungsst\u00fcck aus Holz macht die erste Begegnung zwischen Eltern und Kind greifbar und sichtbar.<\/p>\n<h2 data-start=\"721\" data-end=\"763\">Hochwertiges Holz &amp; besonderes Design<\/h2>\n<p data-start=\"765\" data-end=\"998\">Der Meilenstein Spitalarmband\u00a0wird aus naturbelassenem Holz gefertigt und hat einen Durchmesser von 12 cm. Die Oberfl\u00e4che f\u00fchlt sich angenehm an, wirkt warm und strahlt Ruhe aus \u2013 ideal f\u00fcr ein Produkt, das so viel Bedeutung tr\u00e4gt.<\/p>\n<h3 data-start=\"1000\" data-end=\"1046\">Detailreiche Gravur als Symbol der Liebe<\/h3>\n<p data-start=\"1047\" data-end=\"1259\">Im Mittelpunkt steht eine Lasergravur, die zwei Elternh\u00e4nde zeigt, die sanft die winzigen H\u00e4nde eines Babys umschliessen. Dieses Motiv steht f\u00fcr Geborgenheit, Liebe und das starke Band zwischen Eltern und Kind.<\/p>\n<h3 data-start=\"1261\" data-end=\"1299\">Platz f\u00fcr das Spitalarmband Baby<\/h3>\n<p data-start=\"1300\" data-end=\"1556\">Ein eingefr\u00e4ster Schlitz im unteren Bereich des Holzst\u00fccks bietet Raum, um das erste Spital- oder Krankenhausarmband sicher zu befestigen. So wird aus einem einfachen Armband ein <strong data-start=\"1479\" data-end=\"1506\">Erinnerungsst\u00fcck Geburt<\/strong>, das die Geschichte der ersten Stunden bewahrt.<\/p>\n<h2 data-start=\"1558\" data-end=\"1592\">Vielseitige Nutzung im Alltag<\/h2>\n<p data-start=\"1594\" data-end=\"1663\">Der <strong data-start=\"1598\" data-end=\"1627\">Meilenstein Spitalarmband<\/strong> l\u00e4sst sich flexibel pr\u00e4sentieren:<\/p>\n<ul data-start=\"1665\" data-end=\"1761\">\n<li data-start=\"1665\" data-end=\"1689\">\n<p data-start=\"1667\" data-end=\"1689\">Aufgestellt im Regal<\/p>\n<\/li>\n<li data-start=\"1690\" data-end=\"1716\">\n<p data-start=\"1692\" data-end=\"1716\">Aufgeh\u00e4ngt an der Wand<\/p>\n<\/li>\n<li data-start=\"1717\" data-end=\"1761\">\n<p data-start=\"1719\" data-end=\"1761\">Als Teil einer Erinnerungsbox oder Kiste<\/p>\n<\/li>\n<\/ul>\n<p data-start=\"1763\" data-end=\"1871\">Damit passt er perfekt in jedes Zuhause und bleibt \u00fcber viele Jahre hinweg ein Blickfang voller Bedeutung.<\/p>\n<h2 data-start=\"1873\" data-end=\"1917\">Geschenkidee f\u00fcr frischgebackene Eltern<\/h2>\n<p data-start=\"1919\" data-end=\"2193\">Ob zur Geburt, zur Taufe oder als liebevolle Aufmerksamkeit f\u00fcr junge Eltern \u2013 der Meilenstein Spitalarmband\u00a0ist ein Geschenk, das Herzen ber\u00fchrt. Er vereint \u00c4sthetik, Funktion und Emotion und wird schnell zu einem <strong data-start=\"2138\" data-end=\"2163\">Erinnerungsst\u00fcck Baby<\/strong>, das ein Leben lang bleibt.<\/p>\n<h3 data-start=\"2195\" data-end=\"2222\">Vorteile im \u00dcberblick &#8211; Meilenstein Spitalarmband<\/h3>\n<ul data-start=\"2223\" data-end=\"2469\">\n<li data-start=\"2223\" data-end=\"2266\">\n<p data-start=\"2225\" data-end=\"2266\">12 cm Durchmesser, naturbelassenes Holz<\/p>\n<\/li>\n<li data-start=\"2267\" data-end=\"2318\">\n<p data-start=\"2269\" data-end=\"2318\">Eingefr\u00e4ster Schlitz f\u00fcr das Spitalarmband Baby<\/p>\n<\/li>\n<li data-start=\"2319\" data-end=\"2377\">\n<p data-start=\"2321\" data-end=\"2377\">Gravur mit Eltern- und Babyh\u00e4nden als Symbol f\u00fcr Liebe<\/p>\n<\/li>\n<li data-start=\"2378\" data-end=\"2418\">\n<p data-start=\"2380\" data-end=\"2418\">Vielseitig aufstell- oder aufh\u00e4ngbar<\/p>\n<\/li>\n<li data-start=\"2419\" data-end=\"2469\">\n<p data-start=\"2421\" data-end=\"2469\">Ein Unikat, handgefertigt mit Liebe zum Detail<\/p>\n<\/li>\n<\/ul>\n<h2 data-start=\"2471\" data-end=\"2521\">Fazit \u2013 ein Erinnerungsst\u00fcck f\u00fcr die Ewigkeit<\/h2>\n<p data-start=\"2523\" data-end=\"2804\">Der <strong data-start=\"2527\" data-end=\"2556\">Meilenstein Spitalarmband<\/strong> macht die ersten Stunden deines Babys unvergesslich. Mit hochwertigem Holz, individueller Gravur und Platz f\u00fcr das Krankenhausarmband wird er zu einem Symbol f\u00fcr Geborgenheit und Liebe \u2013 ein St\u00fcck, das eure Familiengeschichte f\u00fcr immer festh\u00e4lt.<\/p>\n<p>Du suchst nach anderen Meilensteinen? Dann besuche uns <a href=\"https:\/\/label2you.ch\/sq\/product-category\/baby\/meilensteine\/\">hier<\/a>!<\/p>\n<p>Besuche uns auf <a href=\"https:\/\/www.instagram.com\/label2you\/?hl=de\">Instagram<\/a><\/p>","protected":false},"excerpt":{"rendered":"<p>Die ersten Stunden nach der Geburt sind voller Emotionen, N\u00e4he und Liebe. Mit dem Meilenstein Spitalarmband\u00a0kannst du diesen besonderen Moment f\u00fcr immer festhalten. Dieses liebevoll gestaltete Erinnerungsst\u00fcck aus Holz macht die erste Begegnung zwischen Eltern und Kind greifbar und sichtbar.<\/p>","protected":false},"featured_media":5085,"comment_status":"open","ping_status":"closed","template":"","meta":[],"product_brand":[656],"product_cat":[50,62],"product_tag":[129,89,135,100,442,441,99,104,102,440],"class_list":{"0":"post-2836","1":"product","2":"type-product","3":"status-publish","4":"has-post-thumbnail","6":"product_brand-label2you","7":"product_cat-baby","8":"product_cat-meilensteine","9":"product_tag-armband","10":"product_tag-baby","11":"product_tag-babymeilenstein","12":"product_tag-hello-world","13":"product_tag-krankenhaus","14":"product_tag-krankenhausarmband","15":"product_tag-meilenstein","16":"product_tag-milestones","17":"product_tag-my-name-is","18":"product_tag-spitalarmband","19":"product_shipping_class-kleinwarensendung","20":"","22":"first","23":"instock","24":"shipping-taxable","25":"purchasable","26":"product-type-simple"},"yoast_head":"<!-- This site is optimized with the Yoast SEO plugin v27.0 - https:\/\/yoast.com\/product\/yoast-seo-wordpress\/ -->\n<title>Meilenstein Spitalarmband | Label2you<\/title>\n<meta name=\"description\" content=\"Halte mit dem Meilenstein Spitalarmband die ersten Stunden deines Babys als liebevoll gravierten Meilenstein f\u00fcr immer fest.\" \/>\n<meta name=\"robots\" content=\"index, follow, max-snippet:-1, max-image-preview:large, max-video-preview:-1\" \/>\n<link rel=\"canonical\" href=\"https:\/\/label2you.ch\/sq\/shop\/meilenstein-spitalarmband\/\" \/>\n<meta property=\"og:locale\" content=\"sq_AL\" \/>\n<meta property=\"og:type\" content=\"article\" \/>\n<meta property=\"og:title\" content=\"Meilenstein Spitalarmband | Label2you\" \/>\n<meta property=\"og:description\" content=\"Halte mit dem Meilenstein Spitalarmband die ersten Stunden deines Babys als liebevoll gravierten Meilenstein f\u00fcr immer fest.\" \/>\n<meta property=\"og:url\" content=\"https:\/\/label2you.ch\/sq\/shop\/meilenstein-spitalarmband\/\" \/>\n<meta property=\"og:site_name\" content=\"Label2you\" \/>\n<meta property=\"article:modified_time\" content=\"2025-09-20T06:32:47+00:00\" \/>\n<meta property=\"og:image\" content=\"https:\/\/label2you.ch\/wp-content\/uploads\/2024\/01\/Meilenstein-Spitalarmband.webp\" \/>\n\t<meta property=\"og:image:width\" content=\"1707\" \/>\n\t<meta property=\"og:image:height\" content=\"1280\" \/>\n\t<meta property=\"og:image:type\" content=\"image\/webp\" \/>\n<meta name=\"twitter:card\" content=\"summary_large_image\" \/>\n<meta name=\"twitter:label1\" content=\"Est. reading time\" \/>\n\t<meta name=\"twitter:data1\" content=\"3 minuta\" \/>\n<script type=\"application\/ld+json\" class=\"yoast-schema-graph\">{\"@context\":\"https:\/\/schema.org\",\"@graph\":[{\"@type\":\"WebPage\",\"@id\":\"https:\/\/label2you.ch\/shop\/meilenstein-spitalarmband\/\",\"url\":\"https:\/\/label2you.ch\/shop\/meilenstein-spitalarmband\/\",\"name\":\"Meilenstein Spitalarmband | Label2you\",\"isPartOf\":{\"@id\":\"https:\/\/label2you.ch\/#website\"},\"primaryImageOfPage\":{\"@id\":\"https:\/\/label2you.ch\/shop\/meilenstein-spitalarmband\/#primaryimage\"},\"image\":{\"@id\":\"https:\/\/label2you.ch\/shop\/meilenstein-spitalarmband\/#primaryimage\"},\"thumbnailUrl\":\"https:\/\/label2you.ch\/wp-content\/uploads\/2024\/01\/Meilenstein-Spitalarmband.webp\",\"datePublished\":\"2024-01-15T08:56:42+00:00\",\"dateModified\":\"2025-09-20T06:32:47+00:00\",\"description\":\"Halte mit dem Meilenstein Spitalarmband die ersten Stunden deines Babys als liebevoll gravierten Meilenstein f\u00fcr immer fest.\",\"breadcrumb\":{\"@id\":\"https:\/\/label2you.ch\/shop\/meilenstein-spitalarmband\/#breadcrumb\"},\"inLanguage\":\"sq\",\"potentialAction\":[{\"@type\":\"ReadAction\",\"target\":[\"https:\/\/label2you.ch\/shop\/meilenstein-spitalarmband\/\"]}]},{\"@type\":\"ImageObject\",\"inLanguage\":\"sq\",\"@id\":\"https:\/\/label2you.ch\/shop\/meilenstein-spitalarmband\/#primaryimage\",\"url\":\"https:\/\/label2you.ch\/wp-content\/uploads\/2024\/01\/Meilenstein-Spitalarmband.webp\",\"contentUrl\":\"https:\/\/label2you.ch\/wp-content\/uploads\/2024\/01\/Meilenstein-Spitalarmband.webp\",\"width\":1707,\"height\":1280,\"caption\":\"Handgefertigtes Holzschild mit Schlitz zur Befestigung des Krankenhausarmbands \u2013 symboltr\u00e4chtiges Geschenk zur Geburt und Taufe\"},{\"@type\":\"BreadcrumbList\",\"@id\":\"https:\/\/label2you.ch\/shop\/meilenstein-spitalarmband\/#breadcrumb\",\"itemListElement\":[{\"@type\":\"ListItem\",\"position\":1,\"name\":\"Home\",\"item\":\"https:\/\/label2you.ch\/\"},{\"@type\":\"ListItem\",\"position\":2,\"name\":\"Shop\",\"item\":\"https:\/\/label2you.ch\/shop\/\"},{\"@type\":\"ListItem\",\"position\":3,\"name\":\"Meilenstein Spitalarmband\"}]},{\"@type\":\"WebSite\",\"@id\":\"https:\/\/label2you.ch\/#website\",\"url\":\"https:\/\/label2you.ch\/\",\"name\":\"Label2you\",\"description\":\"Personalisierte Baby- &amp; Kindergeschenke\",\"publisher\":{\"@id\":\"https:\/\/label2you.ch\/#organization\"},\"alternateName\":\"Label2you\",\"potentialAction\":[{\"@type\":\"SearchAction\",\"target\":{\"@type\":\"EntryPoint\",\"urlTemplate\":\"https:\/\/label2you.ch\/?s={search_term_string}\"},\"query-input\":{\"@type\":\"PropertyValueSpecification\",\"valueRequired\":true,\"valueName\":\"search_term_string\"}}],\"inLanguage\":\"sq\"},{\"@type\":\"Organization\",\"@id\":\"https:\/\/label2you.ch\/#organization\",\"name\":\"Label2you | Personalisierte Geschenke\",\"alternateName\":\"Label2you\",\"url\":\"https:\/\/label2you.ch\/\",\"logo\":{\"@type\":\"ImageObject\",\"inLanguage\":\"sq\",\"@id\":\"https:\/\/label2you.ch\/#\/schema\/logo\/image\/\",\"url\":\"https:\/\/label2you.ch\/wp-content\/uploads\/2023\/03\/logo.png\",\"contentUrl\":\"https:\/\/label2you.ch\/wp-content\/uploads\/2023\/03\/logo.png\",\"width\":300,\"height\":140,\"caption\":\"Label2you | Personalisierte Geschenke\"},\"image\":{\"@id\":\"https:\/\/label2you.ch\/#\/schema\/logo\/image\/\"},\"sameAs\":[\"https:\/\/www.instagram.com\/label2you\/?hl=de\",\"https:\/\/www.tiktok.com\/@label2you\"]}]}<\/script>\n<!-- \/ Yoast SEO plugin. -->","yoast_head_json":{"title":"Meilenstein Spitalarmband | Label2you","description":"Halte mit dem Meilenstein Spitalarmband die ersten Stunden deines Babys als liebevoll gravierten Meilenstein f\u00fcr immer fest.","robots":{"index":"index","follow":"follow","max-snippet":"max-snippet:-1","max-image-preview":"max-image-preview:large","max-video-preview":"max-video-preview:-1"},"canonical":"https:\/\/label2you.ch\/sq\/shop\/meilenstein-spitalarmband\/","og_locale":"sq_AL","og_type":"article","og_title":"Meilenstein Spitalarmband | Label2you","og_description":"Halte mit dem Meilenstein Spitalarmband die ersten Stunden deines Babys als liebevoll gravierten Meilenstein f\u00fcr immer fest.","og_url":"https:\/\/label2you.ch\/sq\/shop\/meilenstein-spitalarmband\/","og_site_name":"Label2you","article_modified_time":"2025-09-20T06:32:47+00:00","og_image":[{"width":1707,"height":1280,"url":"https:\/\/label2you.ch\/wp-content\/uploads\/2024\/01\/Meilenstein-Spitalarmband.webp","type":"image\/webp"}],"twitter_card":"summary_large_image","twitter_misc":{"Est. reading time":"3 minuta"},"schema":{"@context":"https:\/\/schema.org","@graph":[{"@type":"WebPage","@id":"https:\/\/label2you.ch\/shop\/meilenstein-spitalarmband\/","url":"https:\/\/label2you.ch\/shop\/meilenstein-spitalarmband\/","name":"Meilenstein Spitalarmband | Label2you","isPartOf":{"@id":"https:\/\/label2you.ch\/#website"},"primaryImageOfPage":{"@id":"https:\/\/label2you.ch\/shop\/meilenstein-spitalarmband\/#primaryimage"},"image":{"@id":"https:\/\/label2you.ch\/shop\/meilenstein-spitalarmband\/#primaryimage"},"thumbnailUrl":"https:\/\/label2you.ch\/wp-content\/uploads\/2024\/01\/Meilenstein-Spitalarmband.webp","datePublished":"2024-01-15T08:56:42+00:00","dateModified":"2025-09-20T06:32:47+00:00","description":"Halte mit dem Meilenstein Spitalarmband die ersten Stunden deines Babys als liebevoll gravierten Meilenstein f\u00fcr immer fest.","breadcrumb":{"@id":"https:\/\/label2you.ch\/shop\/meilenstein-spitalarmband\/#breadcrumb"},"inLanguage":"sq","potentialAction":[{"@type":"ReadAction","target":["https:\/\/label2you.ch\/shop\/meilenstein-spitalarmband\/"]}]},{"@type":"ImageObject","inLanguage":"sq","@id":"https:\/\/label2you.ch\/shop\/meilenstein-spitalarmband\/#primaryimage","url":"https:\/\/label2you.ch\/wp-content\/uploads\/2024\/01\/Meilenstein-Spitalarmband.webp","contentUrl":"https:\/\/label2you.ch\/wp-content\/uploads\/2024\/01\/Meilenstein-Spitalarmband.webp","width":1707,"height":1280,"caption":"Handgefertigtes Holzschild mit Schlitz zur Befestigung des Krankenhausarmbands \u2013 symboltr\u00e4chtiges Geschenk zur Geburt und Taufe"},{"@type":"BreadcrumbList","@id":"https:\/\/label2you.ch\/shop\/meilenstein-spitalarmband\/#breadcrumb","itemListElement":[{"@type":"ListItem","position":1,"name":"Home","item":"https:\/\/label2you.ch\/"},{"@type":"ListItem","position":2,"name":"Shop","item":"https:\/\/label2you.ch\/shop\/"},{"@type":"ListItem","position":3,"name":"Meilenstein Spitalarmband"}]},{"@type":"WebSite","@id":"https:\/\/label2you.ch\/#website","url":"https:\/\/label2you.ch\/","name":"Label2you","description":"Personalisierte Baby- &amp; Kindergeschenke","publisher":{"@id":"https:\/\/label2you.ch\/#organization"},"alternateName":"Label2you","potentialAction":[{"@type":"SearchAction","target":{"@type":"EntryPoint","urlTemplate":"https:\/\/label2you.ch\/?s={search_term_string}"},"query-input":{"@type":"PropertyValueSpecification","valueRequired":true,"valueName":"search_term_string"}}],"inLanguage":"sq"},{"@type":"Organization","@id":"https:\/\/label2you.ch\/#organization","name":"Label2you | Personalisierte Geschenke","alternateName":"Label2you","url":"https:\/\/label2you.ch\/","logo":{"@type":"ImageObject","inLanguage":"sq","@id":"https:\/\/label2you.ch\/#\/schema\/logo\/image\/","url":"https:\/\/label2you.ch\/wp-content\/uploads\/2023\/03\/logo.png","contentUrl":"https:\/\/label2you.ch\/wp-content\/uploads\/2023\/03\/logo.png","width":300,"height":140,"caption":"Label2you | Personalisierte Geschenke"},"image":{"@id":"https:\/\/label2you.ch\/#\/schema\/logo\/image\/"},"sameAs":["https:\/\/www.instagram.com\/label2you\/?hl=de","https:\/\/www.tiktok.com\/@label2you"]}]}},"jetpack_sharing_enabled":true,"_links":{"self":[{"href":"https:\/\/label2you.ch\/sq\/wp-json\/wp\/v2\/product\/2836","targetHints":{"allow":["GET"]}}],"collection":[{"href":"https:\/\/label2you.ch\/sq\/wp-json\/wp\/v2\/product"}],"about":[{"href":"https:\/\/label2you.ch\/sq\/wp-json\/wp\/v2\/types\/product"}],"replies":[{"embeddable":true,"href":"https:\/\/label2you.ch\/sq\/wp-json\/wp\/v2\/comments?post=2836"}],"wp:featuredmedia":[{"embeddable":true,"href":"https:\/\/label2you.ch\/sq\/wp-json\/wp\/v2\/media\/5085"}],"wp:attachment":[{"href":"https:\/\/label2you.ch\/sq\/wp-json\/wp\/v2\/media?parent=2836"}],"wp:term":[{"taxonomy":"product_brand","embeddable":true,"href":"https:\/\/label2you.ch\/sq\/wp-json\/wp\/v2\/product_brand?post=2836"},{"taxonomy":"product_cat","embeddable":true,"href":"https:\/\/label2you.ch\/sq\/wp-json\/wp\/v2\/product_cat?post=2836"},{"taxonomy":"product_tag","embeddable":true,"href":"https:\/\/label2you.ch\/sq\/wp-json\/wp\/v2\/product_tag?post=2836"}],"curies":[{"name":"wp","href":"https:\/\/api.w.org\/{rel}","templated":true}]}}