{"id":2875,"date":"2024-01-25T07:43:25","date_gmt":"2024-01-25T06:43:25","guid":{"rendered":"https:\/\/label2you.ch\/?post_type=product&#038;p=2875"},"modified":"2026-02-06T08:38:08","modified_gmt":"2026-02-06T07:38:08","slug":"personalisierte-erinnerungskiste-fuer-babys","status":"publish","type":"product","link":"https:\/\/label2you.ch\/sq\/shop\/personalisierte-erinnerungskiste-fuer-babys\/","title":{"rendered":"Erinnerungskiste Baby"},"content":{"rendered":"<h2 data-start=\"404\" data-end=\"478\">Erinnerungskiste Baby \u2013 pers\u00f6nliche Schatztruhe f\u00fcr wertvolle Momente<\/h2>\n<p data-start=\"480\" data-end=\"939\">Eine <strong data-start=\"485\" data-end=\"510\">Erinnerungskiste Baby<\/strong> ist weit mehr als eine einfache Box. Sie ist eine zeitlose Schatztruhe f\u00fcr die ersten Lebensmonate deines Kindes. Mit den Massen 30x14x20 cm bietet die Kiste ausreichend Platz, um Erinnerungen wie erste Kleidungsst\u00fccke, Schnuller, winzige Schuhe oder sogar das Spitalarmband sicher aufzubewahren. Die nat\u00fcrliche Holzfarbe sorgt zudem f\u00fcr eine warme Ausstrahlung und macht die Kiste zu einem dekorativen Detail im Kinderzimmer.<\/p>\n<h2 data-start=\"941\" data-end=\"987\">Baby Erinnerungsbox aus nachhaltigem Holz<\/h2>\n<h3 data-start=\"989\" data-end=\"1025\">FSC-zertifiziert und langlebig<\/h3>\n<p data-start=\"1026\" data-end=\"1341\">Die Kiste wird aus FSC-zertifiziertem Holz gefertigt und verbindet so emotionale Werte mit Nachhaltigkeit. Jede <strong data-start=\"1138\" data-end=\"1161\">Baby Erinnerungsbox<\/strong> ist ein Unikat, denn Holz besitzt eine individuelle Maserung. Dadurch kann es zu leichten Abweichungen von den Produktfotos kommen \u2013 und genau das macht deine Kiste einzigartig.<\/p>\n<h3 data-start=\"1343\" data-end=\"1373\">Schutz f\u00fcr deine Sch\u00e4tze<\/h3>\n<p data-start=\"1374\" data-end=\"1533\">Der Deckel bewahrt die Inhalte zuverl\u00e4ssig vor Staub und Licht. So bleiben Erinnerungen auch nach vielen Jahren so strahlend und lebendig, wie am ersten Tag.<\/p>\n<h2 data-start=\"1535\" data-end=\"1595\">Erinnerungskiste Baby personalisiert \u2013 individuell gestaltet<\/h2>\n<p data-start=\"1597\" data-end=\"1862\">Eine personalisierte <strong data-start=\"1618\" data-end=\"1643\">Erinnerungskiste Baby<\/strong> macht das Geschenk noch wertvoller. Auf Wunsch wird sie mit Name, Geburtsdatum, Gewicht, Gr\u00f6sse oder Uhrzeit der Geburt versehen. Jedes Detail wird sorgf\u00e4ltig eingraviert, damit ein unverwechselbares Unikat entsteht.<\/p>\n<h3 data-start=\"1864\" data-end=\"1891\">Perfekte Geschenkidee<\/h3>\n<p data-start=\"1892\" data-end=\"2159\">Ob zur Geburt, zur Taufe oder zum ersten Geburtstag \u2013 eine <strong data-start=\"1951\" data-end=\"1969\">Holzkiste Baby<\/strong> ist ein liebevolles Geschenk, das Eltern wie auch Kinder ein Leben lang begleitet. Beim sp\u00e4teren Durchst\u00f6bern wird die Erinnerungskiste zu einem besonderen Erlebnis f\u00fcr die ganze Familie.<\/p>\n<h2 data-start=\"2161\" data-end=\"2198\">Vielf\u00e4ltige Einsatzm\u00f6glichkeiten<\/h2>\n<ul data-start=\"2200\" data-end=\"2374\">\n<li data-start=\"2200\" data-end=\"2254\">\n<p data-start=\"2202\" data-end=\"2254\">Aufbewahrung erster Kleidungsst\u00fccke, Schnuller und Babyschuhe<\/p>\n<\/li>\n<li data-start=\"2255\" data-end=\"2317\">\n<p data-start=\"2257\" data-end=\"2317\">Platz f\u00fcr Schnuller, Spitalarmband oder Lieblingsspielzeug<\/p>\n<\/li>\n<li data-start=\"2318\" data-end=\"2374\">\n<p data-start=\"2320\" data-end=\"2374\">Ideales Archiv f\u00fcr Karten, Fotos und sonstige kleine Andenken<\/p>\n<\/li>\n<\/ul>\n<p data-start=\"2376\" data-end=\"2461\">So wird die Box zum pers\u00f6nlichen Lebensalbum, das den Start ins Leben dokumentiert.<\/p>\n<h2 data-start=\"2463\" data-end=\"2522\">Fazit \u2013 Erinnerungskiste Baby als bleibende Erinnerung<\/h2>\n<p data-start=\"2524\" data-end=\"2762\">Die <strong data-start=\"2528\" data-end=\"2568\">Erinnerungskiste Baby personalisiert<\/strong> vereint Nachhaltigkeit, Funktionalit\u00e4t und Emotion. Sie ist Aufbewahrung, Deko und Geschenkidee zugleich \u2013 und bleibt ein Symbol f\u00fcr Liebe, Geborgenheit und die wertvollen ersten Lebensjahre.<\/p>\n<p data-start=\"213\" data-end=\"795\"><strong data-start=\"2232\" data-end=\"2271\">Entdecke auch Namensschilder <\/strong>in unserer <a class=\"decorated-link\" href=\"https:\/\/label2you.ch\/sq\/product-category\/baby\/kinderzimmer\/namensschilder\/\" target=\"_new\" rel=\"noopener\" data-start=\"2283\" data-end=\"2344\">Kategorie Namensschilder<\/a> und finde weitere <strong data-start=\"2363\" data-end=\"2391\">personalisierte Produkte<\/strong> f\u00fcr dein Zuhause.<\/p>\n<p data-start=\"2411\" data-end=\"2524\">Folge uns auf <a class=\"decorated-link\" href=\"https:\/\/www.instagram.com\/label2you\/?hl=de&amp;utm_source=chatgpt.com\" target=\"_new\" rel=\"noopener\" data-start=\"2425\" data-end=\"2480\">Instagram<\/a> f\u00fcr noch mehr Inspiration und neue Designs!<\/p>","protected":false},"excerpt":{"rendered":"<p>Die Erinnerungskiste Baby Acryl, ist eine zeitlose Schatztruhe f\u00fcr die kostbaren Momente in den ersten Lebensmonaten. Mit Massen von 30x14x20 cm bietet sie ausreichend Platz, um die wertvollen Erinnerungen sicher zu verwahren. Die nat\u00fcrliche Holzfarbe verleiht der Kiste eine warme Ausstrahlung und macht sie zu einem dekorativen Element in jedem Kinderzimmer.<\/p>","protected":false},"featured_media":5612,"comment_status":"open","ping_status":"closed","template":"","meta":[],"product_brand":[656],"product_cat":[50,454],"product_tag":[446,261,443,444,447,448,445],"class_list":{"0":"post-2875","1":"product","2":"type-product","3":"status-publish","4":"has-post-thumbnail","6":"product_brand-label2you","7":"product_cat-baby","8":"product_cat-erinnerungskiste","9":"product_tag-aufbewahrungskiste","10":"product_tag-erinnerung","11":"product_tag-erinnerungsbox","12":"product_tag-erinnerungskiste","13":"product_tag-holzkiste","14":"product_tag-holztruhe","15":"product_tag-kiste","16":"product_shipping_class-paketsendung","17":"","19":"first","20":"instock","21":"sale","22":"shipping-taxable","23":"purchasable","24":"product-type-simple"},"yoast_head":"<!-- This site is optimized with the Yoast SEO plugin v27.0 - https:\/\/yoast.com\/product\/yoast-seo-wordpress\/ -->\n<title>Erinnerungskiste Baby | Label2you<\/title>\n<meta name=\"description\" content=\"Entdecke unsere Erinnerungskiste Baby aus Holz \u2013 ein einzigartiges Geschenk, um die ersten Momente deines Babys stilvoll zu bewahren.\" \/>\n<meta name=\"robots\" content=\"index, follow, max-snippet:-1, max-image-preview:large, max-video-preview:-1\" \/>\n<link rel=\"canonical\" href=\"https:\/\/label2you.ch\/sq\/shop\/personalisierte-erinnerungskiste-fuer-babys\/\" \/>\n<meta property=\"og:locale\" content=\"sq_AL\" \/>\n<meta property=\"og:type\" content=\"article\" \/>\n<meta property=\"og:title\" content=\"Erinnerungskiste Baby | Label2you\" \/>\n<meta property=\"og:description\" content=\"Entdecke unsere Erinnerungskiste Baby aus Holz \u2013 ein einzigartiges Geschenk, um die ersten Momente deines Babys stilvoll zu bewahren.\" \/>\n<meta property=\"og:url\" content=\"https:\/\/label2you.ch\/sq\/shop\/personalisierte-erinnerungskiste-fuer-babys\/\" \/>\n<meta property=\"og:site_name\" content=\"Label2you\" \/>\n<meta property=\"article:modified_time\" content=\"2026-02-06T07:38:08+00:00\" \/>\n<meta property=\"og:image\" content=\"https:\/\/label2you.ch\/wp-content\/uploads\/2024\/01\/Erinnerungskiste-Baby-personalisiert.webp\" \/>\n\t<meta property=\"og:image:width\" content=\"1280\" \/>\n\t<meta property=\"og:image:height\" content=\"1280\" \/>\n\t<meta property=\"og:image:type\" content=\"image\/webp\" \/>\n<meta name=\"twitter:card\" content=\"summary_large_image\" \/>\n<meta name=\"twitter:label1\" content=\"Est. reading time\" \/>\n\t<meta name=\"twitter:data1\" content=\"3 minuta\" \/>\n<script type=\"application\/ld+json\" class=\"yoast-schema-graph\">{\"@context\":\"https:\/\/schema.org\",\"@graph\":[{\"@type\":\"WebPage\",\"@id\":\"https:\/\/label2you.ch\/shop\/personalisierte-erinnerungskiste-fuer-babys\/\",\"url\":\"https:\/\/label2you.ch\/shop\/personalisierte-erinnerungskiste-fuer-babys\/\",\"name\":\"Erinnerungskiste Baby | Label2you\",\"isPartOf\":{\"@id\":\"https:\/\/label2you.ch\/#website\"},\"primaryImageOfPage\":{\"@id\":\"https:\/\/label2you.ch\/shop\/personalisierte-erinnerungskiste-fuer-babys\/#primaryimage\"},\"image\":{\"@id\":\"https:\/\/label2you.ch\/shop\/personalisierte-erinnerungskiste-fuer-babys\/#primaryimage\"},\"thumbnailUrl\":\"https:\/\/label2you.ch\/wp-content\/uploads\/2024\/01\/Erinnerungskiste-Baby-personalisiert.webp\",\"datePublished\":\"2024-01-25T06:43:25+00:00\",\"dateModified\":\"2026-02-06T07:38:08+00:00\",\"description\":\"Entdecke unsere Erinnerungskiste Baby aus Holz \u2013 ein einzigartiges Geschenk, um die ersten Momente deines Babys stilvoll zu bewahren.\",\"breadcrumb\":{\"@id\":\"https:\/\/label2you.ch\/shop\/personalisierte-erinnerungskiste-fuer-babys\/#breadcrumb\"},\"inLanguage\":\"sq\",\"potentialAction\":[{\"@type\":\"ReadAction\",\"target\":[\"https:\/\/label2you.ch\/shop\/personalisierte-erinnerungskiste-fuer-babys\/\"]}]},{\"@type\":\"ImageObject\",\"inLanguage\":\"sq\",\"@id\":\"https:\/\/label2you.ch\/shop\/personalisierte-erinnerungskiste-fuer-babys\/#primaryimage\",\"url\":\"https:\/\/label2you.ch\/wp-content\/uploads\/2024\/01\/Erinnerungskiste-Baby-personalisiert.webp\",\"contentUrl\":\"https:\/\/label2you.ch\/wp-content\/uploads\/2024\/01\/Erinnerungskiste-Baby-personalisiert.webp\",\"width\":1280,\"height\":1280,\"caption\":\"Nat\u00fcrliche Holz-Erinnerungskiste mit individuellem Design \u2013 sch\u00fctzt wertvolle Baby-Erinnerungen sicher und stilvoll\"},{\"@type\":\"BreadcrumbList\",\"@id\":\"https:\/\/label2you.ch\/shop\/personalisierte-erinnerungskiste-fuer-babys\/#breadcrumb\",\"itemListElement\":[{\"@type\":\"ListItem\",\"position\":1,\"name\":\"Home\",\"item\":\"https:\/\/label2you.ch\/\"},{\"@type\":\"ListItem\",\"position\":2,\"name\":\"Shop\",\"item\":\"https:\/\/label2you.ch\/shop\/\"},{\"@type\":\"ListItem\",\"position\":3,\"name\":\"Erinnerungskiste Baby\"}]},{\"@type\":\"WebSite\",\"@id\":\"https:\/\/label2you.ch\/#website\",\"url\":\"https:\/\/label2you.ch\/\",\"name\":\"Label2you\",\"description\":\"Personalisierte Baby- &amp; Kindergeschenke\",\"publisher\":{\"@id\":\"https:\/\/label2you.ch\/#organization\"},\"alternateName\":\"Label2you\",\"potentialAction\":[{\"@type\":\"SearchAction\",\"target\":{\"@type\":\"EntryPoint\",\"urlTemplate\":\"https:\/\/label2you.ch\/?s={search_term_string}\"},\"query-input\":{\"@type\":\"PropertyValueSpecification\",\"valueRequired\":true,\"valueName\":\"search_term_string\"}}],\"inLanguage\":\"sq\"},{\"@type\":\"Organization\",\"@id\":\"https:\/\/label2you.ch\/#organization\",\"name\":\"Label2you | Personalisierte Geschenke\",\"alternateName\":\"Label2you\",\"url\":\"https:\/\/label2you.ch\/\",\"logo\":{\"@type\":\"ImageObject\",\"inLanguage\":\"sq\",\"@id\":\"https:\/\/label2you.ch\/#\/schema\/logo\/image\/\",\"url\":\"https:\/\/label2you.ch\/wp-content\/uploads\/2023\/03\/logo.png\",\"contentUrl\":\"https:\/\/label2you.ch\/wp-content\/uploads\/2023\/03\/logo.png\",\"width\":300,\"height\":140,\"caption\":\"Label2you | Personalisierte Geschenke\"},\"image\":{\"@id\":\"https:\/\/label2you.ch\/#\/schema\/logo\/image\/\"},\"sameAs\":[\"https:\/\/www.instagram.com\/label2you\/?hl=de\",\"https:\/\/www.tiktok.com\/@label2you\"]}]}<\/script>\n<!-- \/ Yoast SEO plugin. -->","yoast_head_json":{"title":"Erinnerungskiste Baby | Label2you","description":"Entdecke unsere Erinnerungskiste Baby aus Holz \u2013 ein einzigartiges Geschenk, um die ersten Momente deines Babys stilvoll zu bewahren.","robots":{"index":"index","follow":"follow","max-snippet":"max-snippet:-1","max-image-preview":"max-image-preview:large","max-video-preview":"max-video-preview:-1"},"canonical":"https:\/\/label2you.ch\/sq\/shop\/personalisierte-erinnerungskiste-fuer-babys\/","og_locale":"sq_AL","og_type":"article","og_title":"Erinnerungskiste Baby | Label2you","og_description":"Entdecke unsere Erinnerungskiste Baby aus Holz \u2013 ein einzigartiges Geschenk, um die ersten Momente deines Babys stilvoll zu bewahren.","og_url":"https:\/\/label2you.ch\/sq\/shop\/personalisierte-erinnerungskiste-fuer-babys\/","og_site_name":"Label2you","article_modified_time":"2026-02-06T07:38:08+00:00","og_image":[{"width":1280,"height":1280,"url":"https:\/\/label2you.ch\/wp-content\/uploads\/2024\/01\/Erinnerungskiste-Baby-personalisiert.webp","type":"image\/webp"}],"twitter_card":"summary_large_image","twitter_misc":{"Est. reading time":"3 minuta"},"schema":{"@context":"https:\/\/schema.org","@graph":[{"@type":"WebPage","@id":"https:\/\/label2you.ch\/shop\/personalisierte-erinnerungskiste-fuer-babys\/","url":"https:\/\/label2you.ch\/shop\/personalisierte-erinnerungskiste-fuer-babys\/","name":"Erinnerungskiste Baby | Label2you","isPartOf":{"@id":"https:\/\/label2you.ch\/#website"},"primaryImageOfPage":{"@id":"https:\/\/label2you.ch\/shop\/personalisierte-erinnerungskiste-fuer-babys\/#primaryimage"},"image":{"@id":"https:\/\/label2you.ch\/shop\/personalisierte-erinnerungskiste-fuer-babys\/#primaryimage"},"thumbnailUrl":"https:\/\/label2you.ch\/wp-content\/uploads\/2024\/01\/Erinnerungskiste-Baby-personalisiert.webp","datePublished":"2024-01-25T06:43:25+00:00","dateModified":"2026-02-06T07:38:08+00:00","description":"Entdecke unsere Erinnerungskiste Baby aus Holz \u2013 ein einzigartiges Geschenk, um die ersten Momente deines Babys stilvoll zu bewahren.","breadcrumb":{"@id":"https:\/\/label2you.ch\/shop\/personalisierte-erinnerungskiste-fuer-babys\/#breadcrumb"},"inLanguage":"sq","potentialAction":[{"@type":"ReadAction","target":["https:\/\/label2you.ch\/shop\/personalisierte-erinnerungskiste-fuer-babys\/"]}]},{"@type":"ImageObject","inLanguage":"sq","@id":"https:\/\/label2you.ch\/shop\/personalisierte-erinnerungskiste-fuer-babys\/#primaryimage","url":"https:\/\/label2you.ch\/wp-content\/uploads\/2024\/01\/Erinnerungskiste-Baby-personalisiert.webp","contentUrl":"https:\/\/label2you.ch\/wp-content\/uploads\/2024\/01\/Erinnerungskiste-Baby-personalisiert.webp","width":1280,"height":1280,"caption":"Nat\u00fcrliche Holz-Erinnerungskiste mit individuellem Design \u2013 sch\u00fctzt wertvolle Baby-Erinnerungen sicher und stilvoll"},{"@type":"BreadcrumbList","@id":"https:\/\/label2you.ch\/shop\/personalisierte-erinnerungskiste-fuer-babys\/#breadcrumb","itemListElement":[{"@type":"ListItem","position":1,"name":"Home","item":"https:\/\/label2you.ch\/"},{"@type":"ListItem","position":2,"name":"Shop","item":"https:\/\/label2you.ch\/shop\/"},{"@type":"ListItem","position":3,"name":"Erinnerungskiste Baby"}]},{"@type":"WebSite","@id":"https:\/\/label2you.ch\/#website","url":"https:\/\/label2you.ch\/","name":"Label2you","description":"Personalisierte Baby- &amp; Kindergeschenke","publisher":{"@id":"https:\/\/label2you.ch\/#organization"},"alternateName":"Label2you","potentialAction":[{"@type":"SearchAction","target":{"@type":"EntryPoint","urlTemplate":"https:\/\/label2you.ch\/?s={search_term_string}"},"query-input":{"@type":"PropertyValueSpecification","valueRequired":true,"valueName":"search_term_string"}}],"inLanguage":"sq"},{"@type":"Organization","@id":"https:\/\/label2you.ch\/#organization","name":"Label2you | Personalisierte Geschenke","alternateName":"Label2you","url":"https:\/\/label2you.ch\/","logo":{"@type":"ImageObject","inLanguage":"sq","@id":"https:\/\/label2you.ch\/#\/schema\/logo\/image\/","url":"https:\/\/label2you.ch\/wp-content\/uploads\/2023\/03\/logo.png","contentUrl":"https:\/\/label2you.ch\/wp-content\/uploads\/2023\/03\/logo.png","width":300,"height":140,"caption":"Label2you | Personalisierte Geschenke"},"image":{"@id":"https:\/\/label2you.ch\/#\/schema\/logo\/image\/"},"sameAs":["https:\/\/www.instagram.com\/label2you\/?hl=de","https:\/\/www.tiktok.com\/@label2you"]}]}},"jetpack_sharing_enabled":true,"_links":{"self":[{"href":"https:\/\/label2you.ch\/sq\/wp-json\/wp\/v2\/product\/2875","targetHints":{"allow":["GET"]}}],"collection":[{"href":"https:\/\/label2you.ch\/sq\/wp-json\/wp\/v2\/product"}],"about":[{"href":"https:\/\/label2you.ch\/sq\/wp-json\/wp\/v2\/types\/product"}],"replies":[{"embeddable":true,"href":"https:\/\/label2you.ch\/sq\/wp-json\/wp\/v2\/comments?post=2875"}],"wp:featuredmedia":[{"embeddable":true,"href":"https:\/\/label2you.ch\/sq\/wp-json\/wp\/v2\/media\/5612"}],"wp:attachment":[{"href":"https:\/\/label2you.ch\/sq\/wp-json\/wp\/v2\/media?parent=2875"}],"wp:term":[{"taxonomy":"product_brand","embeddable":true,"href":"https:\/\/label2you.ch\/sq\/wp-json\/wp\/v2\/product_brand?post=2875"},{"taxonomy":"product_cat","embeddable":true,"href":"https:\/\/label2you.ch\/sq\/wp-json\/wp\/v2\/product_cat?post=2875"},{"taxonomy":"product_tag","embeddable":true,"href":"https:\/\/label2you.ch\/sq\/wp-json\/wp\/v2\/product_tag?post=2875"}],"curies":[{"name":"wp","href":"https:\/\/api.w.org\/{rel}","templated":true}]}}