{"id":3704,"date":"2024-10-04T16:23:22","date_gmt":"2024-10-04T14:23:22","guid":{"rendered":"https:\/\/label2you.ch\/?post_type=product&#038;p=3704"},"modified":"2025-10-20T06:46:24","modified_gmt":"2025-10-20T04:46:24","slug":"gravierte-snackbox-fuer-kinder","status":"publish","type":"product","link":"https:\/\/label2you.ch\/sq\/shop\/gravierte-snackbox-fuer-kinder\/","title":{"rendered":"Gravierte Snackbox f\u00fcr Kinder"},"content":{"rendered":"<h2 data-start=\"295\" data-end=\"356\">Gravierte Snackbox f\u00fcr Kinder \u2013 personalisiert und praktisch<\/h2>\n<p data-start=\"358\" data-end=\"735\">Eine gravierte Snackbox Kinder ist der perfekte Begleiter f\u00fcr Schule, Kindergarten und Ausfl\u00fcge. Sie h\u00e4lt Snacks frisch, hygienisch und sicher aufbewahrt. Da die Snackbox personalisiert mit Namensgravur erh\u00e4ltlich ist, wird sie zu einem unverwechselbaren Unikat. F\u00fcr Eltern bedeutet das mehr Ordnung und f\u00fcr Kinder eine Lunchbox, die sie stolz selbst benutzen k\u00f6nnen.<\/p>\n<h2 data-start=\"737\" data-end=\"785\">Personalisierte Snackbox Kinder f\u00fcr Alltag und Kindergarten<\/h2>\n<h3 data-start=\"787\" data-end=\"829\">Einfache Handhabung f\u00fcr kleine H\u00e4nde<\/h3>\n<p data-start=\"830\" data-end=\"977\">Die Snackbox l\u00e4sst sich leicht \u00f6ffnen und schliessen. So k\u00f6nnen Kinder ihre Mahlzeiten eigenst\u00e4ndig geniessen und lernen Verantwortung im Alltag.<\/p>\n<h3 data-start=\"979\" data-end=\"1028\">Auslaufsichere Snackbox f\u00fcr Schule und Kita<\/h3>\n<p data-start=\"1029\" data-end=\"1175\">Dank 100% auslaufsicherem Silikon bleibt der Rucksack sauber. Joghurt, Dips oder Obst laufen nicht aus, sondern bleiben sicher im Fach verstaut.<\/p>\n<h2 data-start=\"1177\" data-end=\"1227\">Lunchbox Kindergarten robust und pflegeleicht<\/h2>\n<h3 data-start=\"1229\" data-end=\"1269\">Sp\u00fclmaschinenfest f\u00fcr mehr Hygiene<\/h3>\n<p data-start=\"1270\" data-end=\"1405\">Die Snackbox kann nach jeder Nutzung einfach in die Sp\u00fclmaschine gelegt werden. Das spart Zeit und sorgt f\u00fcr zuverl\u00e4ssige Sauberkeit.<\/p>\n<h3 data-start=\"1407\" data-end=\"1445\">Langlebig durch stabiles Silikon<\/h3>\n<p data-start=\"1446\" data-end=\"1575\">Das Material ist bruchsicher, flexibel und perfekt f\u00fcr den t\u00e4glichen Einsatz im Kindergarten, in der Schule oder auf Ausfl\u00fcgen.<\/p>\n<h2 data-start=\"1577\" data-end=\"1622\">Snackbox personalisiert mit Namensgravur<\/h2>\n<h3 data-start=\"1624\" data-end=\"1655\">Ein Unikat f\u00fcr jedes Kind<\/h3>\n<p data-start=\"1656\" data-end=\"1782\">Mit der Namensgravur wird die Snackbox zu einem pers\u00f6nlichen Erinnerungsst\u00fcck und verhindert Verwechslungen im Kindergarten.<\/p>\n<h3 data-start=\"1784\" data-end=\"1813\">Geschenkidee f\u00fcr Kinder<\/h3>\n<p data-start=\"1814\" data-end=\"1951\">Eine personalisierte Snackbox ist ein originelles Geschenk zur Einschulung, zum Geburtstag oder als \u00dcberraschung zum Start in die Kita.<\/p>\n<h2 data-start=\"1953\" data-end=\"2001\">Gravierte Snackbox Kinder in Rosa oder Blau<\/h2>\n<h3 data-start=\"2003\" data-end=\"2038\">Farben f\u00fcr M\u00e4dchen und Jungen<\/h3>\n<p data-start=\"2039\" data-end=\"2136\">Die Snackbox ist in Rosa oder Blau erh\u00e4ltlich und passt perfekt zu den Vorlieben deines Kindes.<\/p>\n<h3 data-start=\"2138\" data-end=\"2173\">Modernes und zeitloses Design<\/h3>\n<p data-start=\"2174\" data-end=\"2294\">Neben der Funktionalit\u00e4t \u00fcberzeugt die Snackbox auch optisch und wird so zu einem Accessoire, das Kinder gerne nutzen.<\/p>\n<h2 data-start=\"2296\" data-end=\"2346\">Fazit Gravierte Snackbox f\u00fcr Kinder als Must-have<\/h2>\n<p data-start=\"2348\" data-end=\"2676\">Die gravierte Snackbox Kinder kombiniert Sicherheit, Funktionalit\u00e4t und Personalisierung. Sie ist robust, sp\u00fclmaschinenfest und auslaufsicher \u2013 ideal als Lunchbox Kindergarten oder f\u00fcr Ausfl\u00fcge. Mit der individuellen Namensgravur wird sie zum praktischen Begleiter und gleichzeitig zu einem ganz pers\u00f6nlichen Geschenk.<\/p>\n<p>Du suchst nach anderen Snackboxen? Dann besuche uns doch <a href=\"https:\/\/label2you.ch\/sq\/product-category\/baby\/snackboxen\/\">hier<\/a>!<\/p>\n<p>Oder besuche uns auf <a href=\"https:\/\/www.instagram.com\/label2you\/?hl=de\">Instagram<\/a><\/p>","protected":false},"excerpt":{"rendered":"<p>Diese praktische Lunchbox aus hochwertigem Silikon ist perfekt f\u00fcr Snacks und kleine Mahlzeiten, ideal f\u00fcr Kinder oder den Kindergarten. Sie verf\u00fcgt \u00fcber drei unterteilte F\u00e4cher, die das Essen \u00fcbersichtlich und frisch halten. Die Lunchbox ist in den Farben Blau oder Pink erh\u00e4ltlich und eignet sich auch hervorragend als Geburtstagsgeschenk. Ein besonderes Highlight: Die Lunchbox kann mit einem individuellen Namen graviert werden, was sie noch pers\u00f6nlicher macht! Leicht zu reinigen und perfekt f\u00fcr den t\u00e4glichen Gebrauch.<\/p>\n<p>Gestalte die perfekte Snackbox f\u00fcr dein Kind!<\/p>","protected":false},"featured_media":5029,"comment_status":"open","ping_status":"closed","template":"","meta":[],"product_brand":[656],"product_cat":[50,621],"product_tag":[532,511,533,800,799,801],"class_list":{"0":"post-3704","1":"product","2":"type-product","3":"status-publish","4":"has-post-thumbnail","6":"product_brand-label2you","7":"product_cat-baby","8":"product_cat-snackboxen","9":"product_tag-lunchbox","10":"product_tag-silikon","11":"product_tag-snackbox","12":"product_tag-snackbox-blau","13":"product_tag-snackbox-graviert","14":"product_tag-snackbox-rosa","15":"product_shipping_class-paketsendung","16":"","18":"first","19":"instock","20":"sale","21":"shipping-taxable","22":"purchasable","23":"product-type-variable"},"yoast_head":"<!-- This site is optimized with the Yoast SEO plugin v27.0 - https:\/\/yoast.com\/product\/yoast-seo-wordpress\/ -->\n<title>Gravierte Snackbox f\u00fcr Kinder | Label2you<\/title>\n<meta name=\"description\" content=\"Gravierte Snackbox f\u00fcr Kinder \u2013 auslaufsicher, sp\u00fclmaschinengeeignet, personalisierbar. In Blau und Rosa erh\u00e4ltlich. Perfekt f\u00fcr Kindergarten und Schule.\" \/>\n<meta name=\"robots\" content=\"index, follow, max-snippet:-1, max-image-preview:large, max-video-preview:-1\" \/>\n<link rel=\"canonical\" href=\"https:\/\/label2you.ch\/sq\/shop\/gravierte-snackbox-fuer-kinder\/\" \/>\n<meta property=\"og:locale\" content=\"sq_AL\" \/>\n<meta property=\"og:type\" content=\"article\" \/>\n<meta property=\"og:title\" content=\"Gravierte Snackbox f\u00fcr Kinder | Label2you\" \/>\n<meta property=\"og:description\" content=\"Gravierte Snackbox f\u00fcr Kinder \u2013 auslaufsicher, sp\u00fclmaschinengeeignet, personalisierbar. In Blau und Rosa erh\u00e4ltlich. Perfekt f\u00fcr Kindergarten und Schule.\" \/>\n<meta property=\"og:url\" content=\"https:\/\/label2you.ch\/sq\/shop\/gravierte-snackbox-fuer-kinder\/\" \/>\n<meta property=\"og:site_name\" content=\"Label2you\" \/>\n<meta property=\"article:modified_time\" content=\"2025-10-20T04:46:24+00:00\" \/>\n<meta property=\"og:image\" content=\"https:\/\/label2you.ch\/wp-content\/uploads\/2024\/10\/gravierte-Snakbox.webp\" \/>\n\t<meta property=\"og:image:width\" content=\"1280\" \/>\n\t<meta property=\"og:image:height\" content=\"1280\" \/>\n\t<meta property=\"og:image:type\" content=\"image\/webp\" \/>\n<meta name=\"twitter:card\" content=\"summary_large_image\" \/>\n<meta name=\"twitter:label1\" content=\"Est. reading time\" \/>\n\t<meta name=\"twitter:data1\" content=\"3 minuta\" \/>\n<script type=\"application\/ld+json\" class=\"yoast-schema-graph\">{\"@context\":\"https:\/\/schema.org\",\"@graph\":[{\"@type\":\"WebPage\",\"@id\":\"https:\/\/label2you.ch\/shop\/gravierte-snackbox-fuer-kinder\/\",\"url\":\"https:\/\/label2you.ch\/shop\/gravierte-snackbox-fuer-kinder\/\",\"name\":\"Gravierte Snackbox f\u00fcr Kinder | Label2you\",\"isPartOf\":{\"@id\":\"https:\/\/label2you.ch\/#website\"},\"primaryImageOfPage\":{\"@id\":\"https:\/\/label2you.ch\/shop\/gravierte-snackbox-fuer-kinder\/#primaryimage\"},\"image\":{\"@id\":\"https:\/\/label2you.ch\/shop\/gravierte-snackbox-fuer-kinder\/#primaryimage\"},\"thumbnailUrl\":\"https:\/\/label2you.ch\/wp-content\/uploads\/2024\/10\/gravierte-Snakbox.webp\",\"datePublished\":\"2024-10-04T14:23:22+00:00\",\"dateModified\":\"2025-10-20T04:46:24+00:00\",\"description\":\"Gravierte Snackbox f\u00fcr Kinder \u2013 auslaufsicher, sp\u00fclmaschinengeeignet, personalisierbar. In Blau und Rosa erh\u00e4ltlich. Perfekt f\u00fcr Kindergarten und Schule.\",\"breadcrumb\":{\"@id\":\"https:\/\/label2you.ch\/shop\/gravierte-snackbox-fuer-kinder\/#breadcrumb\"},\"inLanguage\":\"sq\",\"potentialAction\":[{\"@type\":\"ReadAction\",\"target\":[\"https:\/\/label2you.ch\/shop\/gravierte-snackbox-fuer-kinder\/\"]}]},{\"@type\":\"ImageObject\",\"inLanguage\":\"sq\",\"@id\":\"https:\/\/label2you.ch\/shop\/gravierte-snackbox-fuer-kinder\/#primaryimage\",\"url\":\"https:\/\/label2you.ch\/wp-content\/uploads\/2024\/10\/gravierte-Snakbox.webp\",\"contentUrl\":\"https:\/\/label2you.ch\/wp-content\/uploads\/2024\/10\/gravierte-Snakbox.webp\",\"width\":1280,\"height\":1280,\"caption\":\"Stylische und praktische Snackbox mit Namensgravur, perfekt f\u00fcr Kindergarten, Schule und Ausfl\u00fcge\"},{\"@type\":\"BreadcrumbList\",\"@id\":\"https:\/\/label2you.ch\/shop\/gravierte-snackbox-fuer-kinder\/#breadcrumb\",\"itemListElement\":[{\"@type\":\"ListItem\",\"position\":1,\"name\":\"Home\",\"item\":\"https:\/\/label2you.ch\/\"},{\"@type\":\"ListItem\",\"position\":2,\"name\":\"Shop\",\"item\":\"https:\/\/label2you.ch\/shop\/\"},{\"@type\":\"ListItem\",\"position\":3,\"name\":\"Gravierte Snackbox f\u00fcr Kinder\"}]},{\"@type\":\"WebSite\",\"@id\":\"https:\/\/label2you.ch\/#website\",\"url\":\"https:\/\/label2you.ch\/\",\"name\":\"Label2you\",\"description\":\"Personalisierte Baby- &amp; Kindergeschenke\",\"publisher\":{\"@id\":\"https:\/\/label2you.ch\/#organization\"},\"alternateName\":\"Label2you\",\"potentialAction\":[{\"@type\":\"SearchAction\",\"target\":{\"@type\":\"EntryPoint\",\"urlTemplate\":\"https:\/\/label2you.ch\/?s={search_term_string}\"},\"query-input\":{\"@type\":\"PropertyValueSpecification\",\"valueRequired\":true,\"valueName\":\"search_term_string\"}}],\"inLanguage\":\"sq\"},{\"@type\":\"Organization\",\"@id\":\"https:\/\/label2you.ch\/#organization\",\"name\":\"Label2you | Personalisierte Geschenke\",\"alternateName\":\"Label2you\",\"url\":\"https:\/\/label2you.ch\/\",\"logo\":{\"@type\":\"ImageObject\",\"inLanguage\":\"sq\",\"@id\":\"https:\/\/label2you.ch\/#\/schema\/logo\/image\/\",\"url\":\"https:\/\/label2you.ch\/wp-content\/uploads\/2023\/03\/logo.png\",\"contentUrl\":\"https:\/\/label2you.ch\/wp-content\/uploads\/2023\/03\/logo.png\",\"width\":300,\"height\":140,\"caption\":\"Label2you | Personalisierte Geschenke\"},\"image\":{\"@id\":\"https:\/\/label2you.ch\/#\/schema\/logo\/image\/\"},\"sameAs\":[\"https:\/\/www.instagram.com\/label2you\/?hl=de\",\"https:\/\/www.tiktok.com\/@label2you\"]}]}<\/script>\n<!-- \/ Yoast SEO plugin. -->","yoast_head_json":{"title":"Gravierte Snackbox f\u00fcr Kinder | Label2you","description":"Gravierte Snackbox f\u00fcr Kinder \u2013 auslaufsicher, sp\u00fclmaschinengeeignet, personalisierbar. In Blau und Rosa erh\u00e4ltlich. Perfekt f\u00fcr Kindergarten und Schule.","robots":{"index":"index","follow":"follow","max-snippet":"max-snippet:-1","max-image-preview":"max-image-preview:large","max-video-preview":"max-video-preview:-1"},"canonical":"https:\/\/label2you.ch\/sq\/shop\/gravierte-snackbox-fuer-kinder\/","og_locale":"sq_AL","og_type":"article","og_title":"Gravierte Snackbox f\u00fcr Kinder | Label2you","og_description":"Gravierte Snackbox f\u00fcr Kinder \u2013 auslaufsicher, sp\u00fclmaschinengeeignet, personalisierbar. In Blau und Rosa erh\u00e4ltlich. Perfekt f\u00fcr Kindergarten und Schule.","og_url":"https:\/\/label2you.ch\/sq\/shop\/gravierte-snackbox-fuer-kinder\/","og_site_name":"Label2you","article_modified_time":"2025-10-20T04:46:24+00:00","og_image":[{"width":1280,"height":1280,"url":"https:\/\/label2you.ch\/wp-content\/uploads\/2024\/10\/gravierte-Snakbox.webp","type":"image\/webp"}],"twitter_card":"summary_large_image","twitter_misc":{"Est. reading time":"3 minuta"},"schema":{"@context":"https:\/\/schema.org","@graph":[{"@type":"WebPage","@id":"https:\/\/label2you.ch\/shop\/gravierte-snackbox-fuer-kinder\/","url":"https:\/\/label2you.ch\/shop\/gravierte-snackbox-fuer-kinder\/","name":"Gravierte Snackbox f\u00fcr Kinder | Label2you","isPartOf":{"@id":"https:\/\/label2you.ch\/#website"},"primaryImageOfPage":{"@id":"https:\/\/label2you.ch\/shop\/gravierte-snackbox-fuer-kinder\/#primaryimage"},"image":{"@id":"https:\/\/label2you.ch\/shop\/gravierte-snackbox-fuer-kinder\/#primaryimage"},"thumbnailUrl":"https:\/\/label2you.ch\/wp-content\/uploads\/2024\/10\/gravierte-Snakbox.webp","datePublished":"2024-10-04T14:23:22+00:00","dateModified":"2025-10-20T04:46:24+00:00","description":"Gravierte Snackbox f\u00fcr Kinder \u2013 auslaufsicher, sp\u00fclmaschinengeeignet, personalisierbar. In Blau und Rosa erh\u00e4ltlich. Perfekt f\u00fcr Kindergarten und Schule.","breadcrumb":{"@id":"https:\/\/label2you.ch\/shop\/gravierte-snackbox-fuer-kinder\/#breadcrumb"},"inLanguage":"sq","potentialAction":[{"@type":"ReadAction","target":["https:\/\/label2you.ch\/shop\/gravierte-snackbox-fuer-kinder\/"]}]},{"@type":"ImageObject","inLanguage":"sq","@id":"https:\/\/label2you.ch\/shop\/gravierte-snackbox-fuer-kinder\/#primaryimage","url":"https:\/\/label2you.ch\/wp-content\/uploads\/2024\/10\/gravierte-Snakbox.webp","contentUrl":"https:\/\/label2you.ch\/wp-content\/uploads\/2024\/10\/gravierte-Snakbox.webp","width":1280,"height":1280,"caption":"Stylische und praktische Snackbox mit Namensgravur, perfekt f\u00fcr Kindergarten, Schule und Ausfl\u00fcge"},{"@type":"BreadcrumbList","@id":"https:\/\/label2you.ch\/shop\/gravierte-snackbox-fuer-kinder\/#breadcrumb","itemListElement":[{"@type":"ListItem","position":1,"name":"Home","item":"https:\/\/label2you.ch\/"},{"@type":"ListItem","position":2,"name":"Shop","item":"https:\/\/label2you.ch\/shop\/"},{"@type":"ListItem","position":3,"name":"Gravierte Snackbox f\u00fcr Kinder"}]},{"@type":"WebSite","@id":"https:\/\/label2you.ch\/#website","url":"https:\/\/label2you.ch\/","name":"Label2you","description":"Personalisierte Baby- &amp; Kindergeschenke","publisher":{"@id":"https:\/\/label2you.ch\/#organization"},"alternateName":"Label2you","potentialAction":[{"@type":"SearchAction","target":{"@type":"EntryPoint","urlTemplate":"https:\/\/label2you.ch\/?s={search_term_string}"},"query-input":{"@type":"PropertyValueSpecification","valueRequired":true,"valueName":"search_term_string"}}],"inLanguage":"sq"},{"@type":"Organization","@id":"https:\/\/label2you.ch\/#organization","name":"Label2you | Personalisierte Geschenke","alternateName":"Label2you","url":"https:\/\/label2you.ch\/","logo":{"@type":"ImageObject","inLanguage":"sq","@id":"https:\/\/label2you.ch\/#\/schema\/logo\/image\/","url":"https:\/\/label2you.ch\/wp-content\/uploads\/2023\/03\/logo.png","contentUrl":"https:\/\/label2you.ch\/wp-content\/uploads\/2023\/03\/logo.png","width":300,"height":140,"caption":"Label2you | Personalisierte Geschenke"},"image":{"@id":"https:\/\/label2you.ch\/#\/schema\/logo\/image\/"},"sameAs":["https:\/\/www.instagram.com\/label2you\/?hl=de","https:\/\/www.tiktok.com\/@label2you"]}]}},"jetpack_sharing_enabled":true,"_links":{"self":[{"href":"https:\/\/label2you.ch\/sq\/wp-json\/wp\/v2\/product\/3704","targetHints":{"allow":["GET"]}}],"collection":[{"href":"https:\/\/label2you.ch\/sq\/wp-json\/wp\/v2\/product"}],"about":[{"href":"https:\/\/label2you.ch\/sq\/wp-json\/wp\/v2\/types\/product"}],"replies":[{"embeddable":true,"href":"https:\/\/label2you.ch\/sq\/wp-json\/wp\/v2\/comments?post=3704"}],"wp:featuredmedia":[{"embeddable":true,"href":"https:\/\/label2you.ch\/sq\/wp-json\/wp\/v2\/media\/5029"}],"wp:attachment":[{"href":"https:\/\/label2you.ch\/sq\/wp-json\/wp\/v2\/media?parent=3704"}],"wp:term":[{"taxonomy":"product_brand","embeddable":true,"href":"https:\/\/label2you.ch\/sq\/wp-json\/wp\/v2\/product_brand?post=3704"},{"taxonomy":"product_cat","embeddable":true,"href":"https:\/\/label2you.ch\/sq\/wp-json\/wp\/v2\/product_cat?post=3704"},{"taxonomy":"product_tag","embeddable":true,"href":"https:\/\/label2you.ch\/sq\/wp-json\/wp\/v2\/product_tag?post=3704"}],"curies":[{"name":"wp","href":"https:\/\/api.w.org\/{rel}","templated":true}]}}