{"id":4423,"date":"2025-03-24T11:18:39","date_gmt":"2025-03-24T10:18:39","guid":{"rendered":"https:\/\/label2you.ch\/?post_type=product&#038;p=4423"},"modified":"2026-01-21T07:57:10","modified_gmt":"2026-01-21T06:57:10","slug":"geschenksaeckchen-bajram","status":"publish","type":"product","link":"https:\/\/label2you.ch\/sq\/shop\/geschenksaeckchen-bajram\/","title":{"rendered":"Geschenks\u00e4ckchen Bajram"},"content":{"rendered":"<div class=\"flex max-w-full flex-col grow\">\n<div class=\"min-h-8 text-message relative flex w-full flex-col items-end gap-2 text-start break-words whitespace-normal [.text-message+&amp;]:mt-1\" dir=\"auto\" data-message-author-role=\"assistant\" data-message-id=\"0c4acb78-c2f4-4f89-8899-0dbca5bda09c\" data-message-model-slug=\"gpt-5-2-thinking\">\n<div class=\"flex w-full flex-col gap-1 empty:hidden first:pt-[1px]\">\n<div class=\"markdown prose dark:prose-invert w-full break-words light markdown-new-styling\">\n<h2 data-start=\"368\" data-end=\"429\">Geschenks\u00e4ckchen Bajram \u2013 pers\u00f6nlich, festlich, vielseitig<\/h2>\n<p data-start=\"431\" data-end=\"809\">Verleihen Sie Ihren Bajram-Geschenken eine pers\u00f6nliche Note: Das Geschenks\u00e4ckchen Bajram ist eine stilvolle und zugleich praktische Verpackung f\u00fcr kleine Aufmerksamkeiten. Mit seinem festlichen Schriftzug \u201eEid Mubarak\u201c und der M\u00f6glichkeit, einen Wunschnamen hinzuzuf\u00fcgen, wird jedes S\u00e4ckchen zu einem einzigartigen Detail, das beim \u00dcberreichen sofort Freude ausl\u00f6st.<\/p>\n<h3 data-start=\"811\" data-end=\"853\">Liebevoll gestaltet und personalisiert<\/h3>\n<p data-start=\"854\" data-end=\"1201\">Das S\u00e4ckchen wird auf der Vorderseite mit Eid Mubarak veredelt \u2013 passend zum besonderen Anlass. Zus\u00e4tzlich k\u00f6nnen Sie den Namen der beschenkten Person anbringen lassen. Dadurch eignet sich das S\u00e4ckchen perfekt, wenn Sie f\u00fcr Familie, Freunde, Nachbarn oder Kollegen ein Geschenk nicht nur sch\u00f6n, sondern auch pers\u00f6nlich \u00fcberreichen m\u00f6chten.<\/p>\n<h3 data-start=\"1203\" data-end=\"1246\">Perfekte Gr\u00f6sse f\u00fcr viele Geschenkideen<\/h3>\n<p data-start=\"1247\" data-end=\"1335\">Mit den Massen 18 x 13 cm bietet das Geschenks\u00e4ckchen genau den richtigen Platz f\u00fcr:<\/p>\n<ul data-start=\"1336\" data-end=\"1515\">\n<li data-start=\"1336\" data-end=\"1379\">\n<p data-start=\"1338\" data-end=\"1379\">S\u00fcssigkeiten und kleine Naschereien<\/p>\n<\/li>\n<li data-start=\"1380\" data-end=\"1445\">\n<p data-start=\"1382\" data-end=\"1445\">kleine Geschenke wie Schmuck, Accessoires oder Gutscheine<\/p>\n<\/li>\n<li data-start=\"1446\" data-end=\"1515\">\n<p data-start=\"1448\" data-end=\"1515\">Geldgeschenke, die stilvoll und festlich verpackt sein sollen<\/p>\n<\/li>\n<\/ul>\n<p data-start=\"1517\" data-end=\"1681\">Durch die handliche Gr\u00f6sse ist es ausserdem ideal f\u00fcr mehrere Geschenke auf einmal \u2013 zum Beispiel f\u00fcr Kinder, G\u00e4ste oder als kleine Aufmerksamkeit im Familienkreis.<\/p>\n<h3 data-start=\"1683\" data-end=\"1726\">Nat\u00fcrliche Jute \u2013 robust und nachhaltig<\/h3>\n<p data-start=\"1727\" data-end=\"2117\">Das hochwertige Jute-Material sorgt f\u00fcr einen rustikalen, nat\u00fcrlichen Look und f\u00fchlt sich gleichzeitig stabil an. Jute ist bekannt daf\u00fcr, langlebig zu sein und kann auch nach dem Fest weiterverwendet werden \u2013 etwa zur Aufbewahrung von Kleinigkeiten, als Deko oder f\u00fcr kleine Mitbringsel im Alltag. So bleibt Ihr Bajram-Moment nicht nur in Erinnerung, sondern auch praktisch nutzbar.<\/p>\n<h3 data-start=\"2119\" data-end=\"2170\">Ein sch\u00f6nes Detail f\u00fcr besondere Bajram-Momente<\/h3>\n<p data-start=\"2171\" data-end=\"2464\">Ob als kleine Geste oder als Teil eines gr\u00f6sseren Geschenks: Dieses personalisierte Bajram Geschenks\u00e4ckchen aus Jute macht aus jeder Kleinigkeit etwas Besonderes. Es unterstreicht Ihre guten W\u00fcnsche und sorgt f\u00fcr einen festlichen Auftritt beim Schenken \u2013 schlicht, hochwertig und mit Herz.<\/p>\n<p data-start=\"2466\" data-end=\"2500\">Produktdetails auf einen Blick<\/p>\n<ul data-start=\"2501\" data-end=\"2663\" data-is-last-node=\"\" data-is-only-node=\"\">\n<li data-start=\"2501\" data-end=\"2525\">\n<p data-start=\"2503\" data-end=\"2525\">Gr\u00f6sse: 18 x 13 cm<\/p>\n<\/li>\n<li data-start=\"2526\" data-end=\"2546\">\n<p data-start=\"2528\" data-end=\"2546\">Material: Jute<\/p>\n<\/li>\n<li data-start=\"2547\" data-end=\"2600\">\n<p data-start=\"2549\" data-end=\"2600\">Design: Eid Mubarak + Name personalisierbar<\/p>\n<\/li>\n<li data-start=\"2601\" data-end=\"2663\" data-is-last-node=\"\">\n<p data-start=\"2603\" data-end=\"2663\" data-is-last-node=\"\">Ideal f\u00fcr: S\u00fcssigkeiten, kleine Geschenke, Geldgeschenke<\/p>\n<\/li>\n<\/ul>\n<\/div>\n<\/div>\n<\/div>\n<\/div>\n<div class=\"z-0 flex min-h-[46px] justify-start\"><\/div>\n<div class=\"mt-3 w-full empty:hidden\">\n<div class=\"text-center\">\n<div>\n<div class=\"inline-flex border border-gray-100 dark:border-gray-700 rounded-xl\">\n<div class=\"text-token-text-secondary flex items-center justify-center gap-4 px-4 py-2.5 text-sm whitespace-nowrap\"><\/div>\n<\/div>\n<\/div>\n<\/div>\n<\/div>\n","protected":false},"excerpt":{"rendered":"<p>Geschenks\u00e4ckchen Bajram \u2013 pers\u00f6nlich, festlich, vielseitig Verleihen Sie Ihren Bajram-Geschenken eine pers\u00f6nliche Note: Das Geschenks\u00e4ckchen Bajram ist eine stilvolle und zugleich praktische Verpackung f\u00fcr kleine Aufmerksamkeiten. Mit seinem festlichen Schriftzug \u201eEid Mubarak\u201c und der M\u00f6glichkeit, einen Wunschnamen hinzuzuf\u00fcgen, wird jedes S\u00e4ckchen zu einem einzigartigen Detail, das beim \u00dcberreichen sofort Freude ausl\u00f6st. Liebevoll gestaltet und personalisiert [&hellip;]<\/p>\n","protected":false},"featured_media":4424,"comment_status":"open","ping_status":"closed","template":"","meta":[],"product_brand":[],"product_cat":[824],"product_tag":[599,602,600,598,601],"class_list":{"0":"post-4423","1":"product","2":"type-product","3":"status-publish","4":"has-post-thumbnail","6":"product_cat-ramadan","7":"product_tag-bajram","8":"product_tag-bajram-geschenk","9":"product_tag-eid-mubarak","10":"product_tag-ramadan","11":"product_tag-ramadan-geschenk","12":"product_shipping_class-brief","13":"","15":"first","16":"instock","17":"shipping-taxable","18":"purchasable","19":"product-type-simple"},"yoast_head":"<!-- This site is optimized with the Yoast SEO plugin v27.0 - https:\/\/yoast.com\/product\/yoast-seo-wordpress\/ -->\n<title>Geschenks\u00e4ckchen Bajram | Label2you<\/title>\n<meta name=\"description\" content=\"Personalisiertes Bajram-Geschenks\u00e4ckchen aus Jute mit Eid Mubarak und Name \u2013 ideal fuer S\u00fcssigkeiten, kleine Geschenke &amp; Geldgeschenke.\" \/>\n<meta name=\"robots\" content=\"index, follow, max-snippet:-1, max-image-preview:large, max-video-preview:-1\" \/>\n<link rel=\"canonical\" href=\"https:\/\/label2you.ch\/sq\/shop\/geschenksaeckchen-bajram\/\" \/>\n<meta property=\"og:locale\" content=\"sq_AL\" \/>\n<meta property=\"og:type\" content=\"article\" \/>\n<meta property=\"og:title\" content=\"Geschenks\u00e4ckchen Bajram | Label2you\" \/>\n<meta property=\"og:description\" content=\"Personalisiertes Bajram-Geschenks\u00e4ckchen aus Jute mit Eid Mubarak und Name \u2013 ideal fuer S\u00fcssigkeiten, kleine Geschenke &amp; Geldgeschenke.\" \/>\n<meta property=\"og:url\" content=\"https:\/\/label2you.ch\/sq\/shop\/geschenksaeckchen-bajram\/\" \/>\n<meta property=\"og:site_name\" content=\"Label2you\" \/>\n<meta property=\"article:modified_time\" content=\"2026-01-21T06:57:10+00:00\" \/>\n<meta property=\"og:image\" content=\"https:\/\/label2you.ch\/wp-content\/uploads\/2025\/03\/511b91e2-4a13-43cf-9808-f3f1f1420b9e.jpeg\" \/>\n\t<meta property=\"og:image:width\" content=\"1080\" \/>\n\t<meta property=\"og:image:height\" content=\"1620\" \/>\n\t<meta property=\"og:image:type\" content=\"image\/jpeg\" \/>\n<meta name=\"twitter:card\" content=\"summary_large_image\" \/>\n<meta name=\"twitter:label1\" content=\"Est. reading time\" \/>\n\t<meta name=\"twitter:data1\" content=\"2 minuta\" \/>\n<script type=\"application\/ld+json\" class=\"yoast-schema-graph\">{\"@context\":\"https:\/\/schema.org\",\"@graph\":[{\"@type\":\"WebPage\",\"@id\":\"https:\/\/label2you.ch\/shop\/geschenksaeckchen-bajram\/\",\"url\":\"https:\/\/label2you.ch\/shop\/geschenksaeckchen-bajram\/\",\"name\":\"Geschenks\u00e4ckchen Bajram | Label2you\",\"isPartOf\":{\"@id\":\"https:\/\/label2you.ch\/#website\"},\"primaryImageOfPage\":{\"@id\":\"https:\/\/label2you.ch\/shop\/geschenksaeckchen-bajram\/#primaryimage\"},\"image\":{\"@id\":\"https:\/\/label2you.ch\/shop\/geschenksaeckchen-bajram\/#primaryimage\"},\"thumbnailUrl\":\"https:\/\/label2you.ch\/wp-content\/uploads\/2025\/03\/511b91e2-4a13-43cf-9808-f3f1f1420b9e.jpeg\",\"datePublished\":\"2025-03-24T10:18:39+00:00\",\"dateModified\":\"2026-01-21T06:57:10+00:00\",\"description\":\"Personalisiertes Bajram-Geschenks\u00e4ckchen aus Jute mit Eid Mubarak und Name \u2013 ideal fuer S\u00fcssigkeiten, kleine Geschenke & Geldgeschenke.\",\"breadcrumb\":{\"@id\":\"https:\/\/label2you.ch\/shop\/geschenksaeckchen-bajram\/#breadcrumb\"},\"inLanguage\":\"sq\",\"potentialAction\":[{\"@type\":\"ReadAction\",\"target\":[\"https:\/\/label2you.ch\/shop\/geschenksaeckchen-bajram\/\"]}]},{\"@type\":\"ImageObject\",\"inLanguage\":\"sq\",\"@id\":\"https:\/\/label2you.ch\/shop\/geschenksaeckchen-bajram\/#primaryimage\",\"url\":\"https:\/\/label2you.ch\/wp-content\/uploads\/2025\/03\/511b91e2-4a13-43cf-9808-f3f1f1420b9e.jpeg\",\"contentUrl\":\"https:\/\/label2you.ch\/wp-content\/uploads\/2025\/03\/511b91e2-4a13-43cf-9808-f3f1f1420b9e.jpeg\",\"width\":1080,\"height\":1620,\"caption\":\"Jutes\u00e4ckchen mit \u201eEid Mubarak\u201c und Name personalisierbar \u2013 perfekt f\u00fcr S\u00fcssigkeiten und Geldgeschenke\"},{\"@type\":\"BreadcrumbList\",\"@id\":\"https:\/\/label2you.ch\/shop\/geschenksaeckchen-bajram\/#breadcrumb\",\"itemListElement\":[{\"@type\":\"ListItem\",\"position\":1,\"name\":\"Home\",\"item\":\"https:\/\/label2you.ch\/\"},{\"@type\":\"ListItem\",\"position\":2,\"name\":\"Shop\",\"item\":\"https:\/\/label2you.ch\/shop\/\"},{\"@type\":\"ListItem\",\"position\":3,\"name\":\"Geschenks\u00e4ckchen Bajram\"}]},{\"@type\":\"WebSite\",\"@id\":\"https:\/\/label2you.ch\/#website\",\"url\":\"https:\/\/label2you.ch\/\",\"name\":\"Label2you\",\"description\":\"Personalisierte Baby- &amp; Kindergeschenke\",\"publisher\":{\"@id\":\"https:\/\/label2you.ch\/#organization\"},\"alternateName\":\"Label2you\",\"potentialAction\":[{\"@type\":\"SearchAction\",\"target\":{\"@type\":\"EntryPoint\",\"urlTemplate\":\"https:\/\/label2you.ch\/?s={search_term_string}\"},\"query-input\":{\"@type\":\"PropertyValueSpecification\",\"valueRequired\":true,\"valueName\":\"search_term_string\"}}],\"inLanguage\":\"sq\"},{\"@type\":\"Organization\",\"@id\":\"https:\/\/label2you.ch\/#organization\",\"name\":\"Label2you | Personalisierte Geschenke\",\"alternateName\":\"Label2you\",\"url\":\"https:\/\/label2you.ch\/\",\"logo\":{\"@type\":\"ImageObject\",\"inLanguage\":\"sq\",\"@id\":\"https:\/\/label2you.ch\/#\/schema\/logo\/image\/\",\"url\":\"https:\/\/label2you.ch\/wp-content\/uploads\/2023\/03\/logo.png\",\"contentUrl\":\"https:\/\/label2you.ch\/wp-content\/uploads\/2023\/03\/logo.png\",\"width\":300,\"height\":140,\"caption\":\"Label2you | Personalisierte Geschenke\"},\"image\":{\"@id\":\"https:\/\/label2you.ch\/#\/schema\/logo\/image\/\"},\"sameAs\":[\"https:\/\/www.instagram.com\/label2you\/?hl=de\",\"https:\/\/www.tiktok.com\/@label2you\"]}]}<\/script>\n<!-- \/ Yoast SEO plugin. -->","yoast_head_json":{"title":"Geschenks\u00e4ckchen Bajram | Label2you","description":"Personalisiertes Bajram-Geschenks\u00e4ckchen aus Jute mit Eid Mubarak und Name \u2013 ideal fuer S\u00fcssigkeiten, kleine Geschenke & Geldgeschenke.","robots":{"index":"index","follow":"follow","max-snippet":"max-snippet:-1","max-image-preview":"max-image-preview:large","max-video-preview":"max-video-preview:-1"},"canonical":"https:\/\/label2you.ch\/sq\/shop\/geschenksaeckchen-bajram\/","og_locale":"sq_AL","og_type":"article","og_title":"Geschenks\u00e4ckchen Bajram | Label2you","og_description":"Personalisiertes Bajram-Geschenks\u00e4ckchen aus Jute mit Eid Mubarak und Name \u2013 ideal fuer S\u00fcssigkeiten, kleine Geschenke & Geldgeschenke.","og_url":"https:\/\/label2you.ch\/sq\/shop\/geschenksaeckchen-bajram\/","og_site_name":"Label2you","article_modified_time":"2026-01-21T06:57:10+00:00","og_image":[{"width":1080,"height":1620,"url":"https:\/\/label2you.ch\/wp-content\/uploads\/2025\/03\/511b91e2-4a13-43cf-9808-f3f1f1420b9e.jpeg","type":"image\/jpeg"}],"twitter_card":"summary_large_image","twitter_misc":{"Est. reading time":"2 minuta"},"schema":{"@context":"https:\/\/schema.org","@graph":[{"@type":"WebPage","@id":"https:\/\/label2you.ch\/shop\/geschenksaeckchen-bajram\/","url":"https:\/\/label2you.ch\/shop\/geschenksaeckchen-bajram\/","name":"Geschenks\u00e4ckchen Bajram | Label2you","isPartOf":{"@id":"https:\/\/label2you.ch\/#website"},"primaryImageOfPage":{"@id":"https:\/\/label2you.ch\/shop\/geschenksaeckchen-bajram\/#primaryimage"},"image":{"@id":"https:\/\/label2you.ch\/shop\/geschenksaeckchen-bajram\/#primaryimage"},"thumbnailUrl":"https:\/\/label2you.ch\/wp-content\/uploads\/2025\/03\/511b91e2-4a13-43cf-9808-f3f1f1420b9e.jpeg","datePublished":"2025-03-24T10:18:39+00:00","dateModified":"2026-01-21T06:57:10+00:00","description":"Personalisiertes Bajram-Geschenks\u00e4ckchen aus Jute mit Eid Mubarak und Name \u2013 ideal fuer S\u00fcssigkeiten, kleine Geschenke & Geldgeschenke.","breadcrumb":{"@id":"https:\/\/label2you.ch\/shop\/geschenksaeckchen-bajram\/#breadcrumb"},"inLanguage":"sq","potentialAction":[{"@type":"ReadAction","target":["https:\/\/label2you.ch\/shop\/geschenksaeckchen-bajram\/"]}]},{"@type":"ImageObject","inLanguage":"sq","@id":"https:\/\/label2you.ch\/shop\/geschenksaeckchen-bajram\/#primaryimage","url":"https:\/\/label2you.ch\/wp-content\/uploads\/2025\/03\/511b91e2-4a13-43cf-9808-f3f1f1420b9e.jpeg","contentUrl":"https:\/\/label2you.ch\/wp-content\/uploads\/2025\/03\/511b91e2-4a13-43cf-9808-f3f1f1420b9e.jpeg","width":1080,"height":1620,"caption":"Jutes\u00e4ckchen mit \u201eEid Mubarak\u201c und Name personalisierbar \u2013 perfekt f\u00fcr S\u00fcssigkeiten und Geldgeschenke"},{"@type":"BreadcrumbList","@id":"https:\/\/label2you.ch\/shop\/geschenksaeckchen-bajram\/#breadcrumb","itemListElement":[{"@type":"ListItem","position":1,"name":"Home","item":"https:\/\/label2you.ch\/"},{"@type":"ListItem","position":2,"name":"Shop","item":"https:\/\/label2you.ch\/shop\/"},{"@type":"ListItem","position":3,"name":"Geschenks\u00e4ckchen Bajram"}]},{"@type":"WebSite","@id":"https:\/\/label2you.ch\/#website","url":"https:\/\/label2you.ch\/","name":"Label2you","description":"Personalisierte Baby- &amp; Kindergeschenke","publisher":{"@id":"https:\/\/label2you.ch\/#organization"},"alternateName":"Label2you","potentialAction":[{"@type":"SearchAction","target":{"@type":"EntryPoint","urlTemplate":"https:\/\/label2you.ch\/?s={search_term_string}"},"query-input":{"@type":"PropertyValueSpecification","valueRequired":true,"valueName":"search_term_string"}}],"inLanguage":"sq"},{"@type":"Organization","@id":"https:\/\/label2you.ch\/#organization","name":"Label2you | Personalisierte Geschenke","alternateName":"Label2you","url":"https:\/\/label2you.ch\/","logo":{"@type":"ImageObject","inLanguage":"sq","@id":"https:\/\/label2you.ch\/#\/schema\/logo\/image\/","url":"https:\/\/label2you.ch\/wp-content\/uploads\/2023\/03\/logo.png","contentUrl":"https:\/\/label2you.ch\/wp-content\/uploads\/2023\/03\/logo.png","width":300,"height":140,"caption":"Label2you | Personalisierte Geschenke"},"image":{"@id":"https:\/\/label2you.ch\/#\/schema\/logo\/image\/"},"sameAs":["https:\/\/www.instagram.com\/label2you\/?hl=de","https:\/\/www.tiktok.com\/@label2you"]}]}},"jetpack_sharing_enabled":true,"_links":{"self":[{"href":"https:\/\/label2you.ch\/sq\/wp-json\/wp\/v2\/product\/4423","targetHints":{"allow":["GET"]}}],"collection":[{"href":"https:\/\/label2you.ch\/sq\/wp-json\/wp\/v2\/product"}],"about":[{"href":"https:\/\/label2you.ch\/sq\/wp-json\/wp\/v2\/types\/product"}],"replies":[{"embeddable":true,"href":"https:\/\/label2you.ch\/sq\/wp-json\/wp\/v2\/comments?post=4423"}],"wp:featuredmedia":[{"embeddable":true,"href":"https:\/\/label2you.ch\/sq\/wp-json\/wp\/v2\/media\/4424"}],"wp:attachment":[{"href":"https:\/\/label2you.ch\/sq\/wp-json\/wp\/v2\/media?parent=4423"}],"wp:term":[{"taxonomy":"product_brand","embeddable":true,"href":"https:\/\/label2you.ch\/sq\/wp-json\/wp\/v2\/product_brand?post=4423"},{"taxonomy":"product_cat","embeddable":true,"href":"https:\/\/label2you.ch\/sq\/wp-json\/wp\/v2\/product_cat?post=4423"},{"taxonomy":"product_tag","embeddable":true,"href":"https:\/\/label2you.ch\/sq\/wp-json\/wp\/v2\/product_tag?post=4423"}],"curies":[{"name":"wp","href":"https:\/\/api.w.org\/{rel}","templated":true}]}}