{"id":4569,"date":"2025-04-27T10:07:32","date_gmt":"2025-04-27T08:07:32","guid":{"rendered":"https:\/\/label2you.ch\/?post_type=product&#038;p=4569"},"modified":"2025-09-08T08:05:03","modified_gmt":"2025-09-08T06:05:03","slug":"second-chance-muetzen","status":"publish","type":"product","link":"https:\/\/label2you.ch\/sq\/shop\/second-chance-muetzen\/","title":{"rendered":"Second Chance \u2013 H&#038;M &#038; GAP M\u00fctzen Neugeborene"},"content":{"rendered":"<p data-start=\"204\" data-end=\"482\">Unsere <strong data-start=\"211\" data-end=\"261\">Second Chance H&amp;M &amp; GAP M\u00fctzen f\u00fcr Neugeborene<\/strong> sind die perfekte Wahl f\u00fcr Eltern, die hochwertige Babyausstattung suchen, ohne viel Geld auszugeben. Alle M\u00fctzen sind wenig getragen, stammen aus erster Hand und befinden sich in einem sehr guten Zustand \u2013 fast wie neu!<\/p>\n<p data-start=\"484\" data-end=\"850\">Die M\u00fctzen bestehen aus weichen, hautfreundlichen Materialien, die den empfindlichen Kopf deines Babys angenehm warm und gesch\u00fctzt halten. Sie sind ideal f\u00fcr die k\u00fchlen Tage und bieten gleichzeitig hohen Tragekomfort, ohne zu dr\u00fccken oder zu rutschen. Das klassische Design von H&amp;M und GAP macht sie vielseitig kombinierbar und zu einem praktischen Alltagsbegleiter.<\/p>\n<p data-start=\"852\" data-end=\"1109\">Mit Second Hand Produkten tust du nicht nur deinem Geldbeutel etwas Gutes, sondern unterst\u00fctzt auch nachhaltiges Einkaufen. Die Wiederverwendung von Kleidung schont Ressourcen und hilft, Textilabf\u00e4lle zu reduzieren \u2013 ein wichtiger Beitrag f\u00fcr unsere Umwelt.<\/p>\n<h3 data-start=\"1111\" data-end=\"1142\">Vorteile auf einen Blick:<\/h3>\n<ul data-start=\"1143\" data-end=\"1315\">\n<li data-start=\"1143\" data-end=\"1175\">\n<p data-start=\"1145\" data-end=\"1175\">Wenig getragen und neuwertig<\/p>\n<\/li>\n<li data-start=\"1176\" data-end=\"1215\">\n<p data-start=\"1178\" data-end=\"1215\">Weiche, hautfreundliche Materialien<\/p>\n<\/li>\n<li data-start=\"1216\" data-end=\"1251\">\n<p data-start=\"1218\" data-end=\"1251\">Von beliebten Marken: H&amp;M &amp; GAP<\/p>\n<\/li>\n<li data-start=\"1252\" data-end=\"1287\">\n<p data-start=\"1254\" data-end=\"1287\">Nachhaltig und budgetfreundlich<\/p>\n<\/li>\n<li data-start=\"1288\" data-end=\"1315\">\n<p data-start=\"1290\" data-end=\"1315\">Perfekt f\u00fcr Neugeborene<\/p>\n<\/li>\n<\/ul>\n<p data-start=\"1317\" data-end=\"1441\">Sichere dir jetzt diese tollen Second Chance M\u00fctzen von H&amp;M &amp; GAP und biete deinem Baby W\u00e4rme und Komfort mit Verantwortung.<\/p>","protected":false},"excerpt":{"rendered":"<p>Unsere Second Chance H&amp;M &amp; GAP M\u00fctzen f\u00fcr Neugeborene sind die perfekte Wahl f\u00fcr Eltern, die hochwertige Babyausstattung suchen, ohne viel Geld auszugeben. Alle M\u00fctzen sind wenig getragen, stammen aus erster Hand und befinden sich in einem sehr guten Zustand \u2013 fast wie neu! Die M\u00fctzen bestehen aus weichen, hautfreundlichen Materialien, die den empfindlichen Kopf [&hellip;]<\/p>\n","protected":false},"featured_media":4570,"comment_status":"open","ping_status":"closed","template":"","meta":[],"product_brand":[656],"product_cat":[622],"product_tag":[],"class_list":{"0":"post-4569","1":"product","2":"type-product","3":"status-publish","4":"has-post-thumbnail","6":"product_brand-label2you","7":"product_cat-second-chance","8":"product_shipping_class-brief","9":"","11":"first","12":"instock","13":"shipping-taxable","14":"purchasable","15":"product-type-simple"},"yoast_head":"<!-- This site is optimized with the Yoast SEO plugin v27.0 - https:\/\/yoast.com\/product\/yoast-seo-wordpress\/ -->\n<title>Second Chance \u2013 H&amp;M &amp; GAP M\u00fctzen Neugeborene | Label2you<\/title>\n<meta name=\"description\" content=\"Second Chance H&amp;M &amp; GAP M\u00fctzen f\u00fcr Neugeborene. Wenig getragen, weich und warm. Nachhaltige, g\u00fcnstige Wahl f\u00fcr Eltern mit kleinem Budget.\" \/>\n<meta name=\"robots\" content=\"index, follow, max-snippet:-1, max-image-preview:large, max-video-preview:-1\" \/>\n<link rel=\"canonical\" href=\"https:\/\/label2you.ch\/sq\/shop\/second-chance-muetzen\/\" \/>\n<meta property=\"og:locale\" content=\"sq_AL\" \/>\n<meta property=\"og:type\" content=\"article\" \/>\n<meta property=\"og:title\" content=\"Second Chance \u2013 H&amp;M &amp; GAP M\u00fctzen Neugeborene | Label2you\" \/>\n<meta property=\"og:description\" content=\"Second Chance H&amp;M &amp; GAP M\u00fctzen f\u00fcr Neugeborene. Wenig getragen, weich und warm. Nachhaltige, g\u00fcnstige Wahl f\u00fcr Eltern mit kleinem Budget.\" \/>\n<meta property=\"og:url\" content=\"https:\/\/label2you.ch\/sq\/shop\/second-chance-muetzen\/\" \/>\n<meta property=\"og:site_name\" content=\"Label2you\" \/>\n<meta property=\"article:modified_time\" content=\"2025-09-08T06:05:03+00:00\" \/>\n<meta property=\"og:image\" content=\"https:\/\/label2you.ch\/wp-content\/uploads\/2025\/04\/WhatsApp-Image-2025-04-27-at-09.52.53-3.jpeg\" \/>\n\t<meta property=\"og:image:width\" content=\"900\" \/>\n\t<meta property=\"og:image:height\" content=\"1600\" \/>\n\t<meta property=\"og:image:type\" content=\"image\/jpeg\" \/>\n<meta name=\"twitter:card\" content=\"summary_large_image\" \/>\n<meta name=\"twitter:label1\" content=\"Est. reading time\" \/>\n\t<meta name=\"twitter:data1\" content=\"2 minuta\" \/>\n<script type=\"application\/ld+json\" class=\"yoast-schema-graph\">{\"@context\":\"https:\/\/schema.org\",\"@graph\":[{\"@type\":\"WebPage\",\"@id\":\"https:\/\/label2you.ch\/shop\/second-chance-muetzen\/\",\"url\":\"https:\/\/label2you.ch\/shop\/second-chance-muetzen\/\",\"name\":\"Second Chance \u2013 H&M & GAP M\u00fctzen Neugeborene | Label2you\",\"isPartOf\":{\"@id\":\"https:\/\/label2you.ch\/#website\"},\"primaryImageOfPage\":{\"@id\":\"https:\/\/label2you.ch\/shop\/second-chance-muetzen\/#primaryimage\"},\"image\":{\"@id\":\"https:\/\/label2you.ch\/shop\/second-chance-muetzen\/#primaryimage\"},\"thumbnailUrl\":\"https:\/\/label2you.ch\/wp-content\/uploads\/2025\/04\/WhatsApp-Image-2025-04-27-at-09.52.53-3.jpeg\",\"datePublished\":\"2025-04-27T08:07:32+00:00\",\"dateModified\":\"2025-09-08T06:05:03+00:00\",\"description\":\"Second Chance H&M & GAP M\u00fctzen f\u00fcr Neugeborene. Wenig getragen, weich und warm. Nachhaltige, g\u00fcnstige Wahl f\u00fcr Eltern mit kleinem Budget.\",\"breadcrumb\":{\"@id\":\"https:\/\/label2you.ch\/shop\/second-chance-muetzen\/#breadcrumb\"},\"inLanguage\":\"sq\",\"potentialAction\":[{\"@type\":\"ReadAction\",\"target\":[\"https:\/\/label2you.ch\/shop\/second-chance-muetzen\/\"]}]},{\"@type\":\"ImageObject\",\"inLanguage\":\"sq\",\"@id\":\"https:\/\/label2you.ch\/shop\/second-chance-muetzen\/#primaryimage\",\"url\":\"https:\/\/label2you.ch\/wp-content\/uploads\/2025\/04\/WhatsApp-Image-2025-04-27-at-09.52.53-3.jpeg\",\"contentUrl\":\"https:\/\/label2you.ch\/wp-content\/uploads\/2025\/04\/WhatsApp-Image-2025-04-27-at-09.52.53-3.jpeg\",\"width\":900,\"height\":1600,\"caption\":\"Second Chance \u2013 H&M & GAP M\u00fctzen Neugeborene\"},{\"@type\":\"BreadcrumbList\",\"@id\":\"https:\/\/label2you.ch\/shop\/second-chance-muetzen\/#breadcrumb\",\"itemListElement\":[{\"@type\":\"ListItem\",\"position\":1,\"name\":\"Home\",\"item\":\"https:\/\/label2you.ch\/\"},{\"@type\":\"ListItem\",\"position\":2,\"name\":\"Shop\",\"item\":\"https:\/\/label2you.ch\/shop\/\"},{\"@type\":\"ListItem\",\"position\":3,\"name\":\"Second Chance \u2013 H&#038;M &#038; GAP M\u00fctzen Neugeborene\"}]},{\"@type\":\"WebSite\",\"@id\":\"https:\/\/label2you.ch\/#website\",\"url\":\"https:\/\/label2you.ch\/\",\"name\":\"Label2you\",\"description\":\"Personalisierte Baby- &amp; Kindergeschenke\",\"publisher\":{\"@id\":\"https:\/\/label2you.ch\/#organization\"},\"alternateName\":\"Label2you\",\"potentialAction\":[{\"@type\":\"SearchAction\",\"target\":{\"@type\":\"EntryPoint\",\"urlTemplate\":\"https:\/\/label2you.ch\/?s={search_term_string}\"},\"query-input\":{\"@type\":\"PropertyValueSpecification\",\"valueRequired\":true,\"valueName\":\"search_term_string\"}}],\"inLanguage\":\"sq\"},{\"@type\":\"Organization\",\"@id\":\"https:\/\/label2you.ch\/#organization\",\"name\":\"Label2you | Personalisierte Geschenke\",\"alternateName\":\"Label2you\",\"url\":\"https:\/\/label2you.ch\/\",\"logo\":{\"@type\":\"ImageObject\",\"inLanguage\":\"sq\",\"@id\":\"https:\/\/label2you.ch\/#\/schema\/logo\/image\/\",\"url\":\"https:\/\/label2you.ch\/wp-content\/uploads\/2023\/03\/logo.png\",\"contentUrl\":\"https:\/\/label2you.ch\/wp-content\/uploads\/2023\/03\/logo.png\",\"width\":300,\"height\":140,\"caption\":\"Label2you | Personalisierte Geschenke\"},\"image\":{\"@id\":\"https:\/\/label2you.ch\/#\/schema\/logo\/image\/\"},\"sameAs\":[\"https:\/\/www.instagram.com\/label2you\/?hl=de\",\"https:\/\/www.tiktok.com\/@label2you\"]}]}<\/script>\n<!-- \/ Yoast SEO plugin. -->","yoast_head_json":{"title":"Second Chance \u2013 H&M & GAP M\u00fctzen Neugeborene | Label2you","description":"Second Chance H&M & GAP M\u00fctzen f\u00fcr Neugeborene. Wenig getragen, weich und warm. Nachhaltige, g\u00fcnstige Wahl f\u00fcr Eltern mit kleinem Budget.","robots":{"index":"index","follow":"follow","max-snippet":"max-snippet:-1","max-image-preview":"max-image-preview:large","max-video-preview":"max-video-preview:-1"},"canonical":"https:\/\/label2you.ch\/sq\/shop\/second-chance-muetzen\/","og_locale":"sq_AL","og_type":"article","og_title":"Second Chance \u2013 H&M & GAP M\u00fctzen Neugeborene | Label2you","og_description":"Second Chance H&M & GAP M\u00fctzen f\u00fcr Neugeborene. Wenig getragen, weich und warm. Nachhaltige, g\u00fcnstige Wahl f\u00fcr Eltern mit kleinem Budget.","og_url":"https:\/\/label2you.ch\/sq\/shop\/second-chance-muetzen\/","og_site_name":"Label2you","article_modified_time":"2025-09-08T06:05:03+00:00","og_image":[{"width":900,"height":1600,"url":"https:\/\/label2you.ch\/wp-content\/uploads\/2025\/04\/WhatsApp-Image-2025-04-27-at-09.52.53-3.jpeg","type":"image\/jpeg"}],"twitter_card":"summary_large_image","twitter_misc":{"Est. reading time":"2 minuta"},"schema":{"@context":"https:\/\/schema.org","@graph":[{"@type":"WebPage","@id":"https:\/\/label2you.ch\/shop\/second-chance-muetzen\/","url":"https:\/\/label2you.ch\/shop\/second-chance-muetzen\/","name":"Second Chance \u2013 H&M & GAP M\u00fctzen Neugeborene | Label2you","isPartOf":{"@id":"https:\/\/label2you.ch\/#website"},"primaryImageOfPage":{"@id":"https:\/\/label2you.ch\/shop\/second-chance-muetzen\/#primaryimage"},"image":{"@id":"https:\/\/label2you.ch\/shop\/second-chance-muetzen\/#primaryimage"},"thumbnailUrl":"https:\/\/label2you.ch\/wp-content\/uploads\/2025\/04\/WhatsApp-Image-2025-04-27-at-09.52.53-3.jpeg","datePublished":"2025-04-27T08:07:32+00:00","dateModified":"2025-09-08T06:05:03+00:00","description":"Second Chance H&M & GAP M\u00fctzen f\u00fcr Neugeborene. Wenig getragen, weich und warm. Nachhaltige, g\u00fcnstige Wahl f\u00fcr Eltern mit kleinem Budget.","breadcrumb":{"@id":"https:\/\/label2you.ch\/shop\/second-chance-muetzen\/#breadcrumb"},"inLanguage":"sq","potentialAction":[{"@type":"ReadAction","target":["https:\/\/label2you.ch\/shop\/second-chance-muetzen\/"]}]},{"@type":"ImageObject","inLanguage":"sq","@id":"https:\/\/label2you.ch\/shop\/second-chance-muetzen\/#primaryimage","url":"https:\/\/label2you.ch\/wp-content\/uploads\/2025\/04\/WhatsApp-Image-2025-04-27-at-09.52.53-3.jpeg","contentUrl":"https:\/\/label2you.ch\/wp-content\/uploads\/2025\/04\/WhatsApp-Image-2025-04-27-at-09.52.53-3.jpeg","width":900,"height":1600,"caption":"Second Chance \u2013 H&M & GAP M\u00fctzen Neugeborene"},{"@type":"BreadcrumbList","@id":"https:\/\/label2you.ch\/shop\/second-chance-muetzen\/#breadcrumb","itemListElement":[{"@type":"ListItem","position":1,"name":"Home","item":"https:\/\/label2you.ch\/"},{"@type":"ListItem","position":2,"name":"Shop","item":"https:\/\/label2you.ch\/shop\/"},{"@type":"ListItem","position":3,"name":"Second Chance \u2013 H&#038;M &#038; GAP M\u00fctzen Neugeborene"}]},{"@type":"WebSite","@id":"https:\/\/label2you.ch\/#website","url":"https:\/\/label2you.ch\/","name":"Label2you","description":"Personalisierte Baby- &amp; Kindergeschenke","publisher":{"@id":"https:\/\/label2you.ch\/#organization"},"alternateName":"Label2you","potentialAction":[{"@type":"SearchAction","target":{"@type":"EntryPoint","urlTemplate":"https:\/\/label2you.ch\/?s={search_term_string}"},"query-input":{"@type":"PropertyValueSpecification","valueRequired":true,"valueName":"search_term_string"}}],"inLanguage":"sq"},{"@type":"Organization","@id":"https:\/\/label2you.ch\/#organization","name":"Label2you | Personalisierte Geschenke","alternateName":"Label2you","url":"https:\/\/label2you.ch\/","logo":{"@type":"ImageObject","inLanguage":"sq","@id":"https:\/\/label2you.ch\/#\/schema\/logo\/image\/","url":"https:\/\/label2you.ch\/wp-content\/uploads\/2023\/03\/logo.png","contentUrl":"https:\/\/label2you.ch\/wp-content\/uploads\/2023\/03\/logo.png","width":300,"height":140,"caption":"Label2you | Personalisierte Geschenke"},"image":{"@id":"https:\/\/label2you.ch\/#\/schema\/logo\/image\/"},"sameAs":["https:\/\/www.instagram.com\/label2you\/?hl=de","https:\/\/www.tiktok.com\/@label2you"]}]}},"jetpack_sharing_enabled":true,"_links":{"self":[{"href":"https:\/\/label2you.ch\/sq\/wp-json\/wp\/v2\/product\/4569","targetHints":{"allow":["GET"]}}],"collection":[{"href":"https:\/\/label2you.ch\/sq\/wp-json\/wp\/v2\/product"}],"about":[{"href":"https:\/\/label2you.ch\/sq\/wp-json\/wp\/v2\/types\/product"}],"replies":[{"embeddable":true,"href":"https:\/\/label2you.ch\/sq\/wp-json\/wp\/v2\/comments?post=4569"}],"wp:featuredmedia":[{"embeddable":true,"href":"https:\/\/label2you.ch\/sq\/wp-json\/wp\/v2\/media\/4570"}],"wp:attachment":[{"href":"https:\/\/label2you.ch\/sq\/wp-json\/wp\/v2\/media?parent=4569"}],"wp:term":[{"taxonomy":"product_brand","embeddable":true,"href":"https:\/\/label2you.ch\/sq\/wp-json\/wp\/v2\/product_brand?post=4569"},{"taxonomy":"product_cat","embeddable":true,"href":"https:\/\/label2you.ch\/sq\/wp-json\/wp\/v2\/product_cat?post=4569"},{"taxonomy":"product_tag","embeddable":true,"href":"https:\/\/label2you.ch\/sq\/wp-json\/wp\/v2\/product_tag?post=4569"}],"curies":[{"name":"wp","href":"https:\/\/api.w.org\/{rel}","templated":true}]}}