{"id":4571,"date":"2025-04-27T10:10:29","date_gmt":"2025-04-27T08:10:29","guid":{"rendered":"https:\/\/label2you.ch\/?post_type=product&#038;p=4571"},"modified":"2025-09-08T08:05:03","modified_gmt":"2025-09-08T06:05:03","slug":"second-chance-bodys-68-ungetragen","status":"publish","type":"product","link":"https:\/\/label2you.ch\/sq\/shop\/second-chance-bodys-68-ungetragen\/","title":{"rendered":"Second Chance Bodys Gr\u00f6\u00dfe 68"},"content":{"rendered":"<p data-start=\"282\" data-end=\"625\">Entdecke unsere Second Chance Bodys Gr\u00f6\u00dfe 68, die noch ungetragen und somit praktisch wie neu sind. Perfekt f\u00fcr Eltern, die hochwertige Babybekleidung suchen, aber nicht den vollen Preis zahlen m\u00f6chten. Unsere sorgf\u00e4ltig ausgew\u00e4hlten Bodys stammen aus erster Hand und sind bestens geeignet f\u00fcr Babys im Alter von etwa 3 bis 6 Monaten.<\/p>\n<p data-start=\"627\" data-end=\"896\">Diese Bodys sind aus weichen, hautfreundlichen Materialien gefertigt, die die empfindliche Babyhaut sch\u00fctzen und f\u00fcr ein angenehmes Tragegef\u00fchl sorgen. Dank der praktischen Druckkn\u00f6pfe lassen sie sich einfach an- und ausziehen und sind ideal f\u00fcr den t\u00e4glichen Gebrauch.<\/p>\n<p data-start=\"898\" data-end=\"1194\">Mit Second Hand Kleidung kannst du nicht nur sparen, sondern auch aktiv einen Beitrag zur Nachhaltigkeit leisten. Unsere Second Chance Bodys Gr\u00f6\u00dfe 68 sind in einem sehr guten Zustand, das hei\u00dft, du bekommst Top-Qualit\u00e4t zum kleinen Preis \u2013 perfekt f\u00fcr Familien mit begrenztem Budget, die Wert auf Nachhaltigkeit legen.<\/p>\n<h3 data-start=\"1196\" data-end=\"1227\">Vorteile auf einen Blick:<\/h3>\n<ul data-start=\"1228\" data-end=\"1456\">\n<li data-start=\"1228\" data-end=\"1263\">\n<p data-start=\"1230\" data-end=\"1263\">\u2705 Bodys in Gr\u00f6\u00dfe 68<\/p>\n<\/li>\n<li data-start=\"1264\" data-end=\"1305\">\n<p data-start=\"1266\" data-end=\"1305\">\u2705 Weiche, hautfreundliche Materialien<\/p>\n<\/li>\n<li data-start=\"1306\" data-end=\"1362\">\n<p data-start=\"1308\" data-end=\"1362\">\u2705 Praktische Druckkn\u00f6pfe f\u00fcr einfachen Wickelwechsel<\/p>\n<\/li>\n<li data-start=\"1363\" data-end=\"1408\">\n<p data-start=\"1365\" data-end=\"1408\">\u2705 Nachhaltig, g\u00fcnstig und aus erster Hand<\/p>\n<\/li>\n<li data-start=\"1409\" data-end=\"1456\">\n<p data-start=\"1411\" data-end=\"1456\">\u2705 Perfekt f\u00fcr Babys von ca. 3 bis 6 Monaten<\/p>\n<\/li>\n<\/ul>\n<p data-start=\"1458\" data-end=\"1635\">Mit diesen Bodys bist du bestens ausgestattet f\u00fcr die Babyzeit. G\u00f6nn deinem Baby bequeme und hochwertige Kleidung, ohne dabei dein Budget zu belasten!<\/p>","protected":false},"excerpt":{"rendered":"<p>Entdecke unsere Second Chance Bodys Gr\u00f6\u00dfe 68, die noch ungetragen und somit praktisch wie neu sind. Perfekt f\u00fcr Eltern, die hochwertige Babybekleidung suchen, aber nicht den vollen Preis zahlen m\u00f6chten. Unsere sorgf\u00e4ltig ausgew\u00e4hlten Bodys stammen aus erster Hand und sind bestens geeignet f\u00fcr Babys im Alter von etwa 3 bis 6 Monaten. Diese Bodys sind [&hellip;]<\/p>\n","protected":false},"featured_media":4572,"comment_status":"open","ping_status":"closed","template":"","meta":[],"product_brand":[656],"product_cat":[622],"product_tag":[],"class_list":{"0":"post-4571","1":"product","2":"type-product","3":"status-publish","4":"has-post-thumbnail","6":"product_brand-label2you","7":"product_cat-second-chance","8":"product_shipping_class-brief","9":"","11":"first","12":"instock","13":"shipping-taxable","14":"purchasable","15":"product-type-simple"},"yoast_head":"<!-- This site is optimized with the Yoast SEO plugin v27.0 - https:\/\/yoast.com\/product\/yoast-seo-wordpress\/ -->\n<title>Second Chance Bodys Gr\u00f6\u00dfe 68 | Label2you<\/title>\n<meta name=\"description\" content=\"Second Chance \u2013 Bodys Gr\u00f6\u00dfe 68, ungetragen. Weiche, hautfreundliche Babybodys aus erster Hand. Nachhaltig, g\u00fcnstig und ideal f\u00fcr dein Baby.\" \/>\n<meta name=\"robots\" content=\"index, follow, max-snippet:-1, max-image-preview:large, max-video-preview:-1\" \/>\n<link rel=\"canonical\" href=\"https:\/\/label2you.ch\/sq\/shop\/second-chance-bodys-68-ungetragen\/\" \/>\n<meta property=\"og:locale\" content=\"sq_AL\" \/>\n<meta property=\"og:type\" content=\"article\" \/>\n<meta property=\"og:title\" content=\"Second Chance Bodys Gr\u00f6\u00dfe 68 | Label2you\" \/>\n<meta property=\"og:description\" content=\"Second Chance \u2013 Bodys Gr\u00f6\u00dfe 68, ungetragen. Weiche, hautfreundliche Babybodys aus erster Hand. Nachhaltig, g\u00fcnstig und ideal f\u00fcr dein Baby.\" \/>\n<meta property=\"og:url\" content=\"https:\/\/label2you.ch\/sq\/shop\/second-chance-bodys-68-ungetragen\/\" \/>\n<meta property=\"og:site_name\" content=\"Label2you\" \/>\n<meta property=\"article:modified_time\" content=\"2025-09-08T06:05:03+00:00\" \/>\n<meta property=\"og:image\" content=\"https:\/\/label2you.ch\/wp-content\/uploads\/2025\/04\/WhatsApp-Image-2025-04-27-at-09.52.53-5.jpeg\" \/>\n\t<meta property=\"og:image:width\" content=\"900\" \/>\n\t<meta property=\"og:image:height\" content=\"1600\" \/>\n\t<meta property=\"og:image:type\" content=\"image\/jpeg\" \/>\n<meta name=\"twitter:card\" content=\"summary_large_image\" \/>\n<meta name=\"twitter:label1\" content=\"Est. reading time\" \/>\n\t<meta name=\"twitter:data1\" content=\"2 minuta\" \/>\n<script type=\"application\/ld+json\" class=\"yoast-schema-graph\">{\"@context\":\"https:\/\/schema.org\",\"@graph\":[{\"@type\":\"WebPage\",\"@id\":\"https:\/\/label2you.ch\/shop\/second-chance-bodys-68-ungetragen\/\",\"url\":\"https:\/\/label2you.ch\/shop\/second-chance-bodys-68-ungetragen\/\",\"name\":\"Second Chance Bodys Gr\u00f6\u00dfe 68 | Label2you\",\"isPartOf\":{\"@id\":\"https:\/\/label2you.ch\/#website\"},\"primaryImageOfPage\":{\"@id\":\"https:\/\/label2you.ch\/shop\/second-chance-bodys-68-ungetragen\/#primaryimage\"},\"image\":{\"@id\":\"https:\/\/label2you.ch\/shop\/second-chance-bodys-68-ungetragen\/#primaryimage\"},\"thumbnailUrl\":\"https:\/\/label2you.ch\/wp-content\/uploads\/2025\/04\/WhatsApp-Image-2025-04-27-at-09.52.53-5.jpeg\",\"datePublished\":\"2025-04-27T08:10:29+00:00\",\"dateModified\":\"2025-09-08T06:05:03+00:00\",\"description\":\"Second Chance \u2013 Bodys Gr\u00f6\u00dfe 68, ungetragen. Weiche, hautfreundliche Babybodys aus erster Hand. Nachhaltig, g\u00fcnstig und ideal f\u00fcr dein Baby.\",\"breadcrumb\":{\"@id\":\"https:\/\/label2you.ch\/shop\/second-chance-bodys-68-ungetragen\/#breadcrumb\"},\"inLanguage\":\"sq\",\"potentialAction\":[{\"@type\":\"ReadAction\",\"target\":[\"https:\/\/label2you.ch\/shop\/second-chance-bodys-68-ungetragen\/\"]}]},{\"@type\":\"ImageObject\",\"inLanguage\":\"sq\",\"@id\":\"https:\/\/label2you.ch\/shop\/second-chance-bodys-68-ungetragen\/#primaryimage\",\"url\":\"https:\/\/label2you.ch\/wp-content\/uploads\/2025\/04\/WhatsApp-Image-2025-04-27-at-09.52.53-5.jpeg\",\"contentUrl\":\"https:\/\/label2you.ch\/wp-content\/uploads\/2025\/04\/WhatsApp-Image-2025-04-27-at-09.52.53-5.jpeg\",\"width\":900,\"height\":1600,\"caption\":\"Second Chance - Bodys 68, ungetragen\"},{\"@type\":\"BreadcrumbList\",\"@id\":\"https:\/\/label2you.ch\/shop\/second-chance-bodys-68-ungetragen\/#breadcrumb\",\"itemListElement\":[{\"@type\":\"ListItem\",\"position\":1,\"name\":\"Home\",\"item\":\"https:\/\/label2you.ch\/\"},{\"@type\":\"ListItem\",\"position\":2,\"name\":\"Shop\",\"item\":\"https:\/\/label2you.ch\/shop\/\"},{\"@type\":\"ListItem\",\"position\":3,\"name\":\"Second Chance Bodys Gr\u00f6\u00dfe 68\"}]},{\"@type\":\"WebSite\",\"@id\":\"https:\/\/label2you.ch\/#website\",\"url\":\"https:\/\/label2you.ch\/\",\"name\":\"Label2you\",\"description\":\"Personalisierte Baby- &amp; Kindergeschenke\",\"publisher\":{\"@id\":\"https:\/\/label2you.ch\/#organization\"},\"alternateName\":\"Label2you\",\"potentialAction\":[{\"@type\":\"SearchAction\",\"target\":{\"@type\":\"EntryPoint\",\"urlTemplate\":\"https:\/\/label2you.ch\/?s={search_term_string}\"},\"query-input\":{\"@type\":\"PropertyValueSpecification\",\"valueRequired\":true,\"valueName\":\"search_term_string\"}}],\"inLanguage\":\"sq\"},{\"@type\":\"Organization\",\"@id\":\"https:\/\/label2you.ch\/#organization\",\"name\":\"Label2you | Personalisierte Geschenke\",\"alternateName\":\"Label2you\",\"url\":\"https:\/\/label2you.ch\/\",\"logo\":{\"@type\":\"ImageObject\",\"inLanguage\":\"sq\",\"@id\":\"https:\/\/label2you.ch\/#\/schema\/logo\/image\/\",\"url\":\"https:\/\/label2you.ch\/wp-content\/uploads\/2023\/03\/logo.png\",\"contentUrl\":\"https:\/\/label2you.ch\/wp-content\/uploads\/2023\/03\/logo.png\",\"width\":300,\"height\":140,\"caption\":\"Label2you | Personalisierte Geschenke\"},\"image\":{\"@id\":\"https:\/\/label2you.ch\/#\/schema\/logo\/image\/\"},\"sameAs\":[\"https:\/\/www.instagram.com\/label2you\/?hl=de\",\"https:\/\/www.tiktok.com\/@label2you\"]}]}<\/script>\n<!-- \/ Yoast SEO plugin. -->","yoast_head_json":{"title":"Second Chance Bodys Gr\u00f6\u00dfe 68 | Label2you","description":"Second Chance \u2013 Bodys Gr\u00f6\u00dfe 68, ungetragen. Weiche, hautfreundliche Babybodys aus erster Hand. Nachhaltig, g\u00fcnstig und ideal f\u00fcr dein Baby.","robots":{"index":"index","follow":"follow","max-snippet":"max-snippet:-1","max-image-preview":"max-image-preview:large","max-video-preview":"max-video-preview:-1"},"canonical":"https:\/\/label2you.ch\/sq\/shop\/second-chance-bodys-68-ungetragen\/","og_locale":"sq_AL","og_type":"article","og_title":"Second Chance Bodys Gr\u00f6\u00dfe 68 | Label2you","og_description":"Second Chance \u2013 Bodys Gr\u00f6\u00dfe 68, ungetragen. Weiche, hautfreundliche Babybodys aus erster Hand. Nachhaltig, g\u00fcnstig und ideal f\u00fcr dein Baby.","og_url":"https:\/\/label2you.ch\/sq\/shop\/second-chance-bodys-68-ungetragen\/","og_site_name":"Label2you","article_modified_time":"2025-09-08T06:05:03+00:00","og_image":[{"width":900,"height":1600,"url":"https:\/\/label2you.ch\/wp-content\/uploads\/2025\/04\/WhatsApp-Image-2025-04-27-at-09.52.53-5.jpeg","type":"image\/jpeg"}],"twitter_card":"summary_large_image","twitter_misc":{"Est. reading time":"2 minuta"},"schema":{"@context":"https:\/\/schema.org","@graph":[{"@type":"WebPage","@id":"https:\/\/label2you.ch\/shop\/second-chance-bodys-68-ungetragen\/","url":"https:\/\/label2you.ch\/shop\/second-chance-bodys-68-ungetragen\/","name":"Second Chance Bodys Gr\u00f6\u00dfe 68 | Label2you","isPartOf":{"@id":"https:\/\/label2you.ch\/#website"},"primaryImageOfPage":{"@id":"https:\/\/label2you.ch\/shop\/second-chance-bodys-68-ungetragen\/#primaryimage"},"image":{"@id":"https:\/\/label2you.ch\/shop\/second-chance-bodys-68-ungetragen\/#primaryimage"},"thumbnailUrl":"https:\/\/label2you.ch\/wp-content\/uploads\/2025\/04\/WhatsApp-Image-2025-04-27-at-09.52.53-5.jpeg","datePublished":"2025-04-27T08:10:29+00:00","dateModified":"2025-09-08T06:05:03+00:00","description":"Second Chance \u2013 Bodys Gr\u00f6\u00dfe 68, ungetragen. Weiche, hautfreundliche Babybodys aus erster Hand. Nachhaltig, g\u00fcnstig und ideal f\u00fcr dein Baby.","breadcrumb":{"@id":"https:\/\/label2you.ch\/shop\/second-chance-bodys-68-ungetragen\/#breadcrumb"},"inLanguage":"sq","potentialAction":[{"@type":"ReadAction","target":["https:\/\/label2you.ch\/shop\/second-chance-bodys-68-ungetragen\/"]}]},{"@type":"ImageObject","inLanguage":"sq","@id":"https:\/\/label2you.ch\/shop\/second-chance-bodys-68-ungetragen\/#primaryimage","url":"https:\/\/label2you.ch\/wp-content\/uploads\/2025\/04\/WhatsApp-Image-2025-04-27-at-09.52.53-5.jpeg","contentUrl":"https:\/\/label2you.ch\/wp-content\/uploads\/2025\/04\/WhatsApp-Image-2025-04-27-at-09.52.53-5.jpeg","width":900,"height":1600,"caption":"Second Chance - Bodys 68, ungetragen"},{"@type":"BreadcrumbList","@id":"https:\/\/label2you.ch\/shop\/second-chance-bodys-68-ungetragen\/#breadcrumb","itemListElement":[{"@type":"ListItem","position":1,"name":"Home","item":"https:\/\/label2you.ch\/"},{"@type":"ListItem","position":2,"name":"Shop","item":"https:\/\/label2you.ch\/shop\/"},{"@type":"ListItem","position":3,"name":"Second Chance Bodys Gr\u00f6\u00dfe 68"}]},{"@type":"WebSite","@id":"https:\/\/label2you.ch\/#website","url":"https:\/\/label2you.ch\/","name":"Label2you","description":"Personalisierte Baby- &amp; Kindergeschenke","publisher":{"@id":"https:\/\/label2you.ch\/#organization"},"alternateName":"Label2you","potentialAction":[{"@type":"SearchAction","target":{"@type":"EntryPoint","urlTemplate":"https:\/\/label2you.ch\/?s={search_term_string}"},"query-input":{"@type":"PropertyValueSpecification","valueRequired":true,"valueName":"search_term_string"}}],"inLanguage":"sq"},{"@type":"Organization","@id":"https:\/\/label2you.ch\/#organization","name":"Label2you | Personalisierte Geschenke","alternateName":"Label2you","url":"https:\/\/label2you.ch\/","logo":{"@type":"ImageObject","inLanguage":"sq","@id":"https:\/\/label2you.ch\/#\/schema\/logo\/image\/","url":"https:\/\/label2you.ch\/wp-content\/uploads\/2023\/03\/logo.png","contentUrl":"https:\/\/label2you.ch\/wp-content\/uploads\/2023\/03\/logo.png","width":300,"height":140,"caption":"Label2you | Personalisierte Geschenke"},"image":{"@id":"https:\/\/label2you.ch\/#\/schema\/logo\/image\/"},"sameAs":["https:\/\/www.instagram.com\/label2you\/?hl=de","https:\/\/www.tiktok.com\/@label2you"]}]}},"jetpack_sharing_enabled":true,"_links":{"self":[{"href":"https:\/\/label2you.ch\/sq\/wp-json\/wp\/v2\/product\/4571","targetHints":{"allow":["GET"]}}],"collection":[{"href":"https:\/\/label2you.ch\/sq\/wp-json\/wp\/v2\/product"}],"about":[{"href":"https:\/\/label2you.ch\/sq\/wp-json\/wp\/v2\/types\/product"}],"replies":[{"embeddable":true,"href":"https:\/\/label2you.ch\/sq\/wp-json\/wp\/v2\/comments?post=4571"}],"wp:featuredmedia":[{"embeddable":true,"href":"https:\/\/label2you.ch\/sq\/wp-json\/wp\/v2\/media\/4572"}],"wp:attachment":[{"href":"https:\/\/label2you.ch\/sq\/wp-json\/wp\/v2\/media?parent=4571"}],"wp:term":[{"taxonomy":"product_brand","embeddable":true,"href":"https:\/\/label2you.ch\/sq\/wp-json\/wp\/v2\/product_brand?post=4571"},{"taxonomy":"product_cat","embeddable":true,"href":"https:\/\/label2you.ch\/sq\/wp-json\/wp\/v2\/product_cat?post=4571"},{"taxonomy":"product_tag","embeddable":true,"href":"https:\/\/label2you.ch\/sq\/wp-json\/wp\/v2\/product_tag?post=4571"}],"curies":[{"name":"wp","href":"https:\/\/api.w.org\/{rel}","templated":true}]}}