{"id":4619,"date":"2025-04-30T15:01:26","date_gmt":"2025-04-30T13:01:26","guid":{"rendered":"https:\/\/label2you.ch\/?post_type=product&#038;p=4619"},"modified":"2026-01-21T07:39:05","modified_gmt":"2026-01-21T06:39:05","slug":"babynews-zeitungsvorlage","status":"publish","type":"product","link":"https:\/\/label2you.ch\/sq\/shop\/babynews-zeitungsvorlage\/","title":{"rendered":"Babynews Zeitungsvorlage &#8211; Schwangerschaft verk\u00fcnden"},"content":{"rendered":"<h2 data-start=\"228\" data-end=\"296\">Babynews Zeitungsvorlage \u2013 kreative Vorlage zum Selbstgestalten<\/h2>\n<p data-start=\"297\" data-end=\"684\">Wenn du deine <strong data-start=\"311\" data-end=\"352\">Schwangerschaft verk\u00fcnden mit Zeitung<\/strong> m\u00f6chtest, entscheidest du dich f\u00fcr eine besonders emotionale und kreative Form der Babyank\u00fcndigung. Mit der Babynews Zeitungsvorlage verwandelst du deine Nachricht in ein echtes Highlight. Dadurch bleibt die Verk\u00fcndung nicht nur in Erinnerung, sondern wird gleichzeitig zu einem wertvollen Erinnerungsst\u00fcck f\u00fcr die ganze Familie.<\/p>\n<h2 data-start=\"686\" data-end=\"753\">Babynews Zeitungsvorlage \u2013 emotional und vielseitig einsetzbar<\/h2>\n<p data-start=\"754\" data-end=\"1228\">Eine <strong data-start=\"759\" data-end=\"779\">Babynews Zeitung<\/strong> eignet sich f\u00fcr viele Gelegenheiten. Ob als \u00dcberraschung f\u00fcr die Grosseltern, als kreative Mitteilung an Freunde oder als Geschenk f\u00fcr den Partner \u2013 die Vorlage bringt garantiert Freude und Emotionen. Viele werdende Eltern nutzen sie ausserdem als Dekoration f\u00fcr die Babyshower oder als liebevolle Erg\u00e4nzung zum G\u00e4stebuch. Sp\u00e4ter findet sie einen festen Platz im Babyalbum und erinnert noch nach Jahren an die aufregende Zeit der Schwangerschaft.<\/p>\n<h3 data-start=\"1230\" data-end=\"1299\">Schwangerschaftsverk\u00fcndung Vorlage \u2013 individuell und pers\u00f6nlich<\/h3>\n<p data-start=\"1300\" data-end=\"1594\">Die Vorlage wird in Canva ge\u00f6ffnet, einem kostenlosen Online-Tool, das sich besonders leicht bedienen l\u00e4sst. Deshalb brauchst du keine Vorkenntnisse, um deine eigene Babyzeitung zu gestalten. Texte, Fotos und Farben k\u00f6nnen beliebig angepasst werden, sodass jede Zeitung ein echtes Unikat ist.<\/p>\n<h4 data-start=\"1596\" data-end=\"1637\">Vorteile der Bearbeitung mit Canva<\/h4>\n<ul data-start=\"1638\" data-end=\"1829\">\n<li data-start=\"1638\" data-end=\"1680\">\n<p data-start=\"1640\" data-end=\"1680\">Texte, Fotos und Farben frei anpassbar<\/p>\n<\/li>\n<li data-start=\"1681\" data-end=\"1733\">\n<p data-start=\"1683\" data-end=\"1733\">Einfache Bedienung, auch f\u00fcr Einsteiger geeignet<\/p>\n<\/li>\n<li data-start=\"1734\" data-end=\"1790\">\n<p data-start=\"1736\" data-end=\"1790\">Flexibel nutzbar am Computer, Tablet oder Smartphone<\/p>\n<\/li>\n<li data-start=\"1791\" data-end=\"1829\">\n<p data-start=\"1793\" data-end=\"1829\">Sofort nach dem Kauf einsatzbereit<\/p>\n<\/li>\n<\/ul>\n<h2 data-start=\"1831\" data-end=\"1885\">Babyzeitung Canva \u2013 Schritt f\u00fcr Schritt gestalten<\/h2>\n<p data-start=\"1886\" data-end=\"2229\">Nach dem Kauf erh\u00e4ltst du eine PDF-Datei mit einem direkten Link zur Vorlage. Du klickst darauf, passt deine Inhalte an und kannst die fertige Zeitung anschliessend speichern, downloaden oder ausdrucken. Dadurch hast du die M\u00f6glichkeit, mehrere Exemplare zu erstellen \u2013 perfekt f\u00fcr Familie, Freunde oder als Erinnerungsst\u00fcck f\u00fcr dich selbst.<\/p>\n<p data-start=\"2231\" data-end=\"2464\">Viele Eltern entscheiden sich daf\u00fcr, eine Version f\u00fcr Grosseltern und eine leicht abgewandelte Ausgabe f\u00fcr Freunde zu gestalten. So wird die Babynews nicht nur pers\u00f6nlich, sondern auch individuell auf jeden Empf\u00e4nger zugeschnitten.<\/p>\n<h2 data-start=\"2466\" data-end=\"2530\">Fazit \u2013 Schwangerschaft verk\u00fcnden mit Zeitung als Highlight<\/h2>\n<p data-start=\"2531\" data-end=\"2883\">Mit der Vorlage <strong data-start=\"2547\" data-end=\"2590\">\u201eSchwangerschaft verk\u00fcnden mit Zeitung\u201c<\/strong> gestaltest du deine Babynews kreativ, stilvoll und einzigartig. Sie ist leicht zu bearbeiten, vielseitig einsetzbar und sorgt garantiert f\u00fcr grosse Emotionen. Deshalb ist sie die perfekte Wahl f\u00fcr alle, die ihre Schwangerschaft unvergesslich und mit einem Hauch Nostalgie verk\u00fcnden m\u00f6chten.<\/p>\n<p data-start=\"2536\" data-end=\"2856\">Mehr Ideen die Schwangerschaft zu verk\u00fcnden? Dann lies unseren Blog-Beitrag &#8222;<a href=\"https:\/\/label2you.ch\/sq\/schwangerschaft-verkuenden-7-kreative-ideen-mit-liebevollen-geschenkideen\/\">Schwangerschaft verk\u00fcnden: 7 kreative Ideen mit liebevollen Geschenkideen<\/a>&#8220;\u00a0 oder f\u00fcr weitere DIY Projekte: <a href=\"https:\/\/label2you.ch\/sq\/schwangerschaft-verkuenden-zuhause-2-diy-ideen-zum-ausdrucken\/\">Schwangerschaft verk\u00fcnden zuhause: 2 DIY Ideen zum Ausdrucken<\/a>\u00a0oder besuche uns auf Instagram: <a href=\"https:\/\/www.instagram.com\/label2you\/?hl=de\">@label2you<\/a><\/p>","protected":false},"excerpt":{"rendered":"<p>Kreative Vorlage im Zeitungsstil, um deine Schwangerschaft einzigartig zu verk\u00fcnden. Einfach mit Canva bearbeiten, personalisieren, ausdrucken und unvergessliche Babynews teilen.<\/p>","protected":false},"featured_media":5053,"comment_status":"open","ping_status":"closed","template":"","meta":[],"product_brand":[656],"product_cat":[53],"product_tag":[677,676,675],"class_list":{"0":"post-4619","1":"product","2":"type-product","3":"status-publish","4":"has-post-thumbnail","6":"product_brand-label2you","7":"product_cat-schwangerschaft-verkuenden","8":"product_tag-baby-coming-soon","9":"product_tag-canva","10":"product_tag-zeitung","11":"","13":"first","14":"instock","15":"downloadable","16":"virtual","17":"purchasable","18":"product-type-simple"},"yoast_head":"<!-- This site is optimized with the Yoast SEO plugin v27.0 - https:\/\/yoast.com\/product\/yoast-seo-wordpress\/ -->\n<title>Babynews Zeitungsvorlage - Schwangerschaft verk\u00fcnden | Label2you<\/title>\n<meta name=\"description\" content=\"Du willst deine Schwangerschaft verk\u00fcnden mit Babynews Zeitungsvorlage? Diese liebevoll gestaltete Vorlage im Zeitungsstil macht deine Verk\u00fcndung einmalig\" \/>\n<meta name=\"robots\" content=\"index, follow, max-snippet:-1, max-image-preview:large, max-video-preview:-1\" \/>\n<link rel=\"canonical\" href=\"https:\/\/label2you.ch\/sq\/shop\/babynews-zeitungsvorlage\/\" \/>\n<meta property=\"og:locale\" content=\"sq_AL\" \/>\n<meta property=\"og:type\" content=\"article\" \/>\n<meta property=\"og:title\" content=\"Babynews Zeitungsvorlage - Schwangerschaft verk\u00fcnden | Label2you\" \/>\n<meta property=\"og:description\" content=\"Du willst deine Schwangerschaft verk\u00fcnden mit Babynews Zeitungsvorlage? Diese liebevoll gestaltete Vorlage im Zeitungsstil macht deine Verk\u00fcndung einmalig\" \/>\n<meta property=\"og:url\" content=\"https:\/\/label2you.ch\/sq\/shop\/babynews-zeitungsvorlage\/\" \/>\n<meta property=\"og:site_name\" content=\"Label2you\" \/>\n<meta property=\"article:modified_time\" content=\"2026-01-21T06:39:05+00:00\" \/>\n<meta property=\"og:image\" content=\"https:\/\/label2you.ch\/wp-content\/uploads\/2025\/04\/Schwangerschaft-verkuenden-Zeitungsvorlage.webp\" \/>\n\t<meta property=\"og:image:width\" content=\"1553\" \/>\n\t<meta property=\"og:image:height\" content=\"1280\" \/>\n\t<meta property=\"og:image:type\" content=\"image\/webp\" \/>\n<meta name=\"twitter:card\" content=\"summary_large_image\" \/>\n<meta name=\"twitter:label1\" content=\"Est. reading time\" \/>\n\t<meta name=\"twitter:data1\" content=\"3 minuta\" \/>\n<script type=\"application\/ld+json\" class=\"yoast-schema-graph\">{\"@context\":\"https:\/\/schema.org\",\"@graph\":[{\"@type\":\"WebPage\",\"@id\":\"https:\/\/label2you.ch\/shop\/babynews-zeitungsvorlage\/\",\"url\":\"https:\/\/label2you.ch\/shop\/babynews-zeitungsvorlage\/\",\"name\":\"Babynews Zeitungsvorlage - Schwangerschaft verk\u00fcnden | Label2you\",\"isPartOf\":{\"@id\":\"https:\/\/label2you.ch\/#website\"},\"primaryImageOfPage\":{\"@id\":\"https:\/\/label2you.ch\/shop\/babynews-zeitungsvorlage\/#primaryimage\"},\"image\":{\"@id\":\"https:\/\/label2you.ch\/shop\/babynews-zeitungsvorlage\/#primaryimage\"},\"thumbnailUrl\":\"https:\/\/label2you.ch\/wp-content\/uploads\/2025\/04\/Schwangerschaft-verkuenden-Zeitungsvorlage.webp\",\"datePublished\":\"2025-04-30T13:01:26+00:00\",\"dateModified\":\"2026-01-21T06:39:05+00:00\",\"description\":\"Du willst deine Schwangerschaft verk\u00fcnden mit Babynews Zeitungsvorlage? Diese liebevoll gestaltete Vorlage im Zeitungsstil macht deine Verk\u00fcndung einmalig\",\"breadcrumb\":{\"@id\":\"https:\/\/label2you.ch\/shop\/babynews-zeitungsvorlage\/#breadcrumb\"},\"inLanguage\":\"sq\",\"potentialAction\":[{\"@type\":\"ReadAction\",\"target\":[\"https:\/\/label2you.ch\/shop\/babynews-zeitungsvorlage\/\"]}]},{\"@type\":\"ImageObject\",\"inLanguage\":\"sq\",\"@id\":\"https:\/\/label2you.ch\/shop\/babynews-zeitungsvorlage\/#primaryimage\",\"url\":\"https:\/\/label2you.ch\/wp-content\/uploads\/2025\/04\/Schwangerschaft-verkuenden-Zeitungsvorlage.webp\",\"contentUrl\":\"https:\/\/label2you.ch\/wp-content\/uploads\/2025\/04\/Schwangerschaft-verkuenden-Zeitungsvorlage.webp\",\"width\":1553,\"height\":1280,\"caption\":\"Liebevoll gestaltete digitale Zeitungsvorlage f\u00fcr eine besondere Schwangerschaftsverk\u00fcndung \u2013 einfach anpassbar \u00fcber Canva\"},{\"@type\":\"BreadcrumbList\",\"@id\":\"https:\/\/label2you.ch\/shop\/babynews-zeitungsvorlage\/#breadcrumb\",\"itemListElement\":[{\"@type\":\"ListItem\",\"position\":1,\"name\":\"Home\",\"item\":\"https:\/\/label2you.ch\/\"},{\"@type\":\"ListItem\",\"position\":2,\"name\":\"Shop\",\"item\":\"https:\/\/label2you.ch\/shop\/\"},{\"@type\":\"ListItem\",\"position\":3,\"name\":\"Babynews Zeitungsvorlage &#8211; Schwangerschaft verk\u00fcnden\"}]},{\"@type\":\"WebSite\",\"@id\":\"https:\/\/label2you.ch\/#website\",\"url\":\"https:\/\/label2you.ch\/\",\"name\":\"Label2you\",\"description\":\"Personalisierte Baby- &amp; Kindergeschenke\",\"publisher\":{\"@id\":\"https:\/\/label2you.ch\/#organization\"},\"alternateName\":\"Label2you\",\"potentialAction\":[{\"@type\":\"SearchAction\",\"target\":{\"@type\":\"EntryPoint\",\"urlTemplate\":\"https:\/\/label2you.ch\/?s={search_term_string}\"},\"query-input\":{\"@type\":\"PropertyValueSpecification\",\"valueRequired\":true,\"valueName\":\"search_term_string\"}}],\"inLanguage\":\"sq\"},{\"@type\":\"Organization\",\"@id\":\"https:\/\/label2you.ch\/#organization\",\"name\":\"Label2you | Personalisierte Geschenke\",\"alternateName\":\"Label2you\",\"url\":\"https:\/\/label2you.ch\/\",\"logo\":{\"@type\":\"ImageObject\",\"inLanguage\":\"sq\",\"@id\":\"https:\/\/label2you.ch\/#\/schema\/logo\/image\/\",\"url\":\"https:\/\/label2you.ch\/wp-content\/uploads\/2023\/03\/logo.png\",\"contentUrl\":\"https:\/\/label2you.ch\/wp-content\/uploads\/2023\/03\/logo.png\",\"width\":300,\"height\":140,\"caption\":\"Label2you | Personalisierte Geschenke\"},\"image\":{\"@id\":\"https:\/\/label2you.ch\/#\/schema\/logo\/image\/\"},\"sameAs\":[\"https:\/\/www.instagram.com\/label2you\/?hl=de\",\"https:\/\/www.tiktok.com\/@label2you\"]}]}<\/script>\n<!-- \/ Yoast SEO plugin. -->","yoast_head_json":{"title":"Babynews Zeitungsvorlage - Schwangerschaft verk\u00fcnden | Label2you","description":"Du willst deine Schwangerschaft verk\u00fcnden mit Babynews Zeitungsvorlage? Diese liebevoll gestaltete Vorlage im Zeitungsstil macht deine Verk\u00fcndung einmalig","robots":{"index":"index","follow":"follow","max-snippet":"max-snippet:-1","max-image-preview":"max-image-preview:large","max-video-preview":"max-video-preview:-1"},"canonical":"https:\/\/label2you.ch\/sq\/shop\/babynews-zeitungsvorlage\/","og_locale":"sq_AL","og_type":"article","og_title":"Babynews Zeitungsvorlage - Schwangerschaft verk\u00fcnden | Label2you","og_description":"Du willst deine Schwangerschaft verk\u00fcnden mit Babynews Zeitungsvorlage? Diese liebevoll gestaltete Vorlage im Zeitungsstil macht deine Verk\u00fcndung einmalig","og_url":"https:\/\/label2you.ch\/sq\/shop\/babynews-zeitungsvorlage\/","og_site_name":"Label2you","article_modified_time":"2026-01-21T06:39:05+00:00","og_image":[{"width":1553,"height":1280,"url":"https:\/\/label2you.ch\/wp-content\/uploads\/2025\/04\/Schwangerschaft-verkuenden-Zeitungsvorlage.webp","type":"image\/webp"}],"twitter_card":"summary_large_image","twitter_misc":{"Est. reading time":"3 minuta"},"schema":{"@context":"https:\/\/schema.org","@graph":[{"@type":"WebPage","@id":"https:\/\/label2you.ch\/shop\/babynews-zeitungsvorlage\/","url":"https:\/\/label2you.ch\/shop\/babynews-zeitungsvorlage\/","name":"Babynews Zeitungsvorlage - Schwangerschaft verk\u00fcnden | Label2you","isPartOf":{"@id":"https:\/\/label2you.ch\/#website"},"primaryImageOfPage":{"@id":"https:\/\/label2you.ch\/shop\/babynews-zeitungsvorlage\/#primaryimage"},"image":{"@id":"https:\/\/label2you.ch\/shop\/babynews-zeitungsvorlage\/#primaryimage"},"thumbnailUrl":"https:\/\/label2you.ch\/wp-content\/uploads\/2025\/04\/Schwangerschaft-verkuenden-Zeitungsvorlage.webp","datePublished":"2025-04-30T13:01:26+00:00","dateModified":"2026-01-21T06:39:05+00:00","description":"Du willst deine Schwangerschaft verk\u00fcnden mit Babynews Zeitungsvorlage? Diese liebevoll gestaltete Vorlage im Zeitungsstil macht deine Verk\u00fcndung einmalig","breadcrumb":{"@id":"https:\/\/label2you.ch\/shop\/babynews-zeitungsvorlage\/#breadcrumb"},"inLanguage":"sq","potentialAction":[{"@type":"ReadAction","target":["https:\/\/label2you.ch\/shop\/babynews-zeitungsvorlage\/"]}]},{"@type":"ImageObject","inLanguage":"sq","@id":"https:\/\/label2you.ch\/shop\/babynews-zeitungsvorlage\/#primaryimage","url":"https:\/\/label2you.ch\/wp-content\/uploads\/2025\/04\/Schwangerschaft-verkuenden-Zeitungsvorlage.webp","contentUrl":"https:\/\/label2you.ch\/wp-content\/uploads\/2025\/04\/Schwangerschaft-verkuenden-Zeitungsvorlage.webp","width":1553,"height":1280,"caption":"Liebevoll gestaltete digitale Zeitungsvorlage f\u00fcr eine besondere Schwangerschaftsverk\u00fcndung \u2013 einfach anpassbar \u00fcber Canva"},{"@type":"BreadcrumbList","@id":"https:\/\/label2you.ch\/shop\/babynews-zeitungsvorlage\/#breadcrumb","itemListElement":[{"@type":"ListItem","position":1,"name":"Home","item":"https:\/\/label2you.ch\/"},{"@type":"ListItem","position":2,"name":"Shop","item":"https:\/\/label2you.ch\/shop\/"},{"@type":"ListItem","position":3,"name":"Babynews Zeitungsvorlage &#8211; Schwangerschaft verk\u00fcnden"}]},{"@type":"WebSite","@id":"https:\/\/label2you.ch\/#website","url":"https:\/\/label2you.ch\/","name":"Label2you","description":"Personalisierte Baby- &amp; Kindergeschenke","publisher":{"@id":"https:\/\/label2you.ch\/#organization"},"alternateName":"Label2you","potentialAction":[{"@type":"SearchAction","target":{"@type":"EntryPoint","urlTemplate":"https:\/\/label2you.ch\/?s={search_term_string}"},"query-input":{"@type":"PropertyValueSpecification","valueRequired":true,"valueName":"search_term_string"}}],"inLanguage":"sq"},{"@type":"Organization","@id":"https:\/\/label2you.ch\/#organization","name":"Label2you | Personalisierte Geschenke","alternateName":"Label2you","url":"https:\/\/label2you.ch\/","logo":{"@type":"ImageObject","inLanguage":"sq","@id":"https:\/\/label2you.ch\/#\/schema\/logo\/image\/","url":"https:\/\/label2you.ch\/wp-content\/uploads\/2023\/03\/logo.png","contentUrl":"https:\/\/label2you.ch\/wp-content\/uploads\/2023\/03\/logo.png","width":300,"height":140,"caption":"Label2you | Personalisierte Geschenke"},"image":{"@id":"https:\/\/label2you.ch\/#\/schema\/logo\/image\/"},"sameAs":["https:\/\/www.instagram.com\/label2you\/?hl=de","https:\/\/www.tiktok.com\/@label2you"]}]}},"jetpack_sharing_enabled":true,"_links":{"self":[{"href":"https:\/\/label2you.ch\/sq\/wp-json\/wp\/v2\/product\/4619","targetHints":{"allow":["GET"]}}],"collection":[{"href":"https:\/\/label2you.ch\/sq\/wp-json\/wp\/v2\/product"}],"about":[{"href":"https:\/\/label2you.ch\/sq\/wp-json\/wp\/v2\/types\/product"}],"replies":[{"embeddable":true,"href":"https:\/\/label2you.ch\/sq\/wp-json\/wp\/v2\/comments?post=4619"}],"wp:featuredmedia":[{"embeddable":true,"href":"https:\/\/label2you.ch\/sq\/wp-json\/wp\/v2\/media\/5053"}],"wp:attachment":[{"href":"https:\/\/label2you.ch\/sq\/wp-json\/wp\/v2\/media?parent=4619"}],"wp:term":[{"taxonomy":"product_brand","embeddable":true,"href":"https:\/\/label2you.ch\/sq\/wp-json\/wp\/v2\/product_brand?post=4619"},{"taxonomy":"product_cat","embeddable":true,"href":"https:\/\/label2you.ch\/sq\/wp-json\/wp\/v2\/product_cat?post=4619"},{"taxonomy":"product_tag","embeddable":true,"href":"https:\/\/label2you.ch\/sq\/wp-json\/wp\/v2\/product_tag?post=4619"}],"curies":[{"name":"wp","href":"https:\/\/api.w.org\/{rel}","templated":true}]}}