{"id":4850,"date":"2025-08-29T14:04:33","date_gmt":"2025-08-29T12:04:33","guid":{"rendered":"https:\/\/label2you.ch\/?post_type=product&#038;p=4850"},"modified":"2025-12-04T13:30:33","modified_gmt":"2025-12-04T12:30:33","slug":"personalisierter-stundenplan-fuer-kinder","status":"publish","type":"product","link":"https:\/\/label2you.ch\/sq\/shop\/personalisierter-stundenplan-fuer-kinder\/","title":{"rendered":"Personalisierter Stundenplan f\u00fcr Kinder"},"content":{"rendered":"<h2 data-start=\"301\" data-end=\"387\">Personalisierter Stundenplan Kinder \u2013 unverzichtbar f\u00fcr Struktur und Organisation<\/h2>\n<p data-start=\"388\" data-end=\"699\">Ein personalisierter Stundenplan Kinder hilft deinem Kind, den Schultag besser zu strukturieren und erleichtert die Organisation. Mit sieben Zeilen pro Tag und abwaschbaren Acrylfeldern bietet er genug Platz f\u00fcr Unterricht, Pausen und Aktivit\u00e4ten. Dadurch bleibt alles \u00fcbersichtlich und klar verst\u00e4ndlich.<\/p>\n<h2 data-start=\"701\" data-end=\"767\">Personalisierter Stundenplan Kinder \u2013 ideal f\u00fcr Schulanf\u00e4nger<\/h2>\n<h3 data-start=\"768\" data-end=\"818\">Klarer Start in den Schulalltag mit Struktur<\/h3>\n<p data-start=\"819\" data-end=\"1019\">Gerade Schulanf\u00e4nger profitieren von einem Stundenplan Kinder personalisiert, da er den Tagesablauf sichtbar macht. So gelingt der Einstieg in die Schule motiviert, selbstst\u00e4ndig und mit Freude.<\/p>\n<h2 data-start=\"1021\" data-end=\"1095\">Hochwertiger Stundenplan Kinder personalisiert \u2013 robust und dekorativ<\/h2>\n<h3 data-start=\"1096\" data-end=\"1133\">Handarbeit mit Liebe zum Detail<\/h3>\n<p data-start=\"1134\" data-end=\"1279\">Der Stundenplan wird aus 4 mm starkem Holz gefertigt. Dadurch ist er besonders stabil und gleichzeitig ein dekoratives Element im Kinderzimmer.<\/p>\n<h3 data-start=\"1281\" data-end=\"1341\">Personalisierter Stundenplan Kinder mit Wandaufh\u00e4ngung<\/h3>\n<p data-start=\"1342\" data-end=\"1493\">Dank einer Kordelschnur l\u00e4sst sich der Plan leicht aufh\u00e4ngen und bleibt stets im Blickfeld \u2013 ob zu Hause im Kinderzimmer oder sogar im Klassenzimmer.<\/p>\n<h2 data-start=\"1495\" data-end=\"1571\">Wiederbeschreibbarer Stundenplan Kinder \u2013 flexibel und umweltfreundlich<\/h2>\n<h3 data-start=\"1572\" data-end=\"1623\">Abwaschbare Acrylfelder f\u00fcr mehr Flexibilit\u00e4t<\/h3>\n<p data-start=\"1624\" data-end=\"1805\">Die Acrylfelder lassen sich mit Whiteboard-Markern beschreiben und jederzeit abwischen. Dadurch passt sich der personalisierte Stundenplan Kinder an wechselnde Aktivit\u00e4ten an.<\/p>\n<h4 data-start=\"1807\" data-end=\"1838\">Vorteile auf einen Blick<\/h4>\n<ul data-start=\"1839\" data-end=\"1966\">\n<li data-start=\"1839\" data-end=\"1880\">\n<p data-start=\"1841\" data-end=\"1880\">Nachhaltig durch Wiederverwendbarkeit<\/p>\n<\/li>\n<li data-start=\"1881\" data-end=\"1922\">\n<p data-start=\"1883\" data-end=\"1922\">Spart Papier und ist umweltfreundlich<\/p>\n<\/li>\n<li data-start=\"1923\" data-end=\"1966\">\n<p data-start=\"1925\" data-end=\"1966\">Passt sich individuell an den Alltag an<\/p>\n<\/li>\n<\/ul>\n<h2 data-start=\"1968\" data-end=\"2045\">Personalisierter Stundenplan Kinder mit Namensgravur \u2013 ein echtes Unikat<\/h2>\n<h3 data-start=\"2046\" data-end=\"2101\">Einzigartig durch Gravur und kindgerechtes Design<\/h3>\n<p data-start=\"2102\" data-end=\"2330\">Jeder Plan wird mit dem Namen deines Kindes graviert. Zus\u00e4tzlich sorgen liebevoll gestaltete Motive f\u00fcr eine freundliche Atmosph\u00e4re. Damit wird der Stundenplan Kinder personalisiert zu einem einzigartigen Erinnerungsst\u00fcck.<\/p>\n<h2 data-start=\"2332\" data-end=\"2419\">Vielseitiger Einsatz \u2013 personalisierter Stundenplan f\u00fcr Schule, Kindergarten und Freizeit<\/h2>\n<h3 data-start=\"2420\" data-end=\"2453\">Organisation leicht gemacht<\/h3>\n<p data-start=\"2454\" data-end=\"2631\">Der Plan unterst\u00fctzt nicht nur in der Schule. Auch Hausaufgaben, Sport oder Geburtstage lassen sich damit \u00fcbersichtlich planen. So lernt dein Kind Verantwortung zu \u00fcbernehmen.<\/p>\n<h4 data-start=\"2633\" data-end=\"2676\">Mehr \u00dcbersicht f\u00fcr die ganze Familie<\/h4>\n<p data-start=\"2677\" data-end=\"2823\">Eltern profitieren ebenfalls, denn ein Stundenplan Kinder personalisiert verhindert Missverst\u00e4ndnisse und sorgt f\u00fcr mehr Harmonie im Alltag.<\/p>\n<h2 data-start=\"2825\" data-end=\"2905\">Stundenplan zum beschriften \u2013 das perfekte Geschenk zum Schulanfang<\/h2>\n<h3 data-start=\"2906\" data-end=\"2944\">Praktisch und emotional zugleich<\/h3>\n<p data-start=\"2945\" data-end=\"3129\">Ein personalisierter Stundenplan Kinder ist nicht nur praktisch, sondern auch eine originelle Geschenkidee. Zum Schulstart wird er schnell zum festen Bestandteil im Kinderzimmer.<\/p>\n<h2 data-start=\"3131\" data-end=\"3194\">Weitere Geschenkideen \u2013 personalisierte Produkte entdecken<\/h2>\n<p data-start=\"2681\" data-end=\"2917\">Auf unserer <a href=\"https:\/\/www.instagram.com\/label2you\">Instagram-Seite<\/a> und in der <a href=\"https:\/\/label2you.ch\/sq\/product-category\/baby\/\">Baby-Kategorie<\/a> findest du viele weitere personalisierte Produkte und Geschenkideen f\u00fcr Schulanf\u00e4nger. Lass dich inspirieren und finde das perfekte Geschenk, das deinem Kind und dir Freude bereitet.<\/p>","protected":false},"excerpt":{"rendered":"<p>Der personalisierte Stundenplan f\u00fcr Kinder hilft beim Organisieren des Schulalltags. Mit abwischbaren Acrylfeldern und einer praktischen Kordelschnur zum Aufh\u00e4ngen sorgt er f\u00fcr eine klare Struktur. Namensgravur und Schulmotive machen ihn zu einem einzigartigen Blickfang im Kinderzimmer.<\/p>","protected":false},"featured_media":5017,"comment_status":"open","ping_status":"closed","template":"","meta":[],"product_brand":[656],"product_cat":[663],"product_tag":[646,647,645,644],"class_list":{"0":"post-4850","1":"product","2":"type-product","3":"status-publish","4":"has-post-thumbnail","6":"product_brand-label2you","7":"product_cat-routine-motivationstafeln","8":"product_tag-klassd","9":"product_tag-klasse","10":"product_tag-schule","11":"product_tag-stundenplan","12":"product_shipping_class-paketsendung","13":"","15":"first","16":"instock","17":"sale","18":"shipping-taxable","19":"purchasable","20":"product-type-simple"},"yoast_head":"<!-- This site is optimized with the Yoast SEO plugin v27.0 - https:\/\/yoast.com\/product\/yoast-seo-wordpress\/ -->\n<title>Personalisierter Stundenplan f\u00fcr Kinder | Label2you<\/title>\n<meta name=\"description\" content=\"Personalisierter Stundenplan f\u00fcr Kinder \u2013 abwischbar, mit Namensgravur und Schulmotiven. Praktisch und dekorativ f\u00fcr den Schulalltag und das Kinderzimmer.\" \/>\n<meta name=\"robots\" content=\"index, follow, max-snippet:-1, max-image-preview:large, max-video-preview:-1\" \/>\n<link rel=\"canonical\" href=\"https:\/\/label2you.ch\/sq\/shop\/personalisierter-stundenplan-fuer-kinder\/\" \/>\n<meta property=\"og:locale\" content=\"sq_AL\" \/>\n<meta property=\"og:type\" content=\"article\" \/>\n<meta property=\"og:title\" content=\"Personalisierter Stundenplan f\u00fcr Kinder | Label2you\" \/>\n<meta property=\"og:description\" content=\"Personalisierter Stundenplan f\u00fcr Kinder \u2013 abwischbar, mit Namensgravur und Schulmotiven. Praktisch und dekorativ f\u00fcr den Schulalltag und das Kinderzimmer.\" \/>\n<meta property=\"og:url\" content=\"https:\/\/label2you.ch\/sq\/shop\/personalisierter-stundenplan-fuer-kinder\/\" \/>\n<meta property=\"og:site_name\" content=\"Label2you\" \/>\n<meta property=\"article:modified_time\" content=\"2025-12-04T12:30:33+00:00\" \/>\n<meta property=\"og:image\" content=\"https:\/\/label2you.ch\/wp-content\/uploads\/2025\/08\/personalisiserter-Stundenplan.webp\" \/>\n\t<meta property=\"og:image:width\" content=\"1280\" \/>\n\t<meta property=\"og:image:height\" content=\"1919\" \/>\n\t<meta property=\"og:image:type\" content=\"image\/webp\" \/>\n<meta name=\"twitter:card\" content=\"summary_large_image\" \/>\n<meta name=\"twitter:label1\" content=\"Est. reading time\" \/>\n\t<meta name=\"twitter:data1\" content=\"3 minuta\" \/>\n<script type=\"application\/ld+json\" class=\"yoast-schema-graph\">{\"@context\":\"https:\/\/schema.org\",\"@graph\":[{\"@type\":\"WebPage\",\"@id\":\"https:\/\/label2you.ch\/shop\/personalisierter-stundenplan-fuer-kinder\/\",\"url\":\"https:\/\/label2you.ch\/shop\/personalisierter-stundenplan-fuer-kinder\/\",\"name\":\"Personalisierter Stundenplan f\u00fcr Kinder | Label2you\",\"isPartOf\":{\"@id\":\"https:\/\/label2you.ch\/#website\"},\"primaryImageOfPage\":{\"@id\":\"https:\/\/label2you.ch\/shop\/personalisierter-stundenplan-fuer-kinder\/#primaryimage\"},\"image\":{\"@id\":\"https:\/\/label2you.ch\/shop\/personalisierter-stundenplan-fuer-kinder\/#primaryimage\"},\"thumbnailUrl\":\"https:\/\/label2you.ch\/wp-content\/uploads\/2025\/08\/personalisiserter-Stundenplan.webp\",\"datePublished\":\"2025-08-29T12:04:33+00:00\",\"dateModified\":\"2025-12-04T12:30:33+00:00\",\"description\":\"Personalisierter Stundenplan f\u00fcr Kinder \u2013 abwischbar, mit Namensgravur und Schulmotiven. Praktisch und dekorativ f\u00fcr den Schulalltag und das Kinderzimmer.\",\"breadcrumb\":{\"@id\":\"https:\/\/label2you.ch\/shop\/personalisierter-stundenplan-fuer-kinder\/#breadcrumb\"},\"inLanguage\":\"sq\",\"potentialAction\":[{\"@type\":\"ReadAction\",\"target\":[\"https:\/\/label2you.ch\/shop\/personalisierter-stundenplan-fuer-kinder\/\"]}]},{\"@type\":\"ImageObject\",\"inLanguage\":\"sq\",\"@id\":\"https:\/\/label2you.ch\/shop\/personalisierter-stundenplan-fuer-kinder\/#primaryimage\",\"url\":\"https:\/\/label2you.ch\/wp-content\/uploads\/2025\/08\/personalisiserter-Stundenplan.webp\",\"contentUrl\":\"https:\/\/label2you.ch\/wp-content\/uploads\/2025\/08\/personalisiserter-Stundenplan.webp\",\"width\":1280,\"height\":1919,\"caption\":\"Holz-Stundenplan mit abwaschbaren Feldern und individueller Namensgravur, perfekt f\u00fcr Schulanf\u00e4nger und vielseitig einsetzbar\"},{\"@type\":\"BreadcrumbList\",\"@id\":\"https:\/\/label2you.ch\/shop\/personalisierter-stundenplan-fuer-kinder\/#breadcrumb\",\"itemListElement\":[{\"@type\":\"ListItem\",\"position\":1,\"name\":\"Home\",\"item\":\"https:\/\/label2you.ch\/\"},{\"@type\":\"ListItem\",\"position\":2,\"name\":\"Shop\",\"item\":\"https:\/\/label2you.ch\/shop\/\"},{\"@type\":\"ListItem\",\"position\":3,\"name\":\"Personalisierter Stundenplan f\u00fcr Kinder\"}]},{\"@type\":\"WebSite\",\"@id\":\"https:\/\/label2you.ch\/#website\",\"url\":\"https:\/\/label2you.ch\/\",\"name\":\"Label2you\",\"description\":\"Personalisierte Baby- &amp; Kindergeschenke\",\"publisher\":{\"@id\":\"https:\/\/label2you.ch\/#organization\"},\"alternateName\":\"Label2you\",\"potentialAction\":[{\"@type\":\"SearchAction\",\"target\":{\"@type\":\"EntryPoint\",\"urlTemplate\":\"https:\/\/label2you.ch\/?s={search_term_string}\"},\"query-input\":{\"@type\":\"PropertyValueSpecification\",\"valueRequired\":true,\"valueName\":\"search_term_string\"}}],\"inLanguage\":\"sq\"},{\"@type\":\"Organization\",\"@id\":\"https:\/\/label2you.ch\/#organization\",\"name\":\"Label2you | Personalisierte Geschenke\",\"alternateName\":\"Label2you\",\"url\":\"https:\/\/label2you.ch\/\",\"logo\":{\"@type\":\"ImageObject\",\"inLanguage\":\"sq\",\"@id\":\"https:\/\/label2you.ch\/#\/schema\/logo\/image\/\",\"url\":\"https:\/\/label2you.ch\/wp-content\/uploads\/2023\/03\/logo.png\",\"contentUrl\":\"https:\/\/label2you.ch\/wp-content\/uploads\/2023\/03\/logo.png\",\"width\":300,\"height\":140,\"caption\":\"Label2you | Personalisierte Geschenke\"},\"image\":{\"@id\":\"https:\/\/label2you.ch\/#\/schema\/logo\/image\/\"},\"sameAs\":[\"https:\/\/www.instagram.com\/label2you\/?hl=de\",\"https:\/\/www.tiktok.com\/@label2you\"]}]}<\/script>\n<!-- \/ Yoast SEO plugin. -->","yoast_head_json":{"title":"Personalisierter Stundenplan f\u00fcr Kinder | Label2you","description":"Personalisierter Stundenplan f\u00fcr Kinder \u2013 abwischbar, mit Namensgravur und Schulmotiven. Praktisch und dekorativ f\u00fcr den Schulalltag und das Kinderzimmer.","robots":{"index":"index","follow":"follow","max-snippet":"max-snippet:-1","max-image-preview":"max-image-preview:large","max-video-preview":"max-video-preview:-1"},"canonical":"https:\/\/label2you.ch\/sq\/shop\/personalisierter-stundenplan-fuer-kinder\/","og_locale":"sq_AL","og_type":"article","og_title":"Personalisierter Stundenplan f\u00fcr Kinder | Label2you","og_description":"Personalisierter Stundenplan f\u00fcr Kinder \u2013 abwischbar, mit Namensgravur und Schulmotiven. Praktisch und dekorativ f\u00fcr den Schulalltag und das Kinderzimmer.","og_url":"https:\/\/label2you.ch\/sq\/shop\/personalisierter-stundenplan-fuer-kinder\/","og_site_name":"Label2you","article_modified_time":"2025-12-04T12:30:33+00:00","og_image":[{"width":1280,"height":1919,"url":"https:\/\/label2you.ch\/wp-content\/uploads\/2025\/08\/personalisiserter-Stundenplan.webp","type":"image\/webp"}],"twitter_card":"summary_large_image","twitter_misc":{"Est. reading time":"3 minuta"},"schema":{"@context":"https:\/\/schema.org","@graph":[{"@type":"WebPage","@id":"https:\/\/label2you.ch\/shop\/personalisierter-stundenplan-fuer-kinder\/","url":"https:\/\/label2you.ch\/shop\/personalisierter-stundenplan-fuer-kinder\/","name":"Personalisierter Stundenplan f\u00fcr Kinder | Label2you","isPartOf":{"@id":"https:\/\/label2you.ch\/#website"},"primaryImageOfPage":{"@id":"https:\/\/label2you.ch\/shop\/personalisierter-stundenplan-fuer-kinder\/#primaryimage"},"image":{"@id":"https:\/\/label2you.ch\/shop\/personalisierter-stundenplan-fuer-kinder\/#primaryimage"},"thumbnailUrl":"https:\/\/label2you.ch\/wp-content\/uploads\/2025\/08\/personalisiserter-Stundenplan.webp","datePublished":"2025-08-29T12:04:33+00:00","dateModified":"2025-12-04T12:30:33+00:00","description":"Personalisierter Stundenplan f\u00fcr Kinder \u2013 abwischbar, mit Namensgravur und Schulmotiven. Praktisch und dekorativ f\u00fcr den Schulalltag und das Kinderzimmer.","breadcrumb":{"@id":"https:\/\/label2you.ch\/shop\/personalisierter-stundenplan-fuer-kinder\/#breadcrumb"},"inLanguage":"sq","potentialAction":[{"@type":"ReadAction","target":["https:\/\/label2you.ch\/shop\/personalisierter-stundenplan-fuer-kinder\/"]}]},{"@type":"ImageObject","inLanguage":"sq","@id":"https:\/\/label2you.ch\/shop\/personalisierter-stundenplan-fuer-kinder\/#primaryimage","url":"https:\/\/label2you.ch\/wp-content\/uploads\/2025\/08\/personalisiserter-Stundenplan.webp","contentUrl":"https:\/\/label2you.ch\/wp-content\/uploads\/2025\/08\/personalisiserter-Stundenplan.webp","width":1280,"height":1919,"caption":"Holz-Stundenplan mit abwaschbaren Feldern und individueller Namensgravur, perfekt f\u00fcr Schulanf\u00e4nger und vielseitig einsetzbar"},{"@type":"BreadcrumbList","@id":"https:\/\/label2you.ch\/shop\/personalisierter-stundenplan-fuer-kinder\/#breadcrumb","itemListElement":[{"@type":"ListItem","position":1,"name":"Home","item":"https:\/\/label2you.ch\/"},{"@type":"ListItem","position":2,"name":"Shop","item":"https:\/\/label2you.ch\/shop\/"},{"@type":"ListItem","position":3,"name":"Personalisierter Stundenplan f\u00fcr Kinder"}]},{"@type":"WebSite","@id":"https:\/\/label2you.ch\/#website","url":"https:\/\/label2you.ch\/","name":"Label2you","description":"Personalisierte Baby- &amp; Kindergeschenke","publisher":{"@id":"https:\/\/label2you.ch\/#organization"},"alternateName":"Label2you","potentialAction":[{"@type":"SearchAction","target":{"@type":"EntryPoint","urlTemplate":"https:\/\/label2you.ch\/?s={search_term_string}"},"query-input":{"@type":"PropertyValueSpecification","valueRequired":true,"valueName":"search_term_string"}}],"inLanguage":"sq"},{"@type":"Organization","@id":"https:\/\/label2you.ch\/#organization","name":"Label2you | Personalisierte Geschenke","alternateName":"Label2you","url":"https:\/\/label2you.ch\/","logo":{"@type":"ImageObject","inLanguage":"sq","@id":"https:\/\/label2you.ch\/#\/schema\/logo\/image\/","url":"https:\/\/label2you.ch\/wp-content\/uploads\/2023\/03\/logo.png","contentUrl":"https:\/\/label2you.ch\/wp-content\/uploads\/2023\/03\/logo.png","width":300,"height":140,"caption":"Label2you | Personalisierte Geschenke"},"image":{"@id":"https:\/\/label2you.ch\/#\/schema\/logo\/image\/"},"sameAs":["https:\/\/www.instagram.com\/label2you\/?hl=de","https:\/\/www.tiktok.com\/@label2you"]}]}},"jetpack_sharing_enabled":true,"_links":{"self":[{"href":"https:\/\/label2you.ch\/sq\/wp-json\/wp\/v2\/product\/4850","targetHints":{"allow":["GET"]}}],"collection":[{"href":"https:\/\/label2you.ch\/sq\/wp-json\/wp\/v2\/product"}],"about":[{"href":"https:\/\/label2you.ch\/sq\/wp-json\/wp\/v2\/types\/product"}],"replies":[{"embeddable":true,"href":"https:\/\/label2you.ch\/sq\/wp-json\/wp\/v2\/comments?post=4850"}],"wp:featuredmedia":[{"embeddable":true,"href":"https:\/\/label2you.ch\/sq\/wp-json\/wp\/v2\/media\/5017"}],"wp:attachment":[{"href":"https:\/\/label2you.ch\/sq\/wp-json\/wp\/v2\/media?parent=4850"}],"wp:term":[{"taxonomy":"product_brand","embeddable":true,"href":"https:\/\/label2you.ch\/sq\/wp-json\/wp\/v2\/product_brand?post=4850"},{"taxonomy":"product_cat","embeddable":true,"href":"https:\/\/label2you.ch\/sq\/wp-json\/wp\/v2\/product_cat?post=4850"},{"taxonomy":"product_tag","embeddable":true,"href":"https:\/\/label2you.ch\/sq\/wp-json\/wp\/v2\/product_tag?post=4850"}],"curies":[{"name":"wp","href":"https:\/\/api.w.org\/{rel}","templated":true}]}}